



{"id":1849,"date":"2014-12-21T16:56:08","date_gmt":"2014-12-21T16:56:08","guid":{"rendered":"http:\/\/www.faustyna.pl\/zmbm\/?page_id=1849"},"modified":"2026-03-24T11:19:07","modified_gmt":"2026-03-24T10:19:07","slug":"dary-na-rzecz-milosierdzia","status":"publish","type":"page","link":"https:\/\/www.faustyna.pl\/zmbm\/dary-na-rzecz-milosierdzia\/","title":{"rendered":"Dary na rzecz Mi\u0142osierdzia"},"content":{"rendered":"<h3 style=\"text-align: center\"><strong><span style=\"color: #993300\"><span style=\"text-decoration: underline\"><a href=\"https:\/\/www.faustyna.pl\/zmbm\/wp-content\/uploads\/2022\/03\/Kzk-strony-wsparcie.jpg\" data-gallery><img loading=\"lazy\" decoding=\"async\" class=\"size-medium wp-image-23557 alignnone\" src=\"https:\/\/www.faustyna.pl\/zmbm\/wp-content\/uploads\/2022\/03\/Kzk-strony-wsparcie-560x333.jpg\" alt=\"\" width=\"560\" height=\"333\" srcset=\"https:\/\/www.faustyna.pl\/zmbm\/wp-content\/uploads\/2022\/03\/Kzk-strony-wsparcie-560x333.jpg 560w, https:\/\/www.faustyna.pl\/zmbm\/wp-content\/uploads\/2022\/03\/Kzk-strony-wsparcie-140x83.jpg 140w, https:\/\/www.faustyna.pl\/zmbm\/wp-content\/uploads\/2022\/03\/Kzk-strony-wsparcie.jpg 1024w\" sizes=\"auto, (max-width: 560px) 100vw, 560px\" \/><\/a><\/span><\/span><\/strong><\/h3>\n<h3 style=\"text-align: center\"><strong><span style=\"color: #993300\"><span style=\"text-decoration: underline\">1. <span style=\"color: #800000;text-decoration: underline\">W<\/span><span style=\"color: #800000;text-decoration: underline\">sparcie dzie\u0142a \u201eKoronki za konaj\u0105cych\u201d<\/span><\/span><\/span><\/strong><\/h3>\n<p style=\"text-align: left\"><strong><span style=\"color: #800000\">Na pokrycie koszt\u00f3w abonamentu i sms-\u00f3w wysy\u0142anych z imionami konaj\u0105cych<\/span><\/strong>.<\/p>\n<p><strong>Mo\u017cna wp\u0142aca\u0107 na konto:<\/strong><\/p>\n<p><strong>ZGROMADZENIE SI\u00d3STR MATKI BO\u017bEJ MI\u0141OSIERDZIA<\/strong><br \/>\nul. \u017bYTNIA 3\/9<br \/>\n01-014 WARSZAWA<\/p>\n<p>Nr rachunku:<br \/>\nPL 92 1020 1013 0000 0202 0003 0155<\/p>\n<p>Kod BIC (SWIFT): BPKOPLPW<\/p>\n<p><strong>z dopiskiem: <\/strong><span style=\"color: #800000\"><strong><em>Dar na wsparcie \u201eKoronki za konaj\u0105cych\u201d.<\/em><\/strong><\/span><\/p>\n<h3 style=\"text-align: center\"><span style=\"text-decoration: underline\"><strong><span style=\"color: #993300;text-decoration: underline\"><br \/>\n2. <span style=\"color: #800000;text-decoration: underline\">W<\/span><span style=\"color: #800000;text-decoration: underline\">sparcie strony internetowej: www.faustyna.pl<\/span><\/span><\/strong><\/span><\/h3>\n<p><a href=\"https:\/\/www.faustyna.pl\/zmbm\/wp-content\/uploads\/2020\/05\/Obraz-Oliver-Peters-z-Pixabay.jpg\" data-gallery><img loading=\"lazy\" decoding=\"async\" class=\"aligncenter wp-image-17757 size-medium\" src=\"https:\/\/www.faustyna.pl\/zmbm\/wp-content\/uploads\/2020\/05\/Obraz-Oliver-Peters-z-Pixabay-560x332.jpg\" alt=\"\" width=\"560\" height=\"332\" srcset=\"https:\/\/www.faustyna.pl\/zmbm\/wp-content\/uploads\/2020\/05\/Obraz-Oliver-Peters-z-Pixabay-560x332.jpg 560w, https:\/\/www.faustyna.pl\/zmbm\/wp-content\/uploads\/2020\/05\/Obraz-Oliver-Peters-z-Pixabay-140x83.jpg 140w, https:\/\/www.faustyna.pl\/zmbm\/wp-content\/uploads\/2020\/05\/Obraz-Oliver-Peters-z-Pixabay.jpg 1024w\" sizes=\"auto, (max-width: 560px) 100vw, 560px\" \/><\/a><\/p>\n<p style=\"text-align: left\">S\u0142u\u017cy szerzeniu kultu Bo\u017cego Mi\u0142osierdzia i ca\u0142ego or\u0119dzia, kt\u00f3re Pan Jezus przekaza\u0142 \u015bw. Siostrze Faustynie.<\/p>\n<p style=\"text-align: left\"><span style=\"color: #000000\"><strong>Ofiary mo\u017cna wp\u0142aca\u0107 na konto:<\/strong><\/span><\/p>\n<p style=\"text-align: left\"><strong>ZGROMADZENIE SI\u00d3STR MATKI BO\u017bEJ MI\u0141OSIERDZIA<\/strong><br \/>\nul. \u017bYTNIA 3\/9<br \/>\n01-014 WARSZAWA<\/p>\n<p style=\"text-align: left\">Nr rachunku:<br \/>\nPL 92 1020 1013 0000 0202 0003 0155<\/p>\n<p style=\"text-align: left\">Kod BIC (SWIFT): BPKOPLPW<\/p>\n<p style=\"text-align: left\"><strong>z dopiskiem:<\/strong><br \/>\n<span style=\"color: #800000\"><em><strong>Dar na wsparcie www.faustyna.pl<\/strong><\/em><\/span><\/p>\n<p>&nbsp;<\/p>\n<h3 style=\"text-align: center\"><span style=\"color: #800000;text-decoration: underline\">3. Wsparcie dla transmisji on-line i klasztoru w Sanktuarium Bo\u017cego Mi\u0142osierdzia w Krakowie-\u0141agiewnikach<\/span><\/h3>\n<p><a href=\"https:\/\/www.faustyna.pl\/zmbm\/wp-content\/uploads\/2020\/05\/TVP3.jpg\" data-gallery><img loading=\"lazy\" decoding=\"async\" class=\"aligncenter wp-image-17766 size-medium\" src=\"https:\/\/www.faustyna.pl\/zmbm\/wp-content\/uploads\/2020\/05\/TVP3-560x330.jpg\" alt=\"\" width=\"560\" height=\"330\" srcset=\"https:\/\/www.faustyna.pl\/zmbm\/wp-content\/uploads\/2020\/05\/TVP3-560x330.jpg 560w, https:\/\/www.faustyna.pl\/zmbm\/wp-content\/uploads\/2020\/05\/TVP3-140x82.jpg 140w, https:\/\/www.faustyna.pl\/zmbm\/wp-content\/uploads\/2020\/05\/TVP3.jpg 1024w\" sizes=\"auto, (max-width: 560px) 100vw, 560px\" \/><\/a><\/p>\n<p style=\"text-align: justify\">Dary serca na wsparcie transmisji on-line z kaplicy z \u0142askami s\u0142yn\u0105cym obrazem Jezusa Mi\u0142osiernego i grobem \u015bw. Siostry Faustyny w Sanktuarium Bo\u017cego Mi\u0142osierdzia w Krakowie-\u0141agiewnikach, kt\u00f3r\u0105 mo\u017cna odbiera\u0107 na stronach: www.faustyna.pl, www.sanktuarium.faustyna.pl, a tak\u017ce w aplikacji: Faustyna.pl (android oraz iOS) oraz na potrzeby klasztoru Zgromadzenia Si\u00f3str Matki Bo\u017cej Mi\u0142osierdzia.<\/p>\n<p><strong>Nale\u017cy wp\u0142aca\u0107 na konto:<\/strong><\/p>\n<p><span style=\"color: #000000\"><strong>Zgromadzenie Si\u00f3str Matki Bo\u017cej Mi\u0142osierdzia<br \/>\nDom Zakonny w Krakowie<\/strong><\/span><\/p>\n<p>ul. Siostry Faustyny 3<br \/>\n30-608 Krak\u00f3w<\/p>\n<p><strong>Bank BG\u017b BNP Paribas S. A.<br \/>\n<\/strong>ul. Kasprzaka 10\/16<br \/>\n01-211 Warszawa<br \/>\nPoland<\/p>\n<p><strong>Nr rachunku<\/strong>:<\/p>\n<p>80 1600 1013 0002 0012 3671 2001 \u2013 PLN<br \/>\n73 1600 1013 0002 0012 3671 2030 \u2013 EUR<br \/>\n41 1600 1013 0002 0012 3671 2024 \u2013 USD<\/p>\n<p>Kod BIC (SWIFT): PPABPLPK<\/p>\n<p>IBAN: PL<\/p>\n<p><strong>Z dopiskiem: <\/strong><span style=\"color: #800000\"><strong><em>Transmisja on-line<\/em><\/strong><strong><em>.<\/em><\/strong><\/span><\/p>\n<p>&nbsp;<\/p>\n<h3 style=\"text-align: center\"><span style=\"color: #800000\"><strong>4. <span style=\"text-decoration: underline\">Wsparcie na renowacj\u0119 i rozbudow\u0119 \u0142agiewnickiego Sanktuarium<\/span><\/strong><\/span><\/h3>\n<p><img loading=\"lazy\" decoding=\"async\" class=\"aligncenter wp-image-17677 size-medium\" src=\"https:\/\/www.faustyna.pl\/zmbm\/wp-content\/uploads\/2020\/05\/Sanktuarium-BM-w-Krakowie-Lagiewnikach-foto-M-Karnecki-560x330.jpg\" alt=\"\" width=\"560\" height=\"330\" srcset=\"https:\/\/www.faustyna.pl\/zmbm\/wp-content\/uploads\/2020\/05\/Sanktuarium-BM-w-Krakowie-Lagiewnikach-foto-M-Karnecki-560x330.jpg 560w, https:\/\/www.faustyna.pl\/zmbm\/wp-content\/uploads\/2020\/05\/Sanktuarium-BM-w-Krakowie-Lagiewnikach-foto-M-Karnecki-140x83.jpg 140w, https:\/\/www.faustyna.pl\/zmbm\/wp-content\/uploads\/2020\/05\/Sanktuarium-BM-w-Krakowie-Lagiewnikach-foto-M-Karnecki.jpg 1024w\" sizes=\"auto, (max-width: 560px) 100vw, 560px\" \/><\/p>\n<p><strong>Dary serca na renowacj\u0119 i rozbudow\u0119 Sanktuarium Bo\u017cego Mi\u0142osierdzia w Krakowie-\u0141agiewnikach:<\/strong><\/p>\n<p><span style=\"color: #000000\"><strong>Zgromadzenie Si\u00f3str Matki Bo\u017cej Mi\u0142osierdzia<br \/>\nDom Zakonny w Krakowie<\/strong><\/span><\/p>\n<p>ul. Siostry Faustyny 3<br \/>\n30-608 Krak\u00f3w<\/p>\n<p><strong>BNP Paribas Bank Polska S. A.<\/strong><\/p>\n<p>ul. Kasprzaka 10\/16<br \/>\n01-211 Warszawa<br \/>\nPoland<\/p>\n<p><strong>Nr rachunku:<br \/>\n<\/strong>34\u00a01600 1013 0002 0012 3671 2150 \u2013 PLN<br \/>\n46 1600 1013 0002 0012 3671 2031 \u2013 EUR<br \/>\n41 1600 1013 0002 0012 3671 2024 \u2013 USD<\/p>\n<p>Kod BIC (SWIFT): PPABPLPK<\/p>\n<p>IBAN: PL<\/p>\n<p><strong>Z dopiskiem: <\/strong><span style=\"color: #800000\"><strong><em>Renowacja<\/em><\/strong><\/span><strong><em>\u00a0<\/em><\/strong>lub\u00a0<span style=\"color: #800000\"><strong><em>Rozbudowa Sanktuarium<\/em><\/strong><\/span><strong><em>.<\/em><\/strong><\/p>\n<p>&nbsp;<\/p>\n<h3 style=\"text-align: center\"><span style=\"color: #800000\">5.<\/span> <span style=\"text-decoration: underline\"><span style=\"color: #800000;text-decoration: underline\">Rozbudowa Sanktuarium Bo\u017cego Mi\u0142osierdzia w P\u0142ocku<\/span><\/span><\/h3>\n<p><a href=\"https:\/\/www.faustyna.pl\/zmbm\/wp-content\/uploads\/2026\/03\/sanktuarium_Plock.jpg\" data-gallery><img loading=\"lazy\" decoding=\"async\" class=\"size-medium wp-image-32078 alignnone\" src=\"https:\/\/www.faustyna.pl\/zmbm\/wp-content\/uploads\/2026\/03\/sanktuarium_Plock-560x333.jpg\" alt=\"\" width=\"560\" height=\"333\" srcset=\"https:\/\/www.faustyna.pl\/zmbm\/wp-content\/uploads\/2026\/03\/sanktuarium_Plock-560x333.jpg 560w, https:\/\/www.faustyna.pl\/zmbm\/wp-content\/uploads\/2026\/03\/sanktuarium_Plock-140x83.jpg 140w, https:\/\/www.faustyna.pl\/zmbm\/wp-content\/uploads\/2026\/03\/sanktuarium_Plock.jpg 1024w\" sizes=\"auto, (max-width: 560px) 100vw, 560px\" \/><\/a><\/p>\n<p><strong>Zgromadzenie Si\u00f3str Matki Bo\u017cej Mi\u0142osierdzia<\/strong><strong><br \/>\n<\/strong>Stary Rynek 14\/18<br \/>\n09-404 P\u0142ock<\/p>\n<p>Bank PEKAO SA<br \/>\nI O w P\u0142ocku<br \/>\nul. Kolegialna 14a<\/p>\n<p>KOD SWIFT: PKOPPLPW<br \/>\nPLN Numer IBAN: 72 1240 3174 1111 0000 2890 0836<br \/>\nUSD Numer IBAN: 56 1240 3174 1787 0010 1057 7746<br \/>\nEUR Numer IBAN: 28 1240 3174 1978 0010 1057 7818<\/p>\n<p>&#8212;&#8212;&#8212;&#8212;&#8212;&#8212;&#8212;&#8212;&#8212;<\/p>\n<p style=\"text-align: justify\"><span style=\"color: #003300\"><strong>Dzi\u0119kujemy za dar z\u0142o\u017cony na cele kultu religijnego, za wspieranie strony: www.faustyna.pl, dzie\u0142a \u201eKoronki za konaj\u0105cych\u201d, transmisji on-line z Sanktuarium Bo\u017cego Mi\u0142osierdzia w Krakowie-\u0141agiewnikach i rozbudow\u0119 Sanktuarium Bo\u017cego Mi\u0142osierdzia w P\u0142ocku. Za wszystkich dobrodziej\u00f3w i ofiarodawc\u00f3w siostry modl\u0105 si\u0119 codziennie, zw\u0142aszcza w Godzinie Mi\u0142osierdzia, polecaj\u0105c ich Jezusowi Mi\u0142osiernemu, opiece Matki Bo\u017cej Mi\u0142osierdzia i wstawiennictwu \u015bw. Siostry Faustyny.<\/strong><\/span><\/p>\n","protected":false},"excerpt":{"rendered":"<p>1. Wsparcie dzie\u0142a \u201eKoronki za konaj\u0105cych\u201d Na pokrycie koszt\u00f3w abonamentu i sms-\u00f3w wysy\u0142anych z imionami konaj\u0105cych. Mo\u017cna wp\u0142aca\u0107 na konto: ZGROMADZENIE SI\u00d3STR MATKI BO\u017bEJ MI\u0141OSIERDZIA ul. \u017bYTNIA 3\/9 01-014 WARSZAWA Nr rachunku: PL 92 1020 1013 0000 0202 0003 0155 Kod BIC (SWIFT): BPKOPLPW z dopiskiem: Dar na wsparcie \u201eKoronki za konaj\u0105cych\u201d. 2. Wsparcie strony [&hellip;]<\/p>\n","protected":false},"author":1,"featured_media":0,"parent":0,"menu_order":0,"comment_status":"closed","ping_status":"closed","template":"","meta":{"footnotes":""},"categories":[58],"tags":[],"class_list":["post-1849","page","type-page","status-publish","hentry","category-wsparcie"],"_links":{"self":[{"href":"https:\/\/www.faustyna.pl\/zmbm\/wp-json\/wp\/v2\/pages\/1849","targetHints":{"allow":["GET"]}}],"collection":[{"href":"https:\/\/www.faustyna.pl\/zmbm\/wp-json\/wp\/v2\/pages"}],"about":[{"href":"https:\/\/www.faustyna.pl\/zmbm\/wp-json\/wp\/v2\/types\/page"}],"author":[{"embeddable":true,"href":"https:\/\/www.faustyna.pl\/zmbm\/wp-json\/wp\/v2\/users\/1"}],"replies":[{"embeddable":true,"href":"https:\/\/www.faustyna.pl\/zmbm\/wp-json\/wp\/v2\/comments?post=1849"}],"version-history":[{"count":96,"href":"https:\/\/www.faustyna.pl\/zmbm\/wp-json\/wp\/v2\/pages\/1849\/revisions"}],"predecessor-version":[{"id":32079,"href":"https:\/\/www.faustyna.pl\/zmbm\/wp-json\/wp\/v2\/pages\/1849\/revisions\/32079"}],"wp:attachment":[{"href":"https:\/\/www.faustyna.pl\/zmbm\/wp-json\/wp\/v2\/media?parent=1849"}],"wp:term":[{"taxonomy":"category","embeddable":true,"href":"https:\/\/www.faustyna.pl\/zmbm\/wp-json\/wp\/v2\/categories?post=1849"},{"taxonomy":"post_tag","embeddable":true,"href":"https:\/\/www.faustyna.pl\/zmbm\/wp-json\/wp\/v2\/tags?post=1849"}],"curies":[{"name":"wp","href":"https:\/\/api.w.org\/{rel}","templated":true}]}}