



{"id":1870,"date":"2014-12-21T17:27:18","date_gmt":"2014-12-21T17:27:18","guid":{"rendered":"http:\/\/www.faustyna.pl\/zmbm\/?page_id=1870"},"modified":"2014-12-21T17:27:18","modified_gmt":"2014-12-21T17:27:18","slug":"7-piesn-o-jozefinku-warszawa-grochow","status":"publish","type":"page","link":"https:\/\/www.faustyna.pl\/zmbm\/7-piesn-o-jozefinku-warszawa-grochow\/","title":{"rendered":"7. Pie\u015b\u0144 o&nbsp;&#8222;J\u00f3zefinku&#8221;"},"content":{"rendered":"<p><iframe loading=\"lazy\" width=\"480\" height=\"360\" src=\"http:\/\/www.youtube.com\/embed\/pNEbMgrDoPk?rel=0\" frameborder=\"0\" allowfullscreen><\/iframe><\/p>\n","protected":false},"excerpt":{"rendered":"","protected":false},"author":1,"featured_media":0,"parent":0,"menu_order":0,"comment_status":"open","ping_status":"open","template":"","meta":{"footnotes":""},"categories":[55],"tags":[],"class_list":["post-1870","page","type-page","status-publish","hentry","category-jubileusz-150-lat-zgromadzenia"],"_links":{"self":[{"href":"https:\/\/www.faustyna.pl\/zmbm\/wp-json\/wp\/v2\/pages\/1870","targetHints":{"allow":["GET"]}}],"collection":[{"href":"https:\/\/www.faustyna.pl\/zmbm\/wp-json\/wp\/v2\/pages"}],"about":[{"href":"https:\/\/www.faustyna.pl\/zmbm\/wp-json\/wp\/v2\/types\/page"}],"author":[{"embeddable":true,"href":"https:\/\/www.faustyna.pl\/zmbm\/wp-json\/wp\/v2\/users\/1"}],"replies":[{"embeddable":true,"href":"https:\/\/www.faustyna.pl\/zmbm\/wp-json\/wp\/v2\/comments?post=1870"}],"version-history":[{"count":1,"href":"https:\/\/www.faustyna.pl\/zmbm\/wp-json\/wp\/v2\/pages\/1870\/revisions"}],"predecessor-version":[{"id":2520,"href":"https:\/\/www.faustyna.pl\/zmbm\/wp-json\/wp\/v2\/pages\/1870\/revisions\/2520"}],"wp:attachment":[{"href":"https:\/\/www.faustyna.pl\/zmbm\/wp-json\/wp\/v2\/media?parent=1870"}],"wp:term":[{"taxonomy":"category","embeddable":true,"href":"https:\/\/www.faustyna.pl\/zmbm\/wp-json\/wp\/v2\/categories?post=1870"},{"taxonomy":"post_tag","embeddable":true,"href":"https:\/\/www.faustyna.pl\/zmbm\/wp-json\/wp\/v2\/tags?post=1870"}],"curies":[{"name":"wp","href":"https:\/\/api.w.org\/{rel}","templated":true}]}}