



{"id":19906,"date":"2021-03-13T16:47:14","date_gmt":"2021-03-13T15:47:14","guid":{"rendered":"https:\/\/www.faustyna.pl\/zmbm\/?page_id=19906"},"modified":"2025-11-15T09:44:27","modified_gmt":"2025-11-15T08:44:27","slug":"modlitwa-za-rodziny","status":"publish","type":"page","link":"https:\/\/www.faustyna.pl\/zmbm\/modlitwa-za-rodziny\/","title":{"rendered":"Modlitwa za rodziny"},"content":{"rendered":"<p><a href=\"https:\/\/www.faustyna.pl\/zmbm\/wp-content\/uploads\/2021\/03\/2-Obraz-Gerd-Altmann-z-Pixabay-rodzina.jpg\" data-gallery><img loading=\"lazy\" decoding=\"async\" class=\"size-medium wp-image-19907 alignnone\" src=\"https:\/\/www.faustyna.pl\/zmbm\/wp-content\/uploads\/2021\/03\/2-Obraz-Gerd-Altmann-z-Pixabay-rodzina-560x331.jpg\" alt=\"\" width=\"560\" height=\"331\" srcset=\"https:\/\/www.faustyna.pl\/zmbm\/wp-content\/uploads\/2021\/03\/2-Obraz-Gerd-Altmann-z-Pixabay-rodzina-560x331.jpg 560w, https:\/\/www.faustyna.pl\/zmbm\/wp-content\/uploads\/2021\/03\/2-Obraz-Gerd-Altmann-z-Pixabay-rodzina-140x83.jpg 140w, https:\/\/www.faustyna.pl\/zmbm\/wp-content\/uploads\/2021\/03\/2-Obraz-Gerd-Altmann-z-Pixabay-rodzina.jpg 1024w\" sizes=\"auto, (max-width: 560px) 100vw, 560px\" \/><\/a><\/p>\n<p style=\"text-align: justify\">Ka\u017cdego dnia w Sanktuarium Bo\u017cego Mi\u0142osierdzia w Krakowie-\u0141agiewnikach, przed \u0142askami s\u0142yn\u0105cym obrazem Jezusa Mi\u0142osiernego i przy grobie \u015bw. Siostry Faustyny siostry ze Zgromadzenia Matki Bo\u017cej Mi\u0142osierdzia prowadz\u0105 r\u00f3\u017caniec za rodziny i ma\u0142\u017ce\u0144stwa prze\u017cywaj\u0105ce trudne do\u015bwiadczenia i kryzysy. Tak\u017ce w Sanktuarium Bo\u017cego Mi\u0142osierdzia w P\u0142ocku w tej intencji ka\u017cdego 22 dnia miesi\u0105ca odprawiana jest Msza \u015bw. o godzinie 17.00. Do tej modlitwy w \u0142agiewnickim Sanktuarium, tak\u017ce w intencji swojej rodziny lub bliskich, w\u0142\u0105czy\u0107 si\u0119 mo\u017cna przez transmisj\u0119 on-line na stronie: <a href=\"http:\/\/www.faustyna.pl\/\">www.faustyna.pl<\/a>\u00a0.<\/p>\n","protected":false},"excerpt":{"rendered":"<p>Ka\u017cdego dnia w Sanktuarium Bo\u017cego Mi\u0142osierdzia w Krakowie-\u0141agiewnikach, przed \u0142askami s\u0142yn\u0105cym obrazem Jezusa Mi\u0142osiernego i przy grobie \u015bw. Siostry Faustyny siostry ze Zgromadzenia Matki Bo\u017cej Mi\u0142osierdzia prowadz\u0105 r\u00f3\u017caniec za rodziny i ma\u0142\u017ce\u0144stwa prze\u017cywaj\u0105ce trudne do\u015bwiadczenia i kryzysy. Tak\u017ce w Sanktuarium Bo\u017cego Mi\u0142osierdzia w P\u0142ocku w tej intencji ka\u017cdego 22 dnia miesi\u0105ca odprawiana jest Msza \u015bw. [&hellip;]<\/p>\n","protected":false},"author":2,"featured_media":19907,"parent":0,"menu_order":-1658,"comment_status":"closed","ping_status":"closed","template":"","meta":{"footnotes":""},"categories":[4],"tags":[],"class_list":["post-19906","page","type-page","status-publish","has-post-thumbnail","hentry","category-aktualnosci"],"_links":{"self":[{"href":"https:\/\/www.faustyna.pl\/zmbm\/wp-json\/wp\/v2\/pages\/19906","targetHints":{"allow":["GET"]}}],"collection":[{"href":"https:\/\/www.faustyna.pl\/zmbm\/wp-json\/wp\/v2\/pages"}],"about":[{"href":"https:\/\/www.faustyna.pl\/zmbm\/wp-json\/wp\/v2\/types\/page"}],"author":[{"embeddable":true,"href":"https:\/\/www.faustyna.pl\/zmbm\/wp-json\/wp\/v2\/users\/2"}],"replies":[{"embeddable":true,"href":"https:\/\/www.faustyna.pl\/zmbm\/wp-json\/wp\/v2\/comments?post=19906"}],"version-history":[{"count":2,"href":"https:\/\/www.faustyna.pl\/zmbm\/wp-json\/wp\/v2\/pages\/19906\/revisions"}],"predecessor-version":[{"id":21569,"href":"https:\/\/www.faustyna.pl\/zmbm\/wp-json\/wp\/v2\/pages\/19906\/revisions\/21569"}],"wp:featuredmedia":[{"embeddable":true,"href":"https:\/\/www.faustyna.pl\/zmbm\/wp-json\/wp\/v2\/media\/19907"}],"wp:attachment":[{"href":"https:\/\/www.faustyna.pl\/zmbm\/wp-json\/wp\/v2\/media?parent=19906"}],"wp:term":[{"taxonomy":"category","embeddable":true,"href":"https:\/\/www.faustyna.pl\/zmbm\/wp-json\/wp\/v2\/categories?post=19906"},{"taxonomy":"post_tag","embeddable":true,"href":"https:\/\/www.faustyna.pl\/zmbm\/wp-json\/wp\/v2\/tags?post=19906"}],"curies":[{"name":"wp","href":"https:\/\/api.w.org\/{rel}","templated":true}]}}