



{"id":20060,"date":"2021-03-31T20:51:41","date_gmt":"2021-03-31T18:51:41","guid":{"rendered":"https:\/\/www.faustyna.pl\/zmbm\/?page_id=20060"},"modified":"2021-03-31T21:18:21","modified_gmt":"2021-03-31T19:18:21","slug":"jestem-miloscia-i-milosierdziem-samym","status":"publish","type":"page","link":"https:\/\/www.faustyna.pl\/zmbm\/jestem-miloscia-i-milosierdziem-samym\/","title":{"rendered":"1. Jestem mi\u0142o\u015bci\u0105 i mi\u0142osierdziem samym"},"content":{"rendered":"<p><iframe loading=\"lazy\" title=\"1. Jestem mi\u0142o\u015bci\u0105 i mi\u0142osierdziem samym\" width=\"500\" height=\"281\" src=\"https:\/\/www.youtube.com\/embed\/_oQPy4V-2fU?feature=oembed\" frameborder=\"0\" allow=\"accelerometer; autoplay; clipboard-write; encrypted-media; gyroscope; picture-in-picture; web-share\" referrerpolicy=\"strict-origin-when-cross-origin\" allowfullscreen><\/iframe><\/p>\n","protected":false},"excerpt":{"rendered":"","protected":false},"author":1,"featured_media":0,"parent":0,"menu_order":0,"comment_status":"closed","ping_status":"closed","template":"","meta":{"footnotes":""},"categories":[130638],"tags":[],"class_list":["post-20060","page","type-page","status-publish","hentry","category-spoty"],"_links":{"self":[{"href":"https:\/\/www.faustyna.pl\/zmbm\/wp-json\/wp\/v2\/pages\/20060","targetHints":{"allow":["GET"]}}],"collection":[{"href":"https:\/\/www.faustyna.pl\/zmbm\/wp-json\/wp\/v2\/pages"}],"about":[{"href":"https:\/\/www.faustyna.pl\/zmbm\/wp-json\/wp\/v2\/types\/page"}],"author":[{"embeddable":true,"href":"https:\/\/www.faustyna.pl\/zmbm\/wp-json\/wp\/v2\/users\/1"}],"replies":[{"embeddable":true,"href":"https:\/\/www.faustyna.pl\/zmbm\/wp-json\/wp\/v2\/comments?post=20060"}],"version-history":[{"count":3,"href":"https:\/\/www.faustyna.pl\/zmbm\/wp-json\/wp\/v2\/pages\/20060\/revisions"}],"predecessor-version":[{"id":20081,"href":"https:\/\/www.faustyna.pl\/zmbm\/wp-json\/wp\/v2\/pages\/20060\/revisions\/20081"}],"wp:attachment":[{"href":"https:\/\/www.faustyna.pl\/zmbm\/wp-json\/wp\/v2\/media?parent=20060"}],"wp:term":[{"taxonomy":"category","embeddable":true,"href":"https:\/\/www.faustyna.pl\/zmbm\/wp-json\/wp\/v2\/categories?post=20060"},{"taxonomy":"post_tag","embeddable":true,"href":"https:\/\/www.faustyna.pl\/zmbm\/wp-json\/wp\/v2\/tags?post=20060"}],"curies":[{"name":"wp","href":"https:\/\/api.w.org\/{rel}","templated":true}]}}