



{"id":22708,"date":"2021-12-02T21:14:56","date_gmt":"2021-12-02T20:14:56","guid":{"rendered":"https:\/\/www.faustyna.pl\/zmbm\/?page_id=22708"},"modified":"2021-12-02T21:14:56","modified_gmt":"2021-12-02T20:14:56","slug":"15-serce-czlowieka-swiatynia-boga","status":"publish","type":"page","link":"https:\/\/www.faustyna.pl\/zmbm\/15-serce-czlowieka-swiatynia-boga\/","title":{"rendered":"15. Serce cz\u0142owieka \u015bwi\u0105tyni\u0105 Boga"},"content":{"rendered":"<p><iframe loading=\"lazy\" title=\"15. Serce cz\u0142owieka \u015bwi\u0105tyni\u0105 Boga\" width=\"500\" height=\"281\" src=\"https:\/\/www.youtube.com\/embed\/1mHtNsRE6n0?feature=oembed\" frameborder=\"0\" allow=\"accelerometer; autoplay; clipboard-write; encrypted-media; gyroscope; picture-in-picture; web-share\" referrerpolicy=\"strict-origin-when-cross-origin\" allowfullscreen><\/iframe><\/p>\n","protected":false},"excerpt":{"rendered":"","protected":false},"author":2,"featured_media":0,"parent":0,"menu_order":0,"comment_status":"closed","ping_status":"closed","template":"","meta":{"footnotes":""},"categories":[130638],"tags":[],"class_list":["post-22708","page","type-page","status-publish","hentry","category-spoty"],"_links":{"self":[{"href":"https:\/\/www.faustyna.pl\/zmbm\/wp-json\/wp\/v2\/pages\/22708","targetHints":{"allow":["GET"]}}],"collection":[{"href":"https:\/\/www.faustyna.pl\/zmbm\/wp-json\/wp\/v2\/pages"}],"about":[{"href":"https:\/\/www.faustyna.pl\/zmbm\/wp-json\/wp\/v2\/types\/page"}],"author":[{"embeddable":true,"href":"https:\/\/www.faustyna.pl\/zmbm\/wp-json\/wp\/v2\/users\/2"}],"replies":[{"embeddable":true,"href":"https:\/\/www.faustyna.pl\/zmbm\/wp-json\/wp\/v2\/comments?post=22708"}],"version-history":[{"count":1,"href":"https:\/\/www.faustyna.pl\/zmbm\/wp-json\/wp\/v2\/pages\/22708\/revisions"}],"predecessor-version":[{"id":22709,"href":"https:\/\/www.faustyna.pl\/zmbm\/wp-json\/wp\/v2\/pages\/22708\/revisions\/22709"}],"wp:attachment":[{"href":"https:\/\/www.faustyna.pl\/zmbm\/wp-json\/wp\/v2\/media?parent=22708"}],"wp:term":[{"taxonomy":"category","embeddable":true,"href":"https:\/\/www.faustyna.pl\/zmbm\/wp-json\/wp\/v2\/categories?post=22708"},{"taxonomy":"post_tag","embeddable":true,"href":"https:\/\/www.faustyna.pl\/zmbm\/wp-json\/wp\/v2\/tags?post=22708"}],"curies":[{"name":"wp","href":"https:\/\/api.w.org\/{rel}","templated":true}]}}