



{"id":22717,"date":"2021-12-02T21:20:41","date_gmt":"2021-12-02T20:20:41","guid":{"rendered":"https:\/\/www.faustyna.pl\/zmbm\/?page_id=22717"},"modified":"2021-12-02T21:20:41","modified_gmt":"2021-12-02T20:20:41","slug":"18-ufnosc-naczyniem-do-czerpania-lask","status":"publish","type":"page","link":"https:\/\/www.faustyna.pl\/zmbm\/18-ufnosc-naczyniem-do-czerpania-lask\/","title":{"rendered":"18. Ufno\u015b\u0107 naczyniem do czerpania \u0142ask"},"content":{"rendered":"<p><iframe loading=\"lazy\" title=\"18. Ufno\u015b\u0107 naczyniem do czerpania \u0142ask\" width=\"500\" height=\"281\" src=\"https:\/\/www.youtube.com\/embed\/sl0DC1j685U?feature=oembed\" frameborder=\"0\" allow=\"accelerometer; autoplay; clipboard-write; encrypted-media; gyroscope; picture-in-picture; web-share\" referrerpolicy=\"strict-origin-when-cross-origin\" allowfullscreen><\/iframe><\/p>\n","protected":false},"excerpt":{"rendered":"","protected":false},"author":2,"featured_media":0,"parent":0,"menu_order":0,"comment_status":"closed","ping_status":"closed","template":"","meta":{"footnotes":""},"categories":[130638],"tags":[],"class_list":["post-22717","page","type-page","status-publish","hentry","category-spoty"],"_links":{"self":[{"href":"https:\/\/www.faustyna.pl\/zmbm\/wp-json\/wp\/v2\/pages\/22717","targetHints":{"allow":["GET"]}}],"collection":[{"href":"https:\/\/www.faustyna.pl\/zmbm\/wp-json\/wp\/v2\/pages"}],"about":[{"href":"https:\/\/www.faustyna.pl\/zmbm\/wp-json\/wp\/v2\/types\/page"}],"author":[{"embeddable":true,"href":"https:\/\/www.faustyna.pl\/zmbm\/wp-json\/wp\/v2\/users\/2"}],"replies":[{"embeddable":true,"href":"https:\/\/www.faustyna.pl\/zmbm\/wp-json\/wp\/v2\/comments?post=22717"}],"version-history":[{"count":1,"href":"https:\/\/www.faustyna.pl\/zmbm\/wp-json\/wp\/v2\/pages\/22717\/revisions"}],"predecessor-version":[{"id":22718,"href":"https:\/\/www.faustyna.pl\/zmbm\/wp-json\/wp\/v2\/pages\/22717\/revisions\/22718"}],"wp:attachment":[{"href":"https:\/\/www.faustyna.pl\/zmbm\/wp-json\/wp\/v2\/media?parent=22717"}],"wp:term":[{"taxonomy":"category","embeddable":true,"href":"https:\/\/www.faustyna.pl\/zmbm\/wp-json\/wp\/v2\/categories?post=22717"},{"taxonomy":"post_tag","embeddable":true,"href":"https:\/\/www.faustyna.pl\/zmbm\/wp-json\/wp\/v2\/tags?post=22717"}],"curies":[{"name":"wp","href":"https:\/\/api.w.org\/{rel}","templated":true}]}}