



{"id":22726,"date":"2021-12-02T21:26:13","date_gmt":"2021-12-02T20:26:13","guid":{"rendered":"https:\/\/www.faustyna.pl\/zmbm\/?page_id=22726"},"modified":"2021-12-02T21:26:13","modified_gmt":"2021-12-02T20:26:13","slug":"21-zadam-od-ciebie-uczynkow-milosierdzia","status":"publish","type":"page","link":"https:\/\/www.faustyna.pl\/zmbm\/21-zadam-od-ciebie-uczynkow-milosierdzia\/","title":{"rendered":"21. \u017b\u0105dam od ciebie uczynk\u00f3w mi\u0142osierdzia"},"content":{"rendered":"<p><iframe loading=\"lazy\" title=\"21. \u017b\u0105dam od ciebie uczynk\u00f3w mi\u0142osierdzia\" width=\"500\" height=\"281\" src=\"https:\/\/www.youtube.com\/embed\/8s4Nn6oa9wg?feature=oembed\" frameborder=\"0\" allow=\"accelerometer; autoplay; clipboard-write; encrypted-media; gyroscope; picture-in-picture; web-share\" referrerpolicy=\"strict-origin-when-cross-origin\" allowfullscreen><\/iframe><\/p>\n","protected":false},"excerpt":{"rendered":"","protected":false},"author":2,"featured_media":0,"parent":0,"menu_order":0,"comment_status":"closed","ping_status":"closed","template":"","meta":{"footnotes":""},"categories":[130638],"tags":[],"class_list":["post-22726","page","type-page","status-publish","hentry","category-spoty"],"_links":{"self":[{"href":"https:\/\/www.faustyna.pl\/zmbm\/wp-json\/wp\/v2\/pages\/22726","targetHints":{"allow":["GET"]}}],"collection":[{"href":"https:\/\/www.faustyna.pl\/zmbm\/wp-json\/wp\/v2\/pages"}],"about":[{"href":"https:\/\/www.faustyna.pl\/zmbm\/wp-json\/wp\/v2\/types\/page"}],"author":[{"embeddable":true,"href":"https:\/\/www.faustyna.pl\/zmbm\/wp-json\/wp\/v2\/users\/2"}],"replies":[{"embeddable":true,"href":"https:\/\/www.faustyna.pl\/zmbm\/wp-json\/wp\/v2\/comments?post=22726"}],"version-history":[{"count":1,"href":"https:\/\/www.faustyna.pl\/zmbm\/wp-json\/wp\/v2\/pages\/22726\/revisions"}],"predecessor-version":[{"id":22727,"href":"https:\/\/www.faustyna.pl\/zmbm\/wp-json\/wp\/v2\/pages\/22726\/revisions\/22727"}],"wp:attachment":[{"href":"https:\/\/www.faustyna.pl\/zmbm\/wp-json\/wp\/v2\/media?parent=22726"}],"wp:term":[{"taxonomy":"category","embeddable":true,"href":"https:\/\/www.faustyna.pl\/zmbm\/wp-json\/wp\/v2\/categories?post=22726"},{"taxonomy":"post_tag","embeddable":true,"href":"https:\/\/www.faustyna.pl\/zmbm\/wp-json\/wp\/v2\/tags?post=22726"}],"curies":[{"name":"wp","href":"https:\/\/api.w.org\/{rel}","templated":true}]}}