



{"id":22729,"date":"2021-12-02T21:27:56","date_gmt":"2021-12-02T20:27:56","guid":{"rendered":"https:\/\/www.faustyna.pl\/zmbm\/?page_id=22729"},"modified":"2021-12-02T21:27:56","modified_gmt":"2021-12-02T20:27:56","slug":"22-ucze-sie-byc-dobra-od-jezusa","status":"publish","type":"page","link":"https:\/\/www.faustyna.pl\/zmbm\/22-ucze-sie-byc-dobra-od-jezusa\/","title":{"rendered":"22. Ucz\u0119 si\u0119 by\u0107 dobr\u0105 od Jezusa"},"content":{"rendered":"<p><iframe loading=\"lazy\" title=\"22. Ucz\u0119 si\u0119 by\u0107 dobr\u0105 od Jezusa\" width=\"500\" height=\"281\" src=\"https:\/\/www.youtube.com\/embed\/mwbybyWMlic?feature=oembed\" frameborder=\"0\" allow=\"accelerometer; autoplay; clipboard-write; encrypted-media; gyroscope; picture-in-picture; web-share\" referrerpolicy=\"strict-origin-when-cross-origin\" allowfullscreen><\/iframe><\/p>\n","protected":false},"excerpt":{"rendered":"","protected":false},"author":2,"featured_media":0,"parent":0,"menu_order":0,"comment_status":"closed","ping_status":"closed","template":"","meta":{"footnotes":""},"categories":[130638],"tags":[],"class_list":["post-22729","page","type-page","status-publish","hentry","category-spoty"],"_links":{"self":[{"href":"https:\/\/www.faustyna.pl\/zmbm\/wp-json\/wp\/v2\/pages\/22729","targetHints":{"allow":["GET"]}}],"collection":[{"href":"https:\/\/www.faustyna.pl\/zmbm\/wp-json\/wp\/v2\/pages"}],"about":[{"href":"https:\/\/www.faustyna.pl\/zmbm\/wp-json\/wp\/v2\/types\/page"}],"author":[{"embeddable":true,"href":"https:\/\/www.faustyna.pl\/zmbm\/wp-json\/wp\/v2\/users\/2"}],"replies":[{"embeddable":true,"href":"https:\/\/www.faustyna.pl\/zmbm\/wp-json\/wp\/v2\/comments?post=22729"}],"version-history":[{"count":1,"href":"https:\/\/www.faustyna.pl\/zmbm\/wp-json\/wp\/v2\/pages\/22729\/revisions"}],"predecessor-version":[{"id":22730,"href":"https:\/\/www.faustyna.pl\/zmbm\/wp-json\/wp\/v2\/pages\/22729\/revisions\/22730"}],"wp:attachment":[{"href":"https:\/\/www.faustyna.pl\/zmbm\/wp-json\/wp\/v2\/media?parent=22729"}],"wp:term":[{"taxonomy":"category","embeddable":true,"href":"https:\/\/www.faustyna.pl\/zmbm\/wp-json\/wp\/v2\/categories?post=22729"},{"taxonomy":"post_tag","embeddable":true,"href":"https:\/\/www.faustyna.pl\/zmbm\/wp-json\/wp\/v2\/tags?post=22729"}],"curies":[{"name":"wp","href":"https:\/\/api.w.org\/{rel}","templated":true}]}}