



{"id":22738,"date":"2021-12-02T21:32:48","date_gmt":"2021-12-02T20:32:48","guid":{"rendered":"https:\/\/www.faustyna.pl\/zmbm\/?page_id=22738"},"modified":"2021-12-02T21:32:48","modified_gmt":"2021-12-02T20:32:48","slug":"25-zachecaj-do-ufnosci-w-milosierdzie-moje","status":"publish","type":"page","link":"https:\/\/www.faustyna.pl\/zmbm\/25-zachecaj-do-ufnosci-w-milosierdzie-moje\/","title":{"rendered":"25. Zach\u0119caj do ufno\u015bci w mi\u0142osierdzie Moje"},"content":{"rendered":"<p><iframe loading=\"lazy\" title=\"25. Zach\u0119caj do ufno\u015bci w mi\u0142osierdzie Moje\" width=\"500\" height=\"281\" src=\"https:\/\/www.youtube.com\/embed\/45t3kaIpbz0?feature=oembed\" frameborder=\"0\" allow=\"accelerometer; autoplay; clipboard-write; encrypted-media; gyroscope; picture-in-picture; web-share\" referrerpolicy=\"strict-origin-when-cross-origin\" allowfullscreen><\/iframe><\/p>\n","protected":false},"excerpt":{"rendered":"","protected":false},"author":2,"featured_media":0,"parent":0,"menu_order":0,"comment_status":"closed","ping_status":"closed","template":"","meta":{"footnotes":""},"categories":[130638],"tags":[],"class_list":["post-22738","page","type-page","status-publish","hentry","category-spoty"],"_links":{"self":[{"href":"https:\/\/www.faustyna.pl\/zmbm\/wp-json\/wp\/v2\/pages\/22738","targetHints":{"allow":["GET"]}}],"collection":[{"href":"https:\/\/www.faustyna.pl\/zmbm\/wp-json\/wp\/v2\/pages"}],"about":[{"href":"https:\/\/www.faustyna.pl\/zmbm\/wp-json\/wp\/v2\/types\/page"}],"author":[{"embeddable":true,"href":"https:\/\/www.faustyna.pl\/zmbm\/wp-json\/wp\/v2\/users\/2"}],"replies":[{"embeddable":true,"href":"https:\/\/www.faustyna.pl\/zmbm\/wp-json\/wp\/v2\/comments?post=22738"}],"version-history":[{"count":1,"href":"https:\/\/www.faustyna.pl\/zmbm\/wp-json\/wp\/v2\/pages\/22738\/revisions"}],"predecessor-version":[{"id":22739,"href":"https:\/\/www.faustyna.pl\/zmbm\/wp-json\/wp\/v2\/pages\/22738\/revisions\/22739"}],"wp:attachment":[{"href":"https:\/\/www.faustyna.pl\/zmbm\/wp-json\/wp\/v2\/media?parent=22738"}],"wp:term":[{"taxonomy":"category","embeddable":true,"href":"https:\/\/www.faustyna.pl\/zmbm\/wp-json\/wp\/v2\/categories?post=22738"},{"taxonomy":"post_tag","embeddable":true,"href":"https:\/\/www.faustyna.pl\/zmbm\/wp-json\/wp\/v2\/tags?post=22738"}],"curies":[{"name":"wp","href":"https:\/\/api.w.org\/{rel}","templated":true}]}}