



{"id":2282,"date":"2014-12-24T00:17:08","date_gmt":"2014-12-24T00:17:08","guid":{"rendered":"http:\/\/www.faustyna.pl\/zmbm\/?page_id=2282"},"modified":"2026-05-07T10:25:36","modified_gmt":"2026-05-07T08:25:36","slug":"klasztory-w-polsce-zdjecia","status":"publish","type":"page","link":"https:\/\/www.faustyna.pl\/zmbm\/klasztory-w-polsce-zdjecia\/","title":{"rendered":"Klasztory w Polsce"},"content":{"rendered":"\n<p><strong>BIA\u0141A<\/strong><\/p>\n\n\n\n<div class=\"wp-block-media-text alignwide is-stacked-on-mobile\"><figure class=\"wp-block-media-text__media\"><img loading=\"lazy\" decoding=\"async\" width=\"1024\" height=\"609\" src=\"https:\/\/www.faustyna.pl\/zmbm\/wp-content\/uploads\/2021\/06\/Biala.jpg\" alt=\"\" class=\"wp-image-21138 size-full\" srcset=\"https:\/\/www.faustyna.pl\/zmbm\/wp-content\/uploads\/2021\/06\/Biala.jpg 1024w, https:\/\/www.faustyna.pl\/zmbm\/wp-content\/uploads\/2021\/06\/Biala-560x333.jpg 560w, https:\/\/www.faustyna.pl\/zmbm\/wp-content\/uploads\/2021\/06\/Biala-140x83.jpg 140w\" sizes=\"auto, (max-width: 1024px) 100vw, 1024px\" \/><\/figure><div class=\"wp-block-media-text__content\">\n<p>ul. Henryka Sienkiewicza 18<br>09-411 BIA\u0141A<\/p>\n\n\n\n<p>tel. Klasztor &#8211; 797-907-363<br>Dom Samotnej Matki &#8211; 797-907-363<br>e-mail: dombiala@faustyna.pl<\/p>\n<\/div><\/div>\n\n\n\n<p><strong>CHYLICZKI<\/strong><\/p>\n\n\n\n<div class=\"wp-block-media-text alignwide is-stacked-on-mobile\"><figure class=\"wp-block-media-text__media\"><img loading=\"lazy\" decoding=\"async\" width=\"1024\" height=\"610\" src=\"https:\/\/www.faustyna.pl\/zmbm\/wp-content\/uploads\/2021\/06\/Chyliczki-zmbm.jpg\" alt=\"\" class=\"wp-image-21140 size-full\" srcset=\"https:\/\/www.faustyna.pl\/zmbm\/wp-content\/uploads\/2021\/06\/Chyliczki-zmbm.jpg 1024w, https:\/\/www.faustyna.pl\/zmbm\/wp-content\/uploads\/2021\/06\/Chyliczki-zmbm-560x334.jpg 560w, https:\/\/www.faustyna.pl\/zmbm\/wp-content\/uploads\/2021\/06\/Chyliczki-zmbm-140x83.jpg 140w\" sizes=\"auto, (max-width: 1024px) 100vw, 1024px\" \/><\/figure><div class=\"wp-block-media-text__content\">\n<p>ul. Wschodnia 6<br>05-500 PIASECZNO-CHYLICZKI<br>tel. 22 756 88 76<br>e-mail: dsmchyliczki@wp.pl<\/p>\n<\/div><\/div>\n\n\n\n<p><strong>CZ\u0118STOCHOWA<\/strong><\/p>\n\n\n\n<div class=\"wp-block-media-text alignwide is-stacked-on-mobile\"><figure class=\"wp-block-media-text__media\"><img loading=\"lazy\" decoding=\"async\" width=\"1024\" height=\"610\" src=\"https:\/\/www.faustyna.pl\/zmbm\/wp-content\/uploads\/2021\/06\/Czestochowa-klasztor-zmbm.jpg\" alt=\"\" class=\"wp-image-21141 size-full\" srcset=\"https:\/\/www.faustyna.pl\/zmbm\/wp-content\/uploads\/2021\/06\/Czestochowa-klasztor-zmbm.jpg 1024w, https:\/\/www.faustyna.pl\/zmbm\/wp-content\/uploads\/2021\/06\/Czestochowa-klasztor-zmbm-560x334.jpg 560w, https:\/\/www.faustyna.pl\/zmbm\/wp-content\/uploads\/2021\/06\/Czestochowa-klasztor-zmbm-140x83.jpg 140w\" sizes=\"auto, (max-width: 1024px) 100vw, 1024px\" \/><\/figure><div class=\"wp-block-media-text__content\">\n<p>ul. \u015aw. Barbary 9\/11<br>42-200 CZ\u0118STOCHOWA<br>tel. 34 368 10 29<br>e-mail: dom_czestoch@faustyna.pl<\/p>\n<\/div><\/div>\n\n\n\n<p><strong>DERDY<\/strong><\/p>\n\n\n\n<div class=\"wp-block-media-text alignwide is-stacked-on-mobile\"><figure class=\"wp-block-media-text__media\"><img loading=\"lazy\" decoding=\"async\" width=\"1024\" height=\"610\" src=\"https:\/\/www.faustyna.pl\/zmbm\/wp-content\/uploads\/2021\/06\/Derdy-klasztor-zmbm.jpg\" alt=\"\" class=\"wp-image-21142 size-full\" srcset=\"https:\/\/www.faustyna.pl\/zmbm\/wp-content\/uploads\/2021\/06\/Derdy-klasztor-zmbm.jpg 1024w, https:\/\/www.faustyna.pl\/zmbm\/wp-content\/uploads\/2021\/06\/Derdy-klasztor-zmbm-560x334.jpg 560w, https:\/\/www.faustyna.pl\/zmbm\/wp-content\/uploads\/2021\/06\/Derdy-klasztor-zmbm-140x83.jpg 140w\" sizes=\"auto, (max-width: 1024px) 100vw, 1024px\" \/><\/figure><div class=\"wp-block-media-text__content\">\n<p>ul. \u0141\u0105czno\u015bci 158<br>05-552 W\u00d3LKA KOSOWSKA<br>tel. 22 757 77 40<br>e-mail: milosierdzie-derdy@faustyna.pl<\/p>\n<\/div><\/div>\n\n\n\n<p><strong>E\u0141K<\/strong><\/p>\n\n\n\n<div class=\"wp-block-media-text alignwide is-stacked-on-mobile\"><figure class=\"wp-block-media-text__media\"><img loading=\"lazy\" decoding=\"async\" width=\"1024\" height=\"609\" src=\"https:\/\/www.faustyna.pl\/zmbm\/wp-content\/uploads\/2021\/06\/Elk-1.jpg\" alt=\"\" class=\"wp-image-21143 size-full\" srcset=\"https:\/\/www.faustyna.pl\/zmbm\/wp-content\/uploads\/2021\/06\/Elk-1.jpg 1024w, https:\/\/www.faustyna.pl\/zmbm\/wp-content\/uploads\/2021\/06\/Elk-1-560x333.jpg 560w, https:\/\/www.faustyna.pl\/zmbm\/wp-content\/uploads\/2021\/06\/Elk-1-140x83.jpg 140w\" sizes=\"auto, (max-width: 1024px) 100vw, 1024px\" \/><\/figure><div class=\"wp-block-media-text__content\">\n<p>ul. Ks. pra\u0142. Mariana Szcz\u0119snego 1<br>19-300 E\u0141K<br>tel. klasztor \u2013 87 441 70 36<br>DSM \u2013 87 441 70 35<br>e-mail: elk@faustyna.pl<\/p>\n<\/div><\/div>\n\n\n\n<p><strong>GDA\u0143SK<\/strong><\/p>\n\n\n\n<div class=\"wp-block-media-text alignwide is-stacked-on-mobile\"><figure class=\"wp-block-media-text__media\"><img loading=\"lazy\" decoding=\"async\" width=\"1024\" height=\"610\" src=\"https:\/\/www.faustyna.pl\/zmbm\/wp-content\/uploads\/2021\/06\/Gdansk-klasztor-zmbm.jpg\" alt=\"\" class=\"wp-image-21144 size-full\" srcset=\"https:\/\/www.faustyna.pl\/zmbm\/wp-content\/uploads\/2021\/06\/Gdansk-klasztor-zmbm.jpg 1024w, https:\/\/www.faustyna.pl\/zmbm\/wp-content\/uploads\/2021\/06\/Gdansk-klasztor-zmbm-560x334.jpg 560w, https:\/\/www.faustyna.pl\/zmbm\/wp-content\/uploads\/2021\/06\/Gdansk-klasztor-zmbm-140x83.jpg 140w\" sizes=\"auto, (max-width: 1024px) 100vw, 1024px\" \/><\/figure><div class=\"wp-block-media-text__content\">\n<p>Trakt \u015aw. Wojciecha 396 a<br>80-007 GDA\u0143SK<br>tel. 58 309 03 61; 797 907 345<br>e-mail: zmbm.gdansk@faustyna.pl<\/p>\n<\/div><\/div>\n\n\n\n<p><strong>KALISZ<\/strong><\/p>\n\n\n\n<div class=\"wp-block-media-text alignwide is-stacked-on-mobile\"><figure class=\"wp-block-media-text__media\"><img loading=\"lazy\" decoding=\"async\" width=\"1024\" height=\"610\" src=\"https:\/\/www.faustyna.pl\/zmbm\/wp-content\/uploads\/2021\/06\/Kalisz-klasztor-zmbm.jpg\" alt=\"\" class=\"wp-image-21145 size-full\" srcset=\"https:\/\/www.faustyna.pl\/zmbm\/wp-content\/uploads\/2021\/06\/Kalisz-klasztor-zmbm.jpg 1024w, https:\/\/www.faustyna.pl\/zmbm\/wp-content\/uploads\/2021\/06\/Kalisz-klasztor-zmbm-560x334.jpg 560w, https:\/\/www.faustyna.pl\/zmbm\/wp-content\/uploads\/2021\/06\/Kalisz-klasztor-zmbm-140x83.jpg 140w\" sizes=\"auto, (max-width: 1024px) 100vw, 1024px\" \/><\/figure><div class=\"wp-block-media-text__content\">\n<p>ul. Pozna\u0144ska 26<br>62-800 KALISZ<br>tel. 62 757 63 42<br>e-mail: zmbm.kalisz@faustyna.pl<\/p>\n<\/div><\/div>\n\n\n\n<p><strong>KIEKRZ<\/strong><\/p>\n\n\n\n<div class=\"wp-block-media-text alignwide is-stacked-on-mobile\"><figure class=\"wp-block-media-text__media\"><img loading=\"lazy\" decoding=\"async\" width=\"1024\" height=\"609\" src=\"https:\/\/www.faustyna.pl\/zmbm\/wp-content\/uploads\/2021\/06\/Kiekrz-klasztor-zmbm.jpg\" alt=\"\" class=\"wp-image-21146 size-full\" srcset=\"https:\/\/www.faustyna.pl\/zmbm\/wp-content\/uploads\/2021\/06\/Kiekrz-klasztor-zmbm.jpg 1024w, https:\/\/www.faustyna.pl\/zmbm\/wp-content\/uploads\/2021\/06\/Kiekrz-klasztor-zmbm-560x333.jpg 560w, https:\/\/www.faustyna.pl\/zmbm\/wp-content\/uploads\/2021\/06\/Kiekrz-klasztor-zmbm-140x83.jpg 140w\" sizes=\"auto, (max-width: 1024px) 100vw, 1024px\" \/><\/figure><div class=\"wp-block-media-text__content\">\n<p>ul. Kierska 10<br>62-090 Rokietnica-KIEKRZ<br>tel. 61 848 21 21<br>e-mail: dsmkiekrz@faustyna.pl<br><a href=\"https:\/\/www.kiekrz.faustyna.pl\/\">www.kiekrz.faustyna.pl<\/a><\/p>\n<\/div><\/div>\n\n\n\n<p><strong>KRAK\u00d3W<\/strong><\/p>\n\n\n\n<div class=\"wp-block-media-text alignwide is-stacked-on-mobile\"><figure class=\"wp-block-media-text__media\"><img loading=\"lazy\" decoding=\"async\" width=\"1024\" height=\"610\" src=\"https:\/\/www.faustyna.pl\/zmbm\/wp-content\/uploads\/2021\/06\/Krakow-klasztor-zmbm.jpg\" alt=\"\" class=\"wp-image-21147 size-full\" srcset=\"https:\/\/www.faustyna.pl\/zmbm\/wp-content\/uploads\/2021\/06\/Krakow-klasztor-zmbm.jpg 1024w, https:\/\/www.faustyna.pl\/zmbm\/wp-content\/uploads\/2021\/06\/Krakow-klasztor-zmbm-560x334.jpg 560w, https:\/\/www.faustyna.pl\/zmbm\/wp-content\/uploads\/2021\/06\/Krakow-klasztor-zmbm-140x83.jpg 140w\" sizes=\"auto, (max-width: 1024px) 100vw, 1024px\" \/><\/figure><div class=\"wp-block-media-text__content\">\n<p>ul. Siostry Faustyny 3<br>30-608 KRAK\u00d3W 12<br>tel. 012 351 88 00<br>e-mail: klasztor@faustyna.pl<br><a href=\"https:\/\/www.sanktuarium.faustyna.pl\/\">www.sanktuarium.faustyna.pl<\/a><\/p>\n<\/div><\/div>\n\n\n\n<p><strong>\u0141\u00d3D\u0179<\/strong><\/p>\n\n\n\n<div class=\"wp-block-media-text alignwide is-stacked-on-mobile\"><figure class=\"wp-block-media-text__media\"><img loading=\"lazy\" decoding=\"async\" width=\"1024\" height=\"610\" src=\"https:\/\/www.faustyna.pl\/zmbm\/wp-content\/uploads\/2021\/06\/Lodz-klasztor-zmbm-Krosnienska.jpg\" alt=\"\" class=\"wp-image-21148 size-full\" srcset=\"https:\/\/www.faustyna.pl\/zmbm\/wp-content\/uploads\/2021\/06\/Lodz-klasztor-zmbm-Krosnienska.jpg 1024w, https:\/\/www.faustyna.pl\/zmbm\/wp-content\/uploads\/2021\/06\/Lodz-klasztor-zmbm-Krosnienska-560x334.jpg 560w, https:\/\/www.faustyna.pl\/zmbm\/wp-content\/uploads\/2021\/06\/Lodz-klasztor-zmbm-Krosnienska-140x83.jpg 140w\" sizes=\"auto, (max-width: 1024px) 100vw, 1024px\" \/><\/figure><div class=\"wp-block-media-text__content\">\n<p>ul. Kro\u015bnie\u0144ska 9<br>93-515 \u0141\u00d3D\u0179<br>tel.: 501 754 387<br>e-mail: Lodz.krosnienska@faustyna.pl<\/p>\n<\/div><\/div>\n\n\n\n<p><strong>\u0141\u00d3D\u0179<\/strong><\/p>\n\n\n\n<div class=\"wp-block-media-text alignwide is-stacked-on-mobile\"><figure class=\"wp-block-media-text__media\"><img loading=\"lazy\" decoding=\"async\" width=\"1024\" height=\"610\" src=\"https:\/\/www.faustyna.pl\/zmbm\/wp-content\/uploads\/2021\/06\/Lodz-klasztor-zmbm-wici.jpg\" alt=\"\" class=\"wp-image-21149 size-full\" srcset=\"https:\/\/www.faustyna.pl\/zmbm\/wp-content\/uploads\/2021\/06\/Lodz-klasztor-zmbm-wici.jpg 1024w, https:\/\/www.faustyna.pl\/zmbm\/wp-content\/uploads\/2021\/06\/Lodz-klasztor-zmbm-wici-560x334.jpg 560w, https:\/\/www.faustyna.pl\/zmbm\/wp-content\/uploads\/2021\/06\/Lodz-klasztor-zmbm-wici-140x83.jpg 140w\" sizes=\"auto, (max-width: 1024px) 100vw, 1024px\" \/><\/figure><div class=\"wp-block-media-text__content\">\n<p>ul. Wici 47<br>91-157 \u0141\u00d3D\u0179<br>tel.\u00a0 655 80 05; 511 595 135<br>e-mail: zmbm-lodz@faustyna.pl<\/p>\n<\/div><\/div>\n\n\n\n<p><strong>P\u0141OCK<\/strong><\/p>\n\n\n\n<div class=\"wp-block-media-text alignwide is-stacked-on-mobile\"><figure class=\"wp-block-media-text__media\"><img loading=\"lazy\" decoding=\"async\" width=\"1024\" height=\"610\" src=\"https:\/\/www.faustyna.pl\/zmbm\/wp-content\/uploads\/2021\/06\/Plock-klasztor-zmbm.jpg\" alt=\"\" class=\"wp-image-21150 size-full\" srcset=\"https:\/\/www.faustyna.pl\/zmbm\/wp-content\/uploads\/2021\/06\/Plock-klasztor-zmbm.jpg 1024w, https:\/\/www.faustyna.pl\/zmbm\/wp-content\/uploads\/2021\/06\/Plock-klasztor-zmbm-560x334.jpg 560w, https:\/\/www.faustyna.pl\/zmbm\/wp-content\/uploads\/2021\/06\/Plock-klasztor-zmbm-140x83.jpg 140w\" sizes=\"auto, (max-width: 1024px) 100vw, 1024px\" \/><\/figure><div class=\"wp-block-media-text__content\">\n<p>Pl. Stary Rynek 14\/18<br>09-404 P\u0141OCK<br>tel. 24 262 58 83<br>e-mail: <a href=\"https:\/\/faustynaplock.pl\/\">faustynaplock@pl<\/a><br>www.faustynaplock.pl<\/p>\n<\/div><\/div>\n\n\n\n<p><strong>RABKA<\/strong><\/p>\n\n\n\n<div class=\"wp-block-media-text alignwide is-stacked-on-mobile\"><figure class=\"wp-block-media-text__media\"><img loading=\"lazy\" decoding=\"async\" width=\"1024\" height=\"610\" src=\"https:\/\/www.faustyna.pl\/zmbm\/wp-content\/uploads\/2021\/06\/Rabka-klasztor-zmbm.jpg\" alt=\"\" class=\"wp-image-21151 size-full\" srcset=\"https:\/\/www.faustyna.pl\/zmbm\/wp-content\/uploads\/2021\/06\/Rabka-klasztor-zmbm.jpg 1024w, https:\/\/www.faustyna.pl\/zmbm\/wp-content\/uploads\/2021\/06\/Rabka-klasztor-zmbm-560x334.jpg 560w, https:\/\/www.faustyna.pl\/zmbm\/wp-content\/uploads\/2021\/06\/Rabka-klasztor-zmbm-140x83.jpg 140w\" sizes=\"auto, (max-width: 1024px) 100vw, 1024px\" \/><\/figure><div class=\"wp-block-media-text__content\">\n<p>ul. Juliusza S\u0142owackiego 12<br>34-700 RABKA<br>tel. 18 267 66 04<br>e-mail: rabka@faustyna.pl<br><a href=\"https:\/\/www.rabka.faustyna.pl\/\">www.rabka.faustyna.pl<\/a><\/p>\n<\/div><\/div>\n\n\n\n<p><strong>RADOM<\/strong><\/p>\n\n\n\n<div class=\"wp-block-media-text alignwide is-stacked-on-mobile\"><figure class=\"wp-block-media-text__media\"><img loading=\"lazy\" decoding=\"async\" width=\"1024\" height=\"610\" src=\"https:\/\/www.faustyna.pl\/zmbm\/wp-content\/uploads\/2021\/06\/Radom-klasztor-zmbm.jpg\" alt=\"\" class=\"wp-image-21152 size-full\" srcset=\"https:\/\/www.faustyna.pl\/zmbm\/wp-content\/uploads\/2021\/06\/Radom-klasztor-zmbm.jpg 1024w, https:\/\/www.faustyna.pl\/zmbm\/wp-content\/uploads\/2021\/06\/Radom-klasztor-zmbm-560x334.jpg 560w, https:\/\/www.faustyna.pl\/zmbm\/wp-content\/uploads\/2021\/06\/Radom-klasztor-zmbm-140x83.jpg 140w\" sizes=\"auto, (max-width: 1024px) 100vw, 1024px\" \/><\/figure><div class=\"wp-block-media-text__content\">\n<p>ul. A. Struga 31<br>26-610 RADOM<br>tel. 48 362 56 17<br>e-mail: radom@faustyna.pl<\/p>\n<\/div><\/div>\n\n\n\n<p><strong>\u015aWINICE WARCKIE<\/strong><\/p>\n\n\n\n<div class=\"wp-block-media-text alignwide is-stacked-on-mobile\"><figure class=\"wp-block-media-text__media\"><img loading=\"lazy\" decoding=\"async\" width=\"1024\" height=\"609\" src=\"https:\/\/www.faustyna.pl\/zmbm\/wp-content\/uploads\/2021\/06\/Swinice-klasztor-zmbm-czynny.jpg\" alt=\"\" class=\"wp-image-21153 size-full\" srcset=\"https:\/\/www.faustyna.pl\/zmbm\/wp-content\/uploads\/2021\/06\/Swinice-klasztor-zmbm-czynny.jpg 1024w, https:\/\/www.faustyna.pl\/zmbm\/wp-content\/uploads\/2021\/06\/Swinice-klasztor-zmbm-czynny-560x333.jpg 560w, https:\/\/www.faustyna.pl\/zmbm\/wp-content\/uploads\/2021\/06\/Swinice-klasztor-zmbm-czynny-140x83.jpg 140w\" sizes=\"auto, (max-width: 1024px) 100vw, 1024px\" \/><\/figure><div class=\"wp-block-media-text__content\">\n<p>ul. Fryderyka Chopina 5<br>99-140 \u015aWINICE WARCKIE<br>tel. 63 288 15 18; 604 478 132<br>e-mail: dom-swinice@faustyna.pl<\/p>\n<\/div><\/div>\n\n\n\n<p><strong>\u015aWINICE WARCKIE<\/strong><\/p>\n\n\n\n<div class=\"wp-block-media-text alignwide is-stacked-on-mobile\"><figure class=\"wp-block-media-text__media\"><img loading=\"lazy\" decoding=\"async\" width=\"1024\" height=\"610\" src=\"https:\/\/www.faustyna.pl\/zmbm\/wp-content\/uploads\/2021\/06\/Swinice-kontemplacyjny-zmbm.jpg\" alt=\"\" class=\"wp-image-21154 size-full\" srcset=\"https:\/\/www.faustyna.pl\/zmbm\/wp-content\/uploads\/2021\/06\/Swinice-kontemplacyjny-zmbm.jpg 1024w, https:\/\/www.faustyna.pl\/zmbm\/wp-content\/uploads\/2021\/06\/Swinice-kontemplacyjny-zmbm-560x334.jpg 560w, https:\/\/www.faustyna.pl\/zmbm\/wp-content\/uploads\/2021\/06\/Swinice-kontemplacyjny-zmbm-140x83.jpg 140w\" sizes=\"auto, (max-width: 1024px) 100vw, 1024px\" \/><\/figure><div class=\"wp-block-media-text__content\">\n<p>Klasztor kontemplacyjny<\/p>\n\n\n\n<p>ul. Fryderyka Chopina 5<br>99-140 \u015aWINICE WARCKIE<br>tel. 63 288 15 18<br>e-mail: kontemplacja@faustyna.pl<\/p>\n<\/div><\/div>\n\n\n\n<p><strong>WALEND\u00d3W<\/strong><\/p>\n\n\n\n<div class=\"wp-block-media-text alignwide is-stacked-on-mobile\"><figure class=\"wp-block-media-text__media\"><img loading=\"lazy\" decoding=\"async\" width=\"1024\" height=\"609\" src=\"https:\/\/www.faustyna.pl\/zmbm\/wp-content\/uploads\/2021\/06\/Walendow-klasztor-zmbm.jpg\" alt=\"\" class=\"wp-image-21156 size-full\" srcset=\"https:\/\/www.faustyna.pl\/zmbm\/wp-content\/uploads\/2021\/06\/Walendow-klasztor-zmbm.jpg 1024w, https:\/\/www.faustyna.pl\/zmbm\/wp-content\/uploads\/2021\/06\/Walendow-klasztor-zmbm-560x333.jpg 560w, https:\/\/www.faustyna.pl\/zmbm\/wp-content\/uploads\/2021\/06\/Walendow-klasztor-zmbm-140x83.jpg 140w\" sizes=\"auto, (max-width: 1024px) 100vw, 1024px\" \/><\/figure><div class=\"wp-block-media-text__content\">\n<p>ul. Nad Utrat\u0105 30<br>05-830 Nadarzyn<br>tel. 22 729 81 15; 729 88 81<br>e-mail: walendow@faustyna.pl<br><a href=\"https:\/\/www.walendow.faustyna.pl\/\">www.walendow.faustyna.pl<\/a><\/p>\n<\/div><\/div>\n\n\n\n<p><strong>WARSZAWA<\/strong><\/p>\n\n\n\n<div class=\"wp-block-media-text alignwide is-stacked-on-mobile\"><figure class=\"wp-block-media-text__media\"><img loading=\"lazy\" decoding=\"async\" width=\"1024\" height=\"768\" src=\"https:\/\/www.faustyna.pl\/zmbm\/wp-content\/uploads\/2021\/06\/Grochow-2007-003-1024x768.jpg\" alt=\"\" class=\"wp-image-21157 size-full\" srcset=\"https:\/\/www.faustyna.pl\/zmbm\/wp-content\/uploads\/2021\/06\/Grochow-2007-003-1024x768.jpg 1024w, https:\/\/www.faustyna.pl\/zmbm\/wp-content\/uploads\/2021\/06\/Grochow-2007-003-533x400.jpg 533w, https:\/\/www.faustyna.pl\/zmbm\/wp-content\/uploads\/2021\/06\/Grochow-2007-003-140x105.jpg 140w, https:\/\/www.faustyna.pl\/zmbm\/wp-content\/uploads\/2021\/06\/Grochow-2007-003-1536x1152.jpg 1536w, https:\/\/www.faustyna.pl\/zmbm\/wp-content\/uploads\/2021\/06\/Grochow-2007-003-2048x1536.jpg 2048w\" sizes=\"auto, (max-width: 1024px) 100vw, 1024px\" \/><\/figure><div class=\"wp-block-media-text__content\">\n<p>ul. Hetma\u0144ska 44<br>04-305 WARSZAWA<br>tel. 22 610 60 51<br>e-mail: dom_grochow@faustyna.pl<br><\/p>\n<\/div><\/div>\n\n\n\n<p><strong>WARSZAWA<\/strong><\/p>\n\n\n\n<div class=\"wp-block-media-text alignwide is-stacked-on-mobile\"><figure class=\"wp-block-media-text__media\"><img loading=\"lazy\" decoding=\"async\" width=\"1024\" height=\"610\" src=\"https:\/\/www.faustyna.pl\/zmbm\/wp-content\/uploads\/2021\/06\/Warszawa-zytnia-klasztor-zmbm.jpg\" alt=\"\" class=\"wp-image-21158 size-full\" srcset=\"https:\/\/www.faustyna.pl\/zmbm\/wp-content\/uploads\/2021\/06\/Warszawa-zytnia-klasztor-zmbm.jpg 1024w, https:\/\/www.faustyna.pl\/zmbm\/wp-content\/uploads\/2021\/06\/Warszawa-zytnia-klasztor-zmbm-560x334.jpg 560w, https:\/\/www.faustyna.pl\/zmbm\/wp-content\/uploads\/2021\/06\/Warszawa-zytnia-klasztor-zmbm-140x83.jpg 140w\" sizes=\"auto, (max-width: 1024px) 100vw, 1024px\" \/><\/figure><div class=\"wp-block-media-text__content\">\n<p>ul. \u017bytnia 3\/9<br>01-014 WARSZAWA<br>tel. 22 838 38 44<br>e-mail: zytnia@faustyna.pl<\/p>\n<\/div><\/div>\n\n\n\n<p><strong>WROC\u0141AW<\/strong><\/p>\n\n\n\n<div class=\"wp-block-media-text alignwide is-stacked-on-mobile\"><figure class=\"wp-block-media-text__media\"><img loading=\"lazy\" decoding=\"async\" width=\"1024\" height=\"610\" src=\"https:\/\/www.faustyna.pl\/zmbm\/wp-content\/uploads\/2021\/06\/Wroclaw-klasztor-zmbm.jpg\" alt=\"\" class=\"wp-image-21161 size-full\" srcset=\"https:\/\/www.faustyna.pl\/zmbm\/wp-content\/uploads\/2021\/06\/Wroclaw-klasztor-zmbm.jpg 1024w, https:\/\/www.faustyna.pl\/zmbm\/wp-content\/uploads\/2021\/06\/Wroclaw-klasztor-zmbm-560x334.jpg 560w, https:\/\/www.faustyna.pl\/zmbm\/wp-content\/uploads\/2021\/06\/Wroclaw-klasztor-zmbm-140x83.jpg 140w\" sizes=\"auto, (max-width: 1024px) 100vw, 1024px\" \/><\/figure><div class=\"wp-block-media-text__content\">\n<p>Pl. Grunwaldzki 3a<br>50-377 WROC\u0141AW<br>tel. 71 328 65 78; 328 11 24<br>e-mail: zmbm.wroclaw@faustyna.pl<\/p>\n<\/div><\/div>\n\n\n\n<p><strong>ZAKOPANE<\/strong><\/p>\n\n\n\n<div class=\"wp-block-media-text alignwide is-stacked-on-mobile\"><figure class=\"wp-block-media-text__media\"><img loading=\"lazy\" decoding=\"async\" width=\"1024\" height=\"609\" src=\"https:\/\/www.faustyna.pl\/zmbm\/wp-content\/uploads\/2021\/06\/zAKOPANE-KLASZTOR-ZMBM.jpg\" alt=\"\" class=\"wp-image-21159 size-full\" srcset=\"https:\/\/www.faustyna.pl\/zmbm\/wp-content\/uploads\/2021\/06\/zAKOPANE-KLASZTOR-ZMBM.jpg 1024w, https:\/\/www.faustyna.pl\/zmbm\/wp-content\/uploads\/2021\/06\/zAKOPANE-KLASZTOR-ZMBM-560x333.jpg 560w, https:\/\/www.faustyna.pl\/zmbm\/wp-content\/uploads\/2021\/06\/zAKOPANE-KLASZTOR-ZMBM-140x83.jpg 140w\" sizes=\"auto, (max-width: 1024px) 100vw, 1024px\" \/><\/figure><div class=\"wp-block-media-text__content\">\n<p>ul. Krzept\u00f3wki 172<br>34-505 ZAKOPANE<br>tel. 18 206 69 15; 797 907 286<br>e-mail: zakopane@faustyna.pl<br>e-mail: domrekol.zakopane@faustyna.pl<br><a href=\"https:\/\/www.zakopane.faustyna.pl\/\">www.zakopane.faustyna.pl<\/a><\/p>\n<\/div><\/div>\n\n\n\n<p>&nbsp;<\/p>\n\n\n\n<div class=\"wp-block-media-text alignwide is-stacked-on-mobile\"><figure class=\"wp-block-media-text__media\"><\/figure><div class=\"wp-block-media-text__content\">\n<p class=\"has-large-font-size\">&nbsp;<\/p>\n<\/div><\/div>\n","protected":false},"excerpt":{"rendered":"<p>BIA\u0141A ul. Henryka Sienkiewicza 1809-411 BIA\u0141A tel. Klasztor &#8211; 797-907-363Dom Samotnej Matki &#8211; 797-907-363e-mail: dombiala@faustyna.pl CHYLICZKI ul. Wschodnia 605-500 PIASECZNO-CHYLICZKItel. 22 756 88 76e-mail: dsmchyliczki@wp.pl CZ\u0118STOCHOWA ul. \u015aw. Barbary 9\/1142-200 CZ\u0118STOCHOWAtel. 34 368 10 29e-mail: dom_czestoch@faustyna.pl DERDY ul. \u0141\u0105czno\u015bci 15805-552 W\u00d3LKA KOSOWSKAtel. 22 757 77 40e-mail: milosierdzie-derdy@faustyna.pl E\u0141K ul. Ks. pra\u0142. Mariana Szcz\u0119snego 119-300 E\u0141Ktel. [&hellip;]<\/p>\n","protected":false},"author":1,"featured_media":0,"parent":0,"menu_order":0,"comment_status":"closed","ping_status":"closed","template":"","meta":{"footnotes":""},"categories":[60],"tags":[],"class_list":["post-2282","page","type-page","status-publish","hentry","category-klasztory"],"_links":{"self":[{"href":"https:\/\/www.faustyna.pl\/zmbm\/wp-json\/wp\/v2\/pages\/2282","targetHints":{"allow":["GET"]}}],"collection":[{"href":"https:\/\/www.faustyna.pl\/zmbm\/wp-json\/wp\/v2\/pages"}],"about":[{"href":"https:\/\/www.faustyna.pl\/zmbm\/wp-json\/wp\/v2\/types\/page"}],"author":[{"embeddable":true,"href":"https:\/\/www.faustyna.pl\/zmbm\/wp-json\/wp\/v2\/users\/1"}],"replies":[{"embeddable":true,"href":"https:\/\/www.faustyna.pl\/zmbm\/wp-json\/wp\/v2\/comments?post=2282"}],"version-history":[{"count":111,"href":"https:\/\/www.faustyna.pl\/zmbm\/wp-json\/wp\/v2\/pages\/2282\/revisions"}],"predecessor-version":[{"id":32343,"href":"https:\/\/www.faustyna.pl\/zmbm\/wp-json\/wp\/v2\/pages\/2282\/revisions\/32343"}],"wp:attachment":[{"href":"https:\/\/www.faustyna.pl\/zmbm\/wp-json\/wp\/v2\/media?parent=2282"}],"wp:term":[{"taxonomy":"category","embeddable":true,"href":"https:\/\/www.faustyna.pl\/zmbm\/wp-json\/wp\/v2\/categories?post=2282"},{"taxonomy":"post_tag","embeddable":true,"href":"https:\/\/www.faustyna.pl\/zmbm\/wp-json\/wp\/v2\/tags?post=2282"}],"curies":[{"name":"wp","href":"https:\/\/api.w.org\/{rel}","templated":true}]}}