



{"id":22893,"date":"2021-12-18T19:56:13","date_gmt":"2021-12-18T18:56:13","guid":{"rendered":"https:\/\/www.faustyna.pl\/zmbm\/?page_id=22893"},"modified":"2022-01-22T18:03:10","modified_gmt":"2022-01-22T17:03:10","slug":"zdjecia-i-obrazy-sw-siostry-faustyny-potwierdzenie","status":"publish","type":"page","link":"https:\/\/www.faustyna.pl\/zmbm\/zdjecia-i-obrazy-sw-siostry-faustyny-potwierdzenie\/","title":{"rendered":"Zdj\u0119cia i obrazy \u015bw.&nbsp;Siostry Faustyny &#8211; potwierdzenie"},"content":{"rendered":"<p><i>Niech w nas i przez nas s\u0142awi si\u0119 Mi\u0142osierdzie Bo\u017ce!<\/i><\/p>\n<p><span style=\"color: #800000;\"><b>Prosz\u0119 czeka\u0107 na link do pliku obrazu\/zdj\u0119cia, kt\u00f3ry b\u0119dzie przes\u0142any na podany adres e-mailowy.<\/b><\/span><\/p>\n<p><i>Siostry ze Zgromadzenia Matki Bo\u017cej Mi\u0142osierdzia<\/i><\/p>\n","protected":false},"excerpt":{"rendered":"<p>Niech w nas i przez nas s\u0142awi si\u0119 Mi\u0142osierdzie Bo\u017ce! Prosz\u0119 czeka\u0107 na link do pliku obrazu\/zdj\u0119cia, kt\u00f3ry b\u0119dzie przes\u0142any na podany adres e-mailowy. Siostry ze Zgromadzenia Matki Bo\u017cej Mi\u0142osierdzia<\/p>\n","protected":false},"author":1,"featured_media":0,"parent":0,"menu_order":0,"comment_status":"closed","ping_status":"closed","template":"","meta":{"footnotes":""},"categories":[130640],"tags":[],"class_list":["post-22893","page","type-page","status-publish","hentry","category-zdjecia-i-obrazy"],"_links":{"self":[{"href":"https:\/\/www.faustyna.pl\/zmbm\/wp-json\/wp\/v2\/pages\/22893","targetHints":{"allow":["GET"]}}],"collection":[{"href":"https:\/\/www.faustyna.pl\/zmbm\/wp-json\/wp\/v2\/pages"}],"about":[{"href":"https:\/\/www.faustyna.pl\/zmbm\/wp-json\/wp\/v2\/types\/page"}],"author":[{"embeddable":true,"href":"https:\/\/www.faustyna.pl\/zmbm\/wp-json\/wp\/v2\/users\/1"}],"replies":[{"embeddable":true,"href":"https:\/\/www.faustyna.pl\/zmbm\/wp-json\/wp\/v2\/comments?post=22893"}],"version-history":[{"count":7,"href":"https:\/\/www.faustyna.pl\/zmbm\/wp-json\/wp\/v2\/pages\/22893\/revisions"}],"predecessor-version":[{"id":23262,"href":"https:\/\/www.faustyna.pl\/zmbm\/wp-json\/wp\/v2\/pages\/22893\/revisions\/23262"}],"wp:attachment":[{"href":"https:\/\/www.faustyna.pl\/zmbm\/wp-json\/wp\/v2\/media?parent=22893"}],"wp:term":[{"taxonomy":"category","embeddable":true,"href":"https:\/\/www.faustyna.pl\/zmbm\/wp-json\/wp\/v2\/categories?post=22893"},{"taxonomy":"post_tag","embeddable":true,"href":"https:\/\/www.faustyna.pl\/zmbm\/wp-json\/wp\/v2\/tags?post=22893"}],"curies":[{"name":"wp","href":"https:\/\/api.w.org\/{rel}","templated":true}]}}