



{"id":23020,"date":"2021-12-25T19:56:30","date_gmt":"2021-12-25T18:56:30","guid":{"rendered":"https:\/\/www.faustyna.pl\/zmbm\/?page_id=23020"},"modified":"2021-12-26T19:27:07","modified_gmt":"2021-12-26T18:27:07","slug":"akceptacja-pobierania-obrazow-i-zdjec-sw-faustyny","status":"publish","type":"page","link":"https:\/\/www.faustyna.pl\/zmbm\/akceptacja-pobierania-obrazow-i-zdjec-sw-faustyny\/","title":{"rendered":"Akceptacja pobierania obraz\u00f3w i zdj\u0119\u0107 \u015aw. Faustyny"},"content":{"rendered":"","protected":false},"excerpt":{"rendered":"","protected":false},"author":1,"featured_media":0,"parent":0,"menu_order":0,"comment_status":"closed","ping_status":"closed","template":"page_form_faustina_pictures.php","meta":{"footnotes":""},"categories":[130640],"tags":[],"class_list":["post-23020","page","type-page","status-publish","hentry","category-zdjecia-i-obrazy"],"_links":{"self":[{"href":"https:\/\/www.faustyna.pl\/zmbm\/wp-json\/wp\/v2\/pages\/23020","targetHints":{"allow":["GET"]}}],"collection":[{"href":"https:\/\/www.faustyna.pl\/zmbm\/wp-json\/wp\/v2\/pages"}],"about":[{"href":"https:\/\/www.faustyna.pl\/zmbm\/wp-json\/wp\/v2\/types\/page"}],"author":[{"embeddable":true,"href":"https:\/\/www.faustyna.pl\/zmbm\/wp-json\/wp\/v2\/users\/1"}],"replies":[{"embeddable":true,"href":"https:\/\/www.faustyna.pl\/zmbm\/wp-json\/wp\/v2\/comments?post=23020"}],"version-history":[{"count":1,"href":"https:\/\/www.faustyna.pl\/zmbm\/wp-json\/wp\/v2\/pages\/23020\/revisions"}],"predecessor-version":[{"id":23021,"href":"https:\/\/www.faustyna.pl\/zmbm\/wp-json\/wp\/v2\/pages\/23020\/revisions\/23021"}],"wp:attachment":[{"href":"https:\/\/www.faustyna.pl\/zmbm\/wp-json\/wp\/v2\/media?parent=23020"}],"wp:term":[{"taxonomy":"category","embeddable":true,"href":"https:\/\/www.faustyna.pl\/zmbm\/wp-json\/wp\/v2\/categories?post=23020"},{"taxonomy":"post_tag","embeddable":true,"href":"https:\/\/www.faustyna.pl\/zmbm\/wp-json\/wp\/v2\/tags?post=23020"}],"curies":[{"name":"wp","href":"https:\/\/api.w.org\/{rel}","templated":true}]}}