



{"id":23022,"date":"2021-12-25T19:57:17","date_gmt":"2021-12-25T18:57:17","guid":{"rendered":"https:\/\/www.faustyna.pl\/zmbm\/?page_id=23022"},"modified":"2021-12-25T19:57:17","modified_gmt":"2021-12-25T18:57:17","slug":"pobieranie-zdjec-i-obrazow-sw-faustyny","status":"publish","type":"page","link":"https:\/\/www.faustyna.pl\/zmbm\/pobieranie-zdjec-i-obrazow-sw-faustyny\/","title":{"rendered":"Pobieranie zdj\u0119\u0107 i obraz\u00f3w \u015aw. Faustyny"},"content":{"rendered":"","protected":false},"excerpt":{"rendered":"","protected":false},"author":1,"featured_media":0,"parent":0,"menu_order":0,"comment_status":"closed","ping_status":"closed","template":"","meta":{"footnotes":""},"categories":[130640],"tags":[],"class_list":["post-23022","page","type-page","status-publish","hentry","category-zdjecia-i-obrazy"],"_links":{"self":[{"href":"https:\/\/www.faustyna.pl\/zmbm\/wp-json\/wp\/v2\/pages\/23022","targetHints":{"allow":["GET"]}}],"collection":[{"href":"https:\/\/www.faustyna.pl\/zmbm\/wp-json\/wp\/v2\/pages"}],"about":[{"href":"https:\/\/www.faustyna.pl\/zmbm\/wp-json\/wp\/v2\/types\/page"}],"author":[{"embeddable":true,"href":"https:\/\/www.faustyna.pl\/zmbm\/wp-json\/wp\/v2\/users\/1"}],"replies":[{"embeddable":true,"href":"https:\/\/www.faustyna.pl\/zmbm\/wp-json\/wp\/v2\/comments?post=23022"}],"version-history":[{"count":1,"href":"https:\/\/www.faustyna.pl\/zmbm\/wp-json\/wp\/v2\/pages\/23022\/revisions"}],"predecessor-version":[{"id":23023,"href":"https:\/\/www.faustyna.pl\/zmbm\/wp-json\/wp\/v2\/pages\/23022\/revisions\/23023"}],"wp:attachment":[{"href":"https:\/\/www.faustyna.pl\/zmbm\/wp-json\/wp\/v2\/media?parent=23022"}],"wp:term":[{"taxonomy":"category","embeddable":true,"href":"https:\/\/www.faustyna.pl\/zmbm\/wp-json\/wp\/v2\/categories?post=23022"},{"taxonomy":"post_tag","embeddable":true,"href":"https:\/\/www.faustyna.pl\/zmbm\/wp-json\/wp\/v2\/tags?post=23022"}],"curies":[{"name":"wp","href":"https:\/\/api.w.org\/{rel}","templated":true}]}}