



{"id":23444,"date":"2022-02-26T09:29:43","date_gmt":"2022-02-26T08:29:43","guid":{"rendered":"https:\/\/www.faustyna.pl\/zmbm\/?page_id=23444"},"modified":"2022-04-26T09:48:11","modified_gmt":"2022-04-26T07:48:11","slug":"postanowienie-nie-tylko-na-wielki-post-3","status":"publish","type":"page","link":"https:\/\/www.faustyna.pl\/zmbm\/postanowienie-nie-tylko-na-wielki-post-3\/","title":{"rendered":"Postanowienie nie tylko na Wielki Post"},"content":{"rendered":"<p><a href=\"https:\/\/www.faustyna.pl\/zmbm\/wp-content\/uploads\/2022\/02\/Kordulavahle-z-Pixabay.jpg\" data-gallery><img loading=\"lazy\" decoding=\"async\" class=\"size-medium wp-image-23445 alignnone\" src=\"https:\/\/www.faustyna.pl\/zmbm\/wp-content\/uploads\/2022\/02\/Kordulavahle-z-Pixabay-560x334.jpg\" alt=\"\" width=\"560\" height=\"334\" srcset=\"https:\/\/www.faustyna.pl\/zmbm\/wp-content\/uploads\/2022\/02\/Kordulavahle-z-Pixabay-560x334.jpg 560w, https:\/\/www.faustyna.pl\/zmbm\/wp-content\/uploads\/2022\/02\/Kordulavahle-z-Pixabay-140x83.jpg 140w, https:\/\/www.faustyna.pl\/zmbm\/wp-content\/uploads\/2022\/02\/Kordulavahle-z-Pixabay.jpg 1024w\" sizes=\"auto, (max-width: 560px) 100vw, 560px\" \/><\/a><\/p>\n<p style=\"text-align: justify\">Na okres Wielkiego Postu zwykle czynimy jakie\u015b postanowienia, a s\u0105 nimi najcz\u0119\u015bciej te uczynki, o kt\u00f3re prosi\u0142 Jezus: ja\u0142mu\u017cna, modlitwa i post, spe\u0142niane w ukryciu, z czystej intencji mi\u0142o\u015bci do Boga i ludzi, a nie dla poklasku czy uznania. \u015awi\u0119ta Siostra Faustyna te\u017c je praktykowa\u0142a. W \u017cyciu zakonnym mia\u0142a jednak jedno szczeg\u00f3lne postanowienie, kt\u00f3re wype\u0142nia\u0142a nie tylko w Wielkim Po\u015bcie, ale zawsze, mianowicie: \u0142\u0105czy\u0142a si\u0119 z Jezusem Mi\u0142osiernym, \u017cyj\u0105cym w jej\u00a0 duszy, przez jaki\u015b akt strzelisty. Gdy chcia\u0142a zmieni\u0107 to postanowienie, Jezus jej nie pozwoli\u0142, bo ta codzienna praktyka prowadzi do rozwoju g\u0142\u0119bokiej wi\u0119zi z Nim, do prze\u017cywania swojej codzienno\u015bci razem z Nim.<\/p>\n","protected":false},"excerpt":{"rendered":"<p>Na okres Wielkiego Postu zwykle czynimy jakie\u015b postanowienia, a s\u0105 nimi najcz\u0119\u015bciej te uczynki, o kt\u00f3re prosi\u0142 Jezus: ja\u0142mu\u017cna, modlitwa i post, spe\u0142niane w ukryciu, z czystej intencji mi\u0142o\u015bci do Boga i ludzi, a nie dla poklasku czy uznania. \u015awi\u0119ta Siostra Faustyna te\u017c je praktykowa\u0142a. W \u017cyciu zakonnym mia\u0142a jednak jedno szczeg\u00f3lne postanowienie, kt\u00f3re wype\u0142nia\u0142a [&hellip;]<\/p>\n","protected":false},"author":2,"featured_media":23445,"parent":0,"menu_order":-720,"comment_status":"closed","ping_status":"closed","template":"","meta":{"footnotes":""},"categories":[],"tags":[],"class_list":["post-23444","page","type-page","status-publish","has-post-thumbnail","hentry"],"_links":{"self":[{"href":"https:\/\/www.faustyna.pl\/zmbm\/wp-json\/wp\/v2\/pages\/23444","targetHints":{"allow":["GET"]}}],"collection":[{"href":"https:\/\/www.faustyna.pl\/zmbm\/wp-json\/wp\/v2\/pages"}],"about":[{"href":"https:\/\/www.faustyna.pl\/zmbm\/wp-json\/wp\/v2\/types\/page"}],"author":[{"embeddable":true,"href":"https:\/\/www.faustyna.pl\/zmbm\/wp-json\/wp\/v2\/users\/2"}],"replies":[{"embeddable":true,"href":"https:\/\/www.faustyna.pl\/zmbm\/wp-json\/wp\/v2\/comments?post=23444"}],"version-history":[{"count":1,"href":"https:\/\/www.faustyna.pl\/zmbm\/wp-json\/wp\/v2\/pages\/23444\/revisions"}],"predecessor-version":[{"id":23446,"href":"https:\/\/www.faustyna.pl\/zmbm\/wp-json\/wp\/v2\/pages\/23444\/revisions\/23446"}],"wp:featuredmedia":[{"embeddable":true,"href":"https:\/\/www.faustyna.pl\/zmbm\/wp-json\/wp\/v2\/media\/23445"}],"wp:attachment":[{"href":"https:\/\/www.faustyna.pl\/zmbm\/wp-json\/wp\/v2\/media?parent=23444"}],"wp:term":[{"taxonomy":"category","embeddable":true,"href":"https:\/\/www.faustyna.pl\/zmbm\/wp-json\/wp\/v2\/categories?post=23444"},{"taxonomy":"post_tag","embeddable":true,"href":"https:\/\/www.faustyna.pl\/zmbm\/wp-json\/wp\/v2\/tags?post=23444"}],"curies":[{"name":"wp","href":"https:\/\/api.w.org\/{rel}","templated":true}]}}