



{"id":24025,"date":"2022-05-28T10:23:55","date_gmt":"2022-05-28T08:23:55","guid":{"rendered":"https:\/\/www.faustyna.pl\/zmbm\/?page_id=24025"},"modified":"2024-01-15T09:24:23","modified_gmt":"2024-01-15T08:24:23","slug":"konajacy-czekaja-na-duchowe-wsparcie-2","status":"publish","type":"page","link":"https:\/\/www.faustyna.pl\/zmbm\/konajacy-czekaja-na-duchowe-wsparcie-2\/","title":{"rendered":"Konaj\u0105cy czekaj\u0105 na duchowe wsparcie"},"content":{"rendered":"<p><a href=\"https:\/\/www.faustyna.pl\/zmbm\/wp-content\/uploads\/2023\/01\/27-a-enriquelopezgarre-z-Pixabay.jpg\" data-gallery><img loading=\"lazy\" decoding=\"async\" class=\"size-medium wp-image-25429 alignnone\" src=\"https:\/\/www.faustyna.pl\/zmbm\/wp-content\/uploads\/2023\/01\/27-a-enriquelopezgarre-z-Pixabay-560x333.jpg\" alt=\"\" width=\"560\" height=\"333\" srcset=\"https:\/\/www.faustyna.pl\/zmbm\/wp-content\/uploads\/2023\/01\/27-a-enriquelopezgarre-z-Pixabay-560x333.jpg 560w, https:\/\/www.faustyna.pl\/zmbm\/wp-content\/uploads\/2023\/01\/27-a-enriquelopezgarre-z-Pixabay-140x83.jpg 140w, https:\/\/www.faustyna.pl\/zmbm\/wp-content\/uploads\/2023\/01\/27-a-enriquelopezgarre-z-Pixabay.jpg 1024w\" sizes=\"auto, (max-width: 560px) 100vw, 560px\" \/><\/a><\/p>\n<p style=\"text-align: justify\">Ka\u017cdego dnia w dziele \u201eKoronka za konaj\u0105cych\u201d wspieramy modlitw\u0105 \u015brednio 125 os\u00f3b umieraj\u0105cych, kt\u00f3rych imiona zosta\u0142y przes\u0142ane sms-em na numer 505 060 205 lub drog\u0105 e-mailow\u0105. Konaj\u0105cych wspieraj\u0105 duchowo w tym dziele nie tylko osoby z Polski, ale tak\u017ce USA, Anglii, Niemiec, Irlandii, Szwecji, Brazylii, Ukrainy, Czech, Portugalii i innych kraj\u00f3w, kt\u00f3re zadeklarowa\u0142y ch\u0119\u0107 czuwania w wybranym dniu i strefie czasowej oraz odm\u00f3wienie Koronki do Mi\u0142osierdzia Bo\u017cego w intencji tej osoby, kt\u00f3rej imi\u0119 otrzymali przez sms lub drog\u0105 e-mailow\u0105. Ci\u0105gle potrzeba os\u00f3b, kt\u00f3re podejm\u0105 t\u0119 pos\u0142ug\u0119 mi\u0142osierdzia, by pomoc szybko dotar\u0142a do tych, kt\u00f3rzy s\u0105 najs\u0142absi, a podejmuj\u0105 najwa\u017cniejsz\u0105 decyzj\u0119 i tocz\u0105 najtrudniejsz\u0105 walk\u0119 w swym \u017cyciu. <a href=\"http:\/\/Koronka za konaj\u0105cych | Mi\u0142osierdzie - \u015bw. Faustyna - Dzienniczek - Koronka - obraz Jezu, ufam Tobie - Sanktuarium - online\">Informacje o tym dziele i zapisy n<\/a>a stronie: <a href=\"http:\/\/www.faustyna.pl\">www.faustyna.pl<\/a>. Dzie\u0142o prowadzone jest przez Zgromadzenie Si\u00f3str Matki Bo\u017cej Mi\u0142osierdzia w Sanktuarium Bo\u017cego Mi\u0142osierdzia w Krakowie-\u0141agiewnikach.<\/p>\n","protected":false},"excerpt":{"rendered":"<p>Ka\u017cdego dnia w dziele \u201eKoronka za konaj\u0105cych\u201d wspieramy modlitw\u0105 \u015brednio 125 os\u00f3b umieraj\u0105cych, kt\u00f3rych imiona zosta\u0142y przes\u0142ane sms-em na numer 505 060 205 lub drog\u0105 e-mailow\u0105. Konaj\u0105cych wspieraj\u0105 duchowo w tym dziele nie tylko osoby z Polski, ale tak\u017ce USA, Anglii, Niemiec, Irlandii, Szwecji, Brazylii, Ukrainy, Czech, Portugalii i innych kraj\u00f3w, kt\u00f3re zadeklarowa\u0142y ch\u0119\u0107 czuwania [&hellip;]<\/p>\n","protected":false},"author":2,"featured_media":25429,"parent":0,"menu_order":-1204,"comment_status":"closed","ping_status":"closed","template":"","meta":{"footnotes":""},"categories":[4],"tags":[],"class_list":["post-24025","page","type-page","status-publish","has-post-thumbnail","hentry","category-aktualnosci"],"_links":{"self":[{"href":"https:\/\/www.faustyna.pl\/zmbm\/wp-json\/wp\/v2\/pages\/24025","targetHints":{"allow":["GET"]}}],"collection":[{"href":"https:\/\/www.faustyna.pl\/zmbm\/wp-json\/wp\/v2\/pages"}],"about":[{"href":"https:\/\/www.faustyna.pl\/zmbm\/wp-json\/wp\/v2\/types\/page"}],"author":[{"embeddable":true,"href":"https:\/\/www.faustyna.pl\/zmbm\/wp-json\/wp\/v2\/users\/2"}],"replies":[{"embeddable":true,"href":"https:\/\/www.faustyna.pl\/zmbm\/wp-json\/wp\/v2\/comments?post=24025"}],"version-history":[{"count":3,"href":"https:\/\/www.faustyna.pl\/zmbm\/wp-json\/wp\/v2\/pages\/24025\/revisions"}],"predecessor-version":[{"id":26552,"href":"https:\/\/www.faustyna.pl\/zmbm\/wp-json\/wp\/v2\/pages\/24025\/revisions\/26552"}],"wp:featuredmedia":[{"embeddable":true,"href":"https:\/\/www.faustyna.pl\/zmbm\/wp-json\/wp\/v2\/media\/25429"}],"wp:attachment":[{"href":"https:\/\/www.faustyna.pl\/zmbm\/wp-json\/wp\/v2\/media?parent=24025"}],"wp:term":[{"taxonomy":"category","embeddable":true,"href":"https:\/\/www.faustyna.pl\/zmbm\/wp-json\/wp\/v2\/categories?post=24025"},{"taxonomy":"post_tag","embeddable":true,"href":"https:\/\/www.faustyna.pl\/zmbm\/wp-json\/wp\/v2\/tags?post=24025"}],"curies":[{"name":"wp","href":"https:\/\/api.w.org\/{rel}","templated":true}]}}