



{"id":2415,"date":"2014-12-27T00:58:45","date_gmt":"2014-12-26T23:58:45","guid":{"rendered":"http:\/\/www.faustyna.pl\/zmbm\/?page_id=2415"},"modified":"2021-07-10T11:51:09","modified_gmt":"2021-07-10T09:51:09","slug":"dzielo-powolan-2","status":"publish","type":"page","link":"https:\/\/www.faustyna.pl\/zmbm\/dzielo-powolan-2\/","title":{"rendered":"Dzie\u0142o powo\u0142a\u0144"},"content":{"rendered":"<p style=\"text-align: justify\">Wszyscy jeste\u015bmy powo\u0142ani do zjednoczenia z Bogiem i zmierzamy do Niego wieloma drogami. W Zgromadzeniu Si\u00f3str Matki Bo\u017cej Mi\u0142osierdzia ta droga wiedzie przez poznawanie Boga w tajemnicy mi\u0142osierdzia i g\u0142oszenie jej \u015bwiatu \u017cyciem w duchu ufno\u015bci wobec Boga i mi\u0142osierdzia wobec bli\u017anich, poprzez czyny, s\u0142owa i modlitw\u0119.<\/p>\n","protected":false},"excerpt":{"rendered":"<p>Wszyscy jeste\u015bmy powo\u0142ani do zjednoczenia z Bogiem i zmierzamy do Niego wieloma drogami. W Zgromadzeniu Si\u00f3str Matki Bo\u017cej Mi\u0142osierdzia ta droga wiedzie przez poznawanie Boga w tajemnicy mi\u0142osierdzia i g\u0142oszenie jej \u015bwiatu \u017cyciem w duchu ufno\u015bci wobec Boga i mi\u0142osierdzia wobec bli\u017anich, poprzez czyny, s\u0142owa i modlitw\u0119.<\/p>\n","protected":false},"author":1,"featured_media":21528,"parent":0,"menu_order":0,"comment_status":"closed","ping_status":"closed","template":"page_section_menu.php","meta":{"footnotes":""},"categories":[62],"tags":[],"class_list":["post-2415","page","type-page","status-publish","has-post-thumbnail","hentry","category-dzielo-powolan"],"_links":{"self":[{"href":"https:\/\/www.faustyna.pl\/zmbm\/wp-json\/wp\/v2\/pages\/2415","targetHints":{"allow":["GET"]}}],"collection":[{"href":"https:\/\/www.faustyna.pl\/zmbm\/wp-json\/wp\/v2\/pages"}],"about":[{"href":"https:\/\/www.faustyna.pl\/zmbm\/wp-json\/wp\/v2\/types\/page"}],"author":[{"embeddable":true,"href":"https:\/\/www.faustyna.pl\/zmbm\/wp-json\/wp\/v2\/users\/1"}],"replies":[{"embeddable":true,"href":"https:\/\/www.faustyna.pl\/zmbm\/wp-json\/wp\/v2\/comments?post=2415"}],"version-history":[{"count":3,"href":"https:\/\/www.faustyna.pl\/zmbm\/wp-json\/wp\/v2\/pages\/2415\/revisions"}],"predecessor-version":[{"id":21527,"href":"https:\/\/www.faustyna.pl\/zmbm\/wp-json\/wp\/v2\/pages\/2415\/revisions\/21527"}],"wp:featuredmedia":[{"embeddable":true,"href":"https:\/\/www.faustyna.pl\/zmbm\/wp-json\/wp\/v2\/media\/21528"}],"wp:attachment":[{"href":"https:\/\/www.faustyna.pl\/zmbm\/wp-json\/wp\/v2\/media?parent=2415"}],"wp:term":[{"taxonomy":"category","embeddable":true,"href":"https:\/\/www.faustyna.pl\/zmbm\/wp-json\/wp\/v2\/categories?post=2415"},{"taxonomy":"post_tag","embeddable":true,"href":"https:\/\/www.faustyna.pl\/zmbm\/wp-json\/wp\/v2\/tags?post=2415"}],"curies":[{"name":"wp","href":"https:\/\/api.w.org\/{rel}","templated":true}]}}