



{"id":2418,"date":"2014-12-27T01:03:47","date_gmt":"2014-12-27T01:03:47","guid":{"rendered":"http:\/\/www.faustyna.pl\/zmbm\/?page_id=2418"},"modified":"2023-03-08T16:34:17","modified_gmt":"2023-03-08T15:34:17","slug":"rozeznawanie","status":"publish","type":"page","link":"https:\/\/www.faustyna.pl\/zmbm\/rozeznawanie\/","title":{"rendered":"Rozeznawanie"},"content":{"rendered":"<p align=\"justify\"><a href=\"https:\/\/www.faustyna.pl\/zmbm\/wp-content\/uploads\/2014\/12\/Rozeznawanie-powolania.jpg\" data-gallery><img loading=\"lazy\" decoding=\"async\" class=\"size-medium wp-image-10900 alignnone\" src=\"https:\/\/www.faustyna.pl\/zmbm\/wp-content\/uploads\/2014\/12\/Rozeznawanie-powolania-560x333.jpg\" alt=\"\" width=\"560\" height=\"333\" srcset=\"https:\/\/www.faustyna.pl\/zmbm\/wp-content\/uploads\/2014\/12\/Rozeznawanie-powolania-560x333.jpg 560w, https:\/\/www.faustyna.pl\/zmbm\/wp-content\/uploads\/2014\/12\/Rozeznawanie-powolania-140x83.jpg 140w, https:\/\/www.faustyna.pl\/zmbm\/wp-content\/uploads\/2014\/12\/Rozeznawanie-powolania.jpg 1024w\" sizes=\"auto, (max-width: 560px) 100vw, 560px\" \/><\/a><\/p>\n<p align=\"justify\">Ka\u017cde powo\u0142anie ma charakter osobowy. Jak m\u00f3wi samo s\u0142owo \u2013 chodzi o relacje pomi\u0119dzy Tym, kt\u00f3ry wo\u0142a, i tym, do kt\u00f3rego skierowane jest wezwanie. Tym, kt\u00f3ry wo\u0142a\u00a0 jest\u00a0 sam B\u00f3g, a adresatem Jego wezwania jest konkretny cz\u0142owiek, kt\u00f3ry w spos\u00f3b wolny mo\u017ce odpowiedzie\u0107 na wezwanie Boga, przyjmuj\u0105c dar powo\u0142ania lub go odrzucaj\u0105c. Powo\u0142anie jest wi\u0119c osobow\u0105 relacj\u0105 pomi\u0119dzy Bogiem i cz\u0142owiekiem.<\/p>\n<p style=\"text-align: justify\">U podstaw rozeznawania Bo\u017cego powo\u0142ania le\u017cy uznanie podstawowej prawdy o mi\u0142o\u015bci mi\u0142osiernej Boga wobec cz\u0142owieka, stworzonego na Jego obraz i podobie\u0144stwo. B\u00f3g nie tylko z mi\u0142o\u015bci stworzy\u0142 cz\u0142owieka (daj\u0105c ka\u017cdemu dusz\u0119 nie\u015bmierteln\u0105), ale tak\u017ce \u2013 jak dobry Ojciec \u2013 wybra\u0142 dla niego najlepsz\u0105 drog\u0119 do osi\u0105gni\u0119cia szcz\u0119\u015bcia i celu \u017cycia, jakim jest zjednoczenie z Nim w mi\u0142o\u015bci. Jedn\u0105 z tych dr\u00f3g jest \u017cycie zakonne dla tych, kt\u00f3rzy s\u0105 na ni\u0105 wezwani.<\/p>\n<p style=\"text-align: justify\">G\u0142os powo\u0142ania\u00a0 rozpoznajemy\u00a0 najpierw\u00a0 w sanktuarium\u00a0 swej duszy, gdzie w cichych natchnieniach przemawia B\u00f3g. Na modlitwie, pytaj\u0105c o Jego wol\u0119 co do zasadniczego kierunku \u017cycia, oczekujemy na Jego odpowied\u017a. Badamy r\u00f3wnie\u017c swoje pragnienia, fascynacje i uzdolnienia, bo one te\u017c w jaki\u015b spos\u00f3b wskazuj\u0105 na nasze powo\u0142anie, gdy\u017c stanowi\u0105 pewne uposa\u017cenie, kt\u00f3re uzdalnia do kroczenia drog\u0105 konkretnego powo\u0142ania.<\/p>\n<p style=\"text-align: justify\">W procesie rozeznawania powo\u0142ania powinni\u015bmy korzysta\u0107 z do\u015bwiadczenia i wiedzy zaufanych os\u00f3b (kap\u0142an\u00f3w, rodzic\u00f3w, os\u00f3b konsekrowanych\u2026), a tak\u017ce umiej\u0119tnie czyta\u0107 \u201eznaki czasu\u201d, kt\u00f3re pojawiaj\u0105 si\u0119 w naszej rzeczywisto\u015bci, a na kt\u00f3re nie mamy wp\u0142ywu, np. powa\u017cna choroba jest znakiem, \u017ce nie mamy powo\u0142ania do danego zgromadzenia, gdy\u017c nie jeste\u015bmy w stanie wype\u0142ni\u0107 obowi\u0105zk\u00f3w, jakie zwi\u0105zane s\u0105 z tym powo\u0142aniem.<\/p>\n<p style=\"text-align: justify\">Autentyczno\u015b\u0107 powo\u0142ania ostatecznie potwierdza Ko\u015bci\u00f3\u0142 poprzez prze\u0142o\u017conych, wychowawc\u00f3w i wsp\u00f3lnoty zakonne. W tym rozeznawaniu bierze si\u0119 pod uwag\u0119: motywacj\u0119, pe\u0142n\u0105 wolno\u015b\u0107 (wewn\u0119trzn\u0105 i zewn\u0119trzn\u0105), dojrza\u0142o\u015b\u0107 i odpowiednie zdolno\u015bci w\u0142a\u015bciwe dla \u017cycia konsekrowanego i charyzmatu zgromadzenia.<\/p>\n<p style=\"text-align: justify\">Odkrycie \u017cyciowego powo\u0142ania, to zarazem odkrycie charyzmatu, kt\u00f3ry wyznacza zadania apostolskie i koloryt duchowo\u015bci.<\/p>\n<p><!--more--><\/p>\n<p style=\"padding-left: 30px\" align=\"justify\"><b><br \/>\n<span style=\"color: #800000\">Rozeznawanie powo\u0142ania<\/span><\/b><\/p>\n<p style=\"text-align: justify\">M\u0142odzi cz\u0119sto\u00a0 rozpoczynaj\u0105\u00a0 rozeznanie powo\u0142ania od zbierania mo\u017cliwie du\u017co, szczeg\u00f3\u0142owych informacji o zgromadzeniach zakonnych. Dopytuj\u0105 o dok\u0142adny plan dnia, kr\u00f3j habitu, panuj\u0105ce zwyczaje i tzw. \u201ezakazy i nakazy\u201d. W miar\u0119 gromadzenia wiedzy staraj\u0105 si\u0119 wpasowywa\u0107 w okre\u015blone formy jak w nowe ubrania i snuj\u0105 plany o mo\u017cliwo\u015bci takiego \u017cycia, co chwilami zdaje si\u0119 dla nich graniczy\u0107 z cudem. Tymczasem wyb\u00f3r okre\u015blonej formy \u017cycia zakonnego nie ma nic wsp\u00f3lnego z \u201eprzebieralni\u0105\u201d. O ile posiadanie informacji o danym zgromadzeniu jest wskazane, a nawet konieczne, to jednak nie ten element w rozeznaniu powo\u0142ania stanowi etap wyj\u015bciowy.<\/p>\n<p style=\"padding-left: 30px\"><span style=\"color: #800000\"><b>Ku wn\u0119trzu<\/b><\/span><\/p>\n<p style=\"text-align: justify\"><a href=\"https:\/\/www.faustyna.pl\/zmbm\/wp-content\/uploads\/2014\/12\/Przy-studni.jpg\" data-gallery><img loading=\"lazy\" decoding=\"async\" class=\"size-medium wp-image-10901 alignnone\" src=\"https:\/\/www.faustyna.pl\/zmbm\/wp-content\/uploads\/2014\/12\/Przy-studni-560x330.jpg\" alt=\"\" width=\"560\" height=\"330\" srcset=\"https:\/\/www.faustyna.pl\/zmbm\/wp-content\/uploads\/2014\/12\/Przy-studni-560x330.jpg 560w, https:\/\/www.faustyna.pl\/zmbm\/wp-content\/uploads\/2014\/12\/Przy-studni-140x82.jpg 140w, https:\/\/www.faustyna.pl\/zmbm\/wp-content\/uploads\/2014\/12\/Przy-studni.jpg 1024w\" sizes=\"auto, (max-width: 560px) 100vw, 560px\" \/><\/a><\/p>\n<p style=\"text-align: justify\">Rozeznanie powo\u0142ania\u00a0 wiedzie w kierunku wn\u0119trza, do spotkania z Bogiem na g\u0142\u0119binach w\u0142asnego \u017cycia. Co to oznacza w rzeczywisto\u015bci? Ot\u00f3\u017c, ka\u017cdy z nas ma swoj\u0105 histori\u0119 \u017cycia, ka\u017cdy nasz dzie\u0144 chwila po chwili jest kart\u0105, na kt\u00f3rej bezustannie dzia\u0142a\u0142 B\u00f3g. Tym samym w\u0142a\u015bnie przesz\u0142o\u015b\u0107 dla rozeznaj\u0105cego, cho\u0107 jest ju\u017c drog\u0105 przebyt\u0105, stanowi \u017ar\u00f3d\u0142o odczytywania Bo\u017cego wezwania. St\u0105d pierwszy etap rozeznania brzmi cicho, ale stanowczo: zatrzymaj si\u0119. Usi\u0105d\u017a z Bogiem przy studniach swojego \u017cycia i jak Samarytanka przyjmij zaproszenie do dialogu, o Nim i o tobie. Tu trzeba si\u0119 liczy\u0107 z faktem, \u017ce studnia jest g\u0142\u0119boka, a czerpak jest w naszym r\u0119ku.<\/p>\n<p style=\"text-align: justify\">Ten pierwszy etap na poz\u00f3r prosty wzbudza pewien op\u00f3r, wprowadza\u0107 mo\u017ce stan\u00a0 dezorientacji,\u00a0 a czasem poczucia\u00a0 bezsensu: dlaczego grzeba\u0107 w tym, co ju\u017c min\u0119\u0142o? Tymczasem tajemnica serca kryje w sobie odpowied\u017a o dalsz\u0105 drog\u0119. Wyb\u00f3r kierunku \u201edo wewn\u0105trz\u201d pozwala zmierzy\u0107 si\u0119 z prawd\u0105 o nas samych, o naszych pragnieniach i oczekiwaniach, o nieu\u015bwiadomionych motywacjach. Zatrzymanie i cisza sprawiaj\u0105, \u017ce do g\u0142osu dochodzi to, co w nas jest kruche, s\u0142abe, bolesne, ale te\u017c i pi\u0119kne w swej wra\u017cliwo\u015bci. Je\u015bli otworzymy drzwi na to pierwsze spotkanie z Bogiem przy \u201estudni\u201d, mo\u017cemy stan\u0105\u0107 w pe\u0142nym zdziwieniu wobec bogactwa, jakie w sobie kryjemy. Przestrze\u0144 rozeznawania zaczyna si\u0119 tu poszerza\u0107, dokonuje si\u0119 ono ju\u017c nie tylko w oparciu o mocne, widoczne strony naszej osobowo\u015bci, ale zaczyna obejmowa\u0107 wszystkie jej aspekty, zar\u00f3wno sfer\u0119 duchow\u0105, jak i psychologiczn\u0105. Takie rozeznanie zmierza w tym kierunku, by ca\u0142y cz\u0142owiek, ze swym b\u00f3lem i rado\u015bci\u0105, pora\u017ck\u0105 i zwyci\u0119stwem stan\u0105\u0142 przed Bogiem i otworzy\u0142 si\u0119 na Jego dar.<\/p>\n<p style=\"padding-left: 30px\"><span style=\"color: #800000\"><b>Dar, kt\u00f3ry ju\u017c mam<\/b><\/span><\/p>\n<p style=\"text-align: justify\">Zwa\u017cywszy na\u00a0 g\u0142\u0119boko\u015b\u0107\u00a0 studni,\u00a0 jak\u0105\u00a0 jest nasze \u017cycie, i krucho\u015b\u0107 czerpaka, rozeznawanie domaga si\u0119 czasu i cierpliwo\u015bci, pewnego subtelnego wyciszenia, by zobaczy\u0107 per\u0142y, te osobiste znamiona, czyni\u0105ce nas lud\u017ami niepowtarzalnymi o szczeg\u00f3lnym wychyleniu ku Bogu, ku Jego przymiotom, kt\u00f3re w przedziwny spos\u00f3b nas poci\u0105gaj\u0105. I tu chc\u0119 kr\u00f3tko wspomnie\u0107 o charyzmacie wsp\u00f3lnot zakonnych. Najcz\u0119\u015bciej charyzmat wsp\u00f3lnot zakonnych okre\u015blamy po dzie\u0142ach, jakie dane wsp\u00f3lnoty prowadz\u0105 i jest to po cz\u0119\u015bci zrozumia\u0142e. Jednak charyzmat jest czym\u015b znacznie g\u0142\u0119bszym. Wyp\u0142ywa on z serca cz\u0142onk\u00f3w konkretnej wsp\u00f3lnoty, kt\u00f3rzy do\u015bwiadczywszy szczeg\u00f3lnie mocno danej prawdy o Bogu, t\u0105 prawd\u0105 pragn\u0105 \u017cy\u0107 i dzieli\u0107 si\u0119 ni\u0105 ze \u015bwiatem, na\u015bladowa\u0107 Chrystusa w jakim\u015b szczeg\u00f3lnym aspekcie Jego \u017cycia i misji. St\u0105d to spojrzenie w g\u0142\u0105b w\u0142asnego serca ma niejako powiedzie\u0107, co B\u00f3g m\u00f3wi o sobie i o mnie w mojej historii \u017cycia. Co mnie szczeg\u00f3lnie zachwyca\u00a0 w Bogu i co jest\u00a0 t\u0105 Dobr\u0105 Nowin\u0105, kt\u00f3r\u0105 nieustannie nios\u0119 w sobie? Co przenika\u0142o i przenika z chwili na chwil\u0119 moje istnienie i w niepodwa\u017calny spos\u00f3b przebija si\u0119 nawet przez \u0142zy nape\u0142niaj\u0105c tak wielkim szcz\u0119\u015bciem, \u017ce nie spos\u00f3b zatrzyma\u0107 go tylko dla siebie? W takim uk\u0142adzie wyb\u00f3r drogi \u017cycia nie b\u0119dzie ju\u017c \u201edopasowywaniem si\u0119\u201d do zewn\u0119trznych \u201enakaz\u00f3w i zakaz\u00f3w\u201d, ale ochocz\u0105 odpowiedzi\u0105, zawieraj\u0105c\u0105 w sobie r\u00f3wnie\u017c otwarto\u015b\u0107 na ryzyko i mo\u017cliwo\u015b\u0107 trudu.<\/p>\n<p style=\"padding-left: 30px\"><span style=\"color: #800000\"><b>Nie w pojedynk\u0119<\/b><\/span><\/p>\n<p style=\"text-align: justify\">Dialog z Bogiem przy\u00a0 studni prowadzi\u0142\u00a0 Samarytank\u0119 do konfrontacji ze swoim \u017cyciem. Przysz\u0142a po wod\u0119 niejako incognito, a w stron\u0119 Samarii bieg\u0142a ju\u017c jako kobieta w pe\u0142ni \u015bwiadoma, kim jest: \u201ePowiedzia\u0142 mi wszystko, co uczyni\u0142am\u201d. Poznanie prawdy, cho\u0107 nie by\u0142o dla niej \u0142atwe, nape\u0142ni\u0142o j\u0105 spokojem, wr\u0119cz rado\u015bci\u0105. Czy wcze\u015bniej nie zna\u0142a tej prawdy o sobie? Prawdopodobnie zna\u0142a, mo\u017ce omawia\u0142a j\u0105 w wewn\u0119trznych dialogach z sama sob\u0105, na \u015bwiat\u0142o dzienne nie umia\u0142a jej jednak wyprowadzi\u0107. Jakby czeka\u0142a na uszy, kt\u00f3re zechc\u0105 j\u0105 wys\u0142ucha\u0107, i na oczy, kt\u00f3re j\u0105 przyjm\u0105, je\u015bli ju\u017c te prawd\u0119 wypowie. I Pan przyj\u0105\u0142 j\u0105.<\/p>\n<p style=\"text-align: justify\">Rozeznawanie powo\u0142ania\u00a0 nieodwo\u0142alnie wiedzie\u00a0 do pe\u0142nej konfrontacji z prawd\u0105. St\u0105d podejmuj\u0105c t\u0119 drog\u0119 zaleca si\u0119, aby poprosi\u0107 o towarzyszenie osob\u0119, kt\u00f3ra zna drogi \u017cycia duchowego. Chodzi tu o kierownictwo duchowe. Wtedy rozeznaj\u0105cy\u00a0 nie nara\u017ca\u00a0 si\u0119 na pewien\u00a0 subiektywizm i mo\u017ce z wi\u0119ksz\u0105 odwag\u0105 otwiera\u0107 si\u0119 na trudne tematy \u017cyciowe. Trzeba nieustannie mie\u0107 na uwadze to, \u017ce studnia jest g\u0142\u0119boka, wi\u0119c stany zniech\u0119cenia b\u0119d\u0105 przychodzi\u0142y i to nie jeden raz; zreszt\u0105 istnieje te\u017c pewna tajemnica, co w\u0142a\u015bciwie si\u0119 w studni znajduje.<\/p>\n<p style=\"padding-left: 30px\"><span style=\"color: #800000\"><b>Tu i teraz<\/b><\/span><\/p>\n<p style=\"text-align: justify\">Rozeznawanie\u00a0 powo\u0142ania\u00a0 dokonuje si\u0119\u00a0 w przestrzeni zwyczajnej codzienno\u015bci. Obowi\u0105zki, jakie niesie \u017cycie, staj\u0105 si\u0119 jednocze\u015bnie sprawdzianem dokonywanych wybor\u00f3w. Szko\u0142a, studia, praca nieustannie poch\u0142aniaj\u0105 wi\u0119kszo\u015b\u0107 energii. Ale w tym wszystkim \u017cycie duchowe domaga si\u0119 chwil wyciszenia, bycia z Bogiem sam na sam, i trzeba to uszanowa\u0107, bo taka jest w\u0142a\u015bnie droga mi\u0142o\u015bci.<\/p>\n<p><a href=\"https:\/\/www.faustyna.pl\/zmbm\/dzielo-powolan-2\/\">Dzie\u0142o powo\u0142a\u0144\/Powo\u0142anie<\/a><\/p>\n","protected":false},"excerpt":{"rendered":"<p>Ka\u017cde powo\u0142anie ma charakter osobowy. Jak m\u00f3wi samo s\u0142owo \u2013 chodzi o relacje pomi\u0119dzy Tym, kt\u00f3ry wo\u0142a, i tym, do kt\u00f3rego skierowane jest wezwanie. Tym, kt\u00f3ry wo\u0142a\u00a0 jest\u00a0 sam B\u00f3g, a adresatem Jego wezwania jest konkretny cz\u0142owiek, kt\u00f3ry w spos\u00f3b wolny mo\u017ce odpowiedzie\u0107 na wezwanie Boga, przyjmuj\u0105c dar powo\u0142ania lub go odrzucaj\u0105c. Powo\u0142anie jest wi\u0119c [&hellip;]<\/p>\n","protected":false},"author":1,"featured_media":0,"parent":0,"menu_order":0,"comment_status":"closed","ping_status":"closed","template":"","meta":{"footnotes":""},"categories":[63],"tags":[],"class_list":["post-2418","page","type-page","status-publish","hentry","category-powolanie"],"_links":{"self":[{"href":"https:\/\/www.faustyna.pl\/zmbm\/wp-json\/wp\/v2\/pages\/2418","targetHints":{"allow":["GET"]}}],"collection":[{"href":"https:\/\/www.faustyna.pl\/zmbm\/wp-json\/wp\/v2\/pages"}],"about":[{"href":"https:\/\/www.faustyna.pl\/zmbm\/wp-json\/wp\/v2\/types\/page"}],"author":[{"embeddable":true,"href":"https:\/\/www.faustyna.pl\/zmbm\/wp-json\/wp\/v2\/users\/1"}],"replies":[{"embeddable":true,"href":"https:\/\/www.faustyna.pl\/zmbm\/wp-json\/wp\/v2\/comments?post=2418"}],"version-history":[{"count":3,"href":"https:\/\/www.faustyna.pl\/zmbm\/wp-json\/wp\/v2\/pages\/2418\/revisions"}],"predecessor-version":[{"id":25958,"href":"https:\/\/www.faustyna.pl\/zmbm\/wp-json\/wp\/v2\/pages\/2418\/revisions\/25958"}],"wp:attachment":[{"href":"https:\/\/www.faustyna.pl\/zmbm\/wp-json\/wp\/v2\/media?parent=2418"}],"wp:term":[{"taxonomy":"category","embeddable":true,"href":"https:\/\/www.faustyna.pl\/zmbm\/wp-json\/wp\/v2\/categories?post=2418"},{"taxonomy":"post_tag","embeddable":true,"href":"https:\/\/www.faustyna.pl\/zmbm\/wp-json\/wp\/v2\/tags?post=2418"}],"curies":[{"name":"wp","href":"https:\/\/api.w.org\/{rel}","templated":true}]}}