



{"id":2426,"date":"2014-12-27T01:07:58","date_gmt":"2014-12-27T01:07:58","guid":{"rendered":"http:\/\/www.faustyna.pl\/zmbm\/?page_id=2426"},"modified":"2026-04-07T12:24:17","modified_gmt":"2026-04-07T10:24:17","slug":"program-i-zgloszenie-rekolecje","status":"publish","type":"page","link":"https:\/\/www.faustyna.pl\/zmbm\/program-i-zgloszenie-rekolecje\/","title":{"rendered":"Program i zg\u0142oszenie"},"content":{"rendered":"<p><a href=\"https:\/\/www.faustyna.pl\/zmbm\/wp-content\/uploads\/2025\/11\/woman-2667455_1280.jpg\" data-gallery><img loading=\"lazy\" decoding=\"async\" class=\"size-medium wp-image-31309 alignnone\" src=\"https:\/\/www.faustyna.pl\/zmbm\/wp-content\/uploads\/2025\/11\/woman-2667455_1280-560x333.jpg\" alt=\"\" width=\"560\" height=\"333\" srcset=\"https:\/\/www.faustyna.pl\/zmbm\/wp-content\/uploads\/2025\/11\/woman-2667455_1280-560x333.jpg 560w, https:\/\/www.faustyna.pl\/zmbm\/wp-content\/uploads\/2025\/11\/woman-2667455_1280-140x83.jpg 140w, https:\/\/www.faustyna.pl\/zmbm\/wp-content\/uploads\/2025\/11\/woman-2667455_1280.jpg 1024w\" sizes=\"auto, (max-width: 560px) 100vw, 560px\" \/><\/a><\/p>\n<p style=\"text-align: center\">\u2728 <strong>Zapraszamy kobiety, kt\u00f3re pragn<\/strong><strong>\u0105<\/strong><strong> zatrzyma<\/strong><strong>\u0107<\/strong><strong> si<\/strong><strong>\u0119<\/strong><strong> i pos\u0142ucha<\/strong><strong>\u0107<\/strong><strong>, dok<\/strong><strong>\u0105<\/strong><strong>d prowadzi je B\u00f3g.<\/strong><\/p>\n<p style=\"text-align: justify\">Je\u015bli nosisz w sercu pytania o swoje powo\u0142anie do \u017cycia konsekrowanego &#8211; te rekolekcje s\u0105 w\u0142a\u015bnie dla Ciebie. To czas, by w ciszy, modlitwie i rozmowie z Jezusem przyjrze\u0107 si\u0119 temu, co naprawd\u0119 porusza Twoje serce. Nie musisz mie\u0107 gotowych odpowiedzi. Wystarczy, \u017ce przyjdziesz z pragnieniem spotkania i otwarto\u015bci\u0105 na Jego g\u0142os.<\/p>\n<h3 style=\"text-align: center\"><span style=\"color: #800000\"><strong>Miejsce<\/strong><\/span><\/h3>\n<p><strong>Sanktuarium Bo<\/strong><strong>\u017c<\/strong><strong>ego Mi\u0142osierdzia w Krakowie<\/strong>, gdzie Jezus m\u00f3wi\u0142 do \u015bw. Faustyny: <em>\u201eNie l<\/em><em>\u0119<\/em><em>kaj si<\/em><em>\u0119<\/em><em> niczego, Ja jestem zawsze z tob<\/em><em>\u0105<\/em><em>.\u201d<\/em><\/p>\n<h3 style=\"text-align: center\"><span style=\"color: #800000\"><strong>Planowane terminy rekolekcji to:<\/strong><\/span><\/h3>\n<p><strong>13-15 lutego 2026<\/strong><\/p>\n<p><strong>3-5 lipca 2026<\/strong><\/p>\n<p>Zapisy i szczeg\u00f3\u0142y ju\u017c wkr\u00f3tce!<\/p>\n<p>\ud83c\udfe0 <strong>Rekolekcje <\/strong>rozpoczynaj\u0105 si\u0119 w pi\u0105tek po Godzinie Mi\u0142osierdzia, \u00a0godz. 15:30<\/p>\n<p>\ud83d\udd4a\ufe0f Ko\u0144czymy <strong>obiadem ok. 13:30<\/strong> w niedziel\u0119<br \/>\nPo przyje\u017adzie otrzymasz <strong>szczeg\u00f3\u0142owy program<\/strong>.<\/p>\n<p>Mieszkamy w <strong>Domu <\/strong><strong>\u015b<\/strong><strong>w. Siostry Faustyny<\/strong>, na terenie <strong>Sanktuarium Bo<\/strong><strong>\u017c<\/strong><strong>ego Mi\u0142osierdzia<\/strong>, tu\u017c obok kaplicy z <strong>grobem <\/strong><strong>\u015b<\/strong><strong>w. Faustyny<\/strong> i <strong>obrazem Jezusa Mi\u0142osiernego<\/strong>.<\/p>\n<h3 style=\"text-align: center\">\ud83d\udccd <span style=\"color: #800000\"><strong>Adres:<\/strong><\/span><br \/>\nul. Siostry Faustyny 3<br \/>\n30-608 Krak\u00f3w<\/h3>\n<p>&nbsp;<\/p>\n<p>\ud83d\udcb0 <strong>Koszt skupienia:<\/strong> 290 z\u0142<br \/>\nOp\u0142at\u0119 mo\u017cna ui\u015bci\u0107 <strong>przy recepcji w dniu przyjazdu<\/strong>.<\/p>\n<p>Je\u015bli mo\u017cesz z\u0142o\u017cy\u0107 <strong>wi<\/strong><strong>\u0119<\/strong><strong>ksz<\/strong><strong>\u0105<\/strong><strong> ofiar<\/strong><strong>\u0119<\/strong>, przeznaczymy j\u0105 na <strong>fundusz rekolekcyjny<\/strong> wspieraj\u0105cy osoby rozeznaj\u0105ce powo\u0142anie.<br \/>\nA je\u015bli <strong>nie mo<\/strong><strong>\u017c<\/strong><strong>esz pokry<\/strong><strong>\u0107<\/strong><strong> ca\u0142ej kwoty<\/strong>, z\u0142\u00f3\u017c ofiar\u0119 wed\u0142ug swoich mo\u017cliwo\u015bci \u2014 <strong>reszt<\/strong><strong>\u0119<\/strong><strong> pokryj<\/strong><strong>\u0105<\/strong><strong> darczy<\/strong><strong>\u0144<\/strong><strong>cy<\/strong>.<\/p>\n<p>&nbsp;<\/p>\n<p style=\"text-align: center\"><a href=\"https:\/\/www.faustyna.pl\/zmbm\/wp-content\/uploads\/2025\/11\/prayer-1308663_1280.jpg\" data-gallery><img loading=\"lazy\" decoding=\"async\" class=\"size-medium wp-image-31308 alignnone\" src=\"https:\/\/www.faustyna.pl\/zmbm\/wp-content\/uploads\/2025\/11\/prayer-1308663_1280-560x373.jpg\" alt=\"\" width=\"560\" height=\"373\" srcset=\"https:\/\/www.faustyna.pl\/zmbm\/wp-content\/uploads\/2025\/11\/prayer-1308663_1280-560x373.jpg 560w, https:\/\/www.faustyna.pl\/zmbm\/wp-content\/uploads\/2025\/11\/prayer-1308663_1280-1024x682.jpg 1024w, https:\/\/www.faustyna.pl\/zmbm\/wp-content\/uploads\/2025\/11\/prayer-1308663_1280-140x93.jpg 140w, https:\/\/www.faustyna.pl\/zmbm\/wp-content\/uploads\/2025\/11\/prayer-1308663_1280.jpg 1280w\" sizes=\"auto, (max-width: 560px) 100vw, 560px\" \/><\/a><\/p>\n<h3 style=\"text-align: center\">\u2728 <span style=\"color: #800000\"><strong>INDYWIDUALNE DNI SKUPIENIA<\/strong><\/span> \u2728<\/h3>\n<p style=\"text-align: right\"><em>Moja cisza dla Jezusa. Stara\u0142am si<\/em><em>\u0119<\/em><em> o wielk<\/em><em>\u0105<\/em><em> cisz<\/em><em>\u0119<\/em><em> dla Jezusa.<br \/>\nPo<\/em><em>\u015b<\/em><em>r\u00f3d najwi<\/em><em>\u0119<\/em><em>kszego gwaru Jezus mia\u0142 zawsze cisz<\/em><em>\u0119<\/em><em> w moim sercu,<br \/>\nchocia<\/em><em>\u017c<\/em><em> mnie to nieraz wiele kosztowa\u0142o.<br \/>\nAle dla Jezusa c\u00f3<\/em><em>\u017c<\/em><em> mo<\/em><em>\u017c<\/em><em>e by<\/em><em>\u0107<\/em><em> wielkie, dla Tego,<br \/>\nkt\u00f3rego kocham ca\u0142<\/em><em>\u0105<\/em><em> si\u0142<\/em><em>\u0105<\/em><em> mojej duszy?\u201d<\/em><br \/>\n\u2014 <em>\u015b<\/em><em>w. Siostra Faustyna <\/em>(Dz. 185)<\/p>\n<p>\ud83c\udf3f <strong>Pragniesz odetchn<\/strong><strong>\u0105\u0107<\/strong><strong>, odnale<\/strong><strong>\u017a\u0107<\/strong><strong> pok\u00f3j i na nowo spotka<\/strong><strong>\u0107<\/strong><strong> Jezusa w g\u0142<\/strong><strong>\u0119<\/strong><strong>bi swojego serca?<\/strong><br \/>\nZapraszamy Ci\u0119 na <strong>indywidualne dni skupienia<\/strong> w krakowskim klasztorze <strong>Zgromadzenia Si\u00f3str Matki Bo<\/strong><strong>\u017c<\/strong><strong>ej Mi\u0142osierdzia<\/strong>.<\/p>\n<p>To czas, w kt\u00f3rym mo\u017cesz:<\/p>\n<ul>\n<li>zatrzyma\u0107 si\u0119 i poby\u0107 w ciszy,<\/li>\n<li>trwa\u0107 na modlitwie osobistej,<\/li>\n<li>uczestniczy\u0107 w modlitwie wsp\u00f3lnoty si\u00f3str,<\/li>\n<li>porozmawia\u0107 indywidualnie z siostr\u0105 towarzysz\u0105c\u0105 Ci duchowo.<\/li>\n<\/ul>\n<p>Nie musisz przychodzi\u0107 z gotowym planem \u2014 wystarczy pragnienie, by <strong>da<\/strong><strong>\u0107<\/strong><strong> Jezusowi przestrze<\/strong><strong>\u0144<\/strong><strong> i czas<\/strong>.<br \/>\nW spos\u00f3b szczeg\u00f3lny zapraszamy <strong>kobiety rozeznaj<\/strong><strong>\u0105<\/strong><strong>ce drog<\/strong><strong>\u0119<\/strong><strong> swojego powo\u0142ania<\/strong>, kt\u00f3re chc\u0105 ws\u0142ucha\u0107 si\u0119 w g\u0142os Boga w ciszy i pokoju.<\/p>\n<h3 style=\"text-align: center\">\ud83d\udcde <span style=\"color: #800000\"><strong>Jak si<\/strong><strong>\u0119<\/strong><strong> zg\u0142osi<\/strong><strong>\u0107<\/strong><strong>:<\/strong><\/span><\/h3>\n<p>Po wype\u0142nieniu formularza kontaktowego, <strong>siostra odpowiedzialna za organizacj<\/strong><strong>\u0119<\/strong><strong> spotkania<\/strong> odezwie si\u0119 do Ciebie <strong>w ci<\/strong><strong>\u0105<\/strong><strong>gu trzech dni<\/strong>, by ustali\u0107 dogodny termin.<\/p>\n<p>\ud83d\uddd3\ufe0f <strong>Prosimy o zg\u0142oszenia przynajmniej dwa tygodnie przed planowanym przyjazdem.<\/strong><\/p>\n<p>&nbsp;<\/p>\n<h3 style=\"text-align: center\"><span style=\"color: #800000\"><a style=\"color: #800000\" href=\"https:\/\/www.faustyna.pl\/zmbm\/formularz-zgloszenia-na-rekolekcje-i-dni-skupienia\/\"><strong>FORMULARZ\u00a0 ZG\u0141OSZENIOWY<\/strong><\/a><\/span><\/h3>\n<p><a href=\"https:\/\/www.faustyna.pl\/zmbm\/dzielo-powolan-2\/\">Dzie\u0142o powo\u0142a\u0144\/Rekolekcje<\/a><\/p>\n","protected":false},"excerpt":{"rendered":"<p>\u2728 Zapraszamy kobiety, kt\u00f3re pragn\u0105 zatrzyma\u0107 si\u0119 i pos\u0142ucha\u0107, dok\u0105d prowadzi je B\u00f3g. Je\u015bli nosisz w sercu pytania o swoje powo\u0142anie do \u017cycia konsekrowanego &#8211; te rekolekcje s\u0105 w\u0142a\u015bnie dla Ciebie. To czas, by w ciszy, modlitwie i rozmowie z Jezusem przyjrze\u0107 si\u0119 temu, co naprawd\u0119 porusza Twoje serce. Nie musisz mie\u0107 gotowych odpowiedzi. Wystarczy, [&hellip;]<\/p>\n","protected":false},"author":1,"featured_media":0,"parent":0,"menu_order":0,"comment_status":"closed","ping_status":"closed","template":"","meta":{"footnotes":""},"categories":[65],"tags":[],"class_list":["post-2426","page","type-page","status-publish","hentry","category-rekolekcje"],"_links":{"self":[{"href":"https:\/\/www.faustyna.pl\/zmbm\/wp-json\/wp\/v2\/pages\/2426","targetHints":{"allow":["GET"]}}],"collection":[{"href":"https:\/\/www.faustyna.pl\/zmbm\/wp-json\/wp\/v2\/pages"}],"about":[{"href":"https:\/\/www.faustyna.pl\/zmbm\/wp-json\/wp\/v2\/types\/page"}],"author":[{"embeddable":true,"href":"https:\/\/www.faustyna.pl\/zmbm\/wp-json\/wp\/v2\/users\/1"}],"replies":[{"embeddable":true,"href":"https:\/\/www.faustyna.pl\/zmbm\/wp-json\/wp\/v2\/comments?post=2426"}],"version-history":[{"count":129,"href":"https:\/\/www.faustyna.pl\/zmbm\/wp-json\/wp\/v2\/pages\/2426\/revisions"}],"predecessor-version":[{"id":32146,"href":"https:\/\/www.faustyna.pl\/zmbm\/wp-json\/wp\/v2\/pages\/2426\/revisions\/32146"}],"wp:attachment":[{"href":"https:\/\/www.faustyna.pl\/zmbm\/wp-json\/wp\/v2\/media?parent=2426"}],"wp:term":[{"taxonomy":"category","embeddable":true,"href":"https:\/\/www.faustyna.pl\/zmbm\/wp-json\/wp\/v2\/categories?post=2426"},{"taxonomy":"post_tag","embeddable":true,"href":"https:\/\/www.faustyna.pl\/zmbm\/wp-json\/wp\/v2\/tags?post=2426"}],"curies":[{"name":"wp","href":"https:\/\/api.w.org\/{rel}","templated":true}]}}