



{"id":2579,"date":"2014-12-29T16:01:40","date_gmt":"2014-12-29T16:01:40","guid":{"rendered":"http:\/\/www.faustyna.pl\/zmbm\/?page_id=2579"},"modified":"2025-10-06T13:37:26","modified_gmt":"2025-10-06T11:37:26","slug":"domy-rekolekcyjne","status":"publish","type":"page","link":"https:\/\/www.faustyna.pl\/zmbm\/domy-rekolekcyjne\/","title":{"rendered":"Domy rekolekcyjne"},"content":{"rendered":"\r\n<p><strong>DERDY<\/strong><\/p>\r\n\r\n\r\n\r\n<div class=\"wp-block-media-text alignwide is-stacked-on-mobile\">\r\n<figure class=\"wp-block-media-text__media\"><img loading=\"lazy\" decoding=\"async\" width=\"1024\" height=\"610\" class=\"wp-image-21210 size-full\" src=\"https:\/\/www.faustyna.pl\/zmbm\/wp-content\/uploads\/2021\/06\/Derdy-dom-rekolekcyjny.jpg\" alt=\"\" srcset=\"https:\/\/www.faustyna.pl\/zmbm\/wp-content\/uploads\/2021\/06\/Derdy-dom-rekolekcyjny.jpg 1024w, https:\/\/www.faustyna.pl\/zmbm\/wp-content\/uploads\/2021\/06\/Derdy-dom-rekolekcyjny-560x334.jpg 560w, https:\/\/www.faustyna.pl\/zmbm\/wp-content\/uploads\/2021\/06\/Derdy-dom-rekolekcyjny-140x83.jpg 140w\" sizes=\"auto, (max-width: 1024px) 100vw, 1024px\" \/><\/figure>\r\n<div class=\"wp-block-media-text__content\">\r\n<p>ul. \u0141\u0105czno\u015bci 158<br \/>05-552 W\u00d3LKA KOSOWSKA<br \/>tf.: (22) 757 77 40<br \/>e-mail: milosierdzie-derdy@faustyna.pl<\/p>\r\n<\/div>\r\n<\/div>\r\n\r\n\r\n\r\n<p><strong>ZAKOPANE<\/strong><\/p>\r\n\r\n\r\n\r\n<div class=\"wp-block-media-text alignwide is-stacked-on-mobile\">\r\n<figure class=\"wp-block-media-text__media\"><img loading=\"lazy\" decoding=\"async\" width=\"1024\" height=\"609\" class=\"wp-image-21213 size-full\" src=\"https:\/\/www.faustyna.pl\/zmbm\/wp-content\/uploads\/2021\/06\/Zakoapane-dom-rekolekcyjny.jpg\" alt=\"\" srcset=\"https:\/\/www.faustyna.pl\/zmbm\/wp-content\/uploads\/2021\/06\/Zakoapane-dom-rekolekcyjny.jpg 1024w, https:\/\/www.faustyna.pl\/zmbm\/wp-content\/uploads\/2021\/06\/Zakoapane-dom-rekolekcyjny-560x333.jpg 560w, https:\/\/www.faustyna.pl\/zmbm\/wp-content\/uploads\/2021\/06\/Zakoapane-dom-rekolekcyjny-140x83.jpg 140w\" sizes=\"auto, (max-width: 1024px) 100vw, 1024px\" \/><\/figure>\r\n<div class=\"wp-block-media-text__content\">\r\n<p>ul. Krzept\u00f3wki 172<br \/>34-505 ZAKOPANE<br \/>tf.: (18) 206 69 15<br \/>kom.: 797 907 286<br \/>e-mail: zakopane@faustyna.pl<br \/>www.zakopane.faustyna.pl<\/p>\r\n<\/div>\r\n<\/div>\r\n","protected":false},"excerpt":{"rendered":"<p>DERDY ul. \u0141\u0105czno\u015bci 15805-552 W\u00d3LKA KOSOWSKAtf.: (22) 757 77 40e-mail: milosierdzie-derdy@faustyna.pl ZAKOPANE ul. Krzept\u00f3wki 17234-505 ZAKOPANEtf.: (18) 206 69 15kom.: 797 907 286e-mail: zakopane@faustyna.plwww.zakopane.faustyna.pl<\/p>\n","protected":false},"author":1,"featured_media":0,"parent":0,"menu_order":0,"comment_status":"closed","ping_status":"closed","template":"","meta":{"footnotes":""},"categories":[73],"tags":[],"class_list":["post-2579","page","type-page","status-publish","hentry","category-domy-milosierdzia"],"_links":{"self":[{"href":"https:\/\/www.faustyna.pl\/zmbm\/wp-json\/wp\/v2\/pages\/2579","targetHints":{"allow":["GET"]}}],"collection":[{"href":"https:\/\/www.faustyna.pl\/zmbm\/wp-json\/wp\/v2\/pages"}],"about":[{"href":"https:\/\/www.faustyna.pl\/zmbm\/wp-json\/wp\/v2\/types\/page"}],"author":[{"embeddable":true,"href":"https:\/\/www.faustyna.pl\/zmbm\/wp-json\/wp\/v2\/users\/1"}],"replies":[{"embeddable":true,"href":"https:\/\/www.faustyna.pl\/zmbm\/wp-json\/wp\/v2\/comments?post=2579"}],"version-history":[{"count":4,"href":"https:\/\/www.faustyna.pl\/zmbm\/wp-json\/wp\/v2\/pages\/2579\/revisions"}],"predecessor-version":[{"id":31235,"href":"https:\/\/www.faustyna.pl\/zmbm\/wp-json\/wp\/v2\/pages\/2579\/revisions\/31235"}],"wp:attachment":[{"href":"https:\/\/www.faustyna.pl\/zmbm\/wp-json\/wp\/v2\/media?parent=2579"}],"wp:term":[{"taxonomy":"category","embeddable":true,"href":"https:\/\/www.faustyna.pl\/zmbm\/wp-json\/wp\/v2\/categories?post=2579"},{"taxonomy":"post_tag","embeddable":true,"href":"https:\/\/www.faustyna.pl\/zmbm\/wp-json\/wp\/v2\/tags?post=2579"}],"curies":[{"name":"wp","href":"https:\/\/api.w.org\/{rel}","templated":true}]}}