



{"id":2580,"date":"2014-12-29T16:01:44","date_gmt":"2014-12-29T16:01:44","guid":{"rendered":"http:\/\/www.faustyna.pl\/zmbm\/?page_id=2580"},"modified":"2025-08-18T11:27:26","modified_gmt":"2025-08-18T09:27:26","slug":"bursy","status":"publish","type":"page","link":"https:\/\/www.faustyna.pl\/zmbm\/bursy\/","title":{"rendered":"Bursy"},"content":{"rendered":"\r\n<p><strong>\u0141\u00d3D\u0179<\/strong><\/p>\r\n\r\n\r\n\r\n<div class=\"wp-block-media-text alignwide is-stacked-on-mobile\">\r\n<figure class=\"wp-block-media-text__media\"><img loading=\"lazy\" decoding=\"async\" width=\"1024\" height=\"609\" class=\"wp-image-21206 size-full\" src=\"https:\/\/www.faustyna.pl\/zmbm\/wp-content\/uploads\/2021\/06\/Lodz-bursa-2.jpg\" alt=\"\" srcset=\"https:\/\/www.faustyna.pl\/zmbm\/wp-content\/uploads\/2021\/06\/Lodz-bursa-2.jpg 1024w, https:\/\/www.faustyna.pl\/zmbm\/wp-content\/uploads\/2021\/06\/Lodz-bursa-2-560x333.jpg 560w, https:\/\/www.faustyna.pl\/zmbm\/wp-content\/uploads\/2021\/06\/Lodz-bursa-2-140x83.jpg 140w\" sizes=\"auto, (max-width: 1024px) 100vw, 1024px\" \/><\/figure>\r\n<div class=\"wp-block-media-text__content\">\r\n<p>ul. Wici 47<br \/>91-157 \u0141\u00d3D\u0179<br \/>tf.: 655 80 05; 511 595 135<br \/>e-mail: bursa@faustyna.pl<\/p>\r\n<\/div>\r\n<\/div>\r\n\r\n\r\n\r\n<p><strong>KAZACHSTAN<\/strong><\/p>\r\n\r\n\r\n\r\n<div class=\"wp-block-media-text alignwide is-stacked-on-mobile\">\r\n<figure class=\"wp-block-media-text__media\"><img loading=\"lazy\" decoding=\"async\" width=\"1024\" height=\"609\" class=\"wp-image-21207 size-full\" src=\"https:\/\/www.faustyna.pl\/zmbm\/wp-content\/uploads\/2021\/06\/Kazachstan-Pietropawlowsk-1.jpg\" alt=\"\" srcset=\"https:\/\/www.faustyna.pl\/zmbm\/wp-content\/uploads\/2021\/06\/Kazachstan-Pietropawlowsk-1.jpg 1024w, https:\/\/www.faustyna.pl\/zmbm\/wp-content\/uploads\/2021\/06\/Kazachstan-Pietropawlowsk-1-560x333.jpg 560w, https:\/\/www.faustyna.pl\/zmbm\/wp-content\/uploads\/2021\/06\/Kazachstan-Pietropawlowsk-1-140x83.jpg 140w\" sizes=\"auto, (max-width: 1024px) 100vw, 1024px\" \/><\/figure>\r\n<div class=\"wp-block-media-text__content\">\r\n<p>ul. Auezova 133 A<br \/>150010 PIETROPAVLOVSK<br \/>tf.: (0-07) 7152 52 57 39<br \/>kom.: +48 535 438 296; +7 701 266 58 65<br \/>e-mail: pietropawlowsk@faustyna.pl<\/p>\r\n<\/div>\r\n<\/div>\r\n","protected":false},"excerpt":{"rendered":"<p>\u0141\u00d3D\u0179 ul. Wici 4791-157 \u0141\u00d3D\u0179tf.: 655 80 05; 511 595 135e-mail: bursa@faustyna.pl KAZACHSTAN ul. Auezova 133 A150010 PIETROPAVLOVSKtf.: (0-07) 7152 52 57 39kom.: +48 535 438 296; +7 701 266 58 65e-mail: pietropawlowsk@faustyna.pl<\/p>\n","protected":false},"author":1,"featured_media":0,"parent":0,"menu_order":0,"comment_status":"closed","ping_status":"closed","template":"","meta":{"footnotes":""},"categories":[73],"tags":[],"class_list":["post-2580","page","type-page","status-publish","hentry","category-domy-milosierdzia"],"_links":{"self":[{"href":"https:\/\/www.faustyna.pl\/zmbm\/wp-json\/wp\/v2\/pages\/2580","targetHints":{"allow":["GET"]}}],"collection":[{"href":"https:\/\/www.faustyna.pl\/zmbm\/wp-json\/wp\/v2\/pages"}],"about":[{"href":"https:\/\/www.faustyna.pl\/zmbm\/wp-json\/wp\/v2\/types\/page"}],"author":[{"embeddable":true,"href":"https:\/\/www.faustyna.pl\/zmbm\/wp-json\/wp\/v2\/users\/1"}],"replies":[{"embeddable":true,"href":"https:\/\/www.faustyna.pl\/zmbm\/wp-json\/wp\/v2\/comments?post=2580"}],"version-history":[{"count":5,"href":"https:\/\/www.faustyna.pl\/zmbm\/wp-json\/wp\/v2\/pages\/2580\/revisions"}],"predecessor-version":[{"id":31061,"href":"https:\/\/www.faustyna.pl\/zmbm\/wp-json\/wp\/v2\/pages\/2580\/revisions\/31061"}],"wp:attachment":[{"href":"https:\/\/www.faustyna.pl\/zmbm\/wp-json\/wp\/v2\/media?parent=2580"}],"wp:term":[{"taxonomy":"category","embeddable":true,"href":"https:\/\/www.faustyna.pl\/zmbm\/wp-json\/wp\/v2\/categories?post=2580"},{"taxonomy":"post_tag","embeddable":true,"href":"https:\/\/www.faustyna.pl\/zmbm\/wp-json\/wp\/v2\/tags?post=2580"}],"curies":[{"name":"wp","href":"https:\/\/api.w.org\/{rel}","templated":true}]}}