



{"id":2584,"date":"2014-12-29T16:01:59","date_gmt":"2014-12-29T16:01:59","guid":{"rendered":"http:\/\/www.faustyna.pl\/zmbm\/?page_id=2584"},"modified":"2024-12-05T09:16:19","modified_gmt":"2024-12-05T08:16:19","slug":"domy-samotnych-matek","status":"publish","type":"page","link":"https:\/\/www.faustyna.pl\/zmbm\/domy-samotnych-matek\/","title":{"rendered":"Domy samotnych matek"},"content":{"rendered":"\n<p><strong>BIA\u0141A<\/strong><\/p>\n\n\n\n<div class=\"wp-block-media-text alignwide is-stacked-on-mobile\"><figure class=\"wp-block-media-text__media\"><img loading=\"lazy\" decoding=\"async\" width=\"1024\" height=\"609\" src=\"https:\/\/www.faustyna.pl\/zmbm\/wp-content\/uploads\/2021\/06\/Biala-DSM.jpg\" alt=\"\" class=\"wp-image-21174 size-full\" srcset=\"https:\/\/www.faustyna.pl\/zmbm\/wp-content\/uploads\/2021\/06\/Biala-DSM.jpg 1024w, https:\/\/www.faustyna.pl\/zmbm\/wp-content\/uploads\/2021\/06\/Biala-DSM-560x333.jpg 560w, https:\/\/www.faustyna.pl\/zmbm\/wp-content\/uploads\/2021\/06\/Biala-DSM-140x83.jpg 140w\" sizes=\"auto, (max-width: 1024px) 100vw, 1024px\" \/><\/figure><div class=\"wp-block-media-text__content\">\n<p>ul. Henryka Siekiewicza 18<br>09-411 &#8211; Bia\u0142a<br>tel.: 797-907-363, 797-907-364<\/p>\n<\/div><\/div>\n\n\n\n<p><strong>CHYLICZKI<\/strong><\/p>\n\n\n\n<div class=\"wp-block-media-text alignwide is-stacked-on-mobile\"><figure class=\"wp-block-media-text__media\"><img loading=\"lazy\" decoding=\"async\" width=\"1024\" height=\"609\" src=\"https:\/\/www.faustyna.pl\/zmbm\/wp-content\/uploads\/2021\/06\/Chyliczki-DSM.jpg\" alt=\"\" class=\"wp-image-21176 size-full\" srcset=\"https:\/\/www.faustyna.pl\/zmbm\/wp-content\/uploads\/2021\/06\/Chyliczki-DSM.jpg 1024w, https:\/\/www.faustyna.pl\/zmbm\/wp-content\/uploads\/2021\/06\/Chyliczki-DSM-560x333.jpg 560w, https:\/\/www.faustyna.pl\/zmbm\/wp-content\/uploads\/2021\/06\/Chyliczki-DSM-140x83.jpg 140w\" sizes=\"auto, (max-width: 1024px) 100vw, 1024px\" \/><\/figure><div class=\"wp-block-media-text__content\">\n<p>ul. Wschodnia 6<br>05-500 Piaseczno &#8211; CHYLICZKI<br>tel.: 22 756 88 76<\/p>\n<\/div><\/div>\n\n\n\n<p><strong>E\u0141K<\/strong><\/p>\n\n\n\n<div class=\"wp-block-media-text alignwide is-stacked-on-mobile\"><figure class=\"wp-block-media-text__media\"><img loading=\"lazy\" decoding=\"async\" width=\"1024\" height=\"609\" src=\"https:\/\/www.faustyna.pl\/zmbm\/wp-content\/uploads\/2021\/06\/Elk-2.jpg\" alt=\"\" class=\"wp-image-21177 size-full\" srcset=\"https:\/\/www.faustyna.pl\/zmbm\/wp-content\/uploads\/2021\/06\/Elk-2.jpg 1024w, https:\/\/www.faustyna.pl\/zmbm\/wp-content\/uploads\/2021\/06\/Elk-2-560x333.jpg 560w, https:\/\/www.faustyna.pl\/zmbm\/wp-content\/uploads\/2021\/06\/Elk-2-140x83.jpg 140w\" sizes=\"auto, (max-width: 1024px) 100vw, 1024px\" \/><\/figure><div class=\"wp-block-media-text__content\">\n<p>ul. Ks. Pra\u0142ata Mariana Szcz\u0119snego 1<br>19-300 E\u0142k<br>tek.: 516 775 392<\/p>\n<\/div><\/div>\n\n\n\n<p><strong>KIEKRZ<\/strong><\/p>\n\n\n\n<div class=\"wp-block-media-text alignwide is-stacked-on-mobile\"><figure class=\"wp-block-media-text__media\"><img loading=\"lazy\" decoding=\"async\" width=\"1024\" height=\"610\" src=\"https:\/\/www.faustyna.pl\/zmbm\/wp-content\/uploads\/2021\/06\/Kiekrz-DSM.jpg\" alt=\"\" class=\"wp-image-21178 size-full\" srcset=\"https:\/\/www.faustyna.pl\/zmbm\/wp-content\/uploads\/2021\/06\/Kiekrz-DSM.jpg 1024w, https:\/\/www.faustyna.pl\/zmbm\/wp-content\/uploads\/2021\/06\/Kiekrz-DSM-560x334.jpg 560w, https:\/\/www.faustyna.pl\/zmbm\/wp-content\/uploads\/2021\/06\/Kiekrz-DSM-140x83.jpg 140w\" sizes=\"auto, (max-width: 1024px) 100vw, 1024px\" \/><\/figure><div class=\"wp-block-media-text__content\">\n<p>ul. Kierska 10<br>62-090 Rokietnica &#8211; KIEKRZ<br>tel.: 61 842 80 04<\/p>\n<\/div><\/div>\n","protected":false},"excerpt":{"rendered":"<p>BIA\u0141A ul. Henryka Siekiewicza 1809-411 &#8211; Bia\u0142atel.: 797-907-363, 797-907-364 CHYLICZKI ul. Wschodnia 605-500 Piaseczno &#8211; CHYLICZKItel.: 22 756 88 76 E\u0141K ul. Ks. Pra\u0142ata Mariana Szcz\u0119snego 119-300 E\u0142ktek.: 516 775 392 KIEKRZ ul. Kierska 1062-090 Rokietnica &#8211; KIEKRZtel.: 61 842 80 04<\/p>\n","protected":false},"author":1,"featured_media":0,"parent":0,"menu_order":0,"comment_status":"closed","ping_status":"closed","template":"","meta":{"footnotes":""},"categories":[73],"tags":[],"class_list":["post-2584","page","type-page","status-publish","hentry","category-domy-milosierdzia"],"_links":{"self":[{"href":"https:\/\/www.faustyna.pl\/zmbm\/wp-json\/wp\/v2\/pages\/2584","targetHints":{"allow":["GET"]}}],"collection":[{"href":"https:\/\/www.faustyna.pl\/zmbm\/wp-json\/wp\/v2\/pages"}],"about":[{"href":"https:\/\/www.faustyna.pl\/zmbm\/wp-json\/wp\/v2\/types\/page"}],"author":[{"embeddable":true,"href":"https:\/\/www.faustyna.pl\/zmbm\/wp-json\/wp\/v2\/users\/1"}],"replies":[{"embeddable":true,"href":"https:\/\/www.faustyna.pl\/zmbm\/wp-json\/wp\/v2\/comments?post=2584"}],"version-history":[{"count":8,"href":"https:\/\/www.faustyna.pl\/zmbm\/wp-json\/wp\/v2\/pages\/2584\/revisions"}],"predecessor-version":[{"id":30001,"href":"https:\/\/www.faustyna.pl\/zmbm\/wp-json\/wp\/v2\/pages\/2584\/revisions\/30001"}],"wp:attachment":[{"href":"https:\/\/www.faustyna.pl\/zmbm\/wp-json\/wp\/v2\/media?parent=2584"}],"wp:term":[{"taxonomy":"category","embeddable":true,"href":"https:\/\/www.faustyna.pl\/zmbm\/wp-json\/wp\/v2\/categories?post=2584"},{"taxonomy":"post_tag","embeddable":true,"href":"https:\/\/www.faustyna.pl\/zmbm\/wp-json\/wp\/v2\/tags?post=2584"}],"curies":[{"name":"wp","href":"https:\/\/api.w.org\/{rel}","templated":true}]}}