



{"id":26917,"date":"2023-08-12T18:35:14","date_gmt":"2023-08-12T16:35:14","guid":{"rendered":"https:\/\/www.faustyna.pl\/zmbm\/?page_id=26917"},"modified":"2025-08-17T18:36:37","modified_gmt":"2025-08-17T16:36:37","slug":"sanktuarium-2","status":"publish","type":"page","link":"https:\/\/www.faustyna.pl\/zmbm\/sanktuarium-2\/","title":{"rendered":"\u201eSanktuarium\u201d"},"content":{"rendered":"<p><a href=\"https:\/\/www.faustyna.pl\/zmbm\/wp-content\/uploads\/2023\/08\/Sanktuarium-w-Lagiewnikach-25-maja-2022.jpg\" data-gallery><img loading=\"lazy\" decoding=\"async\" class=\"size-medium wp-image-26918 alignnone\" src=\"https:\/\/www.faustyna.pl\/zmbm\/wp-content\/uploads\/2023\/08\/Sanktuarium-w-Lagiewnikach-25-maja-2022-560x333.jpg\" alt=\"\" width=\"560\" height=\"333\" srcset=\"https:\/\/www.faustyna.pl\/zmbm\/wp-content\/uploads\/2023\/08\/Sanktuarium-w-Lagiewnikach-25-maja-2022-560x333.jpg 560w, https:\/\/www.faustyna.pl\/zmbm\/wp-content\/uploads\/2023\/08\/Sanktuarium-w-Lagiewnikach-25-maja-2022-140x83.jpg 140w, https:\/\/www.faustyna.pl\/zmbm\/wp-content\/uploads\/2023\/08\/Sanktuarium-w-Lagiewnikach-25-maja-2022.jpg 1024w\" sizes=\"auto, (max-width: 560px) 100vw, 560px\" \/><\/a><\/p>\n<p style=\"text-align: justify\">To tytu\u0142 filmu o Sanktuarium Bo\u017cego Mi\u0142osierdzia w Krakowie-\u0141agiewnikach \u2013 miejscu wybranym przez Boga, w kt\u00f3rym wraz ze \u015bmierci\u0105 \u015bw. Siostry Faustyny zosta\u0142 z\u0142o\u017cony wielki skarb \u2013 or\u0119dzie o Bo\u017cym mi\u0142osierdziu; miejscu wielu objawie\u0144, cud\u00f3w i pielgrzymek z ca\u0142ego \u015bwiata. Film opowiada o tym wyj\u0105tkowym miejscu na mapie religijnej \u015bwiata, do kt\u00f3rej ka\u017cdego tygodnia przez transmisje telewizyjne, radiowe i internetowe ka\u017cdego tygodnia pielgrzymuje miliony os\u00f3b. W narracj\u0119 filmu wpleciony zosta\u0142 w\u0105tek transmisji TVP, kt\u00f3ra towarzyszy \u017cyciu tego Sanktuarium od ponad 30 lat. Film dokumentalny z niezwykle ciekawymi \u015bwiadectwami ludzi z ca\u0142ego \u015bwiata w re\u017cyserii Grzegorza Sty\u0142y <a href=\"https:\/\/vod.tvp.pl\/video\/sanktuarium,sanktuarium,61783541\">mo\u017cna\u00a0 zobaczy\u0107 w TVP VOD<\/a>.<\/p>\n","protected":false},"excerpt":{"rendered":"<p>To tytu\u0142 filmu o Sanktuarium Bo\u017cego Mi\u0142osierdzia w Krakowie-\u0141agiewnikach \u2013 miejscu wybranym przez Boga, w kt\u00f3rym wraz ze \u015bmierci\u0105 \u015bw. Siostry Faustyny zosta\u0142 z\u0142o\u017cony wielki skarb \u2013 or\u0119dzie o Bo\u017cym mi\u0142osierdziu; miejscu wielu objawie\u0144, cud\u00f3w i pielgrzymek z ca\u0142ego \u015bwiata. Film opowiada o tym wyj\u0105tkowym miejscu na mapie religijnej \u015bwiata, do kt\u00f3rej ka\u017cdego tygodnia przez [&hellip;]<\/p>\n","protected":false},"author":2,"featured_media":26918,"parent":0,"menu_order":-1558,"comment_status":"closed","ping_status":"closed","template":"","meta":{"footnotes":""},"categories":[4],"tags":[],"class_list":["post-26917","page","type-page","status-publish","has-post-thumbnail","hentry","category-aktualnosci"],"_links":{"self":[{"href":"https:\/\/www.faustyna.pl\/zmbm\/wp-json\/wp\/v2\/pages\/26917","targetHints":{"allow":["GET"]}}],"collection":[{"href":"https:\/\/www.faustyna.pl\/zmbm\/wp-json\/wp\/v2\/pages"}],"about":[{"href":"https:\/\/www.faustyna.pl\/zmbm\/wp-json\/wp\/v2\/types\/page"}],"author":[{"embeddable":true,"href":"https:\/\/www.faustyna.pl\/zmbm\/wp-json\/wp\/v2\/users\/2"}],"replies":[{"embeddable":true,"href":"https:\/\/www.faustyna.pl\/zmbm\/wp-json\/wp\/v2\/comments?post=26917"}],"version-history":[{"count":6,"href":"https:\/\/www.faustyna.pl\/zmbm\/wp-json\/wp\/v2\/pages\/26917\/revisions"}],"predecessor-version":[{"id":31023,"href":"https:\/\/www.faustyna.pl\/zmbm\/wp-json\/wp\/v2\/pages\/26917\/revisions\/31023"}],"wp:featuredmedia":[{"embeddable":true,"href":"https:\/\/www.faustyna.pl\/zmbm\/wp-json\/wp\/v2\/media\/26918"}],"wp:attachment":[{"href":"https:\/\/www.faustyna.pl\/zmbm\/wp-json\/wp\/v2\/media?parent=26917"}],"wp:term":[{"taxonomy":"category","embeddable":true,"href":"https:\/\/www.faustyna.pl\/zmbm\/wp-json\/wp\/v2\/categories?post=26917"},{"taxonomy":"post_tag","embeddable":true,"href":"https:\/\/www.faustyna.pl\/zmbm\/wp-json\/wp\/v2\/tags?post=26917"}],"curies":[{"name":"wp","href":"https:\/\/api.w.org\/{rel}","templated":true}]}}