



{"id":2694,"date":"2014-12-29T23:49:06","date_gmt":"2014-12-29T22:49:06","guid":{"rendered":"http:\/\/www.faustyna.pl\/zmbm\/?page_id=2694"},"modified":"2015-05-04T11:56:57","modified_gmt":"2015-05-04T09:56:57","slug":"stowarzyszenie-faustinum-2","status":"publish","type":"page","link":"https:\/\/www.faustyna.pl\/zmbm\/stowarzyszenie-faustinum-2\/","title":{"rendered":"Stowarzyszenie \u201eFaustinum\u201d"},"content":{"rendered":"<p style=\"text-align: justify\">\u0141\u0105czy kap\u0142an\u00f3w, osoby konsekrowane i wiernych \u015bwieckich, kt\u00f3rzy wraz ze Zgromadzeniem Si\u00f3str Matki Bo\u017cej Mi\u0142osierdzia g\u0142osz\u0105 \u015bwiatu mi\u0142osiern\u0105 mi\u0142o\u015b\u0107 Boga poprzez \u015bwiadectwo \u017cycia, czyny, s\u0142owa i modlitw\u0119.<\/p>\n","protected":false},"excerpt":{"rendered":"<p>\u0141\u0105czy kap\u0142an\u00f3w, osoby konsekrowane i wiernych \u015bwieckich, kt\u00f3rzy wraz ze Zgromadzeniem Si\u00f3str Matki Bo\u017cej Mi\u0142osierdzia g\u0142osz\u0105 \u015bwiatu mi\u0142osiern\u0105 mi\u0142o\u015b\u0107 Boga poprzez \u015bwiadectwo \u017cycia, czyny, s\u0142owa i modlitw\u0119.<\/p>\n","protected":false},"author":1,"featured_media":2695,"parent":0,"menu_order":0,"comment_status":"closed","ping_status":"closed","template":"page_section_menu.php","meta":{"footnotes":""},"categories":[76],"tags":[],"class_list":["post-2694","page","type-page","status-publish","has-post-thumbnail","hentry","category-faustinum"],"_links":{"self":[{"href":"https:\/\/www.faustyna.pl\/zmbm\/wp-json\/wp\/v2\/pages\/2694","targetHints":{"allow":["GET"]}}],"collection":[{"href":"https:\/\/www.faustyna.pl\/zmbm\/wp-json\/wp\/v2\/pages"}],"about":[{"href":"https:\/\/www.faustyna.pl\/zmbm\/wp-json\/wp\/v2\/types\/page"}],"author":[{"embeddable":true,"href":"https:\/\/www.faustyna.pl\/zmbm\/wp-json\/wp\/v2\/users\/1"}],"replies":[{"embeddable":true,"href":"https:\/\/www.faustyna.pl\/zmbm\/wp-json\/wp\/v2\/comments?post=2694"}],"version-history":[{"count":6,"href":"https:\/\/www.faustyna.pl\/zmbm\/wp-json\/wp\/v2\/pages\/2694\/revisions"}],"predecessor-version":[{"id":4238,"href":"https:\/\/www.faustyna.pl\/zmbm\/wp-json\/wp\/v2\/pages\/2694\/revisions\/4238"}],"wp:featuredmedia":[{"embeddable":true,"href":"https:\/\/www.faustyna.pl\/zmbm\/wp-json\/wp\/v2\/media\/2695"}],"wp:attachment":[{"href":"https:\/\/www.faustyna.pl\/zmbm\/wp-json\/wp\/v2\/media?parent=2694"}],"wp:term":[{"taxonomy":"category","embeddable":true,"href":"https:\/\/www.faustyna.pl\/zmbm\/wp-json\/wp\/v2\/categories?post=2694"},{"taxonomy":"post_tag","embeddable":true,"href":"https:\/\/www.faustyna.pl\/zmbm\/wp-json\/wp\/v2\/tags?post=2694"}],"curies":[{"name":"wp","href":"https:\/\/api.w.org\/{rel}","templated":true}]}}