



{"id":2699,"date":"2014-12-29T23:57:11","date_gmt":"2014-12-29T23:57:11","guid":{"rendered":"http:\/\/www.faustyna.pl\/zmbm\/?page_id=2699"},"modified":"2015-03-15T10:04:04","modified_gmt":"2015-03-15T09:04:04","slug":"statut-faustinum","status":"publish","type":"page","link":"https:\/\/www.faustyna.pl\/zmbm\/statut-faustinum\/","title":{"rendered":"Statut"},"content":{"rendered":"<p style=\"text-align: center\"><img loading=\"lazy\" decoding=\"async\" class=\"no-border alignnone wp-image-3735 size-full\" src=\"https:\/\/www.faustyna.pl\/zmbm\/wp-content\/uploads\/2014\/12\/stowarzyszenie_faustinum_logo.jpg\" alt=\"stowarzyszenie_faustinum_logo\" width=\"96\" height=\"131\" \/><\/p>\n<p>&nbsp;<\/p>\n<h3 align=\"center\"><span style=\"color: #800000\"><b> STATUT STOWARZYSZENIA APOSTO\u0141\u00d3W BO\u017bEGO MI\u0141OSIERDZIA \u201eFAUSTINUM\u201d<\/b><\/span><\/h3>\n<p>&nbsp;<\/p>\n<h3 style=\"text-align: center\"><span style=\"color: #800000\"> Rozdzia\u0142 I<br \/>\nPostanowienia og\u00f3lne<\/span><\/h3>\n<p style=\"text-align: center\"><strong><span style=\"color: #800000\">\u00a7 1<\/span> <\/strong><\/p>\n<p align=\"justify\">Stowarzyszenie nosi nazw\u0119: <i style=\"font-weight: normal\">Stowarzyszenie Aposto\u0142\u00f3w Bo\u017cego Mi\u0142osierdzia \u201eFaustinum\u201d<\/i> i zwane jest w dalszym ci\u0105gu Stowarzyszeniem.<\/p>\n<p align=\"center\"><b><span style=\"color: #800000\"> \u00a7 2<\/span> <\/b><\/p>\n<p align=\"justify\">Stowarzyszenie wyrasta z charyzmatu \u015bw. Faustyny Kowalskiej ze Zgromadzenia Matki Bo\u017cej Mi\u0142osierdzia. Mo\u017ce \u0142\u0105czy\u0107 kap\u0142an\u00f3w, osoby konsekrowane i \u015bwieckie, kt\u00f3re pragn\u0105 nie\u015b\u0107 \u015bwiatu or\u0119dzie Mi\u0142osierdzia Bo\u017cego \u015bwiadectwem \u017cycia, czynem, s\u0142owem i modlitw\u0105.<\/p>\n<p align=\"center\"><b><span style=\"color: #800000\"> \u00a7 3<\/span> <\/b><\/p>\n<p align=\"justify\">Siedzib\u0105 Stowarzyszenia jest Sanktuarium Bo\u017cego Mi\u0142osierdzia w Krakowie- \u0141agiewnikach.<\/p>\n<p align=\"center\"><b><span style=\"color: #800000\"> \u00a7 4<\/span> <\/b><\/p>\n<p align=\"justify\">Terenem dzia\u0142ania Stowarzyszenia jest Archidiecezja Krakowska oraz te diecezje w Polsce i poza granicami kraju, w kt\u00f3rych za zgod\u0105 biskup\u00f3w diecezjalnych s\u0105 oficjalnie erygowane Wsp\u00f3lnoty \u201eFaustinum\u201d.<\/p>\n<p align=\"center\"><b><span style=\"color: #800000\"> \u00a7 5<\/span> <\/b><\/p>\n<p align=\"justify\">Stowarzyszenie dzia\u0142a na mocy dekretu erekcyjnego Arcybiskupa Metropolity Krakowskiego, posiada ko\u015bcieln\u0105 osobowo\u015b\u0107 prawn\u0105.<\/p>\n<p align=\"center\"><b><span style=\"color: #800000\"> \u00a7 6<\/span> <\/b><\/p>\n<p align=\"justify\">Opiek\u0119 duchow\u0105 nad Stowarzyszeniem sprawuj\u0105 ojcowie Towarzystwa Jezusowego.<\/p>\n<p align=\"center\"><b><span style=\"color: #800000\"> \u00a7 7<\/span> <\/b><\/p>\n<div align=\"justify\">\n<ol style=\"margin: 0px;padding: 0pt 0pt 0pt 26px\">\n<li>Stowarzyszenie u\u017cywa piecz\u0119ci z napisem: <i style=\"font-weight: normal\">Stowarzyszenie Aposto\u0142\u00f3w Bo\u017cego Mi\u0142osierdzia \u201eFaustinum\u201d<\/i>.<\/li>\n<li>Stowarzyszenie posiada znak graficzny, odznak\u0119 cz\u0142onkowsk\u0105 oraz wy- daje legitymacje cz\u0142onkowskie wed\u0142ug wzor\u00f3w zatwierdzonych przez Zarz\u0105d.<\/li>\n<\/ol>\n<\/div>\n<h3 align=\"center\"><span style=\"color: #800000\"><b> Rozdzia\u0142 II<br \/>\nCele i \u015brodki dzia\u0142ania<\/b><\/span><\/h3>\n<p style=\"text-align: center\"><strong><span style=\"color: #800000\">\u00a7 8<\/span> <\/strong><\/p>\n<p align=\"justify\">Celem Stowarzyszenia jest:<\/p>\n<div align=\"justify\">\n<ol style=\"margin: 0px;padding: 0pt 0pt 0pt 26px\">\n<li>d\u0105\u017cenie do doskona\u0142o\u015bci chrze\u015bcija\u0144skiej, czyli doskona\u0142ej mi\u0142o\u015bci, drog\u0105 ufno\u015bci wobec Boga i mi\u0142osierdzia wzgl\u0119dem bli\u017anich,<\/li>\n<li>poznawanie i w\u0142\u0105czanie si\u0119 w g\u0142oszenie tajemnicy mi\u0142osierdzia Bo\u017cego objawionej najpe\u0142niej w Chrystusie ukrzy\u017cowanym i zmartwychwsta\u0142ym,<\/li>\n<li>wypraszanie mi\u0142osierdzia Bo\u017cego dla ca\u0142ego \u015bwiata, szczeg\u00f3lnie dla grzesznik\u00f3w oraz kap\u0142an\u00f3w i os\u00f3b zakonnych.<\/li>\n<\/ol>\n<\/div>\n<p align=\"center\"><b><span style=\"color: #800000\"> \u00a7 9<\/span> <\/b><\/p>\n<p align=\"justify\">Wype\u0142niaj\u0105c swoje cele, Stowarzyszenie w szczeg\u00f3lno\u015bci:<\/p>\n<div align=\"justify\">\n<ol style=\"margin: 0px;padding: 0pt 0pt 0pt 26px\">\n<li>w\u0142\u0105cza si\u0119 w g\u0142oszenie or\u0119dzia o mi\u0142osierdziu Bo\u017cym \u015bwiadectwem \u017cycia i s\u0142owem,<\/li>\n<li>wyprasza mi\u0142osierdzie Bo\u017ce dla \u015bwiata przez pog\u0142\u0119bione \u017cycie sakramentalne, modlitw\u0119, ofiar\u0119 i uczynki mi\u0142osierdzia,<\/li>\n<li>przyczynia si\u0119 do praktykowania form kultu Mi\u0142osierdzia Bo\u017cego przekazanych przez \u015bw. Faustyn\u0119: cze\u015b\u0107 Obrazu Jezusa Mi\u0142osiernego, \u015awi\u0119to Mi\u0142osierdzia Bo\u017cego, Koronka do Mi\u0142osierdzia Bo\u017cego oraz modlitwa w Godzinie Mi\u0142osierdzia (15<sup>00<\/sup>),<\/li>\n<li>prowadzi formacj\u0119 w duchu \u015bw. Siostry Faustyny, opracowuje i wydaje materia\u0142y s\u0142u\u017c\u0105ce formacji cz\u0142onk\u00f3w Stowarzyszenia oraz wydaje pismo pt. <i style=\"font-weight: normal\">Or\u0119dzie Mi\u0142osierdzia<\/i>,<\/li>\n<li>organizuje sympozja i inspiruje badania maj\u0105ce na celu pog\u0142\u0119bienie teologii mi\u0142osierdzia Bo\u017cego i nabo\u017ce\u0144stwa do Mi\u0142osierdzia Bo\u017cego oraz wiedzy o \u017cyciu i pos\u0142annictwie \u015bw. Siostry Faustyny,<\/li>\n<li>w miar\u0119 mo\u017cliwo\u015bci podejmuje lub uczestniczy w dzie\u0142ach mi\u0142osierdzia, szczeg\u00f3lnie wobec os\u00f3b potrzebuj\u0105cych g\u0142\u0119bokiej odnowy moralnej,<\/li>\n<li>wspiera powstawanie wsp\u00f3lnot aposto\u0142\u00f3w Bo\u017cego Mi\u0142osierdzia w parafiach, z zachowaniem odpowiednich przepis\u00f3w prawa,<\/li>\n<li>wsp\u00f3\u0142pracuje z osobami i instytucjami, kt\u00f3re realizuj\u0105 cele podobne do cel\u00f3w Stowarzyszenia.<\/li>\n<\/ol>\n<\/div>\n<h3 align=\"center\"><span style=\"color: #800000\"><b> Rozdzia\u0142 III<br \/>\nCz\u0142onkowie Stowarzyszenia, ich prawa i obowi\u0105zki<\/b><\/span><\/h3>\n<p style=\"text-align: center\"><strong><span style=\"color: #800000\">\u00a7 10<\/span> <\/strong><\/p>\n<p align=\"justify\">Stowarzyszenie tworz\u0105:<\/p>\n<div align=\"justify\">\n<ol style=\"margin: 0px;padding: 0pt 0pt 0pt 26px\">\n<li>wolontariusze,<\/li>\n<li>cz\u0142onkowie,<\/li>\n<li>cz\u0142onkowie honorowi.<\/li>\n<\/ol>\n<\/div>\n<p align=\"center\"><b><span style=\"color: #800000\"> \u00a7 11<\/span> <\/b><\/p>\n<div align=\"justify\">\n<ol style=\"margin: 0px;padding: 0pt 0pt 0pt 26px\">\n<li>Wolontariuszem mo\u017ce by\u0107 ka\u017cda osoba, tak\u017ce niepe\u0142noletnia, kt\u00f3ra zobowi\u0105zuje si\u0119 wype\u0142nia\u0107 zadania okre\u015blone w \u00a7 15 pkt. 1 &#8211; 3.<\/li>\n<li>Wolontariuszy przyjmuje si\u0119 na podstawie wype\u0142nionej deklaracji.<\/li>\n<li>Wolontariusz, gdy jest pe\u0142noletni,\u00a0 po\u00a0 rocznym\u00a0 sta\u017cu\u00a0 mo\u017ce ubiega\u0107 si\u0119 o cz\u0142onkostwo Stowarzyszenia.<\/li>\n<\/ol>\n<\/div>\n<p align=\"center\"><b><span style=\"color: #800000\"> \u00a7 12<\/span> <\/b><\/p>\n<div align=\"justify\">\n<ol style=\"margin: 0px;padding: 0pt 0pt 0pt 26px\">\n<li>Cz\u0142onkiem Stowarzyszenia mo\u017ce by\u0107 osoba pe\u0142noletnia (kap\u0142an, osoba konsekrowana oraz katolik \u015bwiecki), kt\u00f3ra decyduje si\u0119 w\u0142\u0105czy\u0107 w wype\u0142nianie cel\u00f3w Stowarzyszenia i zobowi\u0105zuje si\u0119 do przestrzegania jego Statutu.<\/li>\n<li>Przyj\u0119cie w poczet cz\u0142onk\u00f3w\u00a0 nast\u0119puje\u00a0 po\u00a0 co\u00a0 najmniej rocznym sta\u017cu w charakterze wolontariusza. Cz\u0142onk\u00f3w przyjmuje Zarz\u0105d Stowarzyszenia zwyk\u0142\u0105 wi\u0119kszo\u015bci\u0105 g\u0142os\u00f3w, w tajnym g\u0142osowaniu, na podstawie pisemnego podania, opinii ksi\u0119dza proboszcza lub odpowiedniego prze\u0142o\u017conego, opinii 2 os\u00f3b potwierdzonych przez w\u0142adze ko\u015bcielne oraz wype\u0142nionego osobowego kwestionariusza.<\/li>\n<li>Zarz\u0105d Stowarzyszenia w uzasadnionych przypadkach mo\u017ce skr\u00f3ci\u0107 sta\u017c wolontariusza.<\/li>\n<li>Cz\u0142onkowie po odbyciu odpowiedniej formacji, okre\u015blonej przez Zarz\u0105d, mog\u0105 sk\u0142ada\u0107 przyrzeczenia oddania si\u0119 i s\u0142u\u017cby w dziele Mi\u0142osierdzia Bo\u017cego na okre\u015blony czas (rok) lub na ca\u0142e \u017cycie.<\/li>\n<\/ol>\n<\/div>\n<p align=\"center\"><b><span style=\"color: #800000\"> \u00a7 13<\/span> <\/b><\/p>\n<p align=\"justify\">Za szczeg\u00f3lne zas\u0142ugi dla realizacji cel\u00f3w Stowarzyszenia, Zarz\u0105d mo\u017ce nada\u0107 cz\u0142onkostwo honorowe.<\/p>\n<p align=\"center\"><b><span style=\"color: #800000\"> \u00a7 14<\/span> <\/b><\/p>\n<p align=\"justify\">Cz\u0142onkowie Stowarzyszenia:<\/p>\n<div align=\"justify\">\n<ol style=\"margin: 0px;padding: 0pt 0pt 0pt 26px\">\n<li>pe\u0142niej uczestnicz\u0105 w duchowo\u015bci i misji apostolskiej Zgromadzenia Si\u00f3str Matki Bo\u017cej Mi\u0142osierdzia,<\/li>\n<li>maj\u0105 udzia\u0142 w dobrach duchowych Stowarzyszenia, kt\u00f3re Jezus Mi\u0142osierny obieca\u0142 wszystkim aposto\u0142om Bo\u017cego Mi\u0142osierdzia:<br \/>\n<i style=\"font-weight: normal\">Dusze, kt\u00f3re szerz\u0105 cze\u015b\u0107 mi\u0142osierdzia Mojego os\u0142aniam przez ca\u0142e \u017cycie jak czu\u0142a matka swe niemowl\u0119, a w godzin\u0119 \u015bmierci nie b\u0119d\u0119 im S\u0119- dzi\u0105, ale mi\u0142osiernym Zbawicielem<\/i> <span style=\"font-size: 90%\">(Dz.1075)<\/span>.<br \/>\n<i style=\"font-weight: normal\">Wszystkim duszom, kt\u00f3re uwielbia\u0107 b\u0119d\u0105 to Moje mi\u0142osierdzie i szerzy\u0107 Jego cze\u015b\u0107, zach\u0119caj\u0105c inne dusze do ufno\u015bci w Moje mi\u0142osierdzie, dusze te w godzin\u0119 \u015bmierci nie doznaj\u0105 przera\u017cenia. Mi\u0142osierdzie Moje os\u0142o- ni je w tej ostatniej walce<\/i> <span style=\"font-size: 90%\">(Dz. 1540)<\/span>.<br \/>\n<i style=\"font-weight: normal\">Kap\u0142anom, kt\u00f3rzy g\u0142osi\u0107 b\u0119d\u0105 i wys\u0142awia\u0107 mi\u0142osierdzie Moje, dam moc przedziwn\u0105 i namaszcz\u0119 ich s\u0142owa, i porusz\u0119 serca, do kt\u00f3rych przemawia\u0107 b\u0119d\u0105<\/i> <span style=\"font-size: 90%\">(Dz.1521)<\/span>.<\/li>\n<li>mog\u0105 zg\u0142asza\u0107 wnioski i propozycje do w\u0142adz Stowarzyszenia,<\/li>\n<li>na miar\u0119 mo\u017cliwo\u015bci w\u0142\u0105czaj\u0105 si\u0119 w prace Stowarzyszenia,<\/li>\n<li>posiadaj\u0105 legitymacj\u0119 i odznak\u0119 Stowarzyszenia na zasadach okre\u015blonych w regulaminie,<\/li>\n<li>mog\u0105 wybiera\u0107 i by\u0107 wybieranymi do w\u0142adz Stowarzyszenia.<\/li>\n<\/ol>\n<\/div>\n<p align=\"center\"><b><span style=\"color: #800000\"> \u00a7 15<\/span> <\/b><\/p>\n<p align=\"justify\">Wolontariusze w Stowarzyszeniu zobowi\u0105zani s\u0105:<\/p>\n<div align=\"justify\">\n<ol style=\"margin: 0px;padding: 0pt 0pt 0pt 26px\">\n<li>w miar\u0119 mo\u017cliwo\u015bci poznawa\u0107 tajemnic\u0119 mi\u0142osierdzia Bo\u017cego i troszczy\u0107 si\u0119 o postaw\u0119 ufno\u015bci przez pe\u0142nienie woli Bo\u017cej zawartej w przykazaniach i obowi\u0105zkach stanu,<\/li>\n<li>odmawia\u0107 Koronk\u0119 do Mi\u0142osierdzia Bo\u017cego,<\/li>\n<li>spe\u0142nia\u0107 w ci\u0105gu dnia przynajmniej jeden akt mi\u0142osierdzia wobec bli\u017anich z mi\u0142o\u015bci do Jezusa przez czyn, s\u0142owo lub modlitw\u0119.<\/li>\n<\/ol>\n<\/div>\n<p align=\"center\"><b><span style=\"color: #800000\"> \u00a7 16<\/span> <\/b><\/p>\n<p align=\"justify\">Cz\u0142onkowie Stowarzyszenia maj\u0105 obowi\u0105zek:<\/p>\n<div align=\"justify\">\n<ol style=\"margin: 0px;padding: 0pt 0pt 0pt 26px\">\n<li>korzysta\u0107 regularnie z sakrament\u00f3w \u015bwi\u0119tych (o ile mo\u017cno\u015bci z miesi\u0119cznej spowiedzi \u015bwi\u0119tej i cz\u0119stej Komunii \u015bwi\u0119tej),<\/li>\n<li>stale\u00a0poznawa\u0107\u00a0tajemnic\u0119\u00a0Bo\u017cego\u00a0mi\u0142osierdzia\u00a0objawion\u0105\u00a0najpe\u0142niej w Chrystusie ukrzy\u017cowanym i zmartwychwsta\u0142ym. Gruntownie pozna\u0107 or\u0119dzie Mi\u0142osierdzia Bo\u017cego przekazane przez \u015bw. Faustyn\u0119,<\/li>\n<li>g\u0142osi\u0107 or\u0119dzie Mi\u0142osierdzia Bo\u017cego \u015bwiadectwem \u017cycia i s\u0142owem,<\/li>\n<li>rozwija\u0107\u00a0 postaw\u0119\u00a0 ca\u0142kowitego\u00a0 zaufania\u00a0 Bogu przez pe\u0142nienie Jego woli w ka\u017cdych okoliczno\u015bciach \u017cycia, zale\u017cnie od stanu i zawodu,<\/li>\n<li>spe\u0142nia\u0107 w ci\u0105gu dnia przynajmniej jeden akt mi\u0142osierdzia wobec bli\u017anich z mi\u0142o\u015bci do Jezusa przez czyn, s\u0142owo albo modlitw\u0119,<\/li>\n<li>w miar\u0119 mo\u017cliwo\u015bci podejmowa\u0107 lub uczestniczy\u0107 w dzie\u0142ach mi\u0142osierdzia, szczeg\u00f3lnie wobec os\u00f3b potrzebuj\u0105cych g\u0142\u0119bokiej odnowy moralnej,<\/li>\n<li>modli\u0107 si\u0119 i ofiarowa\u0107 cierpienie szczeg\u00f3lnie w intencji nawr\u00f3cenia grzesznik\u00f3w oraz kap\u0142an\u00f3w i os\u00f3b konsekrowanych,<\/li>\n<li>w ci\u0105gu dnia przez akty mi\u0142o\u015bci i modlitw\u0119 \u0142\u0105czy\u0107 si\u0119 z Jezusem Mi\u0142osiernym prosz\u0105c o mi\u0142osierdzie Bo\u017ce dla \u015bwiata,<\/li>\n<li>praktykowa\u0107 formy kultu przekazane przez \u015bw. Faustyn\u0119: cze\u015b\u0107 Obrazu Jezusa Mi\u0142osiernego, codzienne odmawianie Koronki do Mi\u0142osierdzia Bo\u017cego, praktykowanie modlitwy w Godzinie Mi\u0142osierdzia i obchodzenie \u015awi\u0119ta Mi\u0142osierdzia Bo\u017cego,<\/li>\n<li>realizowa\u0107 wsp\u00f3lnotowo i indywidualnie program formacyjny obowi\u0105zuj\u0105cy w Stowarzyszeniu,<\/li>\n<li>bra\u0107 czynny udzia\u0142 w realizowaniu wszystkich cel\u00f3w Stowarzyszenia,<\/li>\n<li>stosowa\u0107 si\u0119 do postanowie\u0144 Statutu, regulamin\u00f3w, uchwa\u0142 Stowarzyszenia,<\/li>\n<li>godnie reprezentowa\u0107 Stowarzyszenie w swoim \u015brodowisku,<\/li>\n<li>regularnie op\u0142aca\u0107 sk\u0142adki cz\u0142onkowskie, kt\u00f3rych wysoko\u015b\u0107 ustala Zarz\u0105d.<\/li>\n<\/ol>\n<\/div>\n<p align=\"center\"><b><span style=\"color: #800000\"> \u00a7 17<\/span> <\/b><\/p>\n<p align=\"justify\">Wolontariat i cz\u0142onkostwo Stowarzyszenia ustaje na skutek:<\/p>\n<div align=\"justify\">\n<ol style=\"margin: 0px;padding: 0pt 0pt 0pt 26px\">\n<li>wyst\u0105pienia zg\u0142oszonego na pi\u015bmie do Zarz\u0105du Stowarzyszenia,<\/li>\n<li>skre\u015blenia z ksi\u0119gi wolontariuszy i cz\u0142onk\u00f3w decyzj\u0105 Zarz\u0105du w przypadku niewype\u0142niania obowi\u0105zk\u00f3w wynikaj\u0105cych ze Statutu, a zw\u0142aszcza gorsz\u0105cego post\u0119powania nie licuj\u0105cego z postaw\u0105 chrze\u015bcijanina. Decyzj\u0119 o skre\u015bleniu winno poprzedzi\u0107 pisemne upomnienie.<\/li>\n<\/ol>\n<\/div>\n<h3 align=\"center\"><span style=\"color: #800000\"><b> Rozdzia\u0142 IV<br \/>\nW\u0142adze Stowarzyszenia<\/b><\/span><\/h3>\n<p style=\"text-align: center\"><span style=\"color: #800000\"><strong>\u00a7 18<\/strong> <\/span><\/p>\n<div align=\"justify\">\n<ol style=\"margin: 0px;padding: 0pt 0pt 0pt 26px\">\n<li>Walne Zebranie delegat\u00f3w jest organem doradczym Stowarzyszenia. Zbiera si\u0119 dla podsumowania dzia\u0142alno\u015bci Stowarzyszenia i przedsta- wienia sugestii co do dzia\u0142alno\u015bci.<\/li>\n<li>Walne Zebranie co 5 lat wybiera 2 cz\u0142onk\u00f3w Zarz\u0105du.<\/li>\n<li>Spos\u00f3b wybierania delegat\u00f3w i dzia\u0142ania Walnego Zebrania okre\u015bla regulamin zatwierdzony przez Zarz\u0105d.<\/li>\n<\/ol>\n<\/div>\n<p align=\"center\"><b><span style=\"color: #800000\"> \u00a7 19<\/span> <\/b><\/p>\n<div align=\"justify\">\n<ol style=\"margin: 0px;padding: 0pt 0pt 0pt 26px\">\n<li>W\u0142adz\u0105 najwy\u017csz\u0105 wewn\u0105trz Stowarzyszenia jest Zarz\u0105d.<\/li>\n<li>W sk\u0142ad Zarz\u0105du wchodz\u0105: przewodnicz\u0105ca, wiceprzewodnicz\u0105ca, skarbnik, trzech cz\u0142on\u00f3w oraz opiekun duchowy Stowarzyszenia. Przewodnicz\u0105c\u0105, wiceprzewodnicz\u0105c\u0105, skarbnika i jednego cz\u0142onka mianuje Prze\u0142o\u017cona Generalna Zgromadzenia Si\u00f3str Matki Bo\u017cej Mi\u0142osierdzia spo\u015br\u00f3d profesek wieczystych Zgromadzenia. Opiekuna duchowego wyznacza Prowincja\u0142 Prowincji Po\u0142udniowej Towarzystwa Jezusowego. Dw\u00f3ch pozosta\u0142ych cz\u0142onk\u00f3w wybiera Walne Zebranie. Przewodnicz\u0105ca, opiekun duchowy oraz cz\u0142onkowie Zarz\u0105du wybrani przez Walne Zebranie wymagaj\u0105 zatwierdzenia Arcybiskupa Metropolity Krakowskiego na pi\u0119cioletni\u0105 kadencj\u0119.<\/li>\n<li>Zarz\u0105d:\n<ol style=\"margin: 0px;padding: 0pt 0pt 0pt 26px\">\n<li>reprezentuje Stowarzyszenie na zewn\u0105trz,<\/li>\n<li>okre\u015bla kierunki pracy Stowarzyszenia i kieruje jego dzia\u0142alno\u015bci\u0105 przy zachowaniu odpowiednich przepis\u00f3w prawa ko\u015bcielnego,<\/li>\n<li>zatwierdza regulaminy Stowarzyszenia odnosz\u0105ce si\u0119 do funkcjonowania jego struktury, a tak\u017ce ceremonia\u0142u przyjmowania cz\u0142onk\u00f3w. Zatwierdza wzory legitymacji cz\u0142onkowskich i odznaki Stowarzyszenia,<\/li>\n<li>uchwala zmiany Statutu z zachowaniem \u00a7 26,<\/li>\n<li>uchwala roczne plany pracy i decyduje o podziale bud\u017cetu Stowarzyszenia na realizacj\u0119 poszczeg\u00f3lnych jego cel\u00f3w,<\/li>\n<li>przyjmuje cz\u0142onk\u00f3w oraz nadaje cz\u0142onkostwo honorowe,<\/li>\n<li>powo\u0142uje i rozwi\u0105zuje wsp\u00f3lnoty Stowarzyszenia na szczeblu parafii, przy zachowaniu odr\u0119bnych przepis\u00f3w prawa ko\u015bcielnego,<\/li>\n<li>nadzoruje dzia\u0142alno\u015b\u0107 Stowarzyszenia,<\/li>\n<li>rozpatruje i wprowadza do realizacji wnioski w sprawach programowej dzia\u0142alno\u015bci Stowarzyszenia, bior\u0105c pod uwag\u0119 szczeg\u00f3lnie te, kt\u00f3re zosta\u0142y podj\u0119te na Walnym Zebraniu,<\/li>\n<li>anga\u017cuje i zwalnia pracownik\u00f3w,<\/li>\n<li>przedstawia roczne sprawozdania z dzia\u0142alno\u015bci Arcybiskupowi Krakowskiemu i Zgromadzeniu Si\u00f3str Matki Bo\u017cej Mi\u0142osierdzia oraz Walnemu Zebraniu Stowarzyszenia,<\/li>\n<li>Zgromadzenie Si\u00f3str Matki Bo\u017cej Mi\u0142osierdzia powo\u0142uje kompetentn\u0105 komisj\u0119 do oceny rocznej dzia\u0142alno\u015bci finansowej Zarz\u0105du Stowarzyszenia.<\/li>\n<\/ol>\n<\/li>\n<\/ol>\n<\/div>\n<p align=\"center\"><b><span style=\"color: #800000\"> \u00a7 20<\/span> <\/b><\/p>\n<div align=\"justify\">\n<ol style=\"margin: 0px;padding: 0pt 0pt 0pt 26px\">\n<li>Przy\u00a0 Zarz\u0105dzie\u00a0 Stowarzyszenia\u00a0 dzia\u0142aj\u0105 komisje: formacji, zagraniczna i wydawnictw:\n<ol style=\"margin: 0px;padding: 0pt 0pt 0pt 26px\">\n<li>komisja formacyjna organizuje formacj\u0119 cz\u0142onk\u00f3w Stowarzyszenia, zajmuje si\u0119 obs\u0142ug\u0105 pielgrzym\u00f3w z Polski przybywaj\u0105cych do sanktuarium Bo\u017cego Mi\u0142osierdzia w Krakowie-\u0141agiewnikach,<\/li>\n<li>komisja zagraniczna odpowiada za kontakty z osobami z innych kraj\u00f3w oraz obs\u0142uguje pielgrzym\u00f3w zagranicznych przybywaj\u0105cych do sanktuarium Bo\u017cego Mi\u0142osierdzia w Krakowie-\u0141agiewnikach,<\/li>\n<li>komisja wydawnictw przygotowuje w r\u00f3\u017cnych j\u0119zykach wydawnictwa formacyjne, upowszechniaj\u0105ce i zg\u0142\u0119biaj\u0105ce tre\u015bci pos\u0142annictwa \u015bw. Faustyny i or\u0119dzia Mi\u0142osierdzia Bo\u017cego,<\/li>\n<\/ol>\n<\/li>\n<li>Osoby kieruj\u0105ce prac\u0105 poszczeg\u00f3lnych komisji s\u0105 powo\u0142ywane przez Zgromadzenie Si\u00f3str Matki Bo\u017cej Mi\u0142osierdzia.<\/li>\n<\/ol>\n<\/div>\n<h3 align=\"center\"><span style=\"color: #800000\"><b> Rozdzia\u0142 V<br \/>\nStruktura Stowarzyszenia<\/b><\/span><\/h3>\n<p style=\"text-align: center\"><span style=\"color: #800000\"><strong>\u00a7 21 <\/strong><\/span><\/p>\n<div align=\"justify\">\n<ol style=\"margin: 0px;padding: 0pt 0pt 0pt 26px\">\n<li>Podstawow\u0105 jednostk\u0105 organizacyjn\u0105 Stowarzyszenia jest Wsp\u00f3lnota Aposto\u0142\u00f3w Bo\u017cego Mi\u0142osierdzia, kt\u00f3r\u0105 tworzy najmniej 10 cz\u0142onk\u00f3w.<\/li>\n<li>Wsp\u00f3lnoty Aposto\u0142\u00f3w Bo\u017cego Mi\u0142osierdzia organizowane s\u0105 w parafiach na pro\u015bb\u0119 miejscowego proboszcza i za zgod\u0105 biskupa diecezjalnego.<\/li>\n<li>Wsp\u00f3lnoty Aposto\u0142\u00f3w Bo\u017cego Mi\u0142osierdzia pozostaj\u0105 pod bezpo\u015bredni\u0105 opiek\u0105 kap\u0142an\u00f3w i podlegaj\u0105 Zarz\u0105dowi Stowarzyszenia.<\/li>\n<li>Wsp\u00f3lnoty Aposto\u0142\u00f3w Bo\u017cego Mi\u0142osierdzia prowadz\u0105 dzia\u0142alno\u015b\u0107 zgodn\u0105 ze Statutem Stowarzyszenia.<\/li>\n<li>W spotkaniach formacyjnych i modlitewnych Wsp\u00f3lnot Aposto\u0142\u00f3w Bo\u017cego Mi\u0142osierdzia mog\u0105 bra\u0107 udzia\u0142 tak\u017ce wolontariusze.<\/li>\n<\/ol>\n<\/div>\n<h3 align=\"center\"><span style=\"color: #800000\"><b> Rozdzia\u0142 VI<br \/>\nMaj\u0105tek Stowarzyszenia<\/b><\/span><\/h3>\n<p style=\"text-align: center\"><span style=\"color: #800000\"><strong>\u00a7 22<\/strong> <\/span><\/p>\n<p align=\"justify\">Maj\u0105tek Stowarzyszenia stanowi\u0105: nieruchomo\u015bci, ruchomo\u015bci i fundusze.<\/p>\n<p align=\"center\"><b><span style=\"color: #800000\"> \u00a7 23<\/span> <\/b><\/p>\n<p align=\"justify\">Maj\u0105tek Stowarzyszenia powstaje z:<\/p>\n<div align=\"justify\">\n<ol style=\"margin: 0px;padding: 0pt 0pt 0pt 26px\">\n<li>sk\u0142adek cz\u0142onkowskich,<\/li>\n<li>dotacji,<\/li>\n<li>darowizn, spadk\u00f3w, zapis\u00f3w,<\/li>\n<li>dochod\u00f3w w\u0142asnych (w\u0142asnej dzia\u0142alno\u015bci gospodarczej);<\/li>\n<\/ol>\n<\/div>\n<p align=\"justify\">Zarz\u0105d mo\u017ce powo\u0142a\u0107 odpowiedni\u0105 instytucj\u0119 do prowadzenia dzia\u0142alno\u015bci gospodarczej.<\/p>\n<p align=\"center\"><b><span style=\"color: #800000\"> \u00a7 24<\/span> <\/b><\/p>\n<p align=\"justify\">Dla zaci\u0105gania zobowi\u0105za\u0144 maj\u0105tkowych wymagane jest wsp\u00f3\u0142dzia\u0142anie dw\u00f3ch cz\u0142onk\u00f3w Zarz\u0105du w tym przewodnicz\u0105cego, upowa\u017cnionego przez przewodnicz\u0105cego, wiceprzewodnicz\u0105cego lub cz\u0142onka Zarz\u0105du oraz skarbnika. O\u015bwiadczenia woli w tym zakresie powinny by\u0107 sk\u0142adane na pi\u015bmie pod nazw\u0105 Stowarzyszenia.<\/p>\n<p align=\"center\"><b><span style=\"color: #800000\"> \u00a7 25<\/span> <\/b><\/p>\n<p align=\"justify\">Maj\u0105tkiem i funduszami Stowarzyszenia dysponuje Zarz\u0105d.<\/p>\n<h3 align=\"center\"><span style=\"color: #800000\"><b> Rozdzia\u0142 VII<br \/>\nZmiany Statutu i rozwi\u0105zanie Stowarzyszenia<\/b><\/span><\/h3>\n<p style=\"text-align: center\"><span style=\"color: #800000\"><strong>\u00a7 26 <\/strong><\/span><\/p>\n<div align=\"justify\">\n<ol style=\"margin: 0px;padding: 0pt 0pt 0pt 26px\">\n<li>Uchwa\u0142y w sprawie zmian Statutu lub rozwi\u0105zania Stowarzyszenia podejmuje Zarz\u0105d. Do wa\u017cno\u015bci tych uchwa\u0142 wymagana jest wi\u0119kszo\u015b\u0107 2\/3 g\u0142os\u00f3w wszystkich cz\u0142onk\u00f3w Zarz\u0105du.<\/li>\n<li>Uchwa\u0142y, po uzyskaniu akceptacji Zgromadzenia Si\u00f3str Matki Bo\u017cej Mi\u0142osierdzia, do wa\u017cno\u015bci wymagaj\u0105 zatwierdzenia przez Arcybiskupa Krakowskiego.<\/li>\n<\/ol>\n<\/div>\n<p align=\"center\"><b><span style=\"color: #800000\"> \u00a7 27<\/span> <\/b><\/p>\n<p align=\"justify\">W przypadku rozwi\u0105zania Stowarzyszenia Zarz\u0105d w porozumieniu ze Zgromadzeniem Si\u00f3str Matki Bo\u017cej Mi\u0142osierdzia oraz Arcybiskupem Krakowskim okre\u015bla spos\u00f3b likwidacji oraz wybiera Komisj\u0119 likwidacyjn\u0105 w sk\u0142adzie 3 &#8211; 5 os\u00f3b, kt\u00f3ra przeprowadzi likwidacj\u0119 Stowarzyszenia.<\/p>\n<p align=\"center\"><b><span style=\"color: #800000\"> \u00a7 28<\/span> <\/b><\/p>\n<p style=\"text-align: justify\" align=\"justify\">W razie likwidacji Stowarzyszenia jego maj\u0105tek przechodzi na rzecz Zgromadzenia\u00a0 Si\u00f3str\u00a0 Matki\u00a0 Bo\u017cej\u00a0 Mi\u0142osierdzia,\u00a0kt\u00f3re zadysponuje nim zgodnie z przepisami prawa kanonicznego.<\/p>\n<p align=\"center\"><img decoding=\"async\" title=\"Stowarzyszenie Aposto\u0142\u00f3w Bo\u017cego Mi\u0142osierdzia \u201eFaustinum\u201d - Charakter dzie\u0142a \u2013 Statut\" src=\"https:\/\/www.faustyna.pl\/images\/stories\/stowarzyszenie_faustinum_charakter_dziela_statut2.jpg\" alt=\"\" \/><\/p>\n","protected":false},"excerpt":{"rendered":"<p>&nbsp; STATUT STOWARZYSZENIA APOSTO\u0141\u00d3W BO\u017bEGO MI\u0141OSIERDZIA \u201eFAUSTINUM\u201d &nbsp; Rozdzia\u0142 I Postanowienia og\u00f3lne \u00a7 1 Stowarzyszenie nosi nazw\u0119: Stowarzyszenie Aposto\u0142\u00f3w Bo\u017cego Mi\u0142osierdzia \u201eFaustinum\u201d i zwane jest w dalszym ci\u0105gu Stowarzyszeniem. \u00a7 2 Stowarzyszenie wyrasta z charyzmatu \u015bw. Faustyny Kowalskiej ze Zgromadzenia Matki Bo\u017cej Mi\u0142osierdzia. Mo\u017ce \u0142\u0105czy\u0107 kap\u0142an\u00f3w, osoby konsekrowane i \u015bwieckie, kt\u00f3re pragn\u0105 nie\u015b\u0107 \u015bwiatu or\u0119dzie [&hellip;]<\/p>\n","protected":false},"author":1,"featured_media":0,"parent":0,"menu_order":0,"comment_status":"closed","ping_status":"closed","template":"page_detailsNoHeaderSpace.php","meta":{"footnotes":""},"categories":[77],"tags":[],"class_list":["post-2699","page","type-page","status-publish","hentry","category-faustinum-charakter-dziela"],"_links":{"self":[{"href":"https:\/\/www.faustyna.pl\/zmbm\/wp-json\/wp\/v2\/pages\/2699","targetHints":{"allow":["GET"]}}],"collection":[{"href":"https:\/\/www.faustyna.pl\/zmbm\/wp-json\/wp\/v2\/pages"}],"about":[{"href":"https:\/\/www.faustyna.pl\/zmbm\/wp-json\/wp\/v2\/types\/page"}],"author":[{"embeddable":true,"href":"https:\/\/www.faustyna.pl\/zmbm\/wp-json\/wp\/v2\/users\/1"}],"replies":[{"embeddable":true,"href":"https:\/\/www.faustyna.pl\/zmbm\/wp-json\/wp\/v2\/comments?post=2699"}],"version-history":[{"count":10,"href":"https:\/\/www.faustyna.pl\/zmbm\/wp-json\/wp\/v2\/pages\/2699\/revisions"}],"predecessor-version":[{"id":3810,"href":"https:\/\/www.faustyna.pl\/zmbm\/wp-json\/wp\/v2\/pages\/2699\/revisions\/3810"}],"wp:attachment":[{"href":"https:\/\/www.faustyna.pl\/zmbm\/wp-json\/wp\/v2\/media?parent=2699"}],"wp:term":[{"taxonomy":"category","embeddable":true,"href":"https:\/\/www.faustyna.pl\/zmbm\/wp-json\/wp\/v2\/categories?post=2699"},{"taxonomy":"post_tag","embeddable":true,"href":"https:\/\/www.faustyna.pl\/zmbm\/wp-json\/wp\/v2\/tags?post=2699"}],"curies":[{"name":"wp","href":"https:\/\/api.w.org\/{rel}","templated":true}]}}