



{"id":2705,"date":"2014-12-29T23:58:26","date_gmt":"2014-12-29T23:58:26","guid":{"rendered":"http:\/\/www.faustyna.pl\/zmbm\/?page_id=2705"},"modified":"2015-03-14T22:37:35","modified_gmt":"2015-03-14T21:37:35","slug":"czlonkostwo-faustinum","status":"publish","type":"page","link":"https:\/\/www.faustyna.pl\/zmbm\/czlonkostwo-faustinum\/","title":{"rendered":"Cz\u0142onkostwo"},"content":{"rendered":"<p align=\"center\">\n<img loading=\"lazy\" decoding=\"async\" class=\"no-border alignnone\" width=\"96\" height=\"131\" align=\"middle\" alt=\"Der Verein \u201eFaustinum\u201d\" src=\"https:\/\/www.faustyna.pl\/images\/stories\/stowarzyszenie_faustinum_logo.jpg\" title=\" \u201eFaustinum\u201d\">\n<\/p>\n<p style=\"text-align: justify;\"><img loading=\"lazy\" decoding=\"async\" style=\"border: 1px solid #998822; margin: 1px 6px 2px 0pt; padding: 2px;\" title=\"Stowarzyszenie Aposto\u0142\u00f3w Bo\u017cego Mi\u0142osierdzia \u201eFaustinum\u201d - Wolontariusze i cz\u0142onkowie \u2013 Cz\u0142onkostwo\" src=\"https:\/\/www.faustyna.pl\/images\/stories\/stowarzyszenie_faustinum_wolontariusze_czlonkowie_czlonkostwo.jpg\" alt=\" \" width=\"215\" height=\"166\" align=\"left\" border=\"1\" \/> Po rocznym wolontariacie w stowarzyszeniu \u201eFaustinum\u201d mo\u017cna si\u0119 ubiega\u0107 o cz\u0142onkostwo. Cz\u0142onkowie spo\u015br\u00f3d wielu dr\u00f3g d\u0105\u017cenia do chrze\u015bcija\u0144skiej doskona\u0142o\u015bci wybieraj\u0105 t\u0119, kt\u00f3r\u0105 ukaza\u0142a \u015bw. Siostra Faustyna, wchodz\u0105 g\u0142\u0119biej w jej duchowo\u015b\u0107 i misj\u0119 apostolsk\u0105, staj\u0105 si\u0119 najbli\u017cszymi wsp\u00f3\u0142pracownikami Zgromadzenia Si\u00f3str Matki Bo\u017cej Mi\u0142osierdzia, kt\u00f3rzy pe\u0142ni\u0105 jego charyzmat w \u015bwiecie. Nie ma takiej konieczno\u015bci, aby po rocznym wolontariacie ubiega\u0107 si\u0119 o cz\u0142onkostwo. Wolontariuszem mo\u017cna pozosta\u0107 ca\u0142e \u017cycie. Wa\u017cne jest to, by dobrze rozpozna\u0107 w swoim \u017cyciu wol\u0119 Bo\u017c\u0105 i wiernie j\u0105 wype\u0142ni\u0107.<\/p>\n<p style=\"text-align: justify;\"><span style=\"color: #800000;\"><strong>Cz\u0142onkiem mo\u017ce by\u0107<\/strong><\/span>\u00a0 osoba\u00a0\u00a0 pe\u0142noletnia,\u00a0 kt\u00f3ra\u00a0 rozpoznaje\u00a0 w\u00a0 sobie charyzmat \u015bw. Siostry Faustyny i chce pe\u0142niej w\u0142\u0105czy\u0107 si\u0119 w przekazane jej przez Pana\u00a0 Jezusa dzie\u0142o g\u0142oszenia\u00a0 or\u0119dzia\u00a0 Mi\u0142osierdzia\u00a0 czynem,\u00a0 s\u0142owem i modlitw\u0105. Cz\u0142onek ma wi\u0119c obowi\u0105zek podj\u0119cia programowej formacji prowadzonej w Stowarzyszeniu (w j\u0119zyku polskim, angielskim, niemieckim, francuskim, czeskim lub s\u0142owackim), a to wyklucza przynale\u017cno\u015b\u0107 do innych wsp\u00f3lnot, w kt\u00f3rych obowi\u0105zuje formacja.\u00a0 Podstawowa formacja w stowarzy<img loading=\"lazy\" decoding=\"async\" style=\"border: 1px solid #998822; margin: 1px 0px 2px 6px; padding: 2px;\" title=\"Stowarzyszenie Aposto\u0142\u00f3w Bo\u017cego Mi\u0142osierdzia \u201eFaustinum\u201d - Wolontariusze i cz\u0142onkowie \u2013 Cz\u0142onkostwo\" src=\"https:\/\/www.faustyna.pl\/images\/stories\/stowarzyszenie_faustinum_wolontariusze_czlonkowie_czlonkostwo2.jpg\" alt=\" \" width=\"143\" height=\"193\" align=\"right\" border=\"1\" \/>szeniu\u00a0 \u201eFaustinum\u201d\u00a0 w\u00a0 cyklu\u00a0 miesi\u0119cznym\u00a0 trwa 4 lata, a na jej zako\u0144czenie cz\u0142onkowie sk\u0142adaj\u0105 pisemny test. Test mo\u017cna sk\u0142ada\u0107 do 8 lat od daty przyj\u0119cia do grona cz\u0142onk\u00f3w. W przypadku nie przyst\u0105pienia do testu formacyjnego lub nie zdania go z wynikiem\u00a0 pozytywnym,\u00a0 cz\u0142onek\u00a0 powraca do szeregu wolontariuszy \u201eFaustinum\u201d. Po pozytywnym z\u0142o\u017ceniu testu formacyjnego cz\u0142onkowie maj\u0105 prawo do noszenia odznaki \u201eFaustinum\u201d\u00a0 i\u00a0 uczestniczenia w formacji permanentnej (sta\u0142ej).<\/p>\n<p style=\"text-align: justify;\"><span style=\"color: #800000;\"><strong>Ponadto cz\u0142onkowie maj\u0105 obowi\u0105zek<\/strong><\/span> regularnego\u00a0 korzystania z sakrament\u00f3w \u015bwi\u0119tych, troski o rozwijanie w sobie postawy zaufania wobec Pana Boga i mi\u0142osierdzia wzgl\u0119dem bli\u017anich (spe\u0142niania w ci\u0105gu dnia cho\u0107 1 aktu mi\u0142osierdzia z mi\u0142o\u015bci do Jezusa przez czyn, s\u0142owo, modlitw\u0119), praktykowania form kultu Mi\u0142osierdzia przekazanych przez \u015bw. Siostr\u0119 Faustyn\u0119 (codziennego odmawiania Koronki do Mi\u0142osierdzia Bo\u017cego, czci obrazu Jezusa Mi\u0142osiernego,\u00a0 obchodzenia\u00a0 \u015bwi\u0119ta\u00a0 Mi\u0142osierdzia i praktykowania modlitwy w Godzinie Mi\u0142osierdzia), a tak\u017ce przestrzegania Statutu, Regu\u0142y i uchwa\u0142 Stowarzyszenia oraz op\u0142acania sk\u0142adek cz\u0142onkowskich. W przypadku niemo\u017cno\u015bci spe\u0142niania tego ostatniego obowi\u0105zku nale\u017cy pisemnie zwr\u00f3ci\u0107 si\u0119 z pro\u015bb\u0105 o zwolnienie z op\u0142at cz\u0142onkowskich z uzasadnieniem.<\/p>\n<p style=\"text-align: justify;\"><span style=\"color: #800000;\"><strong>Cz\u0142onkowie Stowarzyszenia<\/strong><\/span>, staj\u0105c si\u0119 aposto\u0142ami\u00a0 Bo\u017cego Mi\u0142osierdzia pe\u0142niej zaanga\u017cowanymi w misj\u0119 \u015bw. Siostry Faustyny, <strong><span style=\"color: #800000;\">korzystaj\u0105 ze wszystkich obietnic<\/span><\/strong>, kt\u00f3re Pan Jezus przekaza\u0142 przez \u015bw. Siostr\u0119 Faustyn\u0119 (szczeg\u00f3lnie tych, kt\u00f3re s\u0105 zapisane w jej \u201eDzienniczku\u201d pod numerem 1075, 1540, 1521), chc\u0105 \u017cy\u0107 wed\u0142ug Regu\u0142y Stowarzyszenia, pe\u0142niej uczestniczy\u0107 w jego pracach, maj\u0105 prawo wybiera\u0107 i by\u0107 wybieranymi do jego w\u0142adz, otrzyma\u0107 legitymacj\u0119 i nosi\u0107 odznak\u0119 \u201eFaustinum\u201d (po uko\u0144czeniu formacji podstawowej i pozytywnym z\u0142o\u017ceniu testu), a tak\u017ce mog\u0105 zg\u0142asza\u0107 wnioski i propozycje dotycz\u0105ce dzia\u0142alno\u015bci Stowarzyszenia.<\/p>\n<p><span style=\"color: #800000;\"><strong>Przy ubieganiu si\u0119 o cz\u0142onkostwo<\/strong><\/span> trzeba w sekretariacie \u201eFaustinum\u201d z\u0142o\u017cy\u0107 nast\u0119puj\u0105ce <span style=\"color: #800000;\"><strong>dokumenty<\/strong><\/span>:<\/p>\n<div align=\"justify\">\n<ol style=\"margin: 0px; padding: 0pt 0pt 0px 26px;\">\n<li>Podanie skierowane\u00a0 do\u00a0 Zarz\u0105du\u00a0 \u201eFaustinum\u201d\u00a0 z\u00a0 umotywowan\u0105\u00a0 pro\u015bb\u0105 o przyj\u0119cie do grona cz\u0142onk\u00f3w.<\/li>\n<li>Wype\u0142niony kwestionariusz, kt\u00f3ry wcze\u015bniej nale\u017cy pobra\u0107 w sekretariacie (po roku wolontariatu).<\/li>\n<li>Opini\u0119 swojego ksi\u0119dza proboszcza, dotycz\u0105c\u0105 \u017cycia i moralno\u015bci chrze\u015bcija\u0144skiej\u00a0(w zaklejonej kopercie opatrzonej piecz\u0119ci\u0105 parafii).<\/li>\n<li>Dwie inne opinie potwierdzone przez kap\u0142ana lub zgromadzenie zakonne i opatrzone piecz\u0119ci\u0105. Kap\u0142an potwierdza wiarygodno\u015b\u0107 osoby pisz\u0105cej opini\u0119.<\/li>\n<li>Dwa zdj\u0119cia (do legitymacji i archiwum).<\/li>\n<\/ol>\n<\/div>\n<p align=\"justify\"><img loading=\"lazy\" decoding=\"async\" style=\"border: 1px solid #998822; margin: 1px 6px 26px 0pt; padding: 2px;\" title=\"Stowarzyszenie Aposto\u0142\u00f3w Bo\u017cego Mi\u0142osierdzia \u201eFaustinum\u201d - Wolontariusze i cz\u0142onkowie \u2013 Cz\u0142onkostwo\" src=\"https:\/\/www.faustyna.pl\/images\/stories\/stowarzyszenie_faustinum_wolontariusze_czlonkowie_czlonkostwo3.jpg\" alt=\" \" width=\"147\" height=\"233\" align=\"left\" border=\"1\" \/> Po zapoznaniu si\u0119 ze z\u0142o\u017conymi dokumentami Zarz\u0105d w tajnym g\u0142osowaniu wypowiada sw\u0105 decyzj\u0119 w sprawie cz\u0142onkostwa i powiadamia o niej zainteresowan\u0105 osob\u0119.<\/p>\n<p style=\"text-align: justify;\">Osoby przyj\u0119te\u00a0 do\u00a0 grona\u00a0 cz\u0142onk\u00f3w\u00a0 \u201eFaustinum\u201d <span style=\"color: #800000;\"><strong>w czasie uroczystej ceremonii<\/strong> <\/span>otrzymuj\u0105 z r\u0105k celebransa specjalne b\u0142ogos\u0142awie\u0144stwo i \u201eRegu\u0142\u0119 cz\u0142onk\u00f3w Faustinum\u201d, a tak\u017ce legitymacje cz\u0142onkowskie, kt\u00f3re wr\u0119cza prze\u0142o\u017cona generalna Zgromadzenia Si\u00f3str Matki Bo\u017cej Mi\u0142osierdzia lub osoba przez ni\u0105 wyznaczona.<\/p>\n","protected":false},"excerpt":{"rendered":"<p>Po rocznym wolontariacie w stowarzyszeniu \u201eFaustinum\u201d mo\u017cna si\u0119 ubiega\u0107 o cz\u0142onkostwo. Cz\u0142onkowie spo\u015br\u00f3d wielu dr\u00f3g d\u0105\u017cenia do chrze\u015bcija\u0144skiej doskona\u0142o\u015bci wybieraj\u0105 t\u0119, kt\u00f3r\u0105 ukaza\u0142a \u015bw. Siostra Faustyna, wchodz\u0105 g\u0142\u0119biej w jej duchowo\u015b\u0107 i misj\u0119 apostolsk\u0105, staj\u0105 si\u0119 najbli\u017cszymi wsp\u00f3\u0142pracownikami Zgromadzenia Si\u00f3str Matki Bo\u017cej Mi\u0142osierdzia, kt\u00f3rzy pe\u0142ni\u0105 jego charyzmat w \u015bwiecie. Nie ma takiej konieczno\u015bci, aby po [&hellip;]<\/p>\n","protected":false},"author":1,"featured_media":0,"parent":0,"menu_order":0,"comment_status":"closed","ping_status":"closed","template":"page_detailsNoHeaderSpace.php","meta":{"footnotes":""},"categories":[78],"tags":[],"class_list":["post-2705","page","type-page","status-publish","hentry","category-wolontariusze-i-czlonkowie"],"_links":{"self":[{"href":"https:\/\/www.faustyna.pl\/zmbm\/wp-json\/wp\/v2\/pages\/2705","targetHints":{"allow":["GET"]}}],"collection":[{"href":"https:\/\/www.faustyna.pl\/zmbm\/wp-json\/wp\/v2\/pages"}],"about":[{"href":"https:\/\/www.faustyna.pl\/zmbm\/wp-json\/wp\/v2\/types\/page"}],"author":[{"embeddable":true,"href":"https:\/\/www.faustyna.pl\/zmbm\/wp-json\/wp\/v2\/users\/1"}],"replies":[{"embeddable":true,"href":"https:\/\/www.faustyna.pl\/zmbm\/wp-json\/wp\/v2\/comments?post=2705"}],"version-history":[{"count":4,"href":"https:\/\/www.faustyna.pl\/zmbm\/wp-json\/wp\/v2\/pages\/2705\/revisions"}],"predecessor-version":[{"id":3797,"href":"https:\/\/www.faustyna.pl\/zmbm\/wp-json\/wp\/v2\/pages\/2705\/revisions\/3797"}],"wp:attachment":[{"href":"https:\/\/www.faustyna.pl\/zmbm\/wp-json\/wp\/v2\/media?parent=2705"}],"wp:term":[{"taxonomy":"category","embeddable":true,"href":"https:\/\/www.faustyna.pl\/zmbm\/wp-json\/wp\/v2\/categories?post=2705"},{"taxonomy":"post_tag","embeddable":true,"href":"https:\/\/www.faustyna.pl\/zmbm\/wp-json\/wp\/v2\/tags?post=2705"}],"curies":[{"name":"wp","href":"https:\/\/api.w.org\/{rel}","templated":true}]}}