



{"id":2707,"date":"2014-12-29T23:58:45","date_gmt":"2014-12-29T22:58:45","guid":{"rendered":"http:\/\/www.faustyna.pl\/zmbm\/?page_id=2707"},"modified":"2015-03-14T22:36:08","modified_gmt":"2015-03-14T21:36:08","slug":"inne-faustinum","status":"publish","type":"page","link":"https:\/\/www.faustyna.pl\/zmbm\/inne-faustinum\/","title":{"rendered":"Inne"},"content":{"rendered":"<p align=\"center\">\n<img loading=\"lazy\" decoding=\"async\" class=\"no-border alignnone\" width=\"96\" height=\"131\" align=\"middle\" alt=\"Der Verein \u201eFaustinum\u201d\" src=\"https:\/\/www.faustyna.pl\/images\/stories\/stowarzyszenie_faustinum_logo.jpg\" title=\" \u201eFaustinum\u201d\">\n<\/p>\n<p align=\"justify\"><img loading=\"lazy\" decoding=\"async\" style=\"margin: 1px 6px 2px 0px;border: #998822 1px solid;padding: 2px\" title=\"Stowarzyszenie Aposto\u0142\u00f3w Bo\u017cego Mi\u0142osierdzia \u201eFaustinum\u201d - Dzia\u0142alno\u015b\u0107\" src=\"https:\/\/www.faustyna.pl\/images\/stories\/stowarzyszenie_faustinum_dzialalnosc_inne.jpg\" alt=\" \" width=\"213\" height=\"166\" align=\"left\" border=\"1\" \/> Wsp\u00f3lnoty \u201eFaustinum\u201d, jak r\u00f3wnie\u017c wolontariusze i cz\u0142onkowie indywidualnie w\u0142\u0105czaj\u0105 si\u0119 w pos\u0142ug\u0119 modlitewn\u0105 w Sanktuarium\u00a0 Mi\u0142osierdzia\u00a0 Bo\u017cego w Krakowie-\u0141agiewnikach oraz w swoich parafiach, wypraszaj\u0105c Bo\u017ce mi\u0142osierdzie dla ca\u0142ego \u015bwiata. W sanktuarium Bo\u017cego Mi\u0142osierdzia w Kaplicy Wieczystej Adoracji cz\u0142onkowie i wolontariusze \u201eFaustinum\u201d spotykaj\u0105 si\u0119 w poniedzia\u0142ki w godzinach: 10:00 \u2013 12:00 oraz w czwartki w godzinach: 18:00 \u2013 19:00.<\/p>\n<p style=\"text-align: justify\"><img loading=\"lazy\" decoding=\"async\" style=\"margin: 1px 0px 2px 6px;border: #998822 1px solid;padding: 2px\" title=\"Stowarzyszenie Aposto\u0142\u00f3w Bo\u017cego Mi\u0142osierdzia \u201eFaustinum\u201d - Dzia\u0142alno\u015b\u0107\" src=\"https:\/\/www.faustyna.pl\/images\/stories\/stowarzyszenie_faustinum_dzialalnosc_inne2.jpg\" alt=\" \" width=\"219\" height=\"166\" align=\"right\" border=\"1\" \/><br \/>\nW miar\u0119 mo\u017cliwo\u015bci i zapotrzebowania w stowarzyszeniu \u201eFaustinum\u201d organizowane s\u0105 r\u00f3wnie\u017c pielgrzymki, szczeg\u00f3lnie do miejsc zwi\u0105zanych z \u017cyciem i misj\u0105 \u015bw. Siostry Faustyny. Szlak jej \u017cycia prowadzi przez\u00a0 wiele miejscowo\u015bci\u00a0 w\u00a0 Polsce i na Litwie (Wilno), a w Krakowie i \u0141odzi zosta\u0142 otwarty szlak upami\u0119tniaj\u0105cy miejsca jej pobytu i realizacji misji Mi\u0142osierdzia. Cz\u0142onkowie i wolontariusze \u201eFaustinum\u201d spotykaj\u0105 si\u0119 tak\u017ce przy innych okazjach, tak\u017ce rekreacyjnych np. na ognisku.<\/p>\n<p style=\"text-align: justify\"><img loading=\"lazy\" decoding=\"async\" style=\"margin: 1px 6px 2px 0px;border: #998822 1px solid;padding: 2px\" title=\"Stowarzyszenie Aposto\u0142\u00f3w Bo\u017cego Mi\u0142osierdzia \u201eFaustinum\u201d - Dzia\u0142alno\u015b\u0107\" src=\"https:\/\/www.faustyna.pl\/images\/stories\/stowarzyszenie_faustinum_dzialalnosc_inne3.jpg\" alt=\" \" width=\"217\" height=\"166\" align=\"left\" border=\"1\" \/> Cz\u0142onkowie i wolontariusze \u201eFaustinum\u201d w swoich parafiach troszcz\u0105 si\u0119 o uroczysty przebieg uroczysto\u015bci ku czci Mi\u0142osierdzia Bo\u017cego i \u015bw. Siostry Faustyny, szczeg\u00f3lnie o przygotowanie \u015awi\u0119ta Mi\u0142osierdzia w pierwsz\u0105 niedziel\u0119 po Wielkanocy i obchody wspomnienia liturgicznego \u015bw. Siostry Faustyny 5 pa\u017adziernika. Uczestnicz\u0105 w wielu dzie\u0142ach mi\u0142osierdzia w miejscach pracy i parafiach, by w ka\u017cdy mo\u017cliwy spos\u00f3b, zawsze i wsz\u0119dzie uobecnia\u0107 mi\u0142osiern\u0105 mi\u0142o\u015b\u0107 Boga do cz\u0142owieka na ziemi.<\/p>\n","protected":false},"excerpt":{"rendered":"<p>Wsp\u00f3lnoty \u201eFaustinum\u201d, jak r\u00f3wnie\u017c wolontariusze i cz\u0142onkowie indywidualnie w\u0142\u0105czaj\u0105 si\u0119 w pos\u0142ug\u0119 modlitewn\u0105 w Sanktuarium\u00a0 Mi\u0142osierdzia\u00a0 Bo\u017cego w Krakowie-\u0141agiewnikach oraz w swoich parafiach, wypraszaj\u0105c Bo\u017ce mi\u0142osierdzie dla ca\u0142ego \u015bwiata. W sanktuarium Bo\u017cego Mi\u0142osierdzia w Kaplicy Wieczystej Adoracji cz\u0142onkowie i wolontariusze \u201eFaustinum\u201d spotykaj\u0105 si\u0119 w poniedzia\u0142ki w godzinach: 10:00 \u2013 12:00 oraz w czwartki w godzinach: [&hellip;]<\/p>\n","protected":false},"author":1,"featured_media":0,"parent":0,"menu_order":0,"comment_status":"closed","ping_status":"closed","template":"page_detailsNoHeaderSpace.php","meta":{"footnotes":""},"categories":[79],"tags":[],"class_list":["post-2707","page","type-page","status-publish","hentry","category-faustinum-dzialalnosc"],"_links":{"self":[{"href":"https:\/\/www.faustyna.pl\/zmbm\/wp-json\/wp\/v2\/pages\/2707","targetHints":{"allow":["GET"]}}],"collection":[{"href":"https:\/\/www.faustyna.pl\/zmbm\/wp-json\/wp\/v2\/pages"}],"about":[{"href":"https:\/\/www.faustyna.pl\/zmbm\/wp-json\/wp\/v2\/types\/page"}],"author":[{"embeddable":true,"href":"https:\/\/www.faustyna.pl\/zmbm\/wp-json\/wp\/v2\/users\/1"}],"replies":[{"embeddable":true,"href":"https:\/\/www.faustyna.pl\/zmbm\/wp-json\/wp\/v2\/comments?post=2707"}],"version-history":[{"count":5,"href":"https:\/\/www.faustyna.pl\/zmbm\/wp-json\/wp\/v2\/pages\/2707\/revisions"}],"predecessor-version":[{"id":3795,"href":"https:\/\/www.faustyna.pl\/zmbm\/wp-json\/wp\/v2\/pages\/2707\/revisions\/3795"}],"wp:attachment":[{"href":"https:\/\/www.faustyna.pl\/zmbm\/wp-json\/wp\/v2\/media?parent=2707"}],"wp:term":[{"taxonomy":"category","embeddable":true,"href":"https:\/\/www.faustyna.pl\/zmbm\/wp-json\/wp\/v2\/categories?post=2707"},{"taxonomy":"post_tag","embeddable":true,"href":"https:\/\/www.faustyna.pl\/zmbm\/wp-json\/wp\/v2\/tags?post=2707"}],"curies":[{"name":"wp","href":"https:\/\/api.w.org\/{rel}","templated":true}]}}