



{"id":2727,"date":"2014-12-30T00:06:11","date_gmt":"2014-12-30T00:06:11","guid":{"rendered":"http:\/\/www.faustyna.pl\/zmbm\/?page_id=2727"},"modified":"2015-03-14T22:36:19","modified_gmt":"2015-03-14T21:36:19","slug":"dni-skupienia-faustinum","status":"publish","type":"page","link":"https:\/\/www.faustyna.pl\/zmbm\/dni-skupienia-faustinum\/","title":{"rendered":"Dni skupienia"},"content":{"rendered":"<p align=\"center\"><img loading=\"lazy\" decoding=\"async\" class=\"no-border alignnone\" title=\" \u201eFaustinum\u201d\" src=\"https:\/\/www.faustyna.pl\/images\/stories\/stowarzyszenie_faustinum_logo.jpg\" alt=\"Der Verein \u201eFaustinum\u201d\" width=\"96\" height=\"131\" align=\"middle\" \/><\/p>\n<p align=\"justify\"><img loading=\"lazy\" decoding=\"async\" style=\"border: 1px solid #998822; margin: 1px 6px 2px 0px; padding: 2px;\" title=\"Stowarzyszenie Aposto\u0142\u00f3w Bo\u017cego Mi\u0142osierdzia \u201eFaustinum\u201d - Dzia\u0142alno\u015b\u0107- Dni skupienia\" src=\"https:\/\/www.faustyna.pl\/images\/stories\/stowarzyszenie_faustinum_dzialalnosc_dni_skupienia.jpg\" alt=\" \" width=\"201\" height=\"151\" align=\"left\" border=\"1\" \/> Cz\u0142onkowie i wolontariusze \u201eFaustinum\u201d prze\u017cywaj\u0105 swoje spotkanie z mi\u0142osiernym Bogiem w czasie corocznych dni skupienia, sta\u0142ych w Adwencie i Wielkim Po\u015bcie, a tak\u017ce w czasie dni skupienia dla poszczeg\u00f3lnych wsp\u00f3lnot Stowarzyszenia dzia\u0142aj\u0105cych przy parafiach lub domach Zgromadzenia Si\u00f3str Matki Bo\u017cej Mi\u0142osierdzia. Jest to dzie\u0144 duchowej odnowy, a zarazem dope\u0142niania formacji w duchu Mi\u0142osierdzia.<\/p>\n","protected":false},"excerpt":{"rendered":"<p>Cz\u0142onkowie i wolontariusze \u201eFaustinum\u201d prze\u017cywaj\u0105 swoje spotkanie z mi\u0142osiernym Bogiem w czasie corocznych dni skupienia, sta\u0142ych w Adwencie i Wielkim Po\u015bcie, a tak\u017ce w czasie dni skupienia dla poszczeg\u00f3lnych wsp\u00f3lnot Stowarzyszenia dzia\u0142aj\u0105cych przy parafiach lub domach Zgromadzenia Si\u00f3str Matki Bo\u017cej Mi\u0142osierdzia. Jest to dzie\u0144 duchowej odnowy, a zarazem dope\u0142niania formacji w duchu Mi\u0142osierdzia.<\/p>\n","protected":false},"author":1,"featured_media":0,"parent":0,"menu_order":0,"comment_status":"closed","ping_status":"closed","template":"page_detailsNoHeaderSpace.php","meta":{"footnotes":""},"categories":[79],"tags":[],"class_list":["post-2727","page","type-page","status-publish","hentry","category-faustinum-dzialalnosc"],"_links":{"self":[{"href":"https:\/\/www.faustyna.pl\/zmbm\/wp-json\/wp\/v2\/pages\/2727","targetHints":{"allow":["GET"]}}],"collection":[{"href":"https:\/\/www.faustyna.pl\/zmbm\/wp-json\/wp\/v2\/pages"}],"about":[{"href":"https:\/\/www.faustyna.pl\/zmbm\/wp-json\/wp\/v2\/types\/page"}],"author":[{"embeddable":true,"href":"https:\/\/www.faustyna.pl\/zmbm\/wp-json\/wp\/v2\/users\/1"}],"replies":[{"embeddable":true,"href":"https:\/\/www.faustyna.pl\/zmbm\/wp-json\/wp\/v2\/comments?post=2727"}],"version-history":[{"count":2,"href":"https:\/\/www.faustyna.pl\/zmbm\/wp-json\/wp\/v2\/pages\/2727\/revisions"}],"predecessor-version":[{"id":3796,"href":"https:\/\/www.faustyna.pl\/zmbm\/wp-json\/wp\/v2\/pages\/2727\/revisions\/3796"}],"wp:attachment":[{"href":"https:\/\/www.faustyna.pl\/zmbm\/wp-json\/wp\/v2\/media?parent=2727"}],"wp:term":[{"taxonomy":"category","embeddable":true,"href":"https:\/\/www.faustyna.pl\/zmbm\/wp-json\/wp\/v2\/categories?post=2727"},{"taxonomy":"post_tag","embeddable":true,"href":"https:\/\/www.faustyna.pl\/zmbm\/wp-json\/wp\/v2\/tags?post=2727"}],"curies":[{"name":"wp","href":"https:\/\/api.w.org\/{rel}","templated":true}]}}