



{"id":2730,"date":"2014-12-30T00:06:50","date_gmt":"2014-12-30T00:06:50","guid":{"rendered":"http:\/\/www.faustyna.pl\/zmbm\/?page_id=2730"},"modified":"2015-03-15T10:59:42","modified_gmt":"2015-03-15T09:59:42","slug":"w-parafiach-w-polsce-faustinum","status":"publish","type":"page","link":"https:\/\/www.faustyna.pl\/zmbm\/w-parafiach-w-polsce-faustinum\/","title":{"rendered":"W parafiach w&nbsp;Polsce"},"content":{"rendered":"<p align=\"center\"><img loading=\"lazy\" decoding=\"async\" class=\"no-border alignnone\" title=\" \u201eFaustinum\u201d\" src=\"https:\/\/www.faustyna.pl\/images\/stories\/stowarzyszenie_faustinum_logo.jpg\" alt=\"Der Verein \u201eFaustinum\u201d\" width=\"96\" height=\"131\" align=\"middle\" \/><\/p>\n<p style=\"padding-left: 30px\"><span style=\"color: #003300\"><strong>BOJSZOWY<\/strong><\/span><br \/>\n<span style=\"color: #003300\"><strong> Parafia Narodzenia \u015bw. Jana Chrzciciela<\/strong><\/span><\/p>\n<table cellspacing=\"10\">\n<tbody>\n<tr>\n<td>\u00a0<img loading=\"lazy\" decoding=\"async\" title=\"Wsp\u00f3lnota Faustinum w parafii - BOJSZOWY\" src=\"https:\/\/www.faustyna.pl\/images\/stories\/noimg.png\" alt=\"\" width=\"180\" height=\"135\" align=\"left\" border=\"1\" \/><\/td>\n<td>Szcz\u0119sna<br \/>\n43-220 Bojszowy<br \/>\nks. Andrzej Ma\u015blanka<br \/>\ntel.: (032) 218 91 00<\/td>\n<\/tr>\n<\/tbody>\n<\/table>\n<p style=\"padding-left: 30px\"><span style=\"color: #003300\"><strong>D\u0118BICA<\/strong><\/span><br \/>\n<span style=\"color: #003300\"><strong> Parafia Mi\u0142osierdzia Bo\u017cego<\/strong><\/span><\/p>\n<table cellspacing=\"10\">\n<tbody>\n<tr>\n<td>\u00a0<img loading=\"lazy\" decoding=\"async\" title=\"Wsp\u00f3lnota Faustinum w parafii - D\u0118BICA\" src=\"https:\/\/www.faustyna.pl\/images\/stories\/noimg.png\" alt=\"\" width=\"180\" height=\"135\" align=\"left\" border=\"1\" \/><\/td>\n<td>ul. Mickiewicza 2<br \/>\n39-200 D\u0119bica<br \/>\ntel.: (014) 681 24 05<\/td>\n<\/tr>\n<\/tbody>\n<\/table>\n<p style=\"padding-left: 30px\"><span style=\"color: #003300\"><strong>GDYNIA<\/strong><\/span><br \/>\n<span style=\"color: #003300\"><strong> Parafia Chrystusa Mi\u0142osiernego<\/strong><\/span><\/p>\n<table cellspacing=\"10\">\n<tbody>\n<tr>\n<td>\u00a0<img loading=\"lazy\" decoding=\"async\" title=\"Wsp\u00f3lnota Faustinum w parafii - GDYNIA\" src=\"https:\/\/www.faustyna.pl\/images\/stories\/noimg.png\" alt=\"\" width=\"180\" height=\"135\" align=\"left\" border=\"1\" \/><\/td>\n<td>ul. Kopernika 75<br \/>\n81-456 Gdynia<br \/>\nks. Jan W\u00f3jcik<br \/>\ntel.: (058) 622 43 28<\/td>\n<\/tr>\n<\/tbody>\n<\/table>\n<p style=\"padding-left: 30px\"><span style=\"color: #003300\"><strong>GDYNIA-CISOWA<\/strong><\/span><br \/>\n<span style=\"color: #003300\"><strong> Parafia Przemienienia Pa\u0144skiego<\/strong><\/span><\/p>\n<table cellspacing=\"10\">\n<tbody>\n<tr>\n<td><img loading=\"lazy\" decoding=\"async\" title=\"Wsp\u00f3lnota Faustinum w parafii - GDYNIA-CISOWA\" src=\"https:\/\/www.faustyna.pl\/images\/stories\/noimg.png\" alt=\"\" width=\"180\" height=\"135\" align=\"left\" border=\"1\" \/><\/td>\n<td>ul. Kcy\u0144ska 2<br \/>\n81-001 Gdynia-Cisowa<br \/>\nks. Stanis\u0142aw Megier<br \/>\ntel.: (058) 623 62 24<\/td>\n<\/tr>\n<\/tbody>\n<\/table>\n<p style=\"padding-left: 30px\"><span style=\"color: #003300\"><strong>KATOWICE<\/strong><\/span><br \/>\n<span style=\"color: #003300\"><strong> Parafia Podwy\u017cszenia Krzy\u017ca \u015awi\u0119tego<\/strong><\/span><\/p>\n<table cellspacing=\"10\">\n<tbody>\n<tr>\n<td><img loading=\"lazy\" decoding=\"async\" title=\"Wsp\u00f3lnota Faustinum w parafii - KATOWICE\" src=\"https:\/\/www.faustyna.pl\/images\/stories\/noimg.png\" alt=\"\" width=\"180\" height=\"135\" align=\"left\" border=\"1\" \/><\/td>\n<td>ul. Pi\u0119kna 8<br \/>\n40-591 Katowice<br \/>\nks. Ireneusz Tatura<br \/>\ntel.: (032\/)257 15 47<\/td>\n<\/tr>\n<\/tbody>\n<\/table>\n<p style=\"padding-left: 30px\"><span style=\"color: #003300\"><strong>KATOWICE-J\u00d3ZEFOWIEC<\/strong><\/span><br \/>\n<span style=\"color: #003300\"><strong> Parafia \u015bw. J\u00f3zefa Robotnika<\/strong><\/span><\/p>\n<table cellspacing=\"10\">\n<tbody>\n<tr>\n<td>\u00a0<img loading=\"lazy\" decoding=\"async\" title=\"Wsp\u00f3lnota Faustinum w parafii - KATOWICE-J\u00c3\u201cZEFOWIEC\" src=\"https:\/\/www.faustyna.pl\/images\/stories\/noimg.png\" alt=\"\" width=\"180\" height=\"135\" align=\"left\" border=\"1\" \/><\/td>\n<td>ul. Mikusi\u0144skiego 8<br \/>\n40-146 Katowice-J\u00f3zefowiec<br \/>\nks. Zenon Dr\u00f3\u017cd\u017c<br \/>\ntel.: (032) 250 12 93<\/td>\n<\/tr>\n<\/tbody>\n<\/table>\n<p style=\"padding-left: 30px\"><span style=\"color: #003300\"><strong>KATOWICE-PIOTROWICE<\/strong><\/span><br \/>\n<span style=\"color: #003300\"><strong> Parafia Naj\u015bi\u0119tszego Cia\u0142a i Krwi Chrystusa<\/strong><\/span><\/p>\n<table cellspacing=\"10\">\n<tbody>\n<tr>\n<td><img loading=\"lazy\" decoding=\"async\" title=\"Wsp\u00f3lnota Faustinum w parafii - KATOWICE-PIOTROWICE\" src=\"https:\/\/www.faustyna.pl\/images\/stories\/noimg.png\" alt=\"\" width=\"180\" height=\"135\" align=\"left\" border=\"1\" \/><\/td>\n<td>ul. Radockiego 251<br \/>\n40-645 Katowice-Piotrowice<br \/>\nks. Zenon Buchalik<br \/>\ntel.: (032) 206 14 00<\/td>\n<\/tr>\n<\/tbody>\n<\/table>\n<p style=\"padding-left: 30px\"><span style=\"color: #003300\"><strong>K\u0118DZIERZYN-KO\u0179LE<\/strong><\/span><br \/>\n<span style=\"color: #003300\"><strong> Parafia \u015bw. Zygmunta i \u015bw. Jadwigi \u015al\u0105skiej<\/strong><\/span><\/p>\n<table cellspacing=\"10\">\n<tbody>\n<tr>\n<td><img loading=\"lazy\" decoding=\"async\" title=\"Wsp\u00f3lnota Faustinum w parafii - K\u0118DZIERZYN-KO\u0179LE\" src=\"https:\/\/www.faustyna.pl\/images\/stories\/noimg.png\" alt=\"\" width=\"180\" height=\"135\" align=\"left\" border=\"1\" \/><\/td>\n<td>ul. Z\u0142otnicza 12<br \/>\n47-200 K\u0119dzierzyn-Ko\u017ale<br \/>\nks. S\u0142awomir Krawczyk<br \/>\ntel.: (077) 480 13 36<\/td>\n<\/tr>\n<\/tbody>\n<\/table>\n<p style=\"padding-left: 30px\"><span style=\"color: #003300\"><strong>K\u0118DZIERZYN-KO\u0179LE<\/strong><\/span><br \/>\n<span style=\"color: #003300\"><strong> Parafia \u015bw. Eugeniusza de Mazenoda<\/strong><\/span><\/p>\n<table cellspacing=\"10\">\n<tbody>\n<tr>\n<td>\u00a0<img loading=\"lazy\" decoding=\"async\" title=\"Wsp\u00f3lnota Faustinum w parafii - K\u0118DZIERZYN-KO\u0179LE\" src=\"https:\/\/www.faustyna.pl\/images\/stories\/noimg.png\" alt=\"\" width=\"180\" height=\"135\" align=\"left\" border=\"1\" \/><\/td>\n<td>ul. Ligonia 22<br \/>\n47-220 K\u0119dzierzyn-Ko\u017ale<br \/>\no. Tadeusz Kal<br \/>\ntel.: (077) 483 58 06<\/td>\n<\/tr>\n<\/tbody>\n<\/table>\n<p style=\"padding-left: 30px\"><span style=\"color: #003300\"><strong>KLESZCZEWO KO\u015aCIERSKIE<\/strong><\/span><br \/>\n<span style=\"color: #003300\"><strong> Parafia \u015bw. Jana Chrzciciela<\/strong> <\/span><\/p>\n<table cellspacing=\"10\">\n<tbody>\n<tr>\n<td><img loading=\"lazy\" decoding=\"async\" title=\"Wsp\u00f3lnota Faustinum w parafii - KLESZCZEWO KO\u015aCIERSKIE\" src=\"https:\/\/www.faustyna.pl\/images\/stories\/noimg.png\" alt=\"\" width=\"180\" height=\"135\" align=\"left\" border=\"1\" \/><\/td>\n<td>Kleszczewo Ko\u015bcierskie 6<br \/>\n83-206 Kleszczewo Ko\u015bcierskie<br \/>\nks. Edward Kampen<br \/>\ntel.: (058) 561 68 24<\/td>\n<\/tr>\n<\/tbody>\n<\/table>\n<p style=\"padding-left: 30px\">\u00a0<span style=\"color: #003300\"><strong>KRAPKOWICE-OTM\u0118T<\/strong><\/span><br \/>\n<span style=\"color: #003300\"><strong> Parafia Ducha \u015awi\u0119tego<\/strong><\/span><\/p>\n<table cellspacing=\"10\">\n<tbody>\n<tr>\n<td><img loading=\"lazy\" decoding=\"async\" title=\"Wsp\u00f3lnota Faustinum w parafii - KRAPKOWICE-OTM\u0118T\" src=\"https:\/\/www.faustyna.pl\/images\/stories\/noimg.png\" alt=\"\" width=\"180\" height=\"135\" align=\"left\" border=\"1\" \/><\/td>\n<td>ul. 3 Maja 30c<br \/>\n47-300 Krapkowice-Otm\u0119t<br \/>\nks. Krzysztof Wojnarowski<br \/>\ntel.: (077) 466 53 24<\/td>\n<\/tr>\n<\/tbody>\n<\/table>\n<p style=\"padding-left: 30px\"><span style=\"color: #003300\"><strong>KRA\u015aNIK<\/strong><\/span><br \/>\n<span style=\"color: #003300\"><strong> Parafia Mi\u0142osierdzia Bo\u017cego<\/strong><\/span><\/p>\n<table cellspacing=\"10\">\n<tbody>\n<tr>\n<td>\u00a0<img loading=\"lazy\" decoding=\"async\" title=\"Wsp\u00f3lnota Faustinum w parafii - KRA\u015aNIK\" src=\"https:\/\/www.faustyna.pl\/images\/stories\/noimg.png\" alt=\"\" width=\"180\" height=\"135\" align=\"left\" border=\"1\" \/><\/td>\n<td>ul. \u015aw. Faustyny 8<br \/>\n23-200 Kra\u015bnik<br \/>\nks. Wies\u0142aw Szewczuk<br \/>\ntel.: (081)\u00a0884 53 05<\/td>\n<\/tr>\n<\/tbody>\n<\/table>\n<p style=\"padding-left: 30px\"><span style=\"color: #003300\"><strong>KR\u00d3L\u00d3WKA<\/strong><\/span><br \/>\n<span style=\"color: #003300\"><strong> Parafia Przemienienia Pa\u0144skiego<\/strong><\/span><\/p>\n<table cellspacing=\"10\">\n<tbody>\n<tr>\n<td>\u00a0<img loading=\"lazy\" decoding=\"async\" title=\"Wsp\u00f3lnota Faustinum w parafii - KR\u00d3L\u00d3WKA\" src=\"https:\/\/www.faustyna.pl\/images\/stories\/noimg.png\" alt=\"\" width=\"180\" height=\"135\" align=\"left\" border=\"1\" \/><\/td>\n<td>Kr\u00f3l\u00f3wka 3<br \/>\n32-722 Kr\u00f3l\u00f3wka<br \/>\nks. Tadeusz Sk\u00f3ra<br \/>\ntel.: (014) 612 94 95<\/td>\n<\/tr>\n<\/tbody>\n<\/table>\n<p style=\"padding-left: 30px\"><span style=\"color: #003300\"><strong>LUBI\u0118CIN<\/strong><\/span><br \/>\n<span style=\"color: #003300\"><strong> Parafia Naj\u015bwi\u0119tszego Serca Pana Jezusa<\/strong><\/span><\/p>\n<table cellspacing=\"10\">\n<tbody>\n<tr>\n<td><img loading=\"lazy\" decoding=\"async\" title=\"Wsp\u00f3lnota Faustinum w parafii - LUBI\u0118CIN\" src=\"https:\/\/www.faustyna.pl\/images\/stories\/noimg.png\" alt=\"\" width=\"180\" height=\"135\" align=\"left\" border=\"1\" \/><\/td>\n<td>Lubi\u0119cin 81<br \/>\n67-108 Lubi\u0119cin<br \/>\nks. Tadeusz Czapkowicz<br \/>\ntel.: (068) 388 15 66<\/td>\n<\/tr>\n<\/tbody>\n<\/table>\n<p style=\"padding-left: 30px\"><span style=\"color: #003300\"><strong>MORZESZYN<\/strong><\/span><br \/>\n<span style=\"color: #003300\"><strong> Parafia \u015bw. Jakuba Aposto\u0142a<\/strong><\/span><\/p>\n<table cellspacing=\"10\">\n<tbody>\n<tr>\n<td>\u00a0<img loading=\"lazy\" decoding=\"async\" title=\"Wsp\u00f3lnota Faustinum w parafii - MORZESZYN\" src=\"https:\/\/www.faustyna.pl\/images\/stories\/noimg.png\" alt=\"\" width=\"180\" height=\"135\" align=\"left\" border=\"1\" \/><\/td>\n<td>Dzier\u017c\u0105\u017cno 1A<br \/>\n83-132 Morzeszyn<br \/>\nks. Janusz Wachowski<br \/>\ntel.: (058) 536 27 70<\/td>\n<\/tr>\n<\/tbody>\n<\/table>\n<p style=\"padding-left: 30px\"><span style=\"color: #003300\"><strong>MYSZK\u00d3W<\/strong><\/span><br \/>\n<span style=\"color: #003300\"><strong> Parafia \u015bw. Aposto\u0142\u00f3w Piotra i Paw\u0142a<\/strong><\/span><\/p>\n<table cellspacing=\"10\">\n<tbody>\n<tr>\n<td><img loading=\"lazy\" decoding=\"async\" title=\"Wsp\u00f3lnota Faustinum w parafii - MYSZK\u00c3\u201cW\" src=\"https:\/\/www.faustyna.pl\/images\/stories\/noimg.png\" alt=\"\" width=\"180\" height=\"135\" align=\"left\" border=\"1\" \/><\/td>\n<td>Jana Paw\u0142a II 35<br \/>\n42-300 Myszk\u00f3w<br \/>\nks. Jaros\u0142aw Koczur<br \/>\ntel.: (034) 325 76 00<\/td>\n<\/tr>\n<\/tbody>\n<\/table>\n<p style=\"padding-left: 30px\"><span style=\"color: #003300\"><strong>NIEGOS\u0141AWICE<\/strong><\/span><br \/>\n<span style=\"color: #003300\"><strong> Parafia \u015bw. Anny<\/strong><\/span><\/p>\n<table cellspacing=\"10\">\n<tbody>\n<tr>\n<td><img loading=\"lazy\" decoding=\"async\" title=\"Wsp\u00f3lnota Faustinum w parafii - NIEGOS\u0141AWICE\" src=\"https:\/\/www.faustyna.pl\/images\/stories\/noimg.png\" alt=\"\" width=\"180\" height=\"135\" align=\"left\" border=\"1\" \/><\/td>\n<td>Niegos\u0142awice 52<br \/>\n67-312 Niegos\u0142awice<br \/>\nks. Jerzy Szakiel<br \/>\ntel.: (068) 378 10 09<\/td>\n<\/tr>\n<\/tbody>\n<\/table>\n<p style=\"padding-left: 30px\"><span style=\"color: #003300\"><strong>NOWY S\u0104CZ<\/strong><\/span><br \/>\n<span style=\"color: #003300\"><strong> Parafia Matki Bo\u017cej Niepokalanej<\/strong><\/span><\/p>\n<table cellspacing=\"10\">\n<tbody>\n<tr>\n<td><img loading=\"lazy\" decoding=\"async\" title=\"Wsp\u00f3lnota Faustinum w parafii - NOWY S\u00c4\u201eCZ\" src=\"https:\/\/www.faustyna.pl\/images\/stories\/noimg.png\" alt=\"\" width=\"180\" height=\"135\" align=\"left\" border=\"1\" \/><\/td>\n<td>ul. Kr\u00f3lowej Jadwigi 44<br \/>\n33-300 Nowy S\u0105cz<br \/>\nks. Marek Mierzy\u0144ski<br \/>\ntel.: (018) 443 84 14<\/td>\n<\/tr>\n<\/tbody>\n<\/table>\n<p style=\"padding-left: 30px\"><span style=\"color: #003300\"><strong>NOWY S\u0104CZ<\/strong><\/span><br \/>\n<span style=\"color: #003300\"><strong> Parafia \u015bw. Heleny<\/strong><\/span><\/p>\n<table cellspacing=\"10\">\n<tbody>\n<tr>\n<td>\u00a0<img loading=\"lazy\" decoding=\"async\" title=\"Wsp\u00f3lnota Faustinum w parafii - NOWY S\u00c4\u201eCZ\" src=\"https:\/\/www.faustyna.pl\/images\/stories\/noimg.png\" alt=\"\" width=\"180\" height=\"135\" align=\"left\" border=\"1\" \/><\/td>\n<td>ul. \u015bw. Heleny 44<br \/>\n33-300 Nowy S\u0105cz<br \/>\nks. Marcin Ra\u015b<br \/>\ntel.: (018) 441 56 54<\/td>\n<\/tr>\n<\/tbody>\n<\/table>\n<p style=\"padding-left: 30px\"><span style=\"color: #003300\"><strong>NYSA<\/strong><\/span><br \/>\n<span style=\"color: #003300\"><strong> Parafia Matki Bo\u017cej Bolesnej<\/strong><\/span><\/p>\n<table cellspacing=\"10\">\n<tbody>\n<tr>\n<td><img loading=\"lazy\" decoding=\"async\" title=\"Wsp\u00f3lnota Faustinum w parafii - NYSA\" src=\"https:\/\/www.faustyna.pl\/images\/stories\/noimg.png\" alt=\"\" width=\"180\" height=\"135\" align=\"left\" border=\"1\" \/><\/td>\n<td>ul. Marii Rodziewicz\u00f3wny 3<br \/>\n48-300 Nysa<br \/>\no. Marcin Milczanowski<br \/>\ntel.: (077) 433 13 37<\/td>\n<\/tr>\n<\/tbody>\n<\/table>\n<p style=\"padding-left: 30px\"><span style=\"color: #003300\"><strong>OPOLE<\/strong><\/span><br \/>\n<span style=\"color: #003300\"><strong> Parafia B\u0142ogos\u0142awionego Czes\u0142awa<\/strong><\/span><\/p>\n<table cellspacing=\"10\">\n<tbody>\n<tr>\n<td><img loading=\"lazy\" decoding=\"async\" title=\"Wsp\u00f3lnota Faustinum w parafii - OPOLE\" src=\"https:\/\/www.faustyna.pl\/images\/stories\/noimg.png\" alt=\"\" width=\"180\" height=\"135\" align=\"left\" border=\"1\" \/><\/td>\n<td>ul. Hallera 2<br \/>\n45-782 Opole<br \/>\nks. Mariusz Budziarek<br \/>\ntel.: (077) 474 69 71<br \/>\ne-mail: <a href=\"mailto:info@parafia.opole.pl\"><span style=\"color: #0066cc\">info@parafia.opole.pl<\/span><\/a><\/td>\n<\/tr>\n<\/tbody>\n<\/table>\n<p style=\"padding-left: 30px\"><span style=\"color: #003300\"><strong>O\u017bAR\u00d3W MAZOWIECKI<\/strong><\/span><br \/>\n<span style=\"color: #003300\"><strong> Parafia Sanktuarium Mi\u0142osierdzia Bo\u017cego<\/strong><\/span><\/p>\n<table cellspacing=\"10\">\n<tbody>\n<tr>\n<td><img loading=\"lazy\" decoding=\"async\" title=\"Wsp\u00f3lnota Faustinum w parafii - O\u017bAR\u00d3W MAZOWIECKI\" src=\"https:\/\/www.faustyna.pl\/images\/stories\/noimg.png\" alt=\"\" width=\"180\" height=\"135\" align=\"left\" border=\"1\" \/><\/td>\n<td>ul. Pozna\u0144ska 183<br \/>\n05-850 O\u017car\u00f3w Mazowiecki<br \/>\nks. Pawe\u0142 G\u00f3ralczyk<br \/>\ntel.: (022) 733 82 02<\/td>\n<\/tr>\n<\/tbody>\n<\/table>\n<p style=\"padding-left: 30px\"><span style=\"color: #003300\"><strong>PIESZYCE<\/strong><\/span><br \/>\n<span style=\"color: #003300\"><strong> Parafia \u015bw. Antoniego<\/strong><\/span><\/p>\n<table cellspacing=\"10\">\n<tbody>\n<tr>\n<td><img loading=\"lazy\" decoding=\"async\" title=\"Wsp\u00f3lnota Faustinum w parafii - PIESZYCE\" src=\"https:\/\/www.faustyna.pl\/images\/stories\/noimg.png\" alt=\"\" width=\"180\" height=\"135\" align=\"left\" border=\"1\" \/><\/td>\n<td>ul. Bieleckiego 1<br \/>\n58 -250 Pieszyce<br \/>\nks. Edward Dzik<br \/>\ntel.: (074) 836 71 53<\/td>\n<\/tr>\n<\/tbody>\n<\/table>\n<p style=\"padding-left: 30px\"><span style=\"color: #003300\"><strong>PSZCZYNA<\/strong><\/span><br \/>\n<span style=\"color: #003300\"><strong> Parafia Mi\u0142osierdzia Bo\u017cego<\/strong> <\/span><\/p>\n<table cellspacing=\"10\">\n<tbody>\n<tr>\n<td>\u00a0<img loading=\"lazy\" decoding=\"async\" title=\"Wsp\u00f3lnota Faustinum w parafii - PSZCZYNA\" src=\"https:\/\/www.faustyna.pl\/images\/stories\/noimg.png\" alt=\"\" width=\"180\" height=\"135\" align=\"left\" border=\"1\" \/><\/td>\n<td>ul. M\u0119czennik\u00f3w Oswi\u0119cimskich 30<br \/>\n43-200 Pszczyna<br \/>\nks. Alfred Tatarzyn<br \/>\ntel.: (032)\u00a0210 66 84<\/td>\n<\/tr>\n<\/tbody>\n<\/table>\n<p style=\"padding-left: 30px\"><span style=\"color: #003300\"><strong>SIERADZ<\/strong><\/span><br \/>\n<span style=\"color: #003300\"><strong> Parafia Naj\u015bwi\u0119tszego Serca Jezusowego<\/strong><\/span><\/p>\n<table cellspacing=\"10\">\n<tbody>\n<tr>\n<td>\u00a0<img loading=\"lazy\" decoding=\"async\" title=\"Wsp\u00f3lnota Faustinum w parafii - SIERADZ\" src=\"https:\/\/www.faustyna.pl\/images\/stories\/noimg.png\" alt=\"\" width=\"180\" height=\"135\" align=\"left\" border=\"1\" \/><\/td>\n<td>ul. Grunwaldzka 8<br \/>\n98-200 Sieradz<br \/>\nks. Miros\u0142aw Mi\u0142ek<br \/>\ntel.: (043) 827 27 21<\/td>\n<\/tr>\n<\/tbody>\n<\/table>\n<p style=\"padding-left: 30px\"><span style=\"color: #003300\"><strong>SKIERNIEWICE<\/strong><\/span><br \/>\n<span style=\"color: #003300\"><strong> Parafia \u015bw. Jakuba Aposto\u0142a<\/strong><\/span><\/p>\n<table cellspacing=\"10\">\n<tbody>\n<tr>\n<td><img loading=\"lazy\" decoding=\"async\" title=\"Wsp\u00f3lnota Faustinum w parafii - SKIERNIEWICE\" src=\"https:\/\/www.faustyna.pl\/images\/stories\/noimg.png\" alt=\"\" width=\"180\" height=\"135\" align=\"left\" border=\"1\" \/><\/td>\n<td>ul. Senatorska 16<br \/>\n96-100 Skierniewice<br \/>\nks. Wies\u0142aw Kasprzyk<br \/>\ntel.: (046) 834 98 82<\/td>\n<\/tr>\n<\/tbody>\n<\/table>\n<p style=\"padding-left: 30px\"><span style=\"color: #003300\"><strong>S\u0141UPSK<\/strong><\/span><br \/>\n<span style=\"color: #003300\"><strong> Parafia \u015aw. J\u00f3zefa<\/strong><\/span><\/p>\n<table cellspacing=\"10\">\n<tbody>\n<tr>\n<td><img loading=\"lazy\" decoding=\"async\" title=\"Wsp\u00f3lnota Faustinum w parafii - S\u0141UPSK\" src=\"https:\/\/www.faustyna.pl\/images\/stories\/noimg.png\" alt=\"\" width=\"180\" height=\"135\" align=\"left\" border=\"1\" \/><\/td>\n<td>ul. Sczeci\u0144ska 38<br \/>\n76-200 S\u0142upsk<br \/>\nks. W\u0142adys\u0142aw Stec Sala<br \/>\ntel.: (059) 845 38 28<\/td>\n<\/tr>\n<\/tbody>\n<\/table>\n<p style=\"padding-left: 30px\"><span style=\"color: #003300\"><strong>TARNOBRZEG<\/strong><\/span><br \/>\n<span style=\"color: #003300\"><strong> Parafia Matki Bo\u017cej Nieustaj\u0105cej Pomocy<\/strong><\/span><\/p>\n<table cellspacing=\"10\">\n<tbody>\n<tr>\n<td><img loading=\"lazy\" decoding=\"async\" title=\"Wsp\u00f3lnota Faustinum w parafii - TARNOBRZEG\" src=\"https:\/\/www.faustyna.pl\/images\/stories\/noimg.png\" alt=\"\" width=\"180\" height=\"135\" align=\"left\" border=\"1\" \/><\/td>\n<td>ul. Konstytucji 3 maja 11<br \/>\n39-400 Tarnobrzeg<br \/>\nks. Micha\u0142 J\u00f3zefczyk<br \/>\ntel.: (015) 823 17 67<\/td>\n<\/tr>\n<\/tbody>\n<\/table>\n<p style=\"padding-left: 30px\"><span style=\"color: #003300\"><strong>ZIELONA G\u00d3RA<\/strong><\/span><br \/>\n<span style=\"color: #003300\"><strong> Parafia Parafia Mi\u0142osierdzia Bo\u017cego<\/strong><\/span><\/p>\n<table cellspacing=\"10\">\n<tbody>\n<tr>\n<td><img loading=\"lazy\" decoding=\"async\" title=\"Wsp\u00f3lnota Faustinum w parafii - ZIELONA G\u00d3RA\" src=\"https:\/\/www.faustyna.pl\/images\/stories\/noimg.png\" alt=\"\" width=\"180\" height=\"135\" align=\"left\" border=\"1\" \/><\/td>\n<td>Osiedle kaszubskie 7<br \/>\n65-001 Zielona G\u00f3ra<br \/>\nks. Tadeusz Kulczyk<br \/>\ntel.: (068) 320 00 10<\/td>\n<\/tr>\n<\/tbody>\n<\/table>\n<p>&nbsp;<\/p>\n","protected":false},"excerpt":{"rendered":"<p>BOJSZOWY Parafia Narodzenia \u015bw. Jana Chrzciciela \u00a0 Szcz\u0119sna 43-220 Bojszowy ks. Andrzej Ma\u015blanka tel.: (032) 218 91 00 D\u0118BICA Parafia Mi\u0142osierdzia Bo\u017cego \u00a0 ul. Mickiewicza 2 39-200 D\u0119bica tel.: (014) 681 24 05 GDYNIA Parafia Chrystusa Mi\u0142osiernego \u00a0 ul. Kopernika 75 81-456 Gdynia ks. Jan W\u00f3jcik tel.: (058) 622 43 28 GDYNIA-CISOWA Parafia Przemienienia Pa\u0144skiego [&hellip;]<\/p>\n","protected":false},"author":1,"featured_media":0,"parent":0,"menu_order":0,"comment_status":"closed","ping_status":"closed","template":"page_detailsNoHeaderSpace.php","meta":{"footnotes":""},"categories":[80],"tags":[],"class_list":["post-2730","page","type-page","status-publish","hentry","category-wspolnoty-faustinum"],"_links":{"self":[{"href":"https:\/\/www.faustyna.pl\/zmbm\/wp-json\/wp\/v2\/pages\/2730","targetHints":{"allow":["GET"]}}],"collection":[{"href":"https:\/\/www.faustyna.pl\/zmbm\/wp-json\/wp\/v2\/pages"}],"about":[{"href":"https:\/\/www.faustyna.pl\/zmbm\/wp-json\/wp\/v2\/types\/page"}],"author":[{"embeddable":true,"href":"https:\/\/www.faustyna.pl\/zmbm\/wp-json\/wp\/v2\/users\/1"}],"replies":[{"embeddable":true,"href":"https:\/\/www.faustyna.pl\/zmbm\/wp-json\/wp\/v2\/comments?post=2730"}],"version-history":[{"count":11,"href":"https:\/\/www.faustyna.pl\/zmbm\/wp-json\/wp\/v2\/pages\/2730\/revisions"}],"predecessor-version":[{"id":2794,"href":"https:\/\/www.faustyna.pl\/zmbm\/wp-json\/wp\/v2\/pages\/2730\/revisions\/2794"}],"wp:attachment":[{"href":"https:\/\/www.faustyna.pl\/zmbm\/wp-json\/wp\/v2\/media?parent=2730"}],"wp:term":[{"taxonomy":"category","embeddable":true,"href":"https:\/\/www.faustyna.pl\/zmbm\/wp-json\/wp\/v2\/categories?post=2730"},{"taxonomy":"post_tag","embeddable":true,"href":"https:\/\/www.faustyna.pl\/zmbm\/wp-json\/wp\/v2\/tags?post=2730"}],"curies":[{"name":"wp","href":"https:\/\/api.w.org\/{rel}","templated":true}]}}