



{"id":27556,"date":"2023-11-10T09:09:24","date_gmt":"2023-11-10T08:09:24","guid":{"rendered":"https:\/\/www.faustyna.pl\/zmbm\/?page_id=27556"},"modified":"2024-01-15T09:24:45","modified_gmt":"2024-01-15T08:24:45","slug":"rekolekcje-indywidualne-w-lagiewnickim-sanktuarium","status":"publish","type":"page","link":"https:\/\/www.faustyna.pl\/zmbm\/rekolekcje-indywidualne-w-lagiewnickim-sanktuarium\/","title":{"rendered":"Rekolekcje indywidualne w \u0142agiewnickim Sanktuarium"},"content":{"rendered":"<p><a href=\"https:\/\/www.faustyna.pl\/zmbm\/wp-content\/uploads\/2023\/11\/Rekolekcje-indywidualne.jpg\" data-gallery><img loading=\"lazy\" decoding=\"async\" class=\"size-medium wp-image-27557 alignnone\" src=\"https:\/\/www.faustyna.pl\/zmbm\/wp-content\/uploads\/2023\/11\/Rekolekcje-indywidualne-560x333.jpg\" alt=\"\" width=\"560\" height=\"333\" srcset=\"https:\/\/www.faustyna.pl\/zmbm\/wp-content\/uploads\/2023\/11\/Rekolekcje-indywidualne-560x333.jpg 560w, https:\/\/www.faustyna.pl\/zmbm\/wp-content\/uploads\/2023\/11\/Rekolekcje-indywidualne-140x83.jpg 140w, https:\/\/www.faustyna.pl\/zmbm\/wp-content\/uploads\/2023\/11\/Rekolekcje-indywidualne.jpg 1024w\" sizes=\"auto, (max-width: 560px) 100vw, 560px\" \/><\/a><\/p>\n<p style=\"text-align: justify\">W sekretariacie Stowarzyszenia Aposto\u0142\u00f3w Bo\u017cego Mi\u0142osierdzia \u201eFaustinum\u201d przyjmowane b\u0119d\u0105 zapisy na indywidualne rekolekcje z Bibli\u0105 i \u201eDzienniczkiem\u201d \u015bw. Siostry Faustyny. Zapraszane s\u0105 na nie osoby, kt\u00f3re pragn\u0105 w tym \u015bwi\u0119tym miejscu prze\u017cy\u0107 spotkanie z Bogiem w czasie pog\u0142\u0119bionej modlitwy s\u0142owem Bo\u017cym i korzystaj\u0105c z duchowego dziedzictwa Aposto\u0142ki Bo\u017cego Mi\u0142osierdzia. Rekolekcje odbywaj\u0105 si\u0119 wed\u0142ug programu, jaki proponuje kierownik duchowy (siostra ze Zgromadzenia Matki Bo\u017cej Mi\u0142osierdzia) w ca\u0142kowitym milczeniu, z wy\u0142\u0105czeniem telefonu kom\u00f3rkowego i innych urz\u0105dze\u0144 elektronicznych. <a href=\"http:\/\/Rekolekcje indywidualne \u2013 F A U S T I N U M. P L\">Szczeg\u00f3\u0142y na stronie: www.faustinum.pl<\/a><\/p>\n","protected":false},"excerpt":{"rendered":"<p>W sekretariacie Stowarzyszenia Aposto\u0142\u00f3w Bo\u017cego Mi\u0142osierdzia \u201eFaustinum\u201d przyjmowane b\u0119d\u0105 zapisy na indywidualne rekolekcje z Bibli\u0105 i \u201eDzienniczkiem\u201d \u015bw. Siostry Faustyny. Zapraszane s\u0105 na nie osoby, kt\u00f3re pragn\u0105 w tym \u015bwi\u0119tym miejscu prze\u017cy\u0107 spotkanie z Bogiem w czasie pog\u0142\u0119bionej modlitwy s\u0142owem Bo\u017cym i korzystaj\u0105c z duchowego dziedzictwa Aposto\u0142ki Bo\u017cego Mi\u0142osierdzia. Rekolekcje odbywaj\u0105 si\u0119 wed\u0142ug programu, jaki [&hellip;]<\/p>\n","protected":false},"author":2,"featured_media":27557,"parent":0,"menu_order":-1206,"comment_status":"closed","ping_status":"closed","template":"","meta":{"footnotes":""},"categories":[4],"tags":[],"class_list":["post-27556","page","type-page","status-publish","has-post-thumbnail","hentry","category-aktualnosci"],"_links":{"self":[{"href":"https:\/\/www.faustyna.pl\/zmbm\/wp-json\/wp\/v2\/pages\/27556","targetHints":{"allow":["GET"]}}],"collection":[{"href":"https:\/\/www.faustyna.pl\/zmbm\/wp-json\/wp\/v2\/pages"}],"about":[{"href":"https:\/\/www.faustyna.pl\/zmbm\/wp-json\/wp\/v2\/types\/page"}],"author":[{"embeddable":true,"href":"https:\/\/www.faustyna.pl\/zmbm\/wp-json\/wp\/v2\/users\/2"}],"replies":[{"embeddable":true,"href":"https:\/\/www.faustyna.pl\/zmbm\/wp-json\/wp\/v2\/comments?post=27556"}],"version-history":[{"count":1,"href":"https:\/\/www.faustyna.pl\/zmbm\/wp-json\/wp\/v2\/pages\/27556\/revisions"}],"predecessor-version":[{"id":27558,"href":"https:\/\/www.faustyna.pl\/zmbm\/wp-json\/wp\/v2\/pages\/27556\/revisions\/27558"}],"wp:featuredmedia":[{"embeddable":true,"href":"https:\/\/www.faustyna.pl\/zmbm\/wp-json\/wp\/v2\/media\/27557"}],"wp:attachment":[{"href":"https:\/\/www.faustyna.pl\/zmbm\/wp-json\/wp\/v2\/media?parent=27556"}],"wp:term":[{"taxonomy":"category","embeddable":true,"href":"https:\/\/www.faustyna.pl\/zmbm\/wp-json\/wp\/v2\/categories?post=27556"},{"taxonomy":"post_tag","embeddable":true,"href":"https:\/\/www.faustyna.pl\/zmbm\/wp-json\/wp\/v2\/tags?post=27556"}],"curies":[{"name":"wp","href":"https:\/\/api.w.org\/{rel}","templated":true}]}}