



{"id":28101,"date":"2024-02-05T09:51:39","date_gmt":"2024-02-05T08:51:39","guid":{"rendered":"https:\/\/www.faustyna.pl\/zmbm\/?page_id=28101"},"modified":"2024-04-20T14:03:01","modified_gmt":"2024-04-20T12:03:01","slug":"godzina-milosierdzia-i-koronka-na-you-tube","status":"publish","type":"page","link":"https:\/\/www.faustyna.pl\/zmbm\/godzina-milosierdzia-i-koronka-na-you-tube\/","title":{"rendered":"Godzina Mi\u0142osierdzia i Koronka na You Tube"},"content":{"rendered":"<p><a href=\"https:\/\/www.faustyna.pl\/zmbm\/wp-content\/uploads\/2024\/02\/religion-3452573.jpg\" data-gallery><img loading=\"lazy\" decoding=\"async\" class=\"size-medium wp-image-28102 alignnone\" src=\"https:\/\/www.faustyna.pl\/zmbm\/wp-content\/uploads\/2024\/02\/religion-3452573-560x334.jpg\" alt=\"\" width=\"560\" height=\"334\" srcset=\"https:\/\/www.faustyna.pl\/zmbm\/wp-content\/uploads\/2024\/02\/religion-3452573-560x334.jpg 560w, https:\/\/www.faustyna.pl\/zmbm\/wp-content\/uploads\/2024\/02\/religion-3452573-140x83.jpg 140w, https:\/\/www.faustyna.pl\/zmbm\/wp-content\/uploads\/2024\/02\/religion-3452573.jpg 1024w\" sizes=\"auto, (max-width: 560px) 100vw, 560px\" \/><\/a><\/p>\n<p style=\"text-align: justify\"><a href=\"https:\/\/www.youtube.com\/watch?v=LINzSK_Q62Y\">Archiwum z codziennej transmisji modlitwy w Godzinie Mi\u0142osierdzia i Koronki<\/a> z Sanktuarium Bo\u017cego Mi\u0142osierdzia w Krakowie-\u0141agiewnikach jest dost\u0119pne na You Tube w kanale: Faustyna.pl. Modlitw\u0119\u00a0 prowadz\u0105 siostry ze Zgromadzenia Matki Bo\u017cej Mi\u0142osierdzia w kaplicy z cudownym obrazem Jezusa Mi\u0142osiernego i grobem \u015bw. Faustyny.<\/p>\n<p style=\"text-align: justify\">Transmisja na \u017cywo codziennie o 15.00: You Tube, strona faustyna.pl i jej wszystkie wersje j\u0119zykowe, aplikacja Faustyna.pl oraz kilka stacji telewizyjnych z Polski i zza granicy i kilkana\u015bcie rozg\u0142o\u015bni radiowych.<\/p>\n","protected":false},"excerpt":{"rendered":"<p>Archiwum z codziennej transmisji modlitwy w Godzinie Mi\u0142osierdzia i Koronki z Sanktuarium Bo\u017cego Mi\u0142osierdzia w Krakowie-\u0141agiewnikach jest dost\u0119pne na You Tube w kanale: Faustyna.pl. Modlitw\u0119\u00a0 prowadz\u0105 siostry ze Zgromadzenia Matki Bo\u017cej Mi\u0142osierdzia w kaplicy z cudownym obrazem Jezusa Mi\u0142osiernego i grobem \u015bw. Faustyny. Transmisja na \u017cywo codziennie o 15.00: You Tube, strona faustyna.pl i jej [&hellip;]<\/p>\n","protected":false},"author":2,"featured_media":28102,"parent":0,"menu_order":-1272,"comment_status":"closed","ping_status":"closed","template":"","meta":{"footnotes":""},"categories":[4],"tags":[],"class_list":["post-28101","page","type-page","status-publish","has-post-thumbnail","hentry","category-aktualnosci"],"_links":{"self":[{"href":"https:\/\/www.faustyna.pl\/zmbm\/wp-json\/wp\/v2\/pages\/28101","targetHints":{"allow":["GET"]}}],"collection":[{"href":"https:\/\/www.faustyna.pl\/zmbm\/wp-json\/wp\/v2\/pages"}],"about":[{"href":"https:\/\/www.faustyna.pl\/zmbm\/wp-json\/wp\/v2\/types\/page"}],"author":[{"embeddable":true,"href":"https:\/\/www.faustyna.pl\/zmbm\/wp-json\/wp\/v2\/users\/2"}],"replies":[{"embeddable":true,"href":"https:\/\/www.faustyna.pl\/zmbm\/wp-json\/wp\/v2\/comments?post=28101"}],"version-history":[{"count":1,"href":"https:\/\/www.faustyna.pl\/zmbm\/wp-json\/wp\/v2\/pages\/28101\/revisions"}],"predecessor-version":[{"id":28103,"href":"https:\/\/www.faustyna.pl\/zmbm\/wp-json\/wp\/v2\/pages\/28101\/revisions\/28103"}],"wp:featuredmedia":[{"embeddable":true,"href":"https:\/\/www.faustyna.pl\/zmbm\/wp-json\/wp\/v2\/media\/28102"}],"wp:attachment":[{"href":"https:\/\/www.faustyna.pl\/zmbm\/wp-json\/wp\/v2\/media?parent=28101"}],"wp:term":[{"taxonomy":"category","embeddable":true,"href":"https:\/\/www.faustyna.pl\/zmbm\/wp-json\/wp\/v2\/categories?post=28101"},{"taxonomy":"post_tag","embeddable":true,"href":"https:\/\/www.faustyna.pl\/zmbm\/wp-json\/wp\/v2\/tags?post=28101"}],"curies":[{"name":"wp","href":"https:\/\/api.w.org\/{rel}","templated":true}]}}