



{"id":2811,"date":"2014-12-30T23:46:01","date_gmt":"2014-12-30T23:46:01","guid":{"rendered":"http:\/\/www.faustyna.pl\/zmbm\/?page_id=2811"},"modified":"2026-01-19T13:44:14","modified_gmt":"2026-01-19T12:44:14","slug":"kontakt-oredzie-milosierdzia","status":"publish","type":"page","link":"https:\/\/www.faustyna.pl\/zmbm\/kontakt-oredzie-milosierdzia\/","title":{"rendered":"Kontakt"},"content":{"rendered":"<p align=\"left\"><img loading=\"lazy\" decoding=\"async\" style=\"border: 1px solid #998822;margin: 6px 6px 2px 0pt;padding: 2px\" title=\"Or\u0119dzie Mi\u0142osierdzia - Redakcja - Kontakt\" src=\"https:\/\/www.faustyna.pl\/images\/stories\/oredzie_kontakt.jpg\" alt=\" \" width=\"221\" height=\"166\" align=\"left\" border=\"111\" \/><span style=\"color: #800000\"><strong>Redakcja \u201eOr\u0119dzia Mi\u0142osierdzia\u201d<\/strong><\/span><\/p>\n<p>ul. Siostry Faustyny 3<br \/>\n30-608 Krak\u00f3w<br \/>\ntf.: (012) 351 88 45 ; Prenumerata: 510 993 842<br \/>\ne-mail: redakcja@faustyna.pl<\/p>\n<p style=\"clear: both\">\u201eOr\u0119dzie Mi\u0142osierdzia\u201d redaguje zesp\u00f3\u0142<br \/>\npod kierunkiem s. M. Diana Kuczek ISMM.<br \/>\nAsystent ko\u015bcielny \u2013 ks. prof. Stanis\u0142aw Ziemia\u0144ski SJ.<br \/>\nOpracowanie graficzne \u2013 Ewa Aleksandrowicz.<\/p>\n<p><span style=\"color: #800000\">Redakcja nie zwraca materia\u0142\u00f3w nie zam\u00f3wionych<\/span><br \/>\n<span style=\"color: #800000\"> i zastrzega sobie prawo zmian i skr\u00f3t\u00f3w w publikowanych tekstach.<\/span><\/p>\n","protected":false},"excerpt":{"rendered":"<p>Redakcja \u201eOr\u0119dzia Mi\u0142osierdzia\u201d ul. Siostry Faustyny 3 30-608 Krak\u00f3w tf.: (012) 351 88 45 ; Prenumerata: 510 993 842 e-mail: redakcja@faustyna.pl \u201eOr\u0119dzie Mi\u0142osierdzia\u201d redaguje zesp\u00f3\u0142 pod kierunkiem s. M. Diana Kuczek ISMM. Asystent ko\u015bcielny \u2013 ks. prof. Stanis\u0142aw Ziemia\u0144ski SJ. Opracowanie graficzne \u2013 Ewa Aleksandrowicz. Redakcja nie zwraca materia\u0142\u00f3w nie zam\u00f3wionych i zastrzega sobie prawo [&hellip;]<\/p>\n","protected":false},"author":1,"featured_media":0,"parent":0,"menu_order":0,"comment_status":"closed","ping_status":"closed","template":"","meta":{"footnotes":""},"categories":[84],"tags":[],"class_list":["post-2811","page","type-page","status-publish","hentry","category-oredzie-milosierdzia-kwartalnik"],"_links":{"self":[{"href":"https:\/\/www.faustyna.pl\/zmbm\/wp-json\/wp\/v2\/pages\/2811","targetHints":{"allow":["GET"]}}],"collection":[{"href":"https:\/\/www.faustyna.pl\/zmbm\/wp-json\/wp\/v2\/pages"}],"about":[{"href":"https:\/\/www.faustyna.pl\/zmbm\/wp-json\/wp\/v2\/types\/page"}],"author":[{"embeddable":true,"href":"https:\/\/www.faustyna.pl\/zmbm\/wp-json\/wp\/v2\/users\/1"}],"replies":[{"embeddable":true,"href":"https:\/\/www.faustyna.pl\/zmbm\/wp-json\/wp\/v2\/comments?post=2811"}],"version-history":[{"count":6,"href":"https:\/\/www.faustyna.pl\/zmbm\/wp-json\/wp\/v2\/pages\/2811\/revisions"}],"predecessor-version":[{"id":31738,"href":"https:\/\/www.faustyna.pl\/zmbm\/wp-json\/wp\/v2\/pages\/2811\/revisions\/31738"}],"wp:attachment":[{"href":"https:\/\/www.faustyna.pl\/zmbm\/wp-json\/wp\/v2\/media?parent=2811"}],"wp:term":[{"taxonomy":"category","embeddable":true,"href":"https:\/\/www.faustyna.pl\/zmbm\/wp-json\/wp\/v2\/categories?post=2811"},{"taxonomy":"post_tag","embeddable":true,"href":"https:\/\/www.faustyna.pl\/zmbm\/wp-json\/wp\/v2\/tags?post=2811"}],"curies":[{"name":"wp","href":"https:\/\/api.w.org\/{rel}","templated":true}]}}