



{"id":28116,"date":"2024-02-08T10:12:55","date_gmt":"2024-02-08T09:12:55","guid":{"rendered":"https:\/\/www.faustyna.pl\/zmbm\/?page_id=28116"},"modified":"2026-05-08T15:29:05","modified_gmt":"2026-05-08T13:29:05","slug":"dom-sw-siostry-faustyny-dawna-furta","status":"publish","type":"page","link":"https:\/\/www.faustyna.pl\/zmbm\/dom-sw-siostry-faustyny-dawna-furta\/","title":{"rendered":"\u201eDom \u015bw. Siostry Faustyny\u201d \u2013 dawna furta"},"content":{"rendered":"<p><a href=\"https:\/\/www.faustyna.pl\/zmbm\/wp-content\/uploads\/2024\/02\/Muzeum_sw_Faustyny_Krakow_Lagiewniki.jpg\" data-gallery><img loading=\"lazy\" decoding=\"async\" class=\"alignnone wp-image-28179 size-full\" src=\"https:\/\/www.faustyna.pl\/zmbm\/wp-content\/uploads\/2024\/02\/Muzeum_sw_Faustyny_Krakow_Lagiewniki.jpg\" alt=\"\" width=\"1024\" height=\"610\" srcset=\"https:\/\/www.faustyna.pl\/zmbm\/wp-content\/uploads\/2024\/02\/Muzeum_sw_Faustyny_Krakow_Lagiewniki.jpg 1024w, https:\/\/www.faustyna.pl\/zmbm\/wp-content\/uploads\/2024\/02\/Muzeum_sw_Faustyny_Krakow_Lagiewniki-560x334.jpg 560w, https:\/\/www.faustyna.pl\/zmbm\/wp-content\/uploads\/2024\/02\/Muzeum_sw_Faustyny_Krakow_Lagiewniki-140x83.jpg 140w\" sizes=\"auto, (max-width: 1024px) 100vw, 1024px\" \/><\/a><\/p>\n<p style=\"text-align: right\"><strong><span style=\"color: #993300\"><em>Mapa Sanktuarium pod tekstem<\/em><\/span><\/strong><\/p>\n<p style=\"text-align: justify\">Jeste\u015bmy w miejscu, w kt\u00f3rym kiedy\u015b w niskim parterowym budynku mie\u015bci\u0142a si\u0119 zewn\u0119trzna furta klasztorna (portiernia). Tu przez kilka miesi\u0119cy w ostatnim roku swego \u017cycia pos\u0142ugiwa\u0142a \u015bw. Siostra Faustyna i tutaj przyszed\u0142 do niej Jezus w postaci ubogiego m\u0142odzie\u0144ca. Furta by\u0142a usytuowana przy g\u0142\u00f3wnej bramie wjazdowej, gdy\u017c ca\u0142y obiekt otoczony murem by\u0142 przeznaczony wy\u0142\u0105cznie dla si\u00f3str ze Zgromadzenia Matki Bo\u017cej Mi\u0142osierdzia i ich wychowanek. Na bramie wjazdowej widnia\u0142 w\u00f3wczas du\u017cy napis: \u201eJ\u00f3zef\u00f3w\u201d, bo uproszenie tej fundacji siostry zawdzi\u0119cza\u0142y \u015bw. J\u00f3zefowi i jego uwa\u017ca\u0142y za gospodarza tej posesji. Zesp\u00f3\u0142 klasztorny, zbudowany w stylu neogotyckim wed\u0142ug projektu Karola Zaremby, powsta\u0142 z fundacji ksi\u0119cia Aleksandra Lubomirskiego, finansisty i filantropa. Dzie\u0142o Fundatora mia\u0142o s\u0142u\u017cy\u0107 dziewcz\u0119tom i kobietom, kt\u00f3re pragn\u0119\u0142y zmieni\u0107 swoje \u017cycie, podejmuj\u0105c drog\u0119 nawr\u00f3cenia, pracy nad sob\u0105 oraz przygotowania si\u0119 do \u017cycia w spo\u0142ecze\u0144stwie.<\/p>\n<p style=\"text-align: justify\">W Domu Mi\u0142osierdzia, jak nazywano wschodnie skrzyd\u0142o obiektu klasztornego przeznaczone na prowadzenie dzie\u0142a apostolskiego, przebywa\u0142o od 100-160 wychowanek, kt\u00f3re pocz\u0105tkowo z w\u0142asnej woli si\u0119 zg\u0142asza\u0142y, chc\u0105c poprawy swego \u017cycia, a z biegiem lat przyjmowano tak\u017ce m\u0142odsze dziewcz\u0119ta, kt\u00f3re kierowali rodzice lub plac\u00f3wki pa\u0144stwowe. \u017bycie si\u00f3str i wychowanek wype\u0142nia\u0142a modlitwa, praca i dobrze zorganizowany wypoczynek. W pracy wychowawczej odwo\u0142ywano si\u0119 g\u0142\u00f3wnie do pobudek p\u0142yn\u0105cych z wiary, do poszanowania wolno\u015bci i godno\u015bci osoby ludzkiej. Wa\u017cn\u0105 rol\u0119 odgrywa\u0142a tak\u017ce praca, kt\u00f3ra by\u0142a nie tylko \u017ar\u00f3d\u0142em utrzymania, ale tak\u017ce narz\u0119dziem kszta\u0142towania chrze\u015bcija\u0144skich cn\u00f3t i prawych charakter\u00f3w.<\/p>\n<p style=\"text-align: justify\">Przez t\u0119 bram\u0119 i furt\u0119 wchodzi\u0142 ka\u017cdy, kto mieszka\u0142 w obiekcie klasztornym lub chcia\u0142 za\u0142atwi\u0107 jakie\u015b sprawy. Siostra Faustyna przesz\u0142a przez ni\u0105 po raz pierwszy jako Helena Kowalska w styczniu 1926 roku, gdy przyjecha\u0142a doko\u0144czy\u0107 postulat i odby\u0107 dwuletni nowicjat, po kt\u00f3rym jeszcze przez p\u00f3\u0142 roku pozosta\u0142a w Krakowie. Potem powraca\u0142a na rekolekcje i \u015bluby wieczyste (kwiecie\u0144-maj 1933), a na sta\u0142y pobyt przyjecha\u0142a znowu w maju 1936 roku. Od wrze\u015bnia 1937 roku przez kilka miesi\u0119cy na tej furcie pe\u0142ni\u0142a sw\u00f3j zakonny obowi\u0105zek. Bramy posesji klasztornej strzeg\u0142 w\u00f3wczas Cherubin, kt\u00f3rego widzia\u0142a, a pewnego jesiennego dnia w 1937 roku w tym miejscu odwiedzi\u0142 j\u0105 sam Jezus w postaci ubogiego m\u0142odzie\u0144ca. Przyszed\u0142 <em>w strasznie podartym ubraniu, boso i z odkryt\u0105 g\u0142ow\u0105;<\/em> <em>bardzo by\u0142 zmarzni\u0119ty, bo dzie\u0144 by\u0142 d\u017cd\u017cysty i ch\u0142odny<\/em>. Poprosi\u0142 o gor\u0105cy posi\u0142ek, a gdy go spo\u017cy\u0142, da\u0142 si\u0119 jej pozna\u0107 i powiedzia\u0142: <em>Dosz\u0142y uszu Moich b\u0142ogos\u0142awie\u0144stwa ubogich i podoba\u0142o Mi si\u0119 to mi\u0142osierdzie twoje, dlatego zszed\u0142em z tronu, aby skosztowa\u0107 owocu mi\u0142osierdzia twego <\/em>(Dz. 1312)<em>. \u00a0<\/em><\/p>\n<p style=\"text-align: justify\">To wydarzenie upami\u0119tnia p\u0142askorze\u017aba w holu budynku, kt\u00f3ry powsta\u0142 na miejscu dawnej furty. Mie\u015bci si\u0119 w nim <a href=\"https:\/\/domsiostryfaustyny.pl\/pokoje-goscinne\/\">\u201eDom \u015bw. Siostry Faustyny\u201d z pokojami go\u015bcinnymi<\/a> dla pielgrzym\u00f3w i os\u00f3b odprawiaj\u0105cych rekolekcje. Przy recepcji w zrekonstruowanej celi zakonnej urz\u0105dzono niewielkie muzeum, w kt\u00f3rym mo\u017cna zobaczy\u0107 przedmioty nale\u017c\u0105ce do Aposto\u0142ki Bo\u017cego Mi\u0142osierdzia: o\u0142tarzyk z jej rodzinnego domu, lampk\u0119, przy kt\u00f3rej pisa\u0142a dzienniczek w Wilnie, kubeczek z krakowskiego refektarza, peleryn\u0119, a tak\u017ce przedmioty codziennego u\u017cytku. Taki osobny pokoik mia\u0142a tylko prze\u0142o\u017cona, a siostry mieszka\u0142y na du\u017cych sypialniach, w kt\u00f3rych ma\u0142e cele odgrodzone by\u0142y p\u0142\u00f3ciennymi parawanami.<\/p>\n<p><a href=\"https:\/\/www.faustyna.pl\/zmbm\/wp-content\/uploads\/2024\/02\/2.jpg\" data-gallery><img loading=\"lazy\" decoding=\"async\" class=\"aligncenter wp-image-28487 size-large\" src=\"https:\/\/www.faustyna.pl\/zmbm\/wp-content\/uploads\/2024\/02\/2-1024x816.jpg\" alt=\"\" width=\"1024\" height=\"816\" srcset=\"https:\/\/www.faustyna.pl\/zmbm\/wp-content\/uploads\/2024\/02\/2-1024x816.jpg 1024w, https:\/\/www.faustyna.pl\/zmbm\/wp-content\/uploads\/2024\/02\/2-502x400.jpg 502w, https:\/\/www.faustyna.pl\/zmbm\/wp-content\/uploads\/2024\/02\/2-140x111.jpg 140w, https:\/\/www.faustyna.pl\/zmbm\/wp-content\/uploads\/2024\/02\/2-1536x1223.jpg 1536w, https:\/\/www.faustyna.pl\/zmbm\/wp-content\/uploads\/2024\/02\/2.jpg 2048w\" sizes=\"auto, (max-width: 1024px) 100vw, 1024px\" \/><\/a><\/p>\n<ol>\n<li><a href=\"https:\/\/www.faustyna.pl\/zmbm\/miejsce-ktore-wybral-bog\/\">G\u0142\u00f3wne wej\u015bcie do Sanktuarium<\/a><\/li>\n<li><a href=\"https:\/\/www.faustyna.pl\/zmbm\/dom-sw-siostry-faustyny-dawna-furta\/\">\u201eDom \u015bw. Siostry Faustyny\u201d<\/a> \u2013<a href=\"https:\/\/domsiostryfaustyny.pl\/pokoje-goscinne\/\"> noclegi<\/a>, muzeum<\/li>\n<li><a href=\"https:\/\/www.faustyna.pl\/zmbm\/klasztor\/\">Klasztor<\/a><\/li>\n<li><a href=\"https:\/\/www.faustyna.pl\/zmbm\/antoninek-2\/\">\u201eAntoninek\u201d <\/a>\u2013 <a href=\"https:\/\/www.faustinum.pl\/pl\/pl-2\/\">stowarzyszenie \u201eFaustinum\u201d<\/a><\/li>\n<li>\n<h4><span style=\"color: #800000\"><a style=\"color: #800000\" href=\"https:\/\/www.faustyna.pl\/zmbm\/kaplica-jezusa-milosiernego-i-grobu-sw-faustyny\/\">Kaplica Jezusa Mi\u0142osiernego i grobu \u015bw. Faustyny<\/a><\/span><\/h4>\n<\/li>\n<li><a href=\"https:\/\/www.faustyna.pl\/zmbm\/oratorium-miejsce-smierci-sw-faustyny\/\">Oratorium<\/a> \u2013 miejsce \u015bmierci \u015bw. Faustyny<\/li>\n<li><a href=\"https:\/\/www.faustyna.pl\/zmbm\/kaplica-meki-panskiej\/\">Kaplica M\u0119ki Pa\u0144skiej<\/a><\/li>\n<li><a href=\"https:\/\/www.faustyna.pl\/zmbm\/bazylika-bozego-milosierdzia\/\">Bazylika Bo\u017cego Mi\u0142osierdzia<\/a><\/li>\n<li><a href=\"https:\/\/www.faustyna.pl\/zmbm\/kaplica-sw-siostry-faustyny-wloska\/\">Kaplica \u015bw. Siostry Faustyny<\/a> \u2013 w\u0142oska<\/li>\n<li><a href=\"https:\/\/www.faustyna.pl\/zmbm\/kaplica-communio-sanctorum-wegierska\/\">Kaplica Communio Sanctorum<\/a> \u2013 w\u0119gierska<\/li>\n<li><a href=\"https:\/\/www.faustyna.pl\/zmbm\/kaplica-sw-andrzeja-grekokatolicka\/\">Kaplica \u015bw. Andrzeja<\/a> \u2013 grekokatolicka<\/li>\n<li><a href=\"https:\/\/www.faustyna.pl\/zmbm\/kaplica-swietego-krzyza-niemiecka\/\">Kaplica \u015awi\u0119tego Krzy\u017ca<\/a> \u2013 niemiecka<\/li>\n<li><a href=\"https:\/\/www.faustyna.pl\/zmbm\/kaplica-matki-boskiej-siedmiobolesnej-slowacka\/\">Kaplica Matki Boskiej Siedmiobolesnej<\/a> \u2013 s\u0142owacka<\/li>\n<li><a href=\"https:\/\/www.faustyna.pl\/zmbm\/kaplica-wieczystej-adoracji-3\/\">Kaplica Wieczystej Adoracji<\/a><\/li>\n<li><a href=\"https:\/\/www.faustyna.pl\/zmbm\/wieza-widokowa\/\">Wie\u017ca widokowa<\/a><\/li>\n<li><a href=\"https:\/\/www.faustyna.pl\/zmbm\/cmentarz-zakonny\/\">Cmentarz zakonny<\/a><\/li>\n<li><a href=\"https:\/\/www.faustyna.pl\/zmbm\/dom-sw-siostry-faustyny-restauracja\/\">\u201e<\/a><a href=\"https:\/\/domsiostryfaustyny.pl\/restauracja\/\">Dom \u015bw. Siostry Faustyny\u201d \u2013 restauracja<\/a>, pami\u0105tki, prelekcje<\/li>\n<li>Dom duszpasterski \u2013 noclegi, restauracja<\/li>\n<li>M\u0142odzie\u017cowy O\u015brodek Wychowawczy im. \u015bw. Siostry Faustyny<\/li>\n<li>Punkt informacyjny<\/li>\n<li>Pasa\u017c handlowy \u2013 <a href=\"https:\/\/www.misericordia.faustyna.net\/\">sklep wydawnictwa Misericordia<\/a><\/li>\n<li>Aula \u015bw. Jana Paw\u0142a II<\/li>\n<li>Parking \u2013 samochody osobowe<\/li>\n<li>Parking \u2013 autokary i samochody osobowe<\/li>\n<li>Toalety<\/li>\n<li>Most Mi\u0142osierdzia \u2013 przej\u015bcie do Sanktuarium \u015bw. Jana Paw\u0142a II i na przystanek\u00a0\u00a0 tramwajowy.<\/li>\n<\/ol>\n","protected":false},"excerpt":{"rendered":"<p>Mapa Sanktuarium pod tekstem Jeste\u015bmy w miejscu, w kt\u00f3rym kiedy\u015b w niskim parterowym budynku mie\u015bci\u0142a si\u0119 zewn\u0119trzna furta klasztorna (portiernia). Tu przez kilka miesi\u0119cy w ostatnim roku swego \u017cycia pos\u0142ugiwa\u0142a \u015bw. Siostra Faustyna i tutaj przyszed\u0142 do niej Jezus w postaci ubogiego m\u0142odzie\u0144ca. Furta by\u0142a usytuowana przy g\u0142\u00f3wnej bramie wjazdowej, gdy\u017c ca\u0142y obiekt otoczony murem [&hellip;]<\/p>\n","protected":false},"author":1,"featured_media":0,"parent":0,"menu_order":0,"comment_status":"closed","ping_status":"closed","template":"","meta":{"footnotes":""},"categories":[130643],"tags":[],"class_list":["post-28116","page","type-page","status-publish","hentry","category-qrkod"],"_links":{"self":[{"href":"https:\/\/www.faustyna.pl\/zmbm\/wp-json\/wp\/v2\/pages\/28116","targetHints":{"allow":["GET"]}}],"collection":[{"href":"https:\/\/www.faustyna.pl\/zmbm\/wp-json\/wp\/v2\/pages"}],"about":[{"href":"https:\/\/www.faustyna.pl\/zmbm\/wp-json\/wp\/v2\/types\/page"}],"author":[{"embeddable":true,"href":"https:\/\/www.faustyna.pl\/zmbm\/wp-json\/wp\/v2\/users\/1"}],"replies":[{"embeddable":true,"href":"https:\/\/www.faustyna.pl\/zmbm\/wp-json\/wp\/v2\/comments?post=28116"}],"version-history":[{"count":15,"href":"https:\/\/www.faustyna.pl\/zmbm\/wp-json\/wp\/v2\/pages\/28116\/revisions"}],"predecessor-version":[{"id":32522,"href":"https:\/\/www.faustyna.pl\/zmbm\/wp-json\/wp\/v2\/pages\/28116\/revisions\/32522"}],"wp:attachment":[{"href":"https:\/\/www.faustyna.pl\/zmbm\/wp-json\/wp\/v2\/media?parent=28116"}],"wp:term":[{"taxonomy":"category","embeddable":true,"href":"https:\/\/www.faustyna.pl\/zmbm\/wp-json\/wp\/v2\/categories?post=28116"},{"taxonomy":"post_tag","embeddable":true,"href":"https:\/\/www.faustyna.pl\/zmbm\/wp-json\/wp\/v2\/tags?post=28116"}],"curies":[{"name":"wp","href":"https:\/\/api.w.org\/{rel}","templated":true}]}}