



{"id":28118,"date":"2024-02-08T10:13:24","date_gmt":"2024-02-08T09:13:24","guid":{"rendered":"https:\/\/www.faustyna.pl\/zmbm\/?page_id=28118"},"modified":"2024-04-04T10:58:31","modified_gmt":"2024-04-04T08:58:31","slug":"klasztor","status":"publish","type":"page","link":"https:\/\/www.faustyna.pl\/zmbm\/klasztor\/","title":{"rendered":"Klasztor"},"content":{"rendered":"<p><img loading=\"lazy\" decoding=\"async\" class=\"alignnone size-medium wp-image-28182\" src=\"https:\/\/www.faustyna.pl\/zmbm\/wp-content\/uploads\/2024\/02\/Klasztor_ISMM_Krakow_Lagiewniki-560x334.jpg\" alt=\"\" width=\"560\" height=\"334\" srcset=\"https:\/\/www.faustyna.pl\/zmbm\/wp-content\/uploads\/2024\/02\/Klasztor_ISMM_Krakow_Lagiewniki-560x334.jpg 560w, https:\/\/www.faustyna.pl\/zmbm\/wp-content\/uploads\/2024\/02\/Klasztor_ISMM_Krakow_Lagiewniki-140x83.jpg 140w, https:\/\/www.faustyna.pl\/zmbm\/wp-content\/uploads\/2024\/02\/Klasztor_ISMM_Krakow_Lagiewniki.jpg 1024w\" sizes=\"auto, (max-width: 560px) 100vw, 560px\" \/><\/p>\n<p style=\"text-align: right;\"><span style=\"color: #993300;\"><strong><em>Mapa Sanktuarium pod tekstem<\/em><\/strong><\/span><\/p>\n<p style=\"text-align: justify;\">Jeste\u015bmy przed klasztorem, w kt\u00f3rym zamieszkuj\u0105 siostry od 1891 roku. Na fasadzie budynku w samym szczycie jest herb fundatora ksi\u0119cia Aleksandra Lubomirskiego (\u201eSzreniawa bez Krzy\u017ca\u201d), poni\u017cej p\u0142askorze\u017aba Matki Bo\u017cej Mi\u0142osierdzia \u2013 g\u0142\u00f3wnej patronki Zgromadzenia, a na wysoko\u015bci pi\u0119tra nad drzwiami wej\u015bciowymi napis: \u201eFundowa\u0142 ks. Aleksander Lubomirski R.P. MDCCCLXL [1890]\u201d. W tym budynku od 1893 roku mie\u015bci si\u0119 nowicjat, a tak\u017ce sypialnie si\u00f3str, kuchnia, refektarz (jadalnia), sala Zgromadzenia i rozm\u00f3wnice, w kt\u00f3rych siostry przyjmuj\u0105 go\u015bci, oraz furta klasztorna (recepcja). Prawie ka\u017cde z tych pomieszcze\u0144, nawet korytarz czy klatka schodowa s\u0105 niemymi \u015bwiadkami spotka\u0144 \u015bw. Siostry Faustyny z Panem Jezusem, Matk\u0105 Naj\u015bwi\u0119tsz\u0105, \u015bwi\u0119tymi, duszami cierpi\u0105cymi w czy\u015b\u0107cu, a nawet z Bogiem Ojcem. <em>Widzia\u0142am spojrzenie Boga na nas z wielkim upodobaniem<\/em> (Dz. 1439) \u2013 zapisa\u0142a objawienie, kt\u00f3re mia\u0142o miejsce w refektarzu. A innym razem zanotowa\u0142a s\u0142owa Jezusa: <em>Odpocz\u0119\u0142o serce Moje dzi\u015b w klasztorze tym<\/em> (Dz. 1074).<\/p>\n<p style=\"text-align: justify;\">W tym klasztorze Siostra Faustyna sp\u0119dzi\u0142a blisko 6 lat. Pracowa\u0142a w kuchni, ogrodzie, a w ostatnim roku \u017cycia tak\u017ce na furcie przy bramie i na furcie z obs\u0142ug\u0105 telefonu przy klauzurze. Jej proste i na poz\u00f3r zwyczajne \u017cycie kry\u0142o niezwyk\u0142\u0105 barw\u0119 i g\u0142\u0119bi\u0119 \u017cycia duchowego. Dzi\u0119ki modlitwie i do\u015bwiadczeniom mistycznym g\u0142\u0119boko wnikn\u0119\u0142a w tajemnic\u0119 mi\u0142osiernej mi\u0142o\u015bci Boga, poznaj\u0105c j\u0105 w ca\u0142ej panoramie dziej\u00f3w: od stworzenia anio\u0142\u00f3w, \u015bwiata i cz\u0142owieka \u2013 przez wcielenie, nauczanie oraz \u015bmier\u0107 i zmartwychwstanie Jezusa, a tak\u017ce za\u0142o\u017cony przez Niego Ko\u015bci\u00f3\u0142 z bogactwem s\u0142owa Bo\u017cego i sakrament\u00f3w \u2013 a\u017c po rzeczy ostateczne: niebo, czy\u015bciec i piek\u0142o jako miejsce odrzucenia Jego mi\u0142osierdzia. Owoce tego poznania z polecenia Jezusa zapisa\u0142a w swoim s\u0142ynnym \u201eDzienniczku\u201d, kt\u00f3ry \u015bw. Jan Pawe\u0142 II nazwa\u0142 <em>Ewangeli\u0105 mi\u0142osierdzia<\/em>, a kardyna\u0142 Hong Kongu John Tong Hon we wst\u0119pie do chi\u0144skiego wydania tego dzie\u0142a wyzna\u0142, \u017ce jest to <em>najwspanialszy dar Boga ofiarowany \u015bwiatu\u2026, skarb duchowy ca\u0142ego Ko\u015bcio\u0142a. <\/em>\u201eDzienniczek\u201d, t\u0142umaczony na kilkadziesi\u0105t j\u0119zyk\u00f3w, cieszy si\u0119 wielk\u0105 popularno\u015bci\u0105, bo to dzie\u0142o \u2013 jak powiedzia\u0142 Jezus \u2013 zosta\u0142o napisane dla pociechy i pokrzepienia dusz. Dla wielu jest codzienn\u0105 lektur\u0105 drug\u0105 po Biblii, podr\u0119cznikiem \u017cycia duchowego czy modlitewnikiem.<\/p>\n<p style=\"text-align: justify;\">W \u201eDzienniczku\u201d Siostra Faustyna zapisa\u0142a nie tylko sw\u0105 drog\u0119 do zjednoczenia z Bogiem, ale tak\u017ce or\u0119dzie Mi\u0142osierdzia, z kt\u00f3rym Jezus wys\u0142a\u0142 j\u0105 do ca\u0142ego \u015bwiata. Przypomina ono biblijn\u0105 prawd\u0119 o mi\u0142osiernej mi\u0142o\u015bci Boga do ka\u017cdego cz\u0142owieka i wzywa do g\u0142oszenia jej \u015bwiadectwem \u017cycia, czynem, s\u0142owem i modlitw\u0105. Integraln\u0105 cz\u0119\u015bci\u0105 tego or\u0119dzia jest nabo\u017ce\u0144stwo do Mi\u0142osierdzia Bo\u017cego w formach, kt\u00f3re przekaza\u0142 jej Jezus. Do uprzywilejowanych form kultu, obdarzonych wielkimi obietnicami, nale\u017c\u0105: obraz z podpisem: <em>Jezu, ufam Tobie<\/em>, \u015awi\u0119to Mi\u0142osierdzia Bo\u017cego, Koronka i Godzina Mi\u0142osierdzia oraz szerzenie czci Mi\u0142osierdzia.<\/p>\n<p style=\"text-align: justify;\">Istot\u0105 kultu Mi\u0142osierdzia Bo\u017cego jest postawa zaufania wobec Boga, czyli pe\u0142nienie Jego woli zawartej w przykazaniach, obowi\u0105zkach stanu, s\u0142owie Bo\u017cym czy rozpoznanych natchnieniach Ducha \u015awi\u0119tego. Taka postawa, kt\u00f3ra jest biblijn\u0105 wiar\u0105, wyp\u0142ywa z poznania Boga w tajemnicy Jego mi\u0142osiernej mi\u0142o\u015bci. Drugim istotnym elementem tego kultu jest \u015bwiadczenie mi\u0142osierdzia bli\u017anim, dzi\u0119ki czemu to nabo\u017ce\u0144stwo jest nie tylko pobo\u017cno\u015bci\u0105, ale tak\u017ce kszta\u0142towaniem \u017cycia chrze\u015bcija\u0144skiego. Te dwa elementy: ufno\u015b\u0107 wobec Boga i mi\u0142osierdzie \u015bwiadczone bli\u017anim stanowi\u0105 sam fundament praktyki ka\u017cdej formy nabo\u017ce\u0144stwa do Mi\u0142osierdzia Bo\u017cego, a nawet ju\u017c nim s\u0105, bo pierwszym aktem kultu Mi\u0142osierdzia Bo\u017cego jest ufno\u015b\u0107 wobec Boga, gdy\u017c i do niej Jezus przywi\u0105za\u0142 obietnic\u0119 wszelkich \u0142ask i doczesnych dobrodziejstw: <em>Najmilsza Mi jest dusza ta, kt\u00f3ra wierzy mocno w dobro\u0107 Moj\u0105 i zaufa\u0142a Mi zupe\u0142nie; obdarzam j\u0105 swoim zaufaniem i daj\u0119 jej wszystko, o co prosi <\/em>(Dz. 453)<em>. <\/em><\/p>\n<p style=\"text-align: justify;\">\u017bycie duchowe Siostry Faustyny mo\u017cna wi\u0119c stre\u015bci\u0107 w\u0142a\u015bnie w tych w dw\u00f3ch s\u0142owach: ufno\u015b\u0107 i mi\u0142osierdzie. Ufno\u015b\u0107 okre\u015bla jej relacj\u0119 z Bogiem, kt\u00f3ra wyra\u017ca si\u0119 w pe\u0142nieniu Jego woli, natomiast mi\u0142osierdzie przez ma\u0142e \u201em\u201d opisuje jej relacj\u0119 wobec innych ludzi, kt\u00f3rych kocha\u0142a mi\u0142o\u015bci\u0105 heroiczn\u0105 a\u017c po ofiar\u0119 ze swego \u017cycia. <em>O m\u00f3j Jezu \u2013 <\/em>modli\u0142a si\u0119<em> \u2013 ka\u017cdy ze \u015bwi\u0119tych Twoich odbija jedn\u0105 z cn\u00f3t Twoich na sobie, ja pragn\u0119 odbi\u0107 Twoje lito\u015bciwe i pe\u0142ne mi\u0142osierdzia serce, chc\u0119 je wys\u0142awi\u0107. Mi\u0142osierdzie Twoje, o Jezu, niech b\u0119dzie wyci\u015bni\u0119te na sercu i duszy mojej jako piecz\u0119\u0107, a to b\u0119dzie odznak\u0105 moj\u0105 w tym i przysz\u0142ym \u017cyciu <\/em>(Dz. 1242).<\/p>\n<p><a href=\"https:\/\/www.faustyna.pl\/zmbm\/wp-content\/uploads\/2024\/02\/3.jpg\" data-gallery><img loading=\"lazy\" decoding=\"async\" class=\"aligncenter wp-image-28483 size-medium\" src=\"https:\/\/www.faustyna.pl\/zmbm\/wp-content\/uploads\/2024\/02\/3-502x400.jpg\" alt=\"\" width=\"502\" height=\"400\" srcset=\"https:\/\/www.faustyna.pl\/zmbm\/wp-content\/uploads\/2024\/02\/3-502x400.jpg 502w, https:\/\/www.faustyna.pl\/zmbm\/wp-content\/uploads\/2024\/02\/3-1024x816.jpg 1024w, https:\/\/www.faustyna.pl\/zmbm\/wp-content\/uploads\/2024\/02\/3-140x111.jpg 140w, https:\/\/www.faustyna.pl\/zmbm\/wp-content\/uploads\/2024\/02\/3-1536x1223.jpg 1536w, https:\/\/www.faustyna.pl\/zmbm\/wp-content\/uploads\/2024\/02\/3.jpg 2048w\" sizes=\"auto, (max-width: 502px) 100vw, 502px\" \/><\/a><\/p>\n<ol>\n<li><a href=\"https:\/\/www.faustyna.pl\/zmbm\/miejsce-ktore-wybral-bog\/\">G\u0142\u00f3wne wej\u015bcie do Sanktuarium<\/a><\/li>\n<li><a href=\"https:\/\/www.faustyna.pl\/zmbm\/dom-sw-siostry-faustyny-dawna-furta\/\">\u201eDom \u015bw. Siostry Faustyny\u201d<\/a> \u2013<a href=\"https:\/\/domsiostryfaustyny.pl\/pokoje-goscinne\/\"> noclegi<\/a>, muzeum<\/li>\n<li><a href=\"https:\/\/www.faustyna.pl\/zmbm\/klasztor\/\">Klasztor<\/a><\/li>\n<li><a href=\"https:\/\/www.faustyna.pl\/zmbm\/antoninek-2\/\">\u201eAntoninek\u201d <\/a>\u2013 <a href=\"https:\/\/www.faustinum.pl\/pl\/pl-2\/\">stowarzyszenie \u201eFaustinum\u201d<\/a><\/li>\n<li>\n<h4><span style=\"color: #800000;\"><a style=\"color: #800000;\" href=\"https:\/\/www.faustyna.pl\/zmbm\/kaplica-jezusa-milosiernego-i-grobu-sw-faustyny\/\">Kaplica Jezusa Mi\u0142osiernego i grobu \u015bw. Faustyny<\/a><\/span><\/h4>\n<\/li>\n<li><a href=\"https:\/\/www.faustyna.pl\/zmbm\/oratorium-miejsce-smierci-sw-faustyny\/\">Oratorium<\/a> \u2013 miejsce \u015bmierci \u015bw. Faustyny<\/li>\n<li><a href=\"https:\/\/www.faustyna.pl\/zmbm\/kaplica-meki-panskiej\/\">Kaplica M\u0119ki Pa\u0144skiej<\/a><\/li>\n<li><a href=\"https:\/\/www.faustyna.pl\/zmbm\/bazylika-bozego-milosierdzia\/\">Bazylika Bo\u017cego Mi\u0142osierdzia<\/a><\/li>\n<li><a href=\"https:\/\/www.faustyna.pl\/zmbm\/kaplica-sw-siostry-faustyny-wloska\/\">Kaplica \u015bw. Siostry Faustyny<\/a> \u2013 w\u0142oska<\/li>\n<li><a href=\"https:\/\/www.faustyna.pl\/zmbm\/kaplica-communio-sanctorum-wegierska\/\">Kaplica Communio Sanctorum<\/a> \u2013 w\u0119gierska<\/li>\n<li><a href=\"https:\/\/www.faustyna.pl\/zmbm\/kaplica-sw-andrzeja-grekokatolicka\/\">Kaplica \u015bw. Andrzeja<\/a> \u2013 grekokatolicka<\/li>\n<li><a href=\"https:\/\/www.faustyna.pl\/zmbm\/kaplica-swietego-krzyza-niemiecka\/\">Kaplica \u015awi\u0119tego Krzy\u017ca<\/a> \u2013 niemiecka<\/li>\n<li><a href=\"https:\/\/www.faustyna.pl\/zmbm\/kaplica-matki-boskiej-siedmiobolesnej-slowacka\/\">Kaplica Matki Boskiej Siedmiobolesnej<\/a> \u2013 s\u0142owacka<\/li>\n<li><a href=\"https:\/\/www.faustyna.pl\/zmbm\/kaplica-wieczystej-adoracji-3\/\">Kaplica Wieczystej Adoracji<\/a><\/li>\n<li><a href=\"https:\/\/www.faustyna.pl\/zmbm\/wieza-widokowa\/\">Wie\u017ca widokowa<\/a><\/li>\n<li><a href=\"https:\/\/www.faustyna.pl\/zmbm\/cmentarz-zakonny\/\">Cmentarz zakonny<\/a><\/li>\n<li><a href=\"https:\/\/www.faustyna.pl\/zmbm\/dom-sw-siostry-faustyny-restauracja\/\">\u201e<\/a><a href=\"https:\/\/domsiostryfaustyny.pl\/restauracja\/\">Dom \u015bw. Siostry Faustyny\u201d \u2013 restauracja<\/a>, pami\u0105tki, prelekcje<\/li>\n<li>Dom duszpasterski \u2013 noclegi, restauracja<\/li>\n<li>M\u0142odzie\u017cowy O\u015brodek Wychowawczy im. \u015bw. Siostry Faustyny<\/li>\n<li>Punkt informacyjny<\/li>\n<li>Pasa\u017c handlowy \u2013 <a href=\"https:\/\/www.misericordia.faustyna.net\/\">sklep wydawnictwa Misericordia<\/a><\/li>\n<li>Aula \u015bw. Jana Paw\u0142a II<\/li>\n<li>Parking \u2013 samochody osobowe<\/li>\n<li>Parking \u2013 autokary i samochody osobowe<\/li>\n<li>Toalety<\/li>\n<li>Most Mi\u0142osierdzia \u2013 przej\u015bcie do Sanktuarium \u015bw. Jana Paw\u0142a II i na przystanek\u00a0\u00a0 tramwajowy.<\/li>\n<\/ol>\n","protected":false},"excerpt":{"rendered":"<p>Mapa Sanktuarium pod tekstem Jeste\u015bmy przed klasztorem, w kt\u00f3rym zamieszkuj\u0105 siostry od 1891 roku. Na fasadzie budynku w samym szczycie jest herb fundatora ksi\u0119cia Aleksandra Lubomirskiego (\u201eSzreniawa bez Krzy\u017ca\u201d), poni\u017cej p\u0142askorze\u017aba Matki Bo\u017cej Mi\u0142osierdzia \u2013 g\u0142\u00f3wnej patronki Zgromadzenia, a na wysoko\u015bci pi\u0119tra nad drzwiami wej\u015bciowymi napis: \u201eFundowa\u0142 ks. Aleksander Lubomirski R.P. MDCCCLXL [1890]\u201d. W tym [&hellip;]<\/p>\n","protected":false},"author":1,"featured_media":0,"parent":0,"menu_order":0,"comment_status":"closed","ping_status":"closed","template":"","meta":{"footnotes":""},"categories":[130643],"tags":[],"class_list":["post-28118","page","type-page","status-publish","hentry","category-qrkod"],"_links":{"self":[{"href":"https:\/\/www.faustyna.pl\/zmbm\/wp-json\/wp\/v2\/pages\/28118","targetHints":{"allow":["GET"]}}],"collection":[{"href":"https:\/\/www.faustyna.pl\/zmbm\/wp-json\/wp\/v2\/pages"}],"about":[{"href":"https:\/\/www.faustyna.pl\/zmbm\/wp-json\/wp\/v2\/types\/page"}],"author":[{"embeddable":true,"href":"https:\/\/www.faustyna.pl\/zmbm\/wp-json\/wp\/v2\/users\/1"}],"replies":[{"embeddable":true,"href":"https:\/\/www.faustyna.pl\/zmbm\/wp-json\/wp\/v2\/comments?post=28118"}],"version-history":[{"count":12,"href":"https:\/\/www.faustyna.pl\/zmbm\/wp-json\/wp\/v2\/pages\/28118\/revisions"}],"predecessor-version":[{"id":28869,"href":"https:\/\/www.faustyna.pl\/zmbm\/wp-json\/wp\/v2\/pages\/28118\/revisions\/28869"}],"wp:attachment":[{"href":"https:\/\/www.faustyna.pl\/zmbm\/wp-json\/wp\/v2\/media?parent=28118"}],"wp:term":[{"taxonomy":"category","embeddable":true,"href":"https:\/\/www.faustyna.pl\/zmbm\/wp-json\/wp\/v2\/categories?post=28118"},{"taxonomy":"post_tag","embeddable":true,"href":"https:\/\/www.faustyna.pl\/zmbm\/wp-json\/wp\/v2\/tags?post=28118"}],"curies":[{"name":"wp","href":"https:\/\/api.w.org\/{rel}","templated":true}]}}