



{"id":28120,"date":"2024-02-08T10:13:51","date_gmt":"2024-02-08T09:13:51","guid":{"rendered":"https:\/\/www.faustyna.pl\/zmbm\/?page_id=28120"},"modified":"2026-05-08T15:28:06","modified_gmt":"2026-05-08T13:28:06","slug":"antoninek-2","status":"publish","type":"page","link":"https:\/\/www.faustyna.pl\/zmbm\/antoninek-2\/","title":{"rendered":"\u201eAntoninek\u201d"},"content":{"rendered":"<p><a href=\"https:\/\/www.faustyna.pl\/zmbm\/wp-content\/uploads\/2024\/02\/Antoninek_Krakow_Lagiewniki.jpg\" data-gallery><img loading=\"lazy\" decoding=\"async\" class=\"alignnone wp-image-28185 size-full\" src=\"https:\/\/www.faustyna.pl\/zmbm\/wp-content\/uploads\/2024\/02\/Antoninek_Krakow_Lagiewniki.jpg\" alt=\"\" width=\"1024\" height=\"610\" srcset=\"https:\/\/www.faustyna.pl\/zmbm\/wp-content\/uploads\/2024\/02\/Antoninek_Krakow_Lagiewniki.jpg 1024w, https:\/\/www.faustyna.pl\/zmbm\/wp-content\/uploads\/2024\/02\/Antoninek_Krakow_Lagiewniki-560x334.jpg 560w, https:\/\/www.faustyna.pl\/zmbm\/wp-content\/uploads\/2024\/02\/Antoninek_Krakow_Lagiewniki-140x83.jpg 140w\" sizes=\"auto, (max-width: 1024px) 100vw, 1024px\" \/><\/a><\/p>\n<p style=\"text-align: right\"><span style=\"color: #993300\"><strong><em>Mapa Sanktuarium pod tekstem<\/em><\/strong><\/span><\/p>\n<p style=\"text-align: justify\">Tak nazywany jest obiekt przylegaj\u0105cy do ulicy Siostry Faustyny, pobudowany w miejscu dawnej furty klasztornej i pi\u0119trowego budynku, w kt\u00f3rym kiedy\u015b by\u0142y pokoje go\u015bcinne dla si\u00f3str i dla chorych zaka\u017anie. W takim pokoju na I pi\u0119trze prawdopodobnie od wrze\u015bnia 1937 przez par\u0119 miesi\u0119cy mieszka\u0142a \u015bw. Siostra Faustyna, ci\u0119\u017cko chora na gru\u017alic\u0119, kt\u00f3r\u0105 lekarz poleci\u0142 odseparowa\u0107. \u00a0Do ko\u0144ca grudnia 1937 roku jeszcze pracowa\u0142a na furcie przy bramie g\u0142\u00f3wnej, a potem w miar\u0119 si\u0142 na furcie w klasztorze i w celi \u201eprzy cz\u00f3\u0142enku\u201d, robi\u0105c szlaki frywolitowe do o\u0142tarzy. W ci\u0105gu kilku miesi\u0119cy w celi na \u201eAntoninku\u201d wiele si\u0119 wydarzy\u0142o. Siostra Faustyna zapisa\u0142a ponad pi\u0119\u0107dziesi\u0105t r\u00f3\u017cnego rodzaju nadzwyczajnych objawie\u0144 Jezusa i Matki Bo\u017cej oraz \u015bwiadectw walki z szatanem. Najcz\u0119\u015bciej odwiedza\u0142 j\u0105 Jezus (41 razy), a Jego rozmowy dotyczy\u0142y m.in. misji g\u0142oszenia or\u0119dzia Mi\u0142osierdzia.<\/p>\n<p style=\"text-align: justify\">To w\u0142a\u015bnie w \u0142agiewnickim klasztorze w pa\u017adzierniku 1937 roku w bli\u017cej nieokre\u015blonym miejscu Jezus objawi\u0142 Siostrze Faustynie t\u0119 form\u0119 kultu Mi\u0142osierdzia Bo\u017cego, jak\u0105 jest \u201eGodzina Mi\u0142osierdzia\u201d, czyli modlitwa w chwili Jego konania na krzy\u017cu. <em>O trzeciej godzinie<\/em> \u2013 m\u00f3wi\u0142 do Siostry Faustyny \u2013 <em>b\u0142agaj Mojego mi\u0142osierdzia, szczeg\u00f3lnie dla grzesznik\u00f3w, i cho\u0107 przez kr\u00f3tki moment zag\u0142\u0119biaj si\u0119 w Mojej m\u0119ce<\/em> (\u2026)<em>. Jest to godzina wielkiego mi\u0142osierdzia dla \u015bwiata ca\u0142ego <\/em>(Dz. 1320)<em>.<\/em> Na \u201eAntoninku\u201d natomiast mia\u0142o miejsce kolejne objawienie, dotycz\u0105ce Godziny Mi\u0142osierdzia, w kt\u00f3rym Jezus nie tylko przypomnia\u0142 o tej formie kultu oraz o obietnicy wszelkich \u0142ask i doczesnych dobrodziejstw, ale tak\u017ce poda\u0142 sposoby jej praktykowania przez odprawianie Drogi krzy\u017cowej, nawiedzenie Naj\u015bwi\u0119tszego Sakramentu i po\u0142\u0105czenie si\u0119 z Nim, konaj\u0105cym na krzy\u017cu tam, gdzie zastanie nas godzina 15.00. Przedmiotem cho\u0107by kr\u00f3tkiej modlitwy w tej godzinie ma by\u0107 rozwa\u017canie mi\u0142osiernej mi\u0142o\u015bci Boga objawionej w m\u0119ce i \u015bmierci Syna Bo\u017cego. Ta modlitwa winna by\u0107 skierowana wprost do Jezusa, a w b\u0142aganiach nale\u017cy si\u0119 odwo\u0142a\u0107 do zas\u0142ug Jego bolesnej m\u0119ki. <em>W tej godzinie<\/em> \u2013 obieca\u0142 Jezus \u2013 <em>nie odm\u00f3wi\u0119 duszy niczego, kt\u00f3ra Mnie prosi przez m\u0119k\u0119 Moj\u0105 <\/em>(Dz. 1320). Ka\u017cdego dnia \u2013 nie tylko w Wielki Pi\u0105tek czy ka\u017cdy pi\u0105tek \u2013 godzina trzecia po po\u0142udniu pod ka\u017cd\u0105 szeroko\u015bci\u0105 geograficzn\u0105 jest czasem uprzywilejowanym, w kt\u00f3rym mo\u017cemy w duchu przenie\u015b\u0107 si\u0119 na Golgot\u0119, stan\u0105\u0107 pod krzy\u017cem przy Matce Bo\u017cej i cho\u0107by przez chwil\u0119 po\u0142\u0105czy\u0107 si\u0119 z konaj\u0105cym Jezusem, nasze \u017cycie w\u0142\u0105czy\u0107 w Jego krzy\u017c, a dla zas\u0142ug Jego m\u0119ki b\u0142aga\u0107 o potrzebne \u0142aski i mi\u0142osierdzie dla nas i ca\u0142ego \u015bwiata.<\/p>\n<p style=\"text-align: justify\">Na \u201eAntoninku\u201d Jezus da\u0142 tak\u017ce obietnice kap\u0142anom oraz wszystkim czcicielom Bo\u017cego Mi\u0142osierdzia, m\u00f3wi\u0105c: <em>Wszystkim duszom, kt\u00f3re uwielbia\u0107 b\u0119d\u0105 to Moje mi\u0142osierdzie i szerzy\u0107 jego cze\u015b\u0107, zach\u0119caj\u0105c inne dusze do ufno\u015bci w Moje mi\u0142osierdzie \u2013 dusze te w godzin\u0119 \u015bmierci nie doznaj\u0105 przera\u017cenia <\/em>(Dz. 1540). Zadanie g\u0142oszenia or\u0119dzia Mi\u0142osierdzia Jezus podni\u00f3s\u0142 bowiem do rangi jednej z form kultu Mi\u0142osierdzia Bo\u017cego, obok obrazu, \u015bwi\u0119ta, Koronki i Godziny Mi\u0142osierdzia, wi\u0105\u017c\u0105c z nim obietnice czu\u0142ej opieki w \u017cyciu i w godzinie \u015bmierci.<\/p>\n<p style=\"text-align: justify\">Dla wype\u0142niania misji g\u0142oszenia \u015bwiatu or\u0119dzia Mi\u0142osierdzia Jezus powo\u0142a\u0142 \u201enowe zgromadzenie\u201d, czyli Apostolski Ruch Bo\u017cego Mi\u0142osierdzia zrodzony z charyzmatu i mistycznego do\u015bwiadczenia Siostry Faustyny. Tworz\u0105 go r\u00f3\u017cne zgromadzenia klauzurowe i czynne, m\u0119skie i \u017ce\u0144skie, pustelnicy, r\u00f3\u017cne wsp\u00f3lnoty, bractwa i wierni \u015bwieccy, kt\u00f3rzy \u015bwiadectwem \u017cycia, czynem, s\u0142owem i modlitw\u0105 uobecniaj\u0105 w \u015bwiecie mi\u0142osiern\u0105 mi\u0142o\u015b\u0107 Boga.<\/p>\n<p style=\"text-align: justify\">Jedn\u0105 z tych wsp\u00f3lnot jest mi\u0119dzynarodowe <a href=\"https:\/\/www.faustinum.pl\/pl\/pl-2\/\">Stowarzyszenie Aposto\u0142\u00f3w Bo\u017cego Mi\u0142osierdzia \u201eFaustinum\u201d<\/a>, kt\u00f3re tutaj ma swoj\u0105 siedzib\u0119. Zrzesza ono kap\u0142an\u00f3w, osoby konsekrowane i wiernych \u015bwieckich z 90 kraj\u00f3w \u015bwiata, kt\u00f3rzy pragn\u0105 w\u0142\u0105czy\u0107 si\u0119 w prorock\u0105 misj\u0119 \u015bw. Faustyny.\u00a0 Stowarzyszenie, erygowane przez kard. Franciszka Macharskiego w 1996 roku, w kilku j\u0119zykach prowadzi programow\u0105 formacj\u0119 aposto\u0142\u00f3w Bo\u017cego Mi\u0142osierdzia w oparciu o s\u0142owo Bo\u017ce, nauczanie Ko\u015bcio\u0142a i szko\u0142\u0119 duchowo\u015bci \u015bw. Faustyny; organizuje spotkania, dni skupienia, rekolekcje, kongresy, zjazdy, g\u0142osi or\u0119dzie Mi\u0142osierdzia w Polsce i w innych krajach.<\/p>\n<p style=\"text-align: justify\">G\u0142oszeniu or\u0119dzia Mi\u0142osierdzia w wielu j\u0119zykach w tym Sanktuarium s\u0142u\u017cy tak\u017ce <a href=\"https:\/\/www.misericordia.faustyna.net\/\">Wydawnictwo \u201eMisericordia\u201d,<\/a> codzienna pos\u0142uga pielgrzymom, <a href=\"https:\/\/www.faustyna.pl\/zmbm\/oredzie-milosierdzia-kwartalnik\/\">kwartalnik \u201eOr\u0119dzie Mi\u0142osierdzia\u201d<\/a>, <a href=\"https:\/\/www.faustyna.pl\/zmbm\/koronka-za-konajacych\/\">Koronka za konaj\u0105cych<\/a>, <a href=\"https:\/\/www.faustyna.pl\/zmbm\/nieustanna-koronka-do-milosierdzia-bozego-zapisy\/\">Nieustanna Koronka<\/a>, pos\u0142uga na <a href=\"https:\/\/www.faustyna.pl\/zmbm\/\">stronach internetowych<\/a> i w szeroko rozumianej przestrzeni medialnej, naukowej oraz w dziedzinie kultury i sztuki.<\/p>\n<p><a href=\"https:\/\/www.faustyna.pl\/zmbm\/wp-content\/uploads\/2024\/02\/4.jpg\" data-gallery><img loading=\"lazy\" decoding=\"async\" class=\"aligncenter wp-image-28479 size-large\" src=\"https:\/\/www.faustyna.pl\/zmbm\/wp-content\/uploads\/2024\/02\/4-1024x816.jpg\" alt=\"\" width=\"1024\" height=\"816\" srcset=\"https:\/\/www.faustyna.pl\/zmbm\/wp-content\/uploads\/2024\/02\/4-1024x816.jpg 1024w, https:\/\/www.faustyna.pl\/zmbm\/wp-content\/uploads\/2024\/02\/4-502x400.jpg 502w, https:\/\/www.faustyna.pl\/zmbm\/wp-content\/uploads\/2024\/02\/4-140x111.jpg 140w, https:\/\/www.faustyna.pl\/zmbm\/wp-content\/uploads\/2024\/02\/4-1536x1223.jpg 1536w, https:\/\/www.faustyna.pl\/zmbm\/wp-content\/uploads\/2024\/02\/4.jpg 2048w\" sizes=\"auto, (max-width: 1024px) 100vw, 1024px\" \/><\/a><\/p>\n<ol>\n<li><a href=\"https:\/\/www.faustyna.pl\/zmbm\/miejsce-ktore-wybral-bog\/\">G\u0142\u00f3wne wej\u015bcie do Sanktuarium<\/a><\/li>\n<li><a href=\"https:\/\/www.faustyna.pl\/zmbm\/dom-sw-siostry-faustyny-dawna-furta\/\">\u201eDom \u015bw. Siostry Faustyny\u201d<\/a> \u2013<a href=\"https:\/\/domsiostryfaustyny.pl\/pokoje-goscinne\/\"> noclegi<\/a>, muzeum<\/li>\n<li><a href=\"https:\/\/www.faustyna.pl\/zmbm\/klasztor\/\">Klasztor<\/a><\/li>\n<li><a href=\"https:\/\/www.faustyna.pl\/zmbm\/antoninek-2\/\">\u201eAntoninek\u201d <\/a>\u2013 <a href=\"https:\/\/www.faustinum.pl\/pl\/pl-2\/\">stowarzyszenie \u201eFaustinum\u201d<\/a><\/li>\n<li>\n<h4><span style=\"color: #800000\"><a style=\"color: #800000\" href=\"https:\/\/www.faustyna.pl\/zmbm\/kaplica-jezusa-milosiernego-i-grobu-sw-faustyny\/\">Kaplica Jezusa Mi\u0142osiernego i grobu \u015bw. Faustyny<\/a><\/span><\/h4>\n<\/li>\n<li><a href=\"https:\/\/www.faustyna.pl\/zmbm\/oratorium-miejsce-smierci-sw-faustyny\/\">Oratorium<\/a> \u2013 miejsce \u015bmierci \u015bw. Faustyny<\/li>\n<li><a href=\"https:\/\/www.faustyna.pl\/zmbm\/kaplica-meki-panskiej\/\">Kaplica M\u0119ki Pa\u0144skiej<\/a><\/li>\n<li><a href=\"https:\/\/www.faustyna.pl\/zmbm\/bazylika-bozego-milosierdzia\/\">Bazylika Bo\u017cego Mi\u0142osierdzia<\/a><\/li>\n<li><a href=\"https:\/\/www.faustyna.pl\/zmbm\/kaplica-sw-siostry-faustyny-wloska\/\">Kaplica \u015bw. Siostry Faustyny<\/a> \u2013 w\u0142oska<\/li>\n<li><a href=\"https:\/\/www.faustyna.pl\/zmbm\/kaplica-communio-sanctorum-wegierska\/\">Kaplica Communio Sanctorum<\/a> \u2013 w\u0119gierska<\/li>\n<li><a href=\"https:\/\/www.faustyna.pl\/zmbm\/kaplica-sw-andrzeja-grekokatolicka\/\">Kaplica \u015bw. Andrzeja<\/a> \u2013 grekokatolicka<\/li>\n<li><a href=\"https:\/\/www.faustyna.pl\/zmbm\/kaplica-swietego-krzyza-niemiecka\/\">Kaplica \u015awi\u0119tego Krzy\u017ca<\/a> \u2013 niemiecka<\/li>\n<li><a href=\"https:\/\/www.faustyna.pl\/zmbm\/kaplica-matki-boskiej-siedmiobolesnej-slowacka\/\">Kaplica Matki Boskiej Siedmiobolesnej<\/a> \u2013 s\u0142owacka<\/li>\n<li><a href=\"https:\/\/www.faustyna.pl\/zmbm\/kaplica-wieczystej-adoracji-3\/\">Kaplica Wieczystej Adoracji<\/a><\/li>\n<li><a href=\"https:\/\/www.faustyna.pl\/zmbm\/wieza-widokowa\/\">Wie\u017ca widokowa<\/a><\/li>\n<li><a href=\"https:\/\/www.faustyna.pl\/zmbm\/cmentarz-zakonny\/\">Cmentarz zakonny<\/a><\/li>\n<li><a href=\"https:\/\/www.faustyna.pl\/zmbm\/dom-sw-siostry-faustyny-restauracja\/\">\u201e<\/a><a href=\"https:\/\/domsiostryfaustyny.pl\/restauracja\/\">Dom \u015bw. Siostry Faustyny\u201d \u2013 restauracja<\/a>, pami\u0105tki, prelekcje<\/li>\n<li>Dom duszpasterski \u2013 noclegi, restauracja<\/li>\n<li>M\u0142odzie\u017cowy O\u015brodek Wychowawczy im. \u015bw. Siostry Faustyny<\/li>\n<li>Punkt informacyjny<\/li>\n<li>Pasa\u017c handlowy \u2013 <a href=\"https:\/\/www.misericordia.faustyna.net\/\">sklep wydawnictwa Misericordia<\/a><\/li>\n<li>Aula \u015bw. Jana Paw\u0142a II<\/li>\n<li>Parking \u2013 samochody osobowe<\/li>\n<li>Parking \u2013 autokary i samochody osobowe<\/li>\n<li>Toalety<\/li>\n<li>Most Mi\u0142osierdzia \u2013 przej\u015bcie do Sanktuarium \u015bw. Jana Paw\u0142a II i na przystanek\u00a0\u00a0 tramwajowy.<\/li>\n<\/ol>\n","protected":false},"excerpt":{"rendered":"<p>Mapa Sanktuarium pod tekstem Tak nazywany jest obiekt przylegaj\u0105cy do ulicy Siostry Faustyny, pobudowany w miejscu dawnej furty klasztornej i pi\u0119trowego budynku, w kt\u00f3rym kiedy\u015b by\u0142y pokoje go\u015bcinne dla si\u00f3str i dla chorych zaka\u017anie. W takim pokoju na I pi\u0119trze prawdopodobnie od wrze\u015bnia 1937 przez par\u0119 miesi\u0119cy mieszka\u0142a \u015bw. Siostra Faustyna, ci\u0119\u017cko chora na gru\u017alic\u0119, [&hellip;]<\/p>\n","protected":false},"author":1,"featured_media":0,"parent":0,"menu_order":0,"comment_status":"closed","ping_status":"closed","template":"","meta":{"footnotes":""},"categories":[130643],"tags":[],"class_list":["post-28120","page","type-page","status-publish","hentry","category-qrkod"],"_links":{"self":[{"href":"https:\/\/www.faustyna.pl\/zmbm\/wp-json\/wp\/v2\/pages\/28120","targetHints":{"allow":["GET"]}}],"collection":[{"href":"https:\/\/www.faustyna.pl\/zmbm\/wp-json\/wp\/v2\/pages"}],"about":[{"href":"https:\/\/www.faustyna.pl\/zmbm\/wp-json\/wp\/v2\/types\/page"}],"author":[{"embeddable":true,"href":"https:\/\/www.faustyna.pl\/zmbm\/wp-json\/wp\/v2\/users\/1"}],"replies":[{"embeddable":true,"href":"https:\/\/www.faustyna.pl\/zmbm\/wp-json\/wp\/v2\/comments?post=28120"}],"version-history":[{"count":19,"href":"https:\/\/www.faustyna.pl\/zmbm\/wp-json\/wp\/v2\/pages\/28120\/revisions"}],"predecessor-version":[{"id":32520,"href":"https:\/\/www.faustyna.pl\/zmbm\/wp-json\/wp\/v2\/pages\/28120\/revisions\/32520"}],"wp:attachment":[{"href":"https:\/\/www.faustyna.pl\/zmbm\/wp-json\/wp\/v2\/media?parent=28120"}],"wp:term":[{"taxonomy":"category","embeddable":true,"href":"https:\/\/www.faustyna.pl\/zmbm\/wp-json\/wp\/v2\/categories?post=28120"},{"taxonomy":"post_tag","embeddable":true,"href":"https:\/\/www.faustyna.pl\/zmbm\/wp-json\/wp\/v2\/tags?post=28120"}],"curies":[{"name":"wp","href":"https:\/\/api.w.org\/{rel}","templated":true}]}}