



{"id":28132,"date":"2024-02-08T10:17:23","date_gmt":"2024-02-08T09:17:23","guid":{"rendered":"https:\/\/www.faustyna.pl\/zmbm\/?page_id=28132"},"modified":"2024-04-04T11:01:29","modified_gmt":"2024-04-04T09:01:29","slug":"kaplica-meki-panskiej","status":"publish","type":"page","link":"https:\/\/www.faustyna.pl\/zmbm\/kaplica-meki-panskiej\/","title":{"rendered":"Kaplica M\u0119ki Pa\u0144skiej"},"content":{"rendered":"<p><img loading=\"lazy\" decoding=\"async\" class=\"alignnone size-medium wp-image-28366\" src=\"https:\/\/www.faustyna.pl\/zmbm\/wp-content\/uploads\/2024\/02\/Kaplica_Meki_Panskiej_2024-560x334.jpg\" alt=\"\" width=\"560\" height=\"334\" srcset=\"https:\/\/www.faustyna.pl\/zmbm\/wp-content\/uploads\/2024\/02\/Kaplica_Meki_Panskiej_2024-560x334.jpg 560w, https:\/\/www.faustyna.pl\/zmbm\/wp-content\/uploads\/2024\/02\/Kaplica_Meki_Panskiej_2024-140x83.jpg 140w, https:\/\/www.faustyna.pl\/zmbm\/wp-content\/uploads\/2024\/02\/Kaplica_Meki_Panskiej_2024.jpg 1024w\" sizes=\"auto, (max-width: 560px) 100vw, 560px\" \/><\/p>\n<p style=\"text-align: right;\"><span style=\"color: #993300;\"><em><strong>Mapa Sanktuarium pod tekstem<\/strong><\/em><\/span><\/p>\n<p style=\"text-align: justify;\">Jeste\u015bmy przed kaplic\u0105 M\u0119ki Pa\u0144skiej, kt\u00f3ra znajduje si\u0119 pod kaplic\u0105 z \u0142askami s\u0142yn\u0105cym obrazem Jezusa Mi\u0142osiernego. Wcze\u015bniej by\u0142a tu tylko niewielka krypta, w kt\u00f3rej spoczywa\u0142y cia\u0142a zmar\u0142ych si\u00f3str do chwili pogrzebu, tak\u017ce \u015bw. Siostry Faustyny. Kaplica zosta\u0142a oddana do u\u017cytku w 1986 roku, a obecnie s\u0142u\u017cy siostrom i grupom rekolekcyjnym. Prezbiterium kaplicy zdobi Krzy\u017c, pod kt\u00f3rym znajduje si\u0119 tabernakulum ze s\u0142owami z Koronki do Mi\u0142osierdzia Bo\u017cego: <em>Miej mi\u0142osierdzie dla nas i \u015bwiata ca\u0142ego<\/em>. Po obu stronach krzy\u017ca znajduj\u0105 si\u0119 obrazy Matki Bo\u017cej i \u015bw. Faustyny, a przy wschodniej \u015bcianie kaplicy \u2013 stacje drogi krzy\u017cowej (dzie\u0142o Marii Konarzewskiej). Tajemnica m\u0119ki Jezusa wyra\u017cona jest tak\u017ce w witra\u017cach zaprojektowanych przez Wiktora Ostrza\u0142ka. Wszystkie elementy wystroju kaplicy: witra\u017ce, droga krzy\u017cowa i krzy\u017c w prezbiterium ukazuj\u0105 w ca\u0142o\u015bci m\u0119k\u0119 Jezusa.<\/p>\n<p style=\"text-align: justify;\">W tej kaplicy rozpocz\u0119\u0142a si\u0119 w \u0142agiewnickim Sanktuarium praktyka wsp\u00f3lnej z pielgrzymami modlitwy w Godzinie Mi\u0142osierdzia i Koronki do Mi\u0142osierdzia Bo\u017cego. To nabo\u017ce\u0144stwo z \u0142agiewnickiego Sanktuarium transmitowane przez stacje telewizyjne, rozg\u0142o\u015bnie radiowe i transmisje telewizyjne gromadzi na modlitwie miliony ludzi, kt\u00f3rzy w jednym czasie, w r\u00f3\u017cnych j\u0119zykach wo\u0142aj\u0105 do Boga o mi\u0142osierdzie <em>dla nas i ca\u0142ego \u015bwiata<\/em>.<\/p>\n<p style=\"text-align: justify;\">Koronka do Mi\u0142osierdzia Bo\u017cego, kt\u00f3r\u0105 Jezus podyktowa\u0142 Siostrze Faustynie po polsku w Wilnie w 1935 roku, to druga po \u201eOjcze nasz\u201d modlitwa, kt\u00f3rej nauczy\u0142 nas sam Jezus. Skierowana jest do Ojca Niebieskiego, kt\u00f3remu na mocy powszechnego kap\u0142a\u0144stwa ofiarujemy <em>Cia\u0142o i Krew, Dusze i B\u00f3stwo <\/em>Jego najmilszego Syna <em>na przeb\u0142aganie za grzechy nasze i ca\u0142ego \u015bwiata. <\/em>To, co kap\u0142an czyni na o\u0142tarzu w spos\u00f3b sakramentalny, wierni na mocy uczestnictwa w powszechnym kap\u0142a\u0144stwie Chrystusa czyni\u0105 w spos\u00f3b duchowy. W b\u0142aganiach zanoszonych do Boga odwo\u0142uj\u0105 si\u0119 wi\u0119c do najsilniejszego argumentu, ofiaruj\u0105c Mu Jego Syna, dlatego ta modlitwa jest tak niezwykle skuteczna, je\u015bli odmawiana jest z ufno\u015bci\u0105.<\/p>\n<p style=\"text-align: justify;\">Z ufnym odmawianiem Koronki do Mi\u0142osierdzia Bo\u017cego Jezus zwi\u0105za\u0142 obietnic\u0119 wszelkich \u0142ask i doczesnych dobrodziejstw, kt\u00f3re s\u0105 zgodne z Jego wol\u0105, oraz \u0142ask dotycz\u0105cych godziny \u015bmierci. Chodzi o \u0142ask\u0119 szcz\u0119\u015bliwej \u015bmierci, w kt\u00f3rej na wieczno\u015b\u0107 wybieramy Boga, i spokojnej \u015bmierci, czyli odchodzenia z tego \u015bwiata bez l\u0119ku i przera\u017cenia. Te \u0142aski mog\u0105 otrzyma\u0107 nie tylko ci, kt\u00f3rzy sami z ufno\u015bci\u0105 odmawiaj\u0105 t\u0119 Koronk\u0119, ale tak\u017ce konaj\u0105cy, przy kt\u00f3rych inni jej s\u0142owami si\u0119 modl\u0105. Jezus obieca\u0142: <em>Chocia\u017cby by\u0142 grzesznik najzatwardzialszy, je\u017celi raz tylko zm\u00f3wi t\u0119 Koronk\u0119, dost\u0105pi \u0142aski z niesko\u0144czonego mi\u0142osierdzia Mojego <\/em>(Dz. 687)<em>. <\/em>Chocia\u017c raz, ale w duchu tego nabo\u017ce\u0144stwa, czyli z wiar\u0105, \u017calem za pope\u0142nione z\u0142o i pragnieniem pe\u0142nienia woli Bo\u017cej. Odmawianie tej modlitwy jest ju\u017c aktem mi\u0142osierdzia, poniewa\u017c prosimy w niej o mi\u0142osierdzie Bo\u017ce \u201edla nas\u201d, odmawiaj\u0105cych t\u0119 modlitw\u0119, dla tych, za kt\u00f3rych si\u0119 modlimy i za kt\u00f3rych jeste\u015bmy zobowi\u0105zani si\u0119 modli\u0107, oraz dla \u201eca\u0142ego \u015bwiata\u201d, czyli dla wszystkich ludzi \u017cyj\u0105cych na ziemi i dusz w czy\u015b\u0107cu cierpi\u0105cych. W Polsce za odm\u00f3wienie Koronki do Mi\u0142osierdzia Bo\u017cego przed Naj\u015bwi\u0119tszym Sakramentem mo\u017cna ka\u017cdego dnia \u2013 pod zwyk\u0142ymi warunkami \u2013 uzyska\u0107 odpust zupe\u0142ny.<\/p>\n<p style=\"text-align: justify;\">Przed kaplic\u0105 M\u0119ki Pa\u0144skiej przy figurze Jezusa Mi\u0142osiernego (d\u0142uta Czes\u0142awa D\u017awigaja) i \u015bw. Siostry Faustyny (tego samego artysty) jest zaciszne miejsce dla odpoczynku i refleksji nad tajemnic\u0105 mi\u0142osierdzia Bo\u017cego. Odkrywanie mi\u0142osiernej mi\u0142o\u015bci Boga w \u017cyciu osobistym, rodzinnym, narodowym\u2026 sprawia, \u017ce ta najpi\u0119kniejsza tajemnica naszej wiary ma bardzo konkretne przejawy w przestrzeni egzystencjalnej i duchowej, prowadzi do coraz g\u0142\u0119bszego zaufania Bogu i czynnej mi\u0142o\u015bci bli\u017aniego.<\/p>\n<p><a href=\"https:\/\/www.faustyna.pl\/zmbm\/wp-content\/uploads\/2024\/02\/7.jpg\" data-gallery><img loading=\"lazy\" decoding=\"async\" class=\"wp-image-28468 size-medium aligncenter\" src=\"https:\/\/www.faustyna.pl\/zmbm\/wp-content\/uploads\/2024\/02\/7-502x400.jpg\" alt=\"\" width=\"502\" height=\"400\" srcset=\"https:\/\/www.faustyna.pl\/zmbm\/wp-content\/uploads\/2024\/02\/7-502x400.jpg 502w, https:\/\/www.faustyna.pl\/zmbm\/wp-content\/uploads\/2024\/02\/7-1024x816.jpg 1024w, https:\/\/www.faustyna.pl\/zmbm\/wp-content\/uploads\/2024\/02\/7-140x111.jpg 140w, https:\/\/www.faustyna.pl\/zmbm\/wp-content\/uploads\/2024\/02\/7-1536x1223.jpg 1536w, https:\/\/www.faustyna.pl\/zmbm\/wp-content\/uploads\/2024\/02\/7.jpg 2048w\" sizes=\"auto, (max-width: 502px) 100vw, 502px\" \/><\/a><\/p>\n<ol>\n<li><a href=\"https:\/\/www.faustyna.pl\/zmbm\/miejsce-ktore-wybral-bog\/\">G\u0142\u00f3wne wej\u015bcie do Sanktuarium<\/a><\/li>\n<li><a href=\"https:\/\/www.faustyna.pl\/zmbm\/dom-sw-siostry-faustyny-dawna-furta\/\">\u201eDom \u015bw. Siostry Faustyny\u201d<\/a> \u2013 <a href=\"https:\/\/domsiostryfaustyny.pl\/pokoje-goscinne\/\">noclegi<\/a>, muzeum<\/li>\n<li><a href=\"https:\/\/www.faustyna.pl\/zmbm\/klasztor\/\">Klasztor<\/a><\/li>\n<li><a href=\"https:\/\/www.faustyna.pl\/zmbm\/antoninek-2\/\">\u201eAntoninek\u201d <\/a>\u2013 <a href=\"https:\/\/www.faustinum.pl\/pl\/pl-2\/\">stowarzyszenie \u201eFaustinum\u201d<\/a><\/li>\n<li>\n<h4><span style=\"color: #800000;\"><a style=\"color: #800000;\" href=\"https:\/\/www.faustyna.pl\/zmbm\/kaplica-jezusa-milosiernego-i-grobu-sw-faustyny\/\">Kaplica Jezusa Mi\u0142osiernego i grobu \u015bw. Faustyny<\/a><\/span><\/h4>\n<\/li>\n<li><a href=\"https:\/\/www.faustyna.pl\/zmbm\/oratorium-miejsce-smierci-sw-faustyny\/\">Oratorium<\/a> \u2013 miejsce \u015bmierci \u015bw. Faustyny<\/li>\n<li><a href=\"https:\/\/www.faustyna.pl\/zmbm\/kaplica-meki-panskiej\/\">Kaplica M\u0119ki Pa\u0144skiej<\/a><\/li>\n<li><a href=\"https:\/\/www.faustyna.pl\/zmbm\/bazylika-bozego-milosierdzia\/\">Bazylika Bo\u017cego Mi\u0142osierdzia<\/a><\/li>\n<li><a href=\"https:\/\/www.faustyna.pl\/zmbm\/kaplica-sw-siostry-faustyny-wloska\/\">Kaplica \u015bw. Siostry Faustyny<\/a> \u2013 w\u0142oska<\/li>\n<li><a href=\"https:\/\/www.faustyna.pl\/zmbm\/kaplica-communio-sanctorum-wegierska\/\">Kaplica Communio Sanctorum<\/a> \u2013 w\u0119gierska<\/li>\n<li><a href=\"https:\/\/www.faustyna.pl\/zmbm\/kaplica-sw-andrzeja-grekokatolicka\/\">Kaplica \u015bw. Andrzeja<\/a> \u2013 grekokatolicka<\/li>\n<li><a href=\"https:\/\/www.faustyna.pl\/zmbm\/kaplica-swietego-krzyza-niemiecka\/\">Kaplica \u015awi\u0119tego Krzy\u017ca<\/a> \u2013 niemiecka<\/li>\n<li><a href=\"https:\/\/www.faustyna.pl\/zmbm\/kaplica-matki-boskiej-siedmiobolesnej-slowacka\/\">Kaplica Matki Boskiej Siedmiobolesnej<\/a> \u2013 s\u0142owacka<\/li>\n<li><a href=\"https:\/\/www.faustyna.pl\/zmbm\/kaplica-wieczystej-adoracji-3\/\">Kaplica Wieczystej Adoracji<\/a><\/li>\n<li><a href=\"https:\/\/www.faustyna.pl\/zmbm\/wieza-widokowa\/\">Wie\u017ca widokowa<\/a><\/li>\n<li><a href=\"https:\/\/www.faustyna.pl\/zmbm\/cmentarz-zakonny\/\">Cmentarz zakonny<\/a><\/li>\n<li><a href=\"https:\/\/www.faustyna.pl\/zmbm\/dom-sw-siostry-faustyny-restauracja\/\">\u201e<\/a><a href=\"https:\/\/domsiostryfaustyny.pl\/restauracja\/\">Dom \u015bw. Siostry Faustyny\u201d \u2013 restauracja<\/a>, pami\u0105tki, prelekcje<\/li>\n<li>Dom duszpasterski \u2013 noclegi, restauracja<\/li>\n<li>M\u0142odzie\u017cowy O\u015brodek Wychowawczy im. \u015bw. Siostry Faustyny<\/li>\n<li>Punkt informacyjny<\/li>\n<li>Pasa\u017c handlowy \u2013 <a href=\"https:\/\/www.misericordia.faustyna.net\/\">sklep wydawnictwa Misericordia<\/a><\/li>\n<li>Aula \u015bw. Jana Paw\u0142a II<\/li>\n<li>Parking \u2013 samochody osobowe<\/li>\n<li>Parking \u2013 autokary i samochody osobowe<\/li>\n<li>Toalety<\/li>\n<li>Most Mi\u0142osierdzia \u2013 przej\u015bcie do Sanktuarium \u015bw. Jana Paw\u0142a II i na przystanek\u00a0\u00a0 tramwajowy.<\/li>\n<\/ol>\n","protected":false},"excerpt":{"rendered":"<p>Mapa Sanktuarium pod tekstem Jeste\u015bmy przed kaplic\u0105 M\u0119ki Pa\u0144skiej, kt\u00f3ra znajduje si\u0119 pod kaplic\u0105 z \u0142askami s\u0142yn\u0105cym obrazem Jezusa Mi\u0142osiernego. Wcze\u015bniej by\u0142a tu tylko niewielka krypta, w kt\u00f3rej spoczywa\u0142y cia\u0142a zmar\u0142ych si\u00f3str do chwili pogrzebu, tak\u017ce \u015bw. Siostry Faustyny. Kaplica zosta\u0142a oddana do u\u017cytku w 1986 roku, a obecnie s\u0142u\u017cy siostrom i grupom rekolekcyjnym. Prezbiterium [&hellip;]<\/p>\n","protected":false},"author":1,"featured_media":0,"parent":0,"menu_order":0,"comment_status":"closed","ping_status":"closed","template":"","meta":{"footnotes":""},"categories":[130643],"tags":[],"class_list":["post-28132","page","type-page","status-publish","hentry","category-qrkod"],"_links":{"self":[{"href":"https:\/\/www.faustyna.pl\/zmbm\/wp-json\/wp\/v2\/pages\/28132","targetHints":{"allow":["GET"]}}],"collection":[{"href":"https:\/\/www.faustyna.pl\/zmbm\/wp-json\/wp\/v2\/pages"}],"about":[{"href":"https:\/\/www.faustyna.pl\/zmbm\/wp-json\/wp\/v2\/types\/page"}],"author":[{"embeddable":true,"href":"https:\/\/www.faustyna.pl\/zmbm\/wp-json\/wp\/v2\/users\/1"}],"replies":[{"embeddable":true,"href":"https:\/\/www.faustyna.pl\/zmbm\/wp-json\/wp\/v2\/comments?post=28132"}],"version-history":[{"count":11,"href":"https:\/\/www.faustyna.pl\/zmbm\/wp-json\/wp\/v2\/pages\/28132\/revisions"}],"predecessor-version":[{"id":28879,"href":"https:\/\/www.faustyna.pl\/zmbm\/wp-json\/wp\/v2\/pages\/28132\/revisions\/28879"}],"wp:attachment":[{"href":"https:\/\/www.faustyna.pl\/zmbm\/wp-json\/wp\/v2\/media?parent=28132"}],"wp:term":[{"taxonomy":"category","embeddable":true,"href":"https:\/\/www.faustyna.pl\/zmbm\/wp-json\/wp\/v2\/categories?post=28132"},{"taxonomy":"post_tag","embeddable":true,"href":"https:\/\/www.faustyna.pl\/zmbm\/wp-json\/wp\/v2\/tags?post=28132"}],"curies":[{"name":"wp","href":"https:\/\/api.w.org\/{rel}","templated":true}]}}