



{"id":28134,"date":"2024-02-08T10:17:42","date_gmt":"2024-02-08T09:17:42","guid":{"rendered":"https:\/\/www.faustyna.pl\/zmbm\/?page_id=28134"},"modified":"2026-05-08T15:25:57","modified_gmt":"2026-05-08T13:25:57","slug":"bazylika-bozego-milosierdzia","status":"publish","type":"page","link":"https:\/\/www.faustyna.pl\/zmbm\/bazylika-bozego-milosierdzia\/","title":{"rendered":"Bazylika Bo\u017cego Mi\u0142osierdzia"},"content":{"rendered":"<p><a href=\"https:\/\/www.faustyna.pl\/zmbm\/wp-content\/uploads\/2024\/02\/Bazylika_Sanktuarium_Lagiewniki.jpg\" data-gallery><img loading=\"lazy\" decoding=\"async\" class=\"alignnone wp-image-28198 size-full\" src=\"https:\/\/www.faustyna.pl\/zmbm\/wp-content\/uploads\/2024\/02\/Bazylika_Sanktuarium_Lagiewniki.jpg\" alt=\"\" width=\"1024\" height=\"610\" srcset=\"https:\/\/www.faustyna.pl\/zmbm\/wp-content\/uploads\/2024\/02\/Bazylika_Sanktuarium_Lagiewniki.jpg 1024w, https:\/\/www.faustyna.pl\/zmbm\/wp-content\/uploads\/2024\/02\/Bazylika_Sanktuarium_Lagiewniki-560x334.jpg 560w, https:\/\/www.faustyna.pl\/zmbm\/wp-content\/uploads\/2024\/02\/Bazylika_Sanktuarium_Lagiewniki-140x83.jpg 140w\" sizes=\"auto, (max-width: 1024px) 100vw, 1024px\" \/><\/a><\/p>\n<p style=\"text-align: right\"><em><strong><span style=\"color: #993300\">Mapa Sanktuarium pod tekstem<\/span><\/strong><\/em><\/p>\n<p style=\"text-align: justify\">Przed nami nowa dwupoziomowa bazylika Mi\u0142osierdzia Bo\u017cego, kt\u00f3r\u0105 po\u015bwieci\u0142 papie\u017c Jan Pawe\u0142 II i w kt\u00f3rej ca\u0142y \u015bwiat zawierzy\u0142 Bo\u017cemu Mi\u0142osierdziu. Plac pod jej budow\u0119 po\u015bwi\u0119ci\u0142 kard. Franciszek Macharski w 1999 roku, a nieca\u0142e trzy lata p\u00f3\u017aniej \u2013 17 sierpnia 2002 roku \u2013 now\u0105 \u015bwi\u0105tyni\u0119 konsekrowa\u0142 Jan Pawe\u0142 II. \u00a0W 2003 roku nadano jej tytu\u0142 bazyliki mniejszej, o czym informuje tablica przed g\u0142\u00f3wnym wej\u015bciem. W przedsionku bazyliki znajduje si\u0119 kamie\u0144 w\u0119gielny z Golgoty oraz tablice upami\u0119tniaj\u0105ce pielgrzymki trzech papie\u017cy, kt\u00f3rzy nawiedzili bazylik\u0119: Jana Paw\u0142a II (17 sierpnia 2002) Benedykta XVI (27 maja 2006) oraz Franciszka (30 lipca 2016).<\/p>\n<p style=\"text-align: justify\">Bazylika zbudowana wed\u0142ug projektu Witolda C\u0119ckiewicza, kszta\u0142tem przypomina okr\u0119t i kojarzy si\u0119 ze wsp\u00f3\u0142czesn\u0105 \u201eark\u0105 przymierza\u201d, w kt\u00f3rej znajduj\u0105 ocalenie wszyscy pok\u0142adaj\u0105cy nadziej\u0119 w mi\u0142osierdziu Bo\u017cym. W prezbiterium za du\u017cym kamiennym o\u0142tarzem znajduje si\u0119 tabernakulum w kszta\u0142cie kuli ziemskiej z zarysowanymi kontynentami, kt\u00f3r\u0105 otacza targany silnymi wiatrami krzew, symbolizuj\u0105cy wsp\u00f3\u0142czesny \u015bwiat czy cz\u0142owieka miotanego r\u00f3\u017cnymi pr\u0105dami. W ten krzew nad tabernakulum wpisany jest obraz Jezusa Mi\u0142osiernego (p\u0119dzla Jana Chrz\u0105szcza), kt\u00f3ry przypomina, \u017ce\u00a0<em>w mi\u0142osierdziu Boga \u015bwiat znajdzie pok\u00f3j, a cz\u0142owiek szcz\u0119\u015bcie<\/em>\u00a0\u2013 jak powiedzia\u0142 \u015bw. Jan Pawe\u0142 II. Obok znajduj\u0105 si\u0119 obrazy Aposto\u0142\u00f3w Mi\u0142osierdzia: \u015bw. Siostry Faustyny i \u015bw. Jana Paw\u0142a II autorstwa Teresy \u015aliwki-Moskal.<\/p>\n<p style=\"text-align: justify\">Na \u015bcianach oddzielaj\u0105cych prezbiterium od nawy g\u0142\u00f3wnej znajduje si\u0119 obraz Ostrobramskiej Matki Bo\u017cej\u00a0Mi\u0142osierdzia (p\u0119dzla Jana Chrz\u0105szcza) i po drugiej stronie \u2013 pe\u0142ny tekst aktu zawierzenia \u015bwiata Mi\u0142osierdziu Bo\u017cemu oraz gabloty z dzi\u0119kczynnymi wotami. Pod obrazem Matki Bo\u017cej stoj\u0105 dwa dzwony: jeden po\u015bwi\u0119cony Janowi Paw\u0142owi II (ofiarowany przez ludwisarza z Przemy\u015bla Micha\u0142a Wo\u017aniaka), drugi \u201eDzwon nadziei\u201d, po\u015bwi\u0119cony przez abp. Marka J\u0119draszewskiego (2020). W pionowych przestrzeniach okiennych i nad ch\u00f3rem s\u0105 witra\u017ce. Ten ostatni o powierzchni 148 m<sup>2<\/sup>\u00a0jest najwi\u0119kszym w Krakowie. Przestawia ogromne s\u0142o\u0144ce, na tle kt\u00f3rego wida\u0107 \u015bwietlisty krzy\u017c \u2013 symbol wiary i najbardziej wymowny znak mi\u0142osierdzia Bo\u017cego. Poni\u017cej linii horyzontu jest morze, kt\u00f3re kolorystycznie harmonizuje z witra\u017cami bocznymi w bazylice, maj\u0105cymi stwarza\u0107 wra\u017cenie wynurzania si\u0119 z g\u0142\u0119bin oceanu. Autorem witra\u017cy jest architekt \u0142agiewnickiej bazyliki Witold C\u0119ckiewicz oraz artystka Ma\u0142gorzata Toborowicz. Na ch\u00f3rze znajduj\u0105 si\u0119 monumentalne 72-g\u0142osowe organy wykonane w latach 2017-2018, po\u015bwi\u0119cone przez abp. Marka J\u0119draszewskiego. Pod ch\u00f3rem warto zobaczy\u0107 jeszcze\u00a0kropielnice, na kt\u00f3rych umieszczone s\u0105 znaki, m\u00f3wi\u0105ce o odrodzeniu chrzcielnym i wej\u015bciu w \u015bwiat Boga. Ich czasza jest koloru morskiej toni, a przebija w niej znak ryby, symbol chrze\u015bcijan. Na chrzcielnicy znajduje si\u0119 napis: <em>Jak w Adamie wszyscy umieraj\u0105, tak w Chrystusie wszyscy b\u0119d\u0105 o\u017cywieni<\/em> (1 Kor 15, 22). Na kolumnie, kt\u00f3ra wspiera czasz\u0119 chrzcielnicy zobaczy\u0107 mo\u017cna symbole, kt\u00f3re przypominaj\u0105 o grzechu i \u0142asce: jab\u0142ko i chleb.<\/p>\n<p style=\"text-align: justify\">W tej \u015bwi\u0105tyni papie\u017c Jan Pawe\u0142 II 17 sierpnia 2002 roku dokona\u0142 aktu zawierzenia \u015bwiata Bo\u017cemu Mi\u0142osierdziu. M\u00f3wi\u0142 wtedy: <em>D<\/em><em>zi\u015b w tym sanktuarium<\/em>\u00a0<em>chc\u0119 dokona\u0107 uroczystego aktu zawierzenia \u015bwiata Bo\u017cemu mi\u0142osierdziu<\/em>. <em>Czyni\u0119 to z gor\u0105cym pragnieniem, aby or\u0119dzie o mi\u0142osiernej mi\u0142o\u015bci Boga, kt\u00f3re tutaj zosta\u0142o og\u0142oszone za po\u015brednictwem Siostry Faustyny,\u00a0dotar\u0142o do wszystkich mieszka\u0144c\u00f3w ziemi\u00a0i nape\u0142nia\u0142o ich serca nadziej\u0105<\/em>. Wcze\u015bniej, w dniu kanonizacji Siostry Faustyny w 2000 roku, to or\u0119dzie Jan Pawe\u0142 II przekaza\u0142 ca\u0142emu Ko\u015bcio\u0142owi na trzecie tysi\u0105clecie wiary, aby ludzie lepiej poznali prawdziwe oblicze Boga i cz\u0142owieka. Wyzna\u0142, \u017ce nadszed\u0142 czas, <em>aby or\u0119dzie o Bo\u017cym mi\u0142osierdziu wla\u0142o w ludzkie serca nadziej\u0119 i sta\u0142o si\u0119 zarzewiem nowej cywilizacji &#8211; cywilizacji mi\u0142o\u015bci. <\/em><\/p>\n<p style=\"text-align: justify\">Co roku w tej bazylice i przy o\u0142tarzu polowym odbywaj\u0105 si\u0119 uroczysto\u015bci \u015awi\u0119ta Bo\u017cego Mi\u0142osierdzia, kt\u00f3re gromadz\u0105 pielgrzym\u00f3w z kilkudziesi\u0119ciu kraj\u00f3w \u015bwiata. W \u0142agiewnickim Sanktuarium to \u015bwi\u0119to spontanicznie by\u0142o obchodzone od 1944 roku. W 1985 roku metropolita krakowski kard. Franciszek Macharski jako pierwszy oficjalnie wprowadzi\u0142 to \u015bwi\u0119to w swojej diecezji, a 10 lat p\u00f3\u017aniej Stolica Apostolska wyrazi\u0142a zgod\u0119 na obchodzenie tego \u015bwi\u0119ta we wszystkich diecezjach w Polsce. W dniu kanonizacji Siostry Faustyny papie\u017c Jan Pawe\u0142 II wpisa\u0142 to \u015bwi\u0119to do kalendarza liturgicznego ca\u0142ego Ko\u015bcio\u0142a. By\u0142o to spe\u0142nienie \u017cyczenia Jezusa, kt\u00f3ry powiedzia\u0142 do Siostry Faustyny, \u017ce\u00a0 pragnie, aby pierwsza niedziela po Wielkanocy by\u0142a \u015bwi\u0119tem Mi\u0142osierdzia.<\/p>\n<p style=\"text-align: justify\">W kilkunastu objawieniach Jezus wyja\u015bni\u0142 cel ustanowienia tego \u015bwi\u0119ta, jego miejsce w kalendarzu liturgicznym, spos\u00f3b przygotowania i obchodzenia, a tak\u017ce zwi\u0105za\u0142 z nim wielkie obietnice. Przygotowaniem do tego \u015bwi\u0119ta jest nowenna z Koronki do Mi\u0142osierdzia Bo\u017cego, o kt\u00f3rej Jezus powiedzia\u0142: <em>W tej nowennie udziel\u0119 duszom wszelkich \u0142ask <\/em>(Dz. 796)<em>. <\/em>Z tym \u015bwi\u0119tem, a \u015bci\u015blej m\u00f3wi\u0105c z Komuni\u0105 \u015bw. przyj\u0119t\u0105 w tym dniu Jezus zwi\u0105za\u0142 najwi\u0119ksz\u0105 obietnic\u0119 \u2013 \u0142ask\u0119 zupe\u0142nego odpuszczenia win i kar, kt\u00f3ra jest jedn\u0105 z \u0142ask chrztu \u015bwi\u0119tego. Warunkiem jej otrzymania jest dobra spowied\u017a, kt\u00f3ra mo\u017ce by\u0107 odprawiona wcze\u015bniej, bo chodzi o to, by nie mie\u0107 przywi\u0105zania nawet do grzechu lekkiego, postawa ufno\u015bci wobec Boga, czyli pragnienie wype\u0142niania Jego woli, oraz czynna mi\u0142o\u015b\u0107 bli\u017aniego. <em>W dniu tym<\/em> \u2013 zapewnia\u0142 Jezus \u2013 <em>otwarte s\u0105 wszystkie upusty Bo\u017ce, przez kt\u00f3re p\u0142yn\u0105 \u0142aski; niech si\u0119 nie l\u0119ka zbli\u017cy\u0107 do Mnie \u017cadna dusza, chocia\u017cby grzechy jej by\u0142y jako szkar\u0142at <\/em>(Dz. 699)<em>.<\/em><\/p>\n<p style=\"text-align: justify\">Ka\u017cdego roku sprawdzaj\u0105 si\u0119 te s\u0142owa Jezusa, o czym m\u00f3wi\u0105 \u015bwiadectwa wiernych. Oto jedno z nich. Na \u015awi\u0119to Mi\u0142osierdzia do \u0141agiewnik wraz z grup\u0105 znajomych wybra\u0142 si\u0119 te\u017c pewien m\u0142ody S\u0142owak, kt\u00f3ry w swoim \u017cyciu do\u015bwiadczy\u0142 ju\u017c wielu zniewole\u0144. Narkotykowe imprezy, kobiety, alkohol, porzucenie szko\u0142y, rodziny, w ko\u0144cu magia, kt\u00f3ra mia\u0142a mu przynie\u015b\u0107 wybawienie, a wtr\u0105ci\u0142a go na g\u0142\u0119bsze dno. Transy pod wp\u0142ywem narkotyk\u00f3w tak si\u0119 nasila\u0142y, \u017ce przesta\u0142 ju\u017c nad tym panowa\u0107. Dopada\u0142y go stany trwogi, beznadziei i paranoi, mia\u0142 wra\u017cenie, \u017ce wszystko si\u0119 wali. Wtedy odkry\u0142, \u017ce w\u015br\u00f3d r\u00f3\u017cnych bog\u00f3w jest tak\u017ce Jezus i \u017ce On jest ca\u0142kiem inny ni\u017c pozostali bogowie, bo jest Mi\u0142o\u015bci\u0105. Na \u015awi\u0119to Mi\u0142osierdzia do \u0141agiewnik przyjecha\u0142, by zobaczy\u0107 to miejsce, o kt\u00f3rym ju\u017c s\u0142ysza\u0142. Zdumia\u0142 si\u0119, gdy zobaczy\u0142 t\u0142umy ludzi, kt\u00f3rzy na kolanach zanosili do Boga swoje pro\u015bby. Po wielu latach zdecydowa\u0142 si\u0119 przyst\u0105pi\u0107 do spowiedzi. Upad\u0142 na kolana i prosi\u0142, aby mu B\u00f3g przebaczy\u0142 wszystko z\u0142o, kt\u00f3re uczyni\u0142. Potem przyj\u0105\u0142 Komuni\u0119 \u015bw. i czu\u0142 si\u0119 tak szcz\u0119\u015bliwy, \u017ce p\u0142aka\u0142. W tym dniu B\u00f3g uleczy\u0142 go ze wszystkich uzale\u017cnie\u0144 i ca\u0142kowicie zmieni\u0142o si\u0119 jego \u017cycie.<\/p>\n<p style=\"text-align: justify\">Codziennie w bazylice pos\u0142uguj\u0105 kap\u0142ani nie tylko przy o\u0142tarzu, ale tak\u017ce w sakramencie pojednania (w dni powszednie 8.00-19.00, a w niedziele: 9.00-19.00). O tym sakramencie Jezus powiedzia\u0142 do Siostry Faustyny, \u017ce tam dokonuj\u0105 si\u0119 najwi\u0119ksze cuda. <em>Aby zyska\u0107 ten cud, nie trzeba odprawi\u0107 dalekiej pielgrzymki ani te\u017c sk\u0142ada\u0107 jakich\u015b zewn\u0119trznych obrz\u0119d\u00f3w, ale wystarczy przyst\u0105pi\u0107 do st\u00f3p zast\u0119pcy Mojego z wiar\u0105 i powiedzie\u0107 mu n\u0119dz\u0119 swoj\u0105, a cud mi\u0142osierdzia Bo\u017cego oka\u017ce si\u0119 w ca\u0142ej pe\u0142ni. Cho\u0107by dusza by\u0142a jak trup rozk\u0142adaj\u0105ca si\u0119 i cho\u0107by po ludzku ju\u017c nie by\u0142o wskrzeszenia, i wszystko ju\u017c stracone \u2013 nie tak jest po Bo\u017cemu, cud mi\u0142osierdzia Bo\u017cego wskrzesza t\u0119 dusz\u0119 w ca\u0142ej pe\u0142ni. O biedni, kt\u00f3rzy nie korzystaj\u0105 z tego cudu mi\u0142osierdzia Bo\u017cego; na darmo b\u0119dziecie wo\u0142a\u0107, ale b\u0119dzie ju\u017c za p\u00f3\u017ano <\/em>(Dz. 1448).<\/p>\n<p>Nawiedzaj\u0105c bazylik\u0119 w ni\u017cej wymienione dni, wierni mog\u0105 uzyska\u0107 odpust zupe\u0142ny pod zwyk\u0142ymi warunkami po pobo\u017cnym odm\u00f3wieniu: \u201eOjcze nasz\u2026\u201d i \u201eWierz\u0119 w Boga\u2026\u201d.<\/p>\n<ul>\n<li>W rocznic\u0119 po\u015bwi\u0119cenia tej\u017ce bazyliki (17 sierpnia).<\/li>\n<li>W dniu liturgicznego obchodu uroczysto\u015bci jej tytu\u0142u (Niedziela Mi\u0142osierdzia).<\/li>\n<li>W uroczysto\u015b\u0107 \u015awi\u0119tych Aposto\u0142\u00f3w Piotra i Paw\u0142a (29 czerwca).<\/li>\n<li>W rocznic\u0119 nadania ko\u015bcio\u0142owi tytu\u0142u bazyliki mniejszej (6 marca).<\/li>\n<li>Raz w roku, w dniu ustalonym przez miejscowego ordynariusza (w uroczysto\u015b\u0107 \u015bw. Siostry Faustyny Kowalskiej \u2013 5 pa\u017adziernika).<\/li>\n<li>Raz w roku, w dniu dowolnie wybranym przez ka\u017cdego z wiernych.<\/li>\n<\/ul>\n<p><a href=\"https:\/\/www.misericordia.eu\/pl\/misericordia-tv-live\/\"><strong>Transmisja on-line<\/strong><\/a> na stronie Rektoratu Sanktuarium: <a href=\"http:\/\/www.misericordia.eu\">www.misericordia.eu<\/a><\/p>\n<p><a href=\"https:\/\/www.faustyna.pl\/zmbm\/wp-content\/uploads\/2024\/02\/8.jpg\" data-gallery><img loading=\"lazy\" decoding=\"async\" class=\"aligncenter wp-image-28464 size-large\" src=\"https:\/\/www.faustyna.pl\/zmbm\/wp-content\/uploads\/2024\/02\/8-1024x816.jpg\" alt=\"\" width=\"1024\" height=\"816\" srcset=\"https:\/\/www.faustyna.pl\/zmbm\/wp-content\/uploads\/2024\/02\/8-1024x816.jpg 1024w, https:\/\/www.faustyna.pl\/zmbm\/wp-content\/uploads\/2024\/02\/8-502x400.jpg 502w, https:\/\/www.faustyna.pl\/zmbm\/wp-content\/uploads\/2024\/02\/8-140x111.jpg 140w, https:\/\/www.faustyna.pl\/zmbm\/wp-content\/uploads\/2024\/02\/8-1536x1223.jpg 1536w, https:\/\/www.faustyna.pl\/zmbm\/wp-content\/uploads\/2024\/02\/8.jpg 2048w\" sizes=\"auto, (max-width: 1024px) 100vw, 1024px\" \/><\/a><\/p>\n<ol>\n<li><a href=\"https:\/\/www.faustyna.pl\/zmbm\/miejsce-ktore-wybral-bog\/\">G\u0142\u00f3wne wej\u015bcie do Sanktuarium<\/a><\/li>\n<li><a href=\"https:\/\/www.faustyna.pl\/zmbm\/dom-sw-siostry-faustyny-dawna-furta\/\">\u201eDom \u015bw. Siostry Faustyny\u201d<\/a> \u2013<a href=\"https:\/\/domsiostryfaustyny.pl\/pokoje-goscinne\/\"> noclegi<\/a>, muzeum<\/li>\n<li><a href=\"https:\/\/www.faustyna.pl\/zmbm\/klasztor\/\">Klasztor<\/a><\/li>\n<li><a href=\"https:\/\/www.faustyna.pl\/zmbm\/antoninek-2\/\">\u201eAntoninek\u201d <\/a>\u2013 <a href=\"https:\/\/www.faustinum.pl\/pl\/pl-2\/\">stowarzyszenie \u201eFaustinum\u201d<\/a><\/li>\n<li>\n<h4><span style=\"color: #333300\"><a style=\"color: #333300\" href=\"https:\/\/www.faustyna.pl\/zmbm\/kaplica-jezusa-milosiernego-i-grobu-sw-faustyny\/\">Kaplica Jezusa Mi\u0142osiernego i grobu \u015bw. Faustyny<\/a><\/span><\/h4>\n<\/li>\n<li><a href=\"https:\/\/www.faustyna.pl\/zmbm\/oratorium-miejsce-smierci-sw-faustyny\/\">Oratorium<\/a> \u2013 miejsce \u015bmierci \u015bw. Faustyny<\/li>\n<li><a href=\"https:\/\/www.faustyna.pl\/zmbm\/kaplica-meki-panskiej\/\">Kaplica M\u0119ki Pa\u0144skiej<\/a><\/li>\n<li><a href=\"https:\/\/www.faustyna.pl\/zmbm\/bazylika-bozego-milosierdzia\/\">Bazylika Bo\u017cego Mi\u0142osierdzia<\/a><\/li>\n<li><a href=\"https:\/\/www.faustyna.pl\/zmbm\/kaplica-sw-siostry-faustyny-wloska\/\">Kaplica \u015bw. Siostry Faustyny<\/a> \u2013 w\u0142oska<\/li>\n<li><a href=\"https:\/\/www.faustyna.pl\/zmbm\/kaplica-communio-sanctorum-wegierska\/\">Kaplica Communio Sanctorum<\/a> \u2013 w\u0119gierska<\/li>\n<li><a href=\"https:\/\/www.faustyna.pl\/zmbm\/kaplica-sw-andrzeja-grekokatolicka\/\">Kaplica \u015bw. Andrzeja<\/a> \u2013 grekokatolicka<\/li>\n<li><a href=\"https:\/\/www.faustyna.pl\/zmbm\/kaplica-swietego-krzyza-niemiecka\/\">Kaplica \u015awi\u0119tego Krzy\u017ca<\/a> \u2013 niemiecka<\/li>\n<li><a href=\"https:\/\/www.faustyna.pl\/zmbm\/kaplica-matki-boskiej-siedmiobolesnej-slowacka\/\">Kaplica Matki Boskiej Siedmiobolesnej<\/a> \u2013 s\u0142owacka<\/li>\n<li><a href=\"https:\/\/www.faustyna.pl\/zmbm\/kaplica-wieczystej-adoracji-3\/\">Kaplica Wieczystej Adoracji<\/a><\/li>\n<li><a href=\"https:\/\/www.faustyna.pl\/zmbm\/wieza-widokowa\/\">Wie\u017ca widokowa<\/a><\/li>\n<li><a href=\"https:\/\/www.faustyna.pl\/zmbm\/cmentarz-zakonny\/\">Cmentarz zakonny<\/a><\/li>\n<li><a href=\"https:\/\/www.faustyna.pl\/zmbm\/dom-sw-siostry-faustyny-restauracja\/\">\u201e<\/a><a href=\"https:\/\/domsiostryfaustyny.pl\/restauracja\/\">Dom \u015bw. Siostry Faustyny\u201d \u2013 restauracja<\/a>, pami\u0105tki, prelekcje<\/li>\n<li>Dom duszpasterski \u2013 noclegi, restauracja<\/li>\n<li>M\u0142odzie\u017cowy O\u015brodek Wychowawczy im. \u015bw. Siostry Faustyny<\/li>\n<li>Punkt informacyjny<\/li>\n<li>Pasa\u017c handlowy \u2013 <a href=\"https:\/\/www.misericordia.faustyna.net\/\">sklep wydawnictwa Misericordia<\/a><\/li>\n<li>Aula \u015bw. Jana Paw\u0142a II<\/li>\n<li>Parking \u2013 samochody osobowe<\/li>\n<li>Parking \u2013 autokary i samochody osobowe<\/li>\n<li>Toalety<\/li>\n<li>Most Mi\u0142osierdzia \u2013 przej\u015bcie do Sanktuarium \u015bw. Jana Paw\u0142a II i na przystanek\u00a0\u00a0 tramwajowy.<\/li>\n<\/ol>\n","protected":false},"excerpt":{"rendered":"<p>Mapa Sanktuarium pod tekstem Przed nami nowa dwupoziomowa bazylika Mi\u0142osierdzia Bo\u017cego, kt\u00f3r\u0105 po\u015bwieci\u0142 papie\u017c Jan Pawe\u0142 II i w kt\u00f3rej ca\u0142y \u015bwiat zawierzy\u0142 Bo\u017cemu Mi\u0142osierdziu. Plac pod jej budow\u0119 po\u015bwi\u0119ci\u0142 kard. Franciszek Macharski w 1999 roku, a nieca\u0142e trzy lata p\u00f3\u017aniej \u2013 17 sierpnia 2002 roku \u2013 now\u0105 \u015bwi\u0105tyni\u0119 konsekrowa\u0142 Jan Pawe\u0142 II. \u00a0W 2003 [&hellip;]<\/p>\n","protected":false},"author":1,"featured_media":0,"parent":0,"menu_order":0,"comment_status":"closed","ping_status":"closed","template":"","meta":{"footnotes":""},"categories":[130643],"tags":[],"class_list":["post-28134","page","type-page","status-publish","hentry","category-qrkod"],"_links":{"self":[{"href":"https:\/\/www.faustyna.pl\/zmbm\/wp-json\/wp\/v2\/pages\/28134","targetHints":{"allow":["GET"]}}],"collection":[{"href":"https:\/\/www.faustyna.pl\/zmbm\/wp-json\/wp\/v2\/pages"}],"about":[{"href":"https:\/\/www.faustyna.pl\/zmbm\/wp-json\/wp\/v2\/types\/page"}],"author":[{"embeddable":true,"href":"https:\/\/www.faustyna.pl\/zmbm\/wp-json\/wp\/v2\/users\/1"}],"replies":[{"embeddable":true,"href":"https:\/\/www.faustyna.pl\/zmbm\/wp-json\/wp\/v2\/comments?post=28134"}],"version-history":[{"count":10,"href":"https:\/\/www.faustyna.pl\/zmbm\/wp-json\/wp\/v2\/pages\/28134\/revisions"}],"predecessor-version":[{"id":32515,"href":"https:\/\/www.faustyna.pl\/zmbm\/wp-json\/wp\/v2\/pages\/28134\/revisions\/32515"}],"wp:attachment":[{"href":"https:\/\/www.faustyna.pl\/zmbm\/wp-json\/wp\/v2\/media?parent=28134"}],"wp:term":[{"taxonomy":"category","embeddable":true,"href":"https:\/\/www.faustyna.pl\/zmbm\/wp-json\/wp\/v2\/categories?post=28134"},{"taxonomy":"post_tag","embeddable":true,"href":"https:\/\/www.faustyna.pl\/zmbm\/wp-json\/wp\/v2\/tags?post=28134"}],"curies":[{"name":"wp","href":"https:\/\/api.w.org\/{rel}","templated":true}]}}