



{"id":28136,"date":"2024-02-08T10:18:12","date_gmt":"2024-02-08T09:18:12","guid":{"rendered":"https:\/\/www.faustyna.pl\/zmbm\/?page_id=28136"},"modified":"2026-05-08T14:57:34","modified_gmt":"2026-05-08T12:57:34","slug":"kaplica-sw-siostry-faustyny-wloska","status":"publish","type":"page","link":"https:\/\/www.faustyna.pl\/zmbm\/kaplica-sw-siostry-faustyny-wloska\/","title":{"rendered":"Kaplica \u015bw. Siostry Faustyny \u2013 w\u0142oska"},"content":{"rendered":"<p><a href=\"https:\/\/www.faustyna.pl\/zmbm\/wp-content\/uploads\/2024\/02\/Kaplica_sw_Faustyny_Sanktuarium_Lagiewniki.jpg\" data-gallery><img loading=\"lazy\" decoding=\"async\" class=\"alignnone wp-image-28201 size-full\" src=\"https:\/\/www.faustyna.pl\/zmbm\/wp-content\/uploads\/2024\/02\/Kaplica_sw_Faustyny_Sanktuarium_Lagiewniki.jpg\" alt=\"\" width=\"1024\" height=\"610\" srcset=\"https:\/\/www.faustyna.pl\/zmbm\/wp-content\/uploads\/2024\/02\/Kaplica_sw_Faustyny_Sanktuarium_Lagiewniki.jpg 1024w, https:\/\/www.faustyna.pl\/zmbm\/wp-content\/uploads\/2024\/02\/Kaplica_sw_Faustyny_Sanktuarium_Lagiewniki-560x334.jpg 560w, https:\/\/www.faustyna.pl\/zmbm\/wp-content\/uploads\/2024\/02\/Kaplica_sw_Faustyny_Sanktuarium_Lagiewniki-140x83.jpg 140w\" sizes=\"auto, (max-width: 1024px) 100vw, 1024px\" \/><\/a><\/p>\n<p style=\"text-align: right\"><span style=\"color: #993300\"><em><strong>Mapa Sanktuarium pod tekstem<\/strong><\/em><\/span><\/p>\n<p style=\"text-align: justify\">W dolnej cz\u0119\u015bci bazyliki znajduje si\u0119 pi\u0119\u0107 pi\u0119knych kaplic, u\u0142o\u017conych promieni\u015bcie, kt\u00f3rych wystr\u00f3j jest darem ko\u015bcio\u0142\u00f3w z kraj\u00f3w europejskich. Centralnie umiejscowiona jest kaplica pw.\u00a0\u015awi\u0119tej Siostry Faustyny, kt\u00f3rej wystr\u00f3j jest darem Episkopatu W\u0142och (st\u0105d u\u017cywa si\u0119 te\u017c nazwy: \u201ekaplica w\u0142oska\u201d). W kaplicy za o\u0142tarzem znajduje si\u0119 tabernakulum w kszta\u0142cie rozwijaj\u0105cego si\u0119 kwiatu, co nawi\u0105zuje do s\u0142\u00f3w Aposto\u0142ki Bo\u017cego Mi\u0142osierdzia m\u00f3wi\u0105cych o tym, \u017ce mi\u0142o\u015b\u0107 Bo\u017ca jest kwiatem, a mi\u0142osierdzie jej owocem (Dz. 949). Nad tabernakulum znajduje si\u0119 obraz \u015bw. Siostry Faustyny z \u201eDzienniczkiem\u201d p\u0119dzla Jana Chrz\u0105szcza wpisany w nastaw\u0119 o\u0142tarzow\u0105 w kszta\u0142cie otwartej ksi\u0119gi. Przed o\u0142tarzem jest cz\u0105stka jej relikwii umieszczona w relikwiarzu w kszta\u0142cie r\u00f3\u017cy. O\u0142tarz, ambona i podstawa relikwiarza wykonane s\u0105 z jasnego trawertynu, \u015bciany wy\u0142o\u017cone p\u0142ytami z polskiego piaskowca, posadzka u\u0142o\u017cona promieni\u015bcie nawi\u0105zuje do g\u00f3rnej cz\u0119\u015bci bazyliki, a w swej wymowie ideowej \u2013 do promieni na obrazie Jezusa Mi\u0142osiernego, kt\u00f3re s\u0105 symbolem wszelkich \u0142ask. Uroczystego po\u015bwi\u0119cenia tej kaplicy, w setn\u0105 rocznic\u0119 chrztu \u015bw. Siostry Faustyny, dokona\u0142 kard. Camillo Ruini, przewodnicz\u0105cy Konferencji Episkopatu W\u0142och. W tej kaplicy jest obraz Jezusa Mi\u0142osiernego, kt\u00f3ry peregrynowa\u0142 po wszystkich parafiach archidiecezji krakowskiej, diecezji tarnowskiej i diecezji bielsko-\u017cywieckiej.<\/p>\n<p style=\"text-align: justify\">\u015awi\u0119ta Siostra Faustyna nale\u017cy do grona najwi\u0119kszych mistyk\u00f3w w historii Ko\u015bcio\u0142a. Jezus nazwa\u0142 j\u0105 sekretark\u0105 i szafark\u0105 Bo\u017cego mi\u0142osierdzia oraz powierzy\u0142 jej prorock\u0105 misj\u0119 niesienia \u015bwiatu or\u0119dzia Mi\u0142osierdzia. Uformowana przez Niego, wnosi do historii Ko\u015bcio\u0142a tak\u017ce now\u0105 szko\u0142\u0119 duchowo\u015bci, kt\u00f3ra zakorzeniona jest w tajemnicy mi\u0142osierdzia Bo\u017cego. Charakteryzuje j\u0105: poznawanie Boga w tajemnicy mi\u0142osierdzia i kontemplacja w codzienno\u015bci oraz wyp\u0142ywaj\u0105ca st\u0105d postawa zaufania wobec Boga i mi\u0142o\u015bci mi\u0142osiernej wobec bli\u017anich. Obraz tej szko\u0142y dope\u0142niaj\u0105 takie rysy jak: umi\u0142owanie Ko\u015bcio\u0142a, Eucharystii i nabo\u017ce\u0144stwo do Matki Bo\u017cej Mi\u0142osierdzia. Tak\u017ce te elementy, wyst\u0119puj\u0105ce w innych szko\u0142ach duchowo\u015bci, w szkole \u015bw. Siostry Faustyny maj\u0105 charakterystyczny dla niej koloryt mi\u0142osierdzia.<\/p>\n<p style=\"text-align: justify\">Szko\u0142a \u015bw. Faustyny jest g\u0142\u0119boko ewangeliczna, bo odwo\u0142uje si\u0119 do samych fundament\u00f3w chrze\u015bcija\u0144stwa (postawy ufno\u015bci wobec Boga i mi\u0142osierdzia wzgl\u0119dem bli\u017anich), a zarazem jest uniwersalna, bo przeznaczona i dost\u0119pna dla ka\u017cdego cz\u0142owieka bez wzgl\u0119du na rodzaj powo\u0142ania, uwarunkowania spo\u0142eczne czy inne. W tej szkole kszta\u0142tuj\u0105 swoje \u017cycie duchowe wsp\u00f3\u0142cze\u015bni aposto\u0142owie Bo\u017cego Mi\u0142osierdzia, nios\u0105cy \u015bwiatu dar or\u0119dzia o mi\u0142osiernej mi\u0142o\u015bci Boga do ka\u017cdego cz\u0142owieka.<\/p>\n<p><a href=\"https:\/\/www.faustyna.pl\/zmbm\/wp-content\/uploads\/2024\/02\/9-13-1.jpg\" data-gallery><img loading=\"lazy\" decoding=\"async\" class=\"aligncenter wp-image-28494 size-large\" src=\"https:\/\/www.faustyna.pl\/zmbm\/wp-content\/uploads\/2024\/02\/9-13-1-1024x816.jpg\" alt=\"\" width=\"1024\" height=\"816\" srcset=\"https:\/\/www.faustyna.pl\/zmbm\/wp-content\/uploads\/2024\/02\/9-13-1-1024x816.jpg 1024w, https:\/\/www.faustyna.pl\/zmbm\/wp-content\/uploads\/2024\/02\/9-13-1-502x400.jpg 502w, https:\/\/www.faustyna.pl\/zmbm\/wp-content\/uploads\/2024\/02\/9-13-1-140x111.jpg 140w, https:\/\/www.faustyna.pl\/zmbm\/wp-content\/uploads\/2024\/02\/9-13-1-1536x1223.jpg 1536w, https:\/\/www.faustyna.pl\/zmbm\/wp-content\/uploads\/2024\/02\/9-13-1.jpg 2048w\" sizes=\"auto, (max-width: 1024px) 100vw, 1024px\" \/><\/a><\/p>\n<ol>\n<li><a href=\"https:\/\/www.faustyna.pl\/zmbm\/miejsce-ktore-wybral-bog\/\">G\u0142\u00f3wne wej\u015bcie do Sanktuarium<\/a><\/li>\n<li><a href=\"https:\/\/www.faustyna.pl\/zmbm\/dom-sw-siostry-faustyny-dawna-furta\/\">\u201e<\/a><a href=\"https:\/\/www.faustyna.pl\/zmbm\/dom-sw-siostry-faustyny-dawna-furta\/\">Dom \u015bw. Siostry Faustyny<\/a>\u201d \u2013 <a href=\"https:\/\/domsiostryfaustyny.pl\/pokoje-goscinne\/\">noclegi<\/a>, muzeum<\/li>\n<li><a href=\"https:\/\/www.faustyna.pl\/zmbm\/klasztor\/\">Klasztor<\/a><\/li>\n<li><a href=\"https:\/\/www.faustyna.pl\/zmbm\/antoninek-2\/\">\u201eAntoninek\u201d <\/a>\u2013 <a href=\"https:\/\/www.faustinum.pl\/pl\/pl-2\/\">stowarzyszenie \u201eFaustinum\u201d<\/a><\/li>\n<li>\n<h4><span style=\"color: #333300\"><a style=\"color: #333300\" href=\"https:\/\/www.faustyna.pl\/zmbm\/kaplica-jezusa-milosiernego-i-grobu-sw-faustyny\/\"><span style=\"color: #800000\">Kaplica Jezusa Mi\u0142osiernego i grobu \u015bw. Faustyny<\/span><\/a><\/span><\/h4>\n<\/li>\n<li><a href=\"https:\/\/www.faustyna.pl\/zmbm\/oratorium-miejsce-smierci-sw-faustyny\/\">Oratorium<\/a> \u2013 miejsce \u015bmierci \u015bw. Faustyny<\/li>\n<li><a href=\"https:\/\/www.faustyna.pl\/zmbm\/kaplica-meki-panskiej\/\">Kaplica M\u0119ki Pa\u0144skiej<\/a><\/li>\n<li><a href=\"https:\/\/www.faustyna.pl\/zmbm\/bazylika-bozego-milosierdzia\/\">Bazylika Bo\u017cego Mi\u0142osierdzia<\/a><\/li>\n<li><a href=\"https:\/\/www.faustyna.pl\/zmbm\/kaplica-sw-siostry-faustyny-wloska\/\">Kaplica \u015bw. Siostry Faustyny<\/a> \u2013 w\u0142oska<\/li>\n<li><a href=\"https:\/\/www.faustyna.pl\/zmbm\/kaplica-communio-sanctorum-wegierska\/\">Kaplica Communio Sanctorum<\/a> \u2013 w\u0119gierska<\/li>\n<li><a href=\"https:\/\/www.faustyna.pl\/zmbm\/kaplica-sw-andrzeja-grekokatolicka\/\">Kaplica \u015bw. Andrzeja<\/a> \u2013 grekokatolicka<\/li>\n<li><a href=\"https:\/\/www.faustyna.pl\/zmbm\/kaplica-swietego-krzyza-niemiecka\/\">Kaplica \u015awi\u0119tego Krzy\u017ca<\/a> \u2013 niemiecka<\/li>\n<li><a href=\"https:\/\/www.faustyna.pl\/zmbm\/kaplica-matki-boskiej-siedmiobolesnej-slowacka\/\">Kaplica Matki Boskiej Siedmiobolesnej<\/a> \u2013 s\u0142owacka<\/li>\n<li><a href=\"https:\/\/www.faustyna.pl\/zmbm\/kaplica-wieczystej-adoracji-3\/\">Kaplica Wieczystej Adoracji<\/a><\/li>\n<li><a href=\"https:\/\/www.faustyna.pl\/zmbm\/wieza-widokowa\/\">Wie\u017ca widokowa<\/a><\/li>\n<li><a href=\"https:\/\/www.faustyna.pl\/zmbm\/cmentarz-zakonny\/\">Cmentarz zakonny<\/a><\/li>\n<li><a href=\"https:\/\/www.faustyna.pl\/zmbm\/dom-sw-siostry-faustyny-restauracja\/\">\u201e<\/a><a href=\"https:\/\/domsiostryfaustyny.pl\/restauracja\/\">Dom \u015bw. Siostry Faustyny\u201d \u2013 restauracja<\/a>, pami\u0105tki, prelekcje<\/li>\n<li>Dom duszpasterski \u2013 noclegi, restauracja<\/li>\n<li>M\u0142odzie\u017cowy O\u015brodek Wychowawczy im. \u015bw. Siostry Faustyny<\/li>\n<li>Punkt informacyjny<\/li>\n<li>Pasa\u017c handlowy \u2013 <a href=\"https:\/\/www.misericordia.faustyna.net\/\">sklep wydawnictwa Misericordia<\/a><\/li>\n<li>Aula \u015bw. Jana Paw\u0142a II<\/li>\n<li>Parking \u2013 samochody osobowe<\/li>\n<li>Parking \u2013 autokary i samochody osobowe<\/li>\n<li>Toalety<\/li>\n<li>Most Mi\u0142osierdzia \u2013 przej\u015bcie do Sanktuarium \u015bw. Jana Paw\u0142a II i na przystanek\u00a0\u00a0 tramwajowy.<\/li>\n<\/ol>\n","protected":false},"excerpt":{"rendered":"<p>Mapa Sanktuarium pod tekstem W dolnej cz\u0119\u015bci bazyliki znajduje si\u0119 pi\u0119\u0107 pi\u0119knych kaplic, u\u0142o\u017conych promieni\u015bcie, kt\u00f3rych wystr\u00f3j jest darem ko\u015bcio\u0142\u00f3w z kraj\u00f3w europejskich. Centralnie umiejscowiona jest kaplica pw.\u00a0\u015awi\u0119tej Siostry Faustyny, kt\u00f3rej wystr\u00f3j jest darem Episkopatu W\u0142och (st\u0105d u\u017cywa si\u0119 te\u017c nazwy: \u201ekaplica w\u0142oska\u201d). W kaplicy za o\u0142tarzem znajduje si\u0119 tabernakulum w kszta\u0142cie rozwijaj\u0105cego si\u0119 kwiatu, [&hellip;]<\/p>\n","protected":false},"author":1,"featured_media":0,"parent":0,"menu_order":0,"comment_status":"closed","ping_status":"closed","template":"","meta":{"footnotes":""},"categories":[130643],"tags":[],"class_list":["post-28136","page","type-page","status-publish","hentry","category-qrkod"],"_links":{"self":[{"href":"https:\/\/www.faustyna.pl\/zmbm\/wp-json\/wp\/v2\/pages\/28136","targetHints":{"allow":["GET"]}}],"collection":[{"href":"https:\/\/www.faustyna.pl\/zmbm\/wp-json\/wp\/v2\/pages"}],"about":[{"href":"https:\/\/www.faustyna.pl\/zmbm\/wp-json\/wp\/v2\/types\/page"}],"author":[{"embeddable":true,"href":"https:\/\/www.faustyna.pl\/zmbm\/wp-json\/wp\/v2\/users\/1"}],"replies":[{"embeddable":true,"href":"https:\/\/www.faustyna.pl\/zmbm\/wp-json\/wp\/v2\/comments?post=28136"}],"version-history":[{"count":14,"href":"https:\/\/www.faustyna.pl\/zmbm\/wp-json\/wp\/v2\/pages\/28136\/revisions"}],"predecessor-version":[{"id":32514,"href":"https:\/\/www.faustyna.pl\/zmbm\/wp-json\/wp\/v2\/pages\/28136\/revisions\/32514"}],"wp:attachment":[{"href":"https:\/\/www.faustyna.pl\/zmbm\/wp-json\/wp\/v2\/media?parent=28136"}],"wp:term":[{"taxonomy":"category","embeddable":true,"href":"https:\/\/www.faustyna.pl\/zmbm\/wp-json\/wp\/v2\/categories?post=28136"},{"taxonomy":"post_tag","embeddable":true,"href":"https:\/\/www.faustyna.pl\/zmbm\/wp-json\/wp\/v2\/tags?post=28136"}],"curies":[{"name":"wp","href":"https:\/\/api.w.org\/{rel}","templated":true}]}}