



{"id":2814,"date":"2014-12-30T23:46:38","date_gmt":"2014-12-30T23:46:38","guid":{"rendered":"http:\/\/www.faustyna.pl\/zmbm\/?page_id=2814"},"modified":"2022-02-21T14:53:45","modified_gmt":"2022-02-21T13:53:45","slug":"prenumerata-oredzie-milosierdzia","status":"publish","type":"page","link":"https:\/\/www.faustyna.pl\/zmbm\/prenumerata-oredzie-milosierdzia\/","title":{"rendered":"Prenumerata"},"content":{"rendered":"<p><span style=\"color: #800000\"><strong>\u201eOr\u0119dzie Mi\u0142osierdzia\u201d jest rozprowadzane za dowolne ofiary,<\/strong><\/span><br \/>\n<span style=\"color: #800000\"><strong> kt\u00f3re nale\u017cy przesy\u0142a\u0107 na konto:<\/strong><\/span><\/p>\n<p><strong>Stowarzyszenie Aposto\u0142\u00f3w Bo\u017cego Mi\u0142osierdzia FAUSTINUM<\/strong><\/p>\n<p>Santander Bank Polska S.A.<br \/>\nal. Jana Paw\u0142a II 17<br \/>\n00-854 Warszawa<br \/>\nPolska<\/p>\n<p>IBAN:<br \/>\n<strong>PL 51 1500 1142 1220 6033 7477 0000\u00a0<\/strong><\/p>\n<p>Kod SWIFT banku: WBKPPLPP<\/p>\n<p>Z dopiskiem: <span style=\"color: #800000\"><strong>Prenumerata<\/strong><\/span><\/p>\n","protected":false},"excerpt":{"rendered":"<p>\u201eOr\u0119dzie Mi\u0142osierdzia\u201d jest rozprowadzane za dowolne ofiary, kt\u00f3re nale\u017cy przesy\u0142a\u0107 na konto: Stowarzyszenie Aposto\u0142\u00f3w Bo\u017cego Mi\u0142osierdzia FAUSTINUM Santander Bank Polska S.A. al. Jana Paw\u0142a II 17 00-854 Warszawa Polska IBAN: PL 51 1500 1142 1220 6033 7477 0000\u00a0 Kod SWIFT banku: WBKPPLPP Z dopiskiem: Prenumerata<\/p>\n","protected":false},"author":1,"featured_media":0,"parent":0,"menu_order":0,"comment_status":"closed","ping_status":"closed","template":"","meta":{"footnotes":""},"categories":[84],"tags":[],"class_list":["post-2814","page","type-page","status-publish","hentry","category-oredzie-milosierdzia-kwartalnik"],"_links":{"self":[{"href":"https:\/\/www.faustyna.pl\/zmbm\/wp-json\/wp\/v2\/pages\/2814","targetHints":{"allow":["GET"]}}],"collection":[{"href":"https:\/\/www.faustyna.pl\/zmbm\/wp-json\/wp\/v2\/pages"}],"about":[{"href":"https:\/\/www.faustyna.pl\/zmbm\/wp-json\/wp\/v2\/types\/page"}],"author":[{"embeddable":true,"href":"https:\/\/www.faustyna.pl\/zmbm\/wp-json\/wp\/v2\/users\/1"}],"replies":[{"embeddable":true,"href":"https:\/\/www.faustyna.pl\/zmbm\/wp-json\/wp\/v2\/comments?post=2814"}],"version-history":[{"count":7,"href":"https:\/\/www.faustyna.pl\/zmbm\/wp-json\/wp\/v2\/pages\/2814\/revisions"}],"predecessor-version":[{"id":23417,"href":"https:\/\/www.faustyna.pl\/zmbm\/wp-json\/wp\/v2\/pages\/2814\/revisions\/23417"}],"wp:attachment":[{"href":"https:\/\/www.faustyna.pl\/zmbm\/wp-json\/wp\/v2\/media?parent=2814"}],"wp:term":[{"taxonomy":"category","embeddable":true,"href":"https:\/\/www.faustyna.pl\/zmbm\/wp-json\/wp\/v2\/categories?post=2814"},{"taxonomy":"post_tag","embeddable":true,"href":"https:\/\/www.faustyna.pl\/zmbm\/wp-json\/wp\/v2\/tags?post=2814"}],"curies":[{"name":"wp","href":"https:\/\/api.w.org\/{rel}","templated":true}]}}