



{"id":28140,"date":"2024-02-08T10:20:27","date_gmt":"2024-02-08T09:20:27","guid":{"rendered":"https:\/\/www.faustyna.pl\/zmbm\/?page_id=28140"},"modified":"2024-04-04T11:05:22","modified_gmt":"2024-04-04T09:05:22","slug":"kaplica-swietego-krzyza-niemiecka","status":"publish","type":"page","link":"https:\/\/www.faustyna.pl\/zmbm\/kaplica-swietego-krzyza-niemiecka\/","title":{"rendered":"Kaplica \u015awi\u0119tego Krzy\u017ca \u2013 niemiecka"},"content":{"rendered":"<p><img loading=\"lazy\" decoding=\"async\" class=\"alignnone size-medium wp-image-28211\" src=\"https:\/\/www.faustyna.pl\/zmbm\/wp-content\/uploads\/2024\/02\/Kaplica_Krzyza_Swietego_Lagiewniki-560x334.jpg\" alt=\"\" width=\"560\" height=\"334\" srcset=\"https:\/\/www.faustyna.pl\/zmbm\/wp-content\/uploads\/2024\/02\/Kaplica_Krzyza_Swietego_Lagiewniki-560x334.jpg 560w, https:\/\/www.faustyna.pl\/zmbm\/wp-content\/uploads\/2024\/02\/Kaplica_Krzyza_Swietego_Lagiewniki-140x83.jpg 140w, https:\/\/www.faustyna.pl\/zmbm\/wp-content\/uploads\/2024\/02\/Kaplica_Krzyza_Swietego_Lagiewniki.jpg 1024w\" sizes=\"auto, (max-width: 560px) 100vw, 560px\" \/><\/p>\n<p style=\"text-align: right;\"><span style=\"color: #993300;\"><strong><em>Mapa Sanktuarium pod tekstem<\/em><\/strong><\/span><\/p>\n<p style=\"text-align: justify;\">Po lewej stronie od g\u0142\u00f3wnego wej\u015bcia znajduje si\u0119 kaplica\u00a0pw. \u015awi\u0119tego Krzy\u017ca. W jej wystroju (dar diecezji kolo\u0144skiej) wed\u0142ug projektu prof. Berta Gerresheim dominuje wielki krzy\u017c opleciony cierniow\u0105 koron\u0105, rze\u017aba patronki Europy \u2013 \u015bw. Teresy Benedykty od Krzy\u017ca (Edyty Stein) oraz pe\u0142na symboliki droga krzy\u017cowa wykonana z br\u0105zu. Krzy\u017c i stacje m\u0119ki Jezusa najpe\u0142niej m\u00f3wi\u0105 o mi\u0142o\u015bci mi\u0142osiernej Boga do cz\u0142owieka.<\/p>\n<p style=\"text-align: justify;\">Kaplic\u0119 w 2011 roku po\u015bwieci\u0142 kard. Joachim Meisner z Kolonii, kt\u00f3ry w homilii odni\u00f3s\u0142 si\u0119 do znaczenia krzy\u017ca w \u017cyciu cz\u0142owieka i \u015bwiata. Powiedzia\u0142: <em>Czym\u017ce jest krzy\u017c? Krzy\u017c jest plusem zrobionym przez dzie\u0142o Boga z tego, co jest w \u015bwiecie minusem. My, ludzie \u017cyj\u0105cy w \u015bwiecie, jeste\u015bmy zdolni tylko do jednego: zrobienia tej horyzontalnej linii, na kt\u00f3rej s\u0105 wojny, bieda, \u015bmier\u0107. Z tej horyzontalnej linii nie ma mo\u017cliwo\u015bci przej\u015bcia w g\u00f3r\u0119. Dopiero, gdy przyszed\u0142 Chrystus, po\u0142\u0105czy\u0142 t\u0119 horyzontaln\u0105 lini\u0119 z wertykaln\u0105. I teraz jest tylko jeden punkt, z kt\u00f3rego mo\u017cemy p\u00f3j\u015b\u0107 w g\u00f3r\u0119 \u2013 w\u0142a\u015bnie krzy\u017c.<\/em><\/p>\n<p style=\"text-align: justify;\">Jezus powiedzia\u0142 Siostrze Faustynie, \u017ce jedna godzina rozwa\u017cania Jego bolesnej m\u0119ki wi\u0119ksz\u0105 zas\u0142ug\u0119 ma, ani\u017celi ca\u0142y rok biczowania si\u0119 a\u017c do krwi. To rozwa\u017canie przynosi ludziom wielki po\u017cytek duchowy, a Jemu sprawia rado\u015b\u0107. <em>Rozwa\u017caj cz\u0119sto cierpienia Moje, kt\u00f3re dla ciebie ponios\u0142em <\/em>\u2013 m\u00f3wi\u0142 do Siostry Faustyny, a przez ni\u0105 do ka\u017cdego cz\u0142owieka \u2013<em> a nic ci si\u0119 wielkim nie wyda, co ty cierpisz dla Mnie. Najwi\u0119cej Mi si\u0119 podobasz, kiedy rozwa\u017casz Moj\u0105 bolesn\u0105 m\u0119k\u0119; \u0142\u0105cz swoje ma\u0142e cierpienia z Moj\u0105 bolesn\u0105 m\u0119k\u0105, aby mia\u0142y warto\u015b\u0107 niesko\u0144czon\u0105 przed Moim majestatem <\/em>(Dz. 1512)<em>.<\/em><\/p>\n<p><a href=\"https:\/\/www.faustyna.pl\/zmbm\/wp-content\/uploads\/2024\/02\/9-13-1.jpg\" data-gallery><img loading=\"lazy\" decoding=\"async\" class=\"aligncenter wp-image-28494 size-medium\" src=\"https:\/\/www.faustyna.pl\/zmbm\/wp-content\/uploads\/2024\/02\/9-13-1-502x400.jpg\" alt=\"\" width=\"502\" height=\"400\" srcset=\"https:\/\/www.faustyna.pl\/zmbm\/wp-content\/uploads\/2024\/02\/9-13-1-502x400.jpg 502w, https:\/\/www.faustyna.pl\/zmbm\/wp-content\/uploads\/2024\/02\/9-13-1-1024x816.jpg 1024w, https:\/\/www.faustyna.pl\/zmbm\/wp-content\/uploads\/2024\/02\/9-13-1-140x111.jpg 140w, https:\/\/www.faustyna.pl\/zmbm\/wp-content\/uploads\/2024\/02\/9-13-1-1536x1223.jpg 1536w, https:\/\/www.faustyna.pl\/zmbm\/wp-content\/uploads\/2024\/02\/9-13-1.jpg 2048w\" sizes=\"auto, (max-width: 502px) 100vw, 502px\" \/><\/a><\/p>\n<ol>\n<li><a href=\"https:\/\/www.faustyna.pl\/zmbm\/miejsce-ktore-wybral-bog\/\">G\u0142\u00f3wne wej\u015bcie do Sanktuarium<\/a><\/li>\n<li><a href=\"https:\/\/www.faustyna.pl\/zmbm\/dom-sw-siostry-faustyny-dawna-furta\/\">\u201e<\/a>D<a href=\"https:\/\/www.faustyna.pl\/zmbm\/dom-sw-siostry-faustyny-dawna-furta\/\">om \u015bw. Siostry Faustyny<\/a>\u201d \u2013<a href=\"https:\/\/domsiostryfaustyny.pl\/pokoje-goscinne\/\"> noclegi<\/a>, muzeum<\/li>\n<li><a href=\"https:\/\/www.faustyna.pl\/zmbm\/klasztor\/\">Klasztor<\/a><\/li>\n<li><a href=\"https:\/\/www.faustyna.pl\/zmbm\/antoninek-2\/\">\u201eAntoninek\u201d <\/a>\u2013 <a href=\"https:\/\/www.faustinum.pl\/pl\/pl-2\/\">stowarzyszenie \u201eFaustinum\u201d<\/a><\/li>\n<li>\n<h4><span style=\"color: #800000;\"><a style=\"color: #800000;\" href=\"https:\/\/www.faustyna.pl\/zmbm\/kaplica-jezusa-milosiernego-i-grobu-sw-faustyny\/\">Kaplica Jezusa Mi\u0142osiernego i grobu \u015bw. Faustyny<\/a><\/span><\/h4>\n<\/li>\n<li><a href=\"https:\/\/www.faustyna.pl\/zmbm\/oratorium-miejsce-smierci-sw-faustyny\/\">Oratorium<\/a> \u2013 miejsce \u015bmierci \u015bw. Faustyny<\/li>\n<li><a href=\"https:\/\/www.faustyna.pl\/zmbm\/kaplica-meki-panskiej\/\">Kaplica M\u0119ki Pa\u0144skiej<\/a><\/li>\n<li><a href=\"https:\/\/www.faustyna.pl\/zmbm\/bazylika-bozego-milosierdzia\/\">Bazylika Bo\u017cego Mi\u0142osierdzia<\/a><\/li>\n<li><a href=\"https:\/\/www.faustyna.pl\/zmbm\/kaplica-sw-siostry-faustyny-wloska\/\">Kaplica \u015bw. Siostry Faustyny<\/a> \u2013 w\u0142oska<\/li>\n<li><a href=\"https:\/\/www.faustyna.pl\/zmbm\/kaplica-communio-sanctorum-wegierska\/\">Kaplica Communio Sanctorum<\/a> \u2013 w\u0119gierska<\/li>\n<li><a href=\"https:\/\/www.faustyna.pl\/zmbm\/kaplica-sw-andrzeja-grekokatolicka\/\">Kaplica \u015bw. Andrzeja<\/a> \u2013 grekokatolicka<\/li>\n<li><a href=\"https:\/\/www.faustyna.pl\/zmbm\/kaplica-swietego-krzyza-niemiecka\/\">Kaplica \u015awi\u0119tego Krzy\u017ca<\/a> \u2013 niemiecka<\/li>\n<li><a href=\"https:\/\/www.faustyna.pl\/zmbm\/kaplica-matki-boskiej-siedmiobolesnej-slowacka\/\">Kaplica Matki Boskiej Siedmiobolesnej<\/a> \u2013 s\u0142owacka<\/li>\n<li><a href=\"https:\/\/www.faustyna.pl\/zmbm\/kaplica-wieczystej-adoracji-3\/\">Kaplica Wieczystej Adoracji<\/a><\/li>\n<li><a href=\"https:\/\/www.faustyna.pl\/zmbm\/wieza-widokowa\/\">Wie\u017ca widokowa<\/a><\/li>\n<li><a href=\"https:\/\/www.faustyna.pl\/zmbm\/cmentarz-zakonny\/\">Cmentarz zakonny<\/a><\/li>\n<li><a href=\"https:\/\/www.faustyna.pl\/zmbm\/dom-sw-siostry-faustyny-restauracja\/\">\u201e<\/a><a href=\"https:\/\/domsiostryfaustyny.pl\/restauracja\/\">Dom \u015bw. Siostry Faustyny\u201d \u2013 restauracja<\/a>, pami\u0105tki, prelekcje<\/li>\n<li>Dom duszpasterski \u2013 noclegi, restauracja<\/li>\n<li>M\u0142odzie\u017cowy O\u015brodek Wychowawczy im. \u015bw. Siostry Faustyny<\/li>\n<li>Punkt informacyjny<\/li>\n<li>Pasa\u017c handlowy \u2013 <a href=\"https:\/\/www.misericordia.faustyna.net\/\">sklep wydawnictwa Misericordia<\/a><\/li>\n<li>Aula \u015bw. Jana Paw\u0142a II<\/li>\n<li>Parking \u2013 samochody osobowe<\/li>\n<li>Parking \u2013 autokary i samochody osobowe<\/li>\n<li>Toalety<\/li>\n<li>Most Mi\u0142osierdzia \u2013 przej\u015bcie do Sanktuarium \u015bw. Jana Paw\u0142a II i na przystanek\u00a0\u00a0 tramwajowy.<\/li>\n<\/ol>\n","protected":false},"excerpt":{"rendered":"<p>Mapa Sanktuarium pod tekstem Po lewej stronie od g\u0142\u00f3wnego wej\u015bcia znajduje si\u0119 kaplica\u00a0pw. \u015awi\u0119tego Krzy\u017ca. W jej wystroju (dar diecezji kolo\u0144skiej) wed\u0142ug projektu prof. Berta Gerresheim dominuje wielki krzy\u017c opleciony cierniow\u0105 koron\u0105, rze\u017aba patronki Europy \u2013 \u015bw. Teresy Benedykty od Krzy\u017ca (Edyty Stein) oraz pe\u0142na symboliki droga krzy\u017cowa wykonana z br\u0105zu. Krzy\u017c i stacje m\u0119ki [&hellip;]<\/p>\n","protected":false},"author":1,"featured_media":0,"parent":0,"menu_order":0,"comment_status":"closed","ping_status":"closed","template":"","meta":{"footnotes":""},"categories":[130643],"tags":[],"class_list":["post-28140","page","type-page","status-publish","hentry","category-qrkod"],"_links":{"self":[{"href":"https:\/\/www.faustyna.pl\/zmbm\/wp-json\/wp\/v2\/pages\/28140","targetHints":{"allow":["GET"]}}],"collection":[{"href":"https:\/\/www.faustyna.pl\/zmbm\/wp-json\/wp\/v2\/pages"}],"about":[{"href":"https:\/\/www.faustyna.pl\/zmbm\/wp-json\/wp\/v2\/types\/page"}],"author":[{"embeddable":true,"href":"https:\/\/www.faustyna.pl\/zmbm\/wp-json\/wp\/v2\/users\/1"}],"replies":[{"embeddable":true,"href":"https:\/\/www.faustyna.pl\/zmbm\/wp-json\/wp\/v2\/comments?post=28140"}],"version-history":[{"count":13,"href":"https:\/\/www.faustyna.pl\/zmbm\/wp-json\/wp\/v2\/pages\/28140\/revisions"}],"predecessor-version":[{"id":28889,"href":"https:\/\/www.faustyna.pl\/zmbm\/wp-json\/wp\/v2\/pages\/28140\/revisions\/28889"}],"wp:attachment":[{"href":"https:\/\/www.faustyna.pl\/zmbm\/wp-json\/wp\/v2\/media?parent=28140"}],"wp:term":[{"taxonomy":"category","embeddable":true,"href":"https:\/\/www.faustyna.pl\/zmbm\/wp-json\/wp\/v2\/categories?post=28140"},{"taxonomy":"post_tag","embeddable":true,"href":"https:\/\/www.faustyna.pl\/zmbm\/wp-json\/wp\/v2\/tags?post=28140"}],"curies":[{"name":"wp","href":"https:\/\/api.w.org\/{rel}","templated":true}]}}