



{"id":28141,"date":"2024-02-08T10:20:33","date_gmt":"2024-02-08T09:20:33","guid":{"rendered":"https:\/\/www.faustyna.pl\/zmbm\/?page_id=28141"},"modified":"2024-04-04T11:06:05","modified_gmt":"2024-04-04T09:06:05","slug":"kaplica-matki-boskiej-siedmiobolesnej-slowacka","status":"publish","type":"page","link":"https:\/\/www.faustyna.pl\/zmbm\/kaplica-matki-boskiej-siedmiobolesnej-slowacka\/","title":{"rendered":"Kaplica Matki Boskiej Siedmiobolesnej \u2013 s\u0142owacka"},"content":{"rendered":"<p><img loading=\"lazy\" decoding=\"async\" class=\"alignnone size-medium wp-image-28214\" src=\"https:\/\/www.faustyna.pl\/zmbm\/wp-content\/uploads\/2024\/02\/Kaplica_slowacka_Lagiewniki-560x334.jpg\" alt=\"\" width=\"560\" height=\"334\" srcset=\"https:\/\/www.faustyna.pl\/zmbm\/wp-content\/uploads\/2024\/02\/Kaplica_slowacka_Lagiewniki-560x334.jpg 560w, https:\/\/www.faustyna.pl\/zmbm\/wp-content\/uploads\/2024\/02\/Kaplica_slowacka_Lagiewniki-140x83.jpg 140w, https:\/\/www.faustyna.pl\/zmbm\/wp-content\/uploads\/2024\/02\/Kaplica_slowacka_Lagiewniki.jpg 1024w\" sizes=\"auto, (max-width: 560px) 100vw, 560px\" \/><\/p>\n<p style=\"text-align: right;\"><span style=\"color: #993300;\"><em><strong>Mapa Sanktuarium pod tekstem<\/strong><\/em><\/span><\/p>\n<p style=\"text-align: justify;\">Obok kaplicy Krzy\u017ca \u015awi\u0119tego znajduje si\u0119 kaplica\u00a0pw. Matki Bo\u017cej Siedmiobolesnej, kt\u00f3rej wystr\u00f3j jest darem Ko\u015bcio\u0142a s\u0142owackiego, dlatego nazywana jest tak\u017ce \u201ekaplic\u0105 s\u0142owack\u0105\u201d. W jej wystroju, wed\u0142ug projektu architekta Mariana Sitar\u010d\u00edka, dominuje pi\u0119kna Pieta d\u0142uta Jana Les\u0148\u00e1ka. \u015aciany zdobi\u0105 freski, ukazuj\u0105ce siedem bole\u015bci Matki Bo\u017cej p\u0119dzla Petra \u010camb\u00e1la, oraz s\u0142owa z \u201eMagnificat\u201d w liturgicznych j\u0119zykach Ko\u015bcio\u0142a\u00a0w\u00a0czasach Aposto\u0142\u00f3w S\u0142owian \u015bw. Cyryla i Metodego: starocerkiewno-s\u0142owia\u0144skim, \u0142aci\u0144skim, greckim i hebrajskim oraz w j\u0119zyku s\u0142owackim. Za o\u0142tarzem przeszkolona \u015bciana pokryta jest grafik\u0105, przedstawiaj\u0105c\u0105 z\u0142o\u017cenie do grobu Pana Jezusa i Jego zmartwychwstanie. Uroczystego po\u015bwi\u0119cenia kaplicy w czasie narodowej pielgrzymki S\u0142owak\u00f3w w 2008 roku dokona\u0142 bp Franti\u0161ek Tondra, przewodnicz\u0105cy Episkopatu S\u0142owacji, w\u0142adyka Jan Babjak, arcybiskup grekokatolicki Preszowa, oraz metropolita krakowski kard. Stanis\u0142aw Dziwisz.<\/p>\n<p style=\"text-align: justify;\">Maryja dla Siostry Faustyny by\u0142a przede wszystkim Matk\u0105 Syna Bo\u017cego \u2013 Mi\u0142osierdzia Wcielonego i z mi\u0142osierdzia Boga tak\u017ce matk\u0105 ka\u017cdego cz\u0142owieka. Jako troskliwa i najlepsza Matka oraz Mistrzyni \u017cycia duchowego uczy\u0142a j\u0105 kontemplacji Boga w swej duszy, pos\u0142usze\u0144stwa woli Bo\u017cej, sztuki umi\u0142owania krzy\u017ca i troski o te cnoty, kt\u00f3re warunkuj\u0105 postaw\u0119 zaufania wobec Boga i mi\u0142osierdzia wzgl\u0119dem bli\u017anich. W licznych objawieniach, wizjach, spotkaniach Maryja ukazywa\u0142a Siostrze Faustynie tajemnic\u0119 mi\u0142osierdzia Bo\u017cego, poucza\u0142a, umacnia\u0142a, towarzyszy\u0142a w prorockiej misji Mi\u0142osierdzia.\u00a0<em>Jestem wam Matk\u0105 z niezg\u0142\u0119bionego mi\u0142osierdzia Boga<\/em>\u00a0(Dz. 449)\u00a0\u2013 m\u00f3wi\u0142a \u2013\u00a0<em>Jestem nie tylko Kr\u00f3low\u0105 nieba, ale i Matk\u0105 Mi\u0142osierdzia i Matk\u0105 twoj\u0105<\/em>\u00a0(Dz. 330).<\/p>\n<p><a href=\"https:\/\/www.faustyna.pl\/zmbm\/wp-content\/uploads\/2024\/02\/9-13-1.jpg\" data-gallery><img loading=\"lazy\" decoding=\"async\" class=\"aligncenter wp-image-28494 size-medium\" src=\"https:\/\/www.faustyna.pl\/zmbm\/wp-content\/uploads\/2024\/02\/9-13-1-502x400.jpg\" alt=\"\" width=\"502\" height=\"400\" srcset=\"https:\/\/www.faustyna.pl\/zmbm\/wp-content\/uploads\/2024\/02\/9-13-1-502x400.jpg 502w, https:\/\/www.faustyna.pl\/zmbm\/wp-content\/uploads\/2024\/02\/9-13-1-1024x816.jpg 1024w, https:\/\/www.faustyna.pl\/zmbm\/wp-content\/uploads\/2024\/02\/9-13-1-140x111.jpg 140w, https:\/\/www.faustyna.pl\/zmbm\/wp-content\/uploads\/2024\/02\/9-13-1-1536x1223.jpg 1536w, https:\/\/www.faustyna.pl\/zmbm\/wp-content\/uploads\/2024\/02\/9-13-1.jpg 2048w\" sizes=\"auto, (max-width: 502px) 100vw, 502px\" \/><\/a><\/p>\n<ol>\n<li><a href=\"https:\/\/www.faustyna.pl\/zmbm\/miejsce-ktore-wybral-bog\/\">G\u0142\u00f3wne wej\u015bcie do Sanktuarium<\/a><\/li>\n<li><a href=\"https:\/\/www.faustyna.pl\/zmbm\/dom-sw-siostry-faustyny-dawna-furta\/\">\u201e<\/a><a href=\"https:\/\/www.faustyna.pl\/zmbm\/dom-sw-siostry-faustyny-dawna-furta\/\">Dom \u015bw. Siostry Faustyny<\/a>\u201d \u2013 <a href=\"https:\/\/domsiostryfaustyny.pl\/pokoje-goscinne\/\">noclegi<\/a>, muzeum<\/li>\n<li><a href=\"https:\/\/www.faustyna.pl\/zmbm\/klasztor\/\">Klasztor<\/a><\/li>\n<li><a href=\"https:\/\/www.faustyna.pl\/zmbm\/antoninek-2\/\">\u201eAntoninek\u201d <\/a>\u2013 <a href=\"https:\/\/www.faustinum.pl\/pl\/pl-2\/\">stowarzyszenie \u201eFaustinum\u201d<\/a><\/li>\n<li>\n<h4><span style=\"color: #800000;\"><a style=\"color: #800000;\" href=\"https:\/\/www.faustyna.pl\/zmbm\/kaplica-jezusa-milosiernego-i-grobu-sw-faustyny\/\">Kaplica Jezusa Mi\u0142osiernego i grobu \u015bw. Faustyny<\/a><\/span><\/h4>\n<\/li>\n<li><a href=\"https:\/\/www.faustyna.pl\/zmbm\/oratorium-miejsce-smierci-sw-faustyny\/\">Oratorium<\/a> \u2013 miejsce \u015bmierci \u015bw. Faustyny<\/li>\n<li><a href=\"https:\/\/www.faustyna.pl\/zmbm\/kaplica-meki-panskiej\/\">Kaplica M\u0119ki Pa\u0144skiej<\/a><\/li>\n<li><a href=\"https:\/\/www.faustyna.pl\/zmbm\/bazylika-bozego-milosierdzia\/\">Bazylika Bo\u017cego Mi\u0142osierdzia<\/a><\/li>\n<li><a href=\"https:\/\/www.faustyna.pl\/zmbm\/kaplica-sw-siostry-faustyny-wloska\/\">Kaplica \u015bw. Siostry Faustyny<\/a> \u2013 w\u0142oska<\/li>\n<li><a href=\"https:\/\/www.faustyna.pl\/zmbm\/kaplica-communio-sanctorum-wegierska\/\">Kaplica Communio Sanctorum<\/a> \u2013 w\u0119gierska<\/li>\n<li><a href=\"https:\/\/www.faustyna.pl\/zmbm\/kaplica-sw-andrzeja-grekokatolicka\/\">Kaplica \u015bw. Andrzeja<\/a> \u2013 grekokatolicka<\/li>\n<li><a href=\"https:\/\/www.faustyna.pl\/zmbm\/kaplica-swietego-krzyza-niemiecka\/\">Kaplica \u015awi\u0119tego Krzy\u017ca<\/a> \u2013 niemiecka<\/li>\n<li><a href=\"https:\/\/www.faustyna.pl\/zmbm\/kaplica-matki-boskiej-siedmiobolesnej-slowacka\/\">Kaplica Matki Boskiej Siedmiobolesnej<\/a> \u2013 s\u0142owacka<\/li>\n<li><a href=\"https:\/\/www.faustyna.pl\/zmbm\/kaplica-wieczystej-adoracji-3\/\">Kaplica Wieczystej Adoracji<\/a><\/li>\n<li><a href=\"https:\/\/www.faustyna.pl\/zmbm\/wieza-widokowa\/\">Wie\u017ca widokowa<\/a><\/li>\n<li><a href=\"https:\/\/www.faustyna.pl\/zmbm\/cmentarz-zakonny\/\">Cmentarz zakonny<\/a><\/li>\n<li><a href=\"https:\/\/www.faustyna.pl\/zmbm\/dom-sw-siostry-faustyny-restauracja\/\">\u201e<\/a><a href=\"https:\/\/domsiostryfaustyny.pl\/restauracja\/\">Dom \u015bw. Siostry Faustyny\u201d \u2013 restauracja<\/a>, pami\u0105tki, prelekcje<\/li>\n<li>Dom duszpasterski \u2013 noclegi, restauracja<\/li>\n<li>M\u0142odzie\u017cowy O\u015brodek Wychowawczy im. \u015bw. Siostry Faustyny<\/li>\n<li>Punkt informacyjny<\/li>\n<li>Pasa\u017c handlowy \u2013 <a href=\"https:\/\/www.misericordia.faustyna.net\/\">sklep wydawnictwa Misericordia<\/a><\/li>\n<li>Aula \u015bw. Jana Paw\u0142a II<\/li>\n<li>Parking \u2013 samochody osobowe<\/li>\n<li>Parking \u2013 autokary i samochody osobowe<\/li>\n<li>Toalety<\/li>\n<li>Most Mi\u0142osierdzia \u2013 przej\u015bcie do Sanktuarium \u015bw. Jana Paw\u0142a II i na przystanek\u00a0\u00a0 tramwajowy.<\/li>\n<\/ol>\n","protected":false},"excerpt":{"rendered":"<p>Mapa Sanktuarium pod tekstem Obok kaplicy Krzy\u017ca \u015awi\u0119tego znajduje si\u0119 kaplica\u00a0pw. Matki Bo\u017cej Siedmiobolesnej, kt\u00f3rej wystr\u00f3j jest darem Ko\u015bcio\u0142a s\u0142owackiego, dlatego nazywana jest tak\u017ce \u201ekaplic\u0105 s\u0142owack\u0105\u201d. W jej wystroju, wed\u0142ug projektu architekta Mariana Sitar\u010d\u00edka, dominuje pi\u0119kna Pieta d\u0142uta Jana Les\u0148\u00e1ka. \u015aciany zdobi\u0105 freski, ukazuj\u0105ce siedem bole\u015bci Matki Bo\u017cej p\u0119dzla Petra \u010camb\u00e1la, oraz s\u0142owa z \u201eMagnificat\u201d [&hellip;]<\/p>\n","protected":false},"author":1,"featured_media":0,"parent":0,"menu_order":0,"comment_status":"closed","ping_status":"closed","template":"","meta":{"footnotes":""},"categories":[130643],"tags":[],"class_list":["post-28141","page","type-page","status-publish","hentry","category-qrkod"],"_links":{"self":[{"href":"https:\/\/www.faustyna.pl\/zmbm\/wp-json\/wp\/v2\/pages\/28141","targetHints":{"allow":["GET"]}}],"collection":[{"href":"https:\/\/www.faustyna.pl\/zmbm\/wp-json\/wp\/v2\/pages"}],"about":[{"href":"https:\/\/www.faustyna.pl\/zmbm\/wp-json\/wp\/v2\/types\/page"}],"author":[{"embeddable":true,"href":"https:\/\/www.faustyna.pl\/zmbm\/wp-json\/wp\/v2\/users\/1"}],"replies":[{"embeddable":true,"href":"https:\/\/www.faustyna.pl\/zmbm\/wp-json\/wp\/v2\/comments?post=28141"}],"version-history":[{"count":13,"href":"https:\/\/www.faustyna.pl\/zmbm\/wp-json\/wp\/v2\/pages\/28141\/revisions"}],"predecessor-version":[{"id":28891,"href":"https:\/\/www.faustyna.pl\/zmbm\/wp-json\/wp\/v2\/pages\/28141\/revisions\/28891"}],"wp:attachment":[{"href":"https:\/\/www.faustyna.pl\/zmbm\/wp-json\/wp\/v2\/media?parent=28141"}],"wp:term":[{"taxonomy":"category","embeddable":true,"href":"https:\/\/www.faustyna.pl\/zmbm\/wp-json\/wp\/v2\/categories?post=28141"},{"taxonomy":"post_tag","embeddable":true,"href":"https:\/\/www.faustyna.pl\/zmbm\/wp-json\/wp\/v2\/tags?post=28141"}],"curies":[{"name":"wp","href":"https:\/\/api.w.org\/{rel}","templated":true}]}}