



{"id":28144,"date":"2024-02-08T10:21:11","date_gmt":"2024-02-08T09:21:11","guid":{"rendered":"https:\/\/www.faustyna.pl\/zmbm\/?page_id=28144"},"modified":"2026-05-08T14:52:41","modified_gmt":"2026-05-08T12:52:41","slug":"cmentarz-zakonny","status":"publish","type":"page","link":"https:\/\/www.faustyna.pl\/zmbm\/cmentarz-zakonny\/","title":{"rendered":"Cmentarz zakonny"},"content":{"rendered":"<p><a href=\"https:\/\/www.faustyna.pl\/zmbm\/wp-content\/uploads\/2024\/02\/Cmentarz_zakonny_Lagiewniki.jpg\" data-gallery><img loading=\"lazy\" decoding=\"async\" class=\"alignnone wp-image-28223 size-full\" src=\"https:\/\/www.faustyna.pl\/zmbm\/wp-content\/uploads\/2024\/02\/Cmentarz_zakonny_Lagiewniki.jpg\" alt=\"\" width=\"1024\" height=\"610\" srcset=\"https:\/\/www.faustyna.pl\/zmbm\/wp-content\/uploads\/2024\/02\/Cmentarz_zakonny_Lagiewniki.jpg 1024w, https:\/\/www.faustyna.pl\/zmbm\/wp-content\/uploads\/2024\/02\/Cmentarz_zakonny_Lagiewniki-560x334.jpg 560w, https:\/\/www.faustyna.pl\/zmbm\/wp-content\/uploads\/2024\/02\/Cmentarz_zakonny_Lagiewniki-140x83.jpg 140w\" sizes=\"auto, (max-width: 1024px) 100vw, 1024px\" \/><\/a><\/p>\n<p style=\"text-align: right\"><span style=\"color: #993300\"><em><strong>Mapa Sanktuarium pod tekstem<\/strong><\/em><\/span><\/p>\n<p style=\"text-align: justify\">Jeste\u015bmy na cmentarzu zakonnym, kt\u00f3ry zosta\u0142 za\u0142o\u017cony na posesji Zgromadzenia w 1892 roku. Spoczywaj\u0105 na nim siostry, wychowanki, kapelani i osoby zwi\u0105zane z klasztorem. To miejsce kryje wiele wielkich tajemnic. Spoczywaj\u0105 tu osoby, kt\u00f3re z\u0142o\u017cy\u0142y Bogu \u017cycie w r\u00f3\u017cnych intencjach, np. za nawr\u00f3cenie os\u00f3b powierzonych pieczy apostolskiej Zgromadzenia, za ocalenie Krakowa w latach II wojny \u015bwiatowej czy jako wynagrodzenie za grzechy. W\u015br\u00f3d tych os\u00f3b by\u0142a tak\u017ce \u015bw. Siostra Faustyna, kt\u00f3ra na pro\u015bb\u0119 Jezusa z\u0142o\u017cy\u0142a ofiar\u0119 ze swego \u017cycia za grzesznik\u00f3w, szczeg\u00f3lnie tych, kt\u00f3rzy ju\u017c zw\u0105tpili w mi\u0142osierdzie Bo\u017ce i skazani byli na utrat\u0119 \u017cycia z Bogiem na wieki. Gdy pewnego dnia Siostra Faustyna nawiedzi\u0142a cmentarz, powiedzia\u0142a w duchu do zmar\u0142ych si\u00f3str: <em>Pewno jeste\u015bcie bardzo szcz\u0119\u015bliwe? <\/em>I w odpowiedzi us\u0142ysza\u0142a:<em> O tyle jeste\u015bmy szcz\u0119\u015bliwe, o ile spe\u0142ni\u0142y\u015bmy wol\u0119 Bo\u017c\u0105.<\/em><\/p>\n<p style=\"text-align: justify\">Po pogrzebie 7 pa\u017adziernika 1938 roku cia\u0142o Siostry Faustyny zosta\u0142o z\u0142o\u017cone na tym cmentarzu w grobowcu (z figur\u0105 Matki Bo\u017cej). S\u0142awa \u015bwi\u0119to\u015bci jej \u017cycia i wyproszone za jej wstawiennictwem \u0142aski przyci\u0105ga\u0142y tutaj pielgrzym\u00f3w. Po rozpocz\u0119ciu procesu beatyfikacyjnego na szczeblu diecezji w listopadzie 1966 roku dokonano ekshumacji i doczesne szcz\u0105tki Siostry Faustyny przeniesiono do kaplicy. Dzi\u015b znajduj\u0105 si\u0119 pod mens\u0105 o\u0142tarza z \u0142askami s\u0142yn\u0105cym obrazem Jezusa Mi\u0142osiernego.<\/p>\n<p style=\"text-align: justify\">Po zako\u0144czeniu procesu w Rzymie, dotycz\u0105cego heroiczno\u015bci cn\u00f3t i znaku z nieba w postaci cudu, papie\u017c Jan Pawe\u0142 II wyni\u00f3s\u0142 Siostr\u0119 Faustyn\u0119 do chwa\u0142y o\u0142tarzy 18 kwietnia 1993 roku, a 30 kwietnia 2000 zaliczy\u0142 j\u0105 do grona \u015bwi\u0119tych. M\u00f3wi\u0142 wtedy: <em>Doznaj\u0119 dzi\u015b naprawd\u0119 wielkiej rado\u015bci, ukazuj\u0105c ca\u0142emu Ko\u015bcio\u0142owi jako dar Bo\u017cy dla naszych czas\u00f3w \u017cycie i \u015bwiadectwo Siostry Faustyny Kowalskiej. <\/em>Or\u0119dzie Mi\u0142osierdzia, kt\u00f3re przekaza\u0142 jej Jezus, da\u0142 Ko\u015bcio\u0142owi i \u015bwiatu na trzecie tysi\u0105clecie, proroczo wo\u0142aj\u0105c: <em>Co przynios\u0105 nam nadchodz\u0105ce lata? Jaka b\u0119dzie przysz\u0142o\u015b\u0107 cz\u0142owieka na ziemi? Nie jest nam dane to wiedzie\u0107. Jest jednak pewne, \u017ce obok kolejnych sukces\u00f3w nie zabraknie niestety tak\u017ce do\u015bwiadcze\u0144 bolesnych. Ale \u015bwiat\u0142o Bo\u017cego Mi\u0142osierdzia, kt\u00f3re B\u00f3g zechcia\u0142 niejako powierzy\u0107 \u015bwiatu na nowo poprzez charyzmat Siostry Faustyny, b\u0119dzie rozja\u015bnia\u0142o ludzkie drogi w trzecim tysi\u0105cleciu.<\/em><\/p>\n<p><a href=\"https:\/\/www.faustyna.pl\/zmbm\/wp-content\/uploads\/2024\/02\/16.jpg\" data-gallery><img loading=\"lazy\" decoding=\"async\" class=\"aligncenter wp-image-28433 size-large\" src=\"https:\/\/www.faustyna.pl\/zmbm\/wp-content\/uploads\/2024\/02\/16-1024x816.jpg\" alt=\"\" width=\"1024\" height=\"816\" srcset=\"https:\/\/www.faustyna.pl\/zmbm\/wp-content\/uploads\/2024\/02\/16-1024x816.jpg 1024w, https:\/\/www.faustyna.pl\/zmbm\/wp-content\/uploads\/2024\/02\/16-502x400.jpg 502w, https:\/\/www.faustyna.pl\/zmbm\/wp-content\/uploads\/2024\/02\/16-140x111.jpg 140w, https:\/\/www.faustyna.pl\/zmbm\/wp-content\/uploads\/2024\/02\/16-1536x1223.jpg 1536w, https:\/\/www.faustyna.pl\/zmbm\/wp-content\/uploads\/2024\/02\/16.jpg 2048w\" sizes=\"auto, (max-width: 1024px) 100vw, 1024px\" \/><\/a><\/p>\n<ol>\n<li><a href=\"https:\/\/www.faustyna.pl\/zmbm\/miejsce-ktore-wybral-bog\/\">G\u0142\u00f3wne wej\u015bcie do Sanktuarium<\/a><\/li>\n<li><a href=\"https:\/\/www.faustyna.pl\/zmbm\/dom-sw-siostry-faustyny-dawna-furta\/\">\u201e<\/a><a href=\"https:\/\/www.faustyna.pl\/zmbm\/dom-sw-siostry-faustyny-dawna-furta\/\">Dom \u015bw. Siostry Faustyny<\/a>\u201d \u2013<a href=\"https:\/\/domsiostryfaustyny.pl\/pokoje-goscinne\/\"> noclegi<\/a>, muzeum<\/li>\n<li><a href=\"https:\/\/www.faustyna.pl\/zmbm\/klasztor\/\">Klasztor<\/a><\/li>\n<li><a href=\"https:\/\/www.faustyna.pl\/zmbm\/antoninek-2\/\">\u201eAntoninek\u201d <\/a>\u2013 <a href=\"https:\/\/www.faustinum.pl\/pl\/pl-2\/\">stowarzyszenie \u201eFaustinum\u201d<\/a><\/li>\n<li>\n<h4><span style=\"color: #800000\"><a style=\"color: #800000\" href=\"https:\/\/www.faustyna.pl\/zmbm\/kaplica-jezusa-milosiernego-i-grobu-sw-faustyny\/\">Kaplica Jezusa Mi\u0142osiernego i grobu \u015bw. Faustyny<\/a><\/span><\/h4>\n<\/li>\n<li><a href=\"https:\/\/www.faustyna.pl\/zmbm\/oratorium-miejsce-smierci-sw-faustyny\/\">Oratorium<\/a> \u2013 miejsce \u015bmierci \u015bw. Faustyny<\/li>\n<li><a href=\"https:\/\/www.faustyna.pl\/zmbm\/kaplica-meki-panskiej\/\">Kaplica M\u0119ki Pa\u0144skiej<\/a><\/li>\n<li><a href=\"https:\/\/www.faustyna.pl\/zmbm\/bazylika-bozego-milosierdzia\/\">Bazylika Bo\u017cego Mi\u0142osierdzia<\/a><\/li>\n<li><a href=\"https:\/\/www.faustyna.pl\/zmbm\/kaplica-sw-siostry-faustyny-wloska\/\">Kaplica \u015bw. Siostry Faustyny<\/a> \u2013 w\u0142oska<\/li>\n<li><a href=\"https:\/\/www.faustyna.pl\/zmbm\/kaplica-communio-sanctorum-wegierska\/\">Kaplica Communio Sanctorum<\/a> \u2013 w\u0119gierska<\/li>\n<li><a href=\"https:\/\/www.faustyna.pl\/zmbm\/kaplica-sw-andrzeja-grekokatolicka\/\">Kaplica \u015bw. Andrzeja<\/a> \u2013 grekokatolicka<\/li>\n<li><a href=\"https:\/\/www.faustyna.pl\/zmbm\/kaplica-swietego-krzyza-niemiecka\/\">Kaplica \u015awi\u0119tego Krzy\u017ca<\/a> \u2013 niemiecka<\/li>\n<li><a href=\"https:\/\/www.faustyna.pl\/zmbm\/kaplica-matki-boskiej-siedmiobolesnej-slowacka\/\">Kaplica Matki Boskiej Siedmiobolesnej<\/a> \u2013 s\u0142owacka<\/li>\n<li><a href=\"https:\/\/www.faustyna.pl\/zmbm\/kaplica-wieczystej-adoracji-3\/\">Kaplica Wieczystej Adoracji<\/a><\/li>\n<li><a href=\"https:\/\/www.faustyna.pl\/zmbm\/wieza-widokowa\/\">Wie\u017ca widokowa<\/a><\/li>\n<li><a href=\"https:\/\/www.faustyna.pl\/zmbm\/cmentarz-zakonny\/\">Cmentarz zakonny<\/a><\/li>\n<li><a href=\"https:\/\/www.faustyna.pl\/zmbm\/dom-sw-siostry-faustyny-restauracja\/\">\u201e<\/a><a href=\"https:\/\/domsiostryfaustyny.pl\/restauracja\/\">Dom \u015bw. Siostry Faustyny\u201d \u2013 restauracja<\/a>, pami\u0105tki, prelekcje<\/li>\n<li>Dom duszpasterski \u2013 noclegi, restauracja<\/li>\n<li>M\u0142odzie\u017cowy O\u015brodek Wychowawczy im. \u015bw. Siostry Faustyny<\/li>\n<li>Punkt informacyjny<\/li>\n<li>Pasa\u017c handlowy \u2013 <a href=\"https:\/\/www.misericordia.faustyna.net\/\">sklep wydawnictwa Misericordia<\/a><\/li>\n<li>Aula \u015bw. Jana Paw\u0142a II<\/li>\n<li>Parking \u2013 samochody osobowe<\/li>\n<li>Parking \u2013 autokary i samochody osobowe<\/li>\n<li>Toalety<\/li>\n<li>Most Mi\u0142osierdzia \u2013 przej\u015bcie do Sanktuarium \u015bw. Jana Paw\u0142a II i na przystanek\u00a0\u00a0 tramwajowy.<\/li>\n<\/ol>\n","protected":false},"excerpt":{"rendered":"<p>Mapa Sanktuarium pod tekstem Jeste\u015bmy na cmentarzu zakonnym, kt\u00f3ry zosta\u0142 za\u0142o\u017cony na posesji Zgromadzenia w 1892 roku. Spoczywaj\u0105 na nim siostry, wychowanki, kapelani i osoby zwi\u0105zane z klasztorem. To miejsce kryje wiele wielkich tajemnic. Spoczywaj\u0105 tu osoby, kt\u00f3re z\u0142o\u017cy\u0142y Bogu \u017cycie w r\u00f3\u017cnych intencjach, np. za nawr\u00f3cenie os\u00f3b powierzonych pieczy apostolskiej Zgromadzenia, za ocalenie Krakowa [&hellip;]<\/p>\n","protected":false},"author":1,"featured_media":0,"parent":0,"menu_order":0,"comment_status":"closed","ping_status":"closed","template":"","meta":{"footnotes":""},"categories":[130643],"tags":[],"class_list":["post-28144","page","type-page","status-publish","hentry","category-qrkod"],"_links":{"self":[{"href":"https:\/\/www.faustyna.pl\/zmbm\/wp-json\/wp\/v2\/pages\/28144","targetHints":{"allow":["GET"]}}],"collection":[{"href":"https:\/\/www.faustyna.pl\/zmbm\/wp-json\/wp\/v2\/pages"}],"about":[{"href":"https:\/\/www.faustyna.pl\/zmbm\/wp-json\/wp\/v2\/types\/page"}],"author":[{"embeddable":true,"href":"https:\/\/www.faustyna.pl\/zmbm\/wp-json\/wp\/v2\/users\/1"}],"replies":[{"embeddable":true,"href":"https:\/\/www.faustyna.pl\/zmbm\/wp-json\/wp\/v2\/comments?post=28144"}],"version-history":[{"count":12,"href":"https:\/\/www.faustyna.pl\/zmbm\/wp-json\/wp\/v2\/pages\/28144\/revisions"}],"predecessor-version":[{"id":32502,"href":"https:\/\/www.faustyna.pl\/zmbm\/wp-json\/wp\/v2\/pages\/28144\/revisions\/32502"}],"wp:attachment":[{"href":"https:\/\/www.faustyna.pl\/zmbm\/wp-json\/wp\/v2\/media?parent=28144"}],"wp:term":[{"taxonomy":"category","embeddable":true,"href":"https:\/\/www.faustyna.pl\/zmbm\/wp-json\/wp\/v2\/categories?post=28144"},{"taxonomy":"post_tag","embeddable":true,"href":"https:\/\/www.faustyna.pl\/zmbm\/wp-json\/wp\/v2\/tags?post=28144"}],"curies":[{"name":"wp","href":"https:\/\/api.w.org\/{rel}","templated":true}]}}