



{"id":28145,"date":"2024-02-08T10:21:32","date_gmt":"2024-02-08T09:21:32","guid":{"rendered":"https:\/\/www.faustyna.pl\/zmbm\/?page_id=28145"},"modified":"2026-05-08T14:52:11","modified_gmt":"2026-05-08T12:52:11","slug":"dom-sw-siostry-faustyny-restauracja","status":"publish","type":"page","link":"https:\/\/www.faustyna.pl\/zmbm\/dom-sw-siostry-faustyny-restauracja\/","title":{"rendered":"\u201eDom \u015bw. Siostry Faustyny\u201d \u2013 restauracja"},"content":{"rendered":"<p><a href=\"https:\/\/www.faustyna.pl\/zmbm\/wp-content\/uploads\/2024\/02\/Dom_sw_Siostry_Faustyny_Lagiewniki.jpg\" data-gallery><img loading=\"lazy\" decoding=\"async\" class=\"alignnone wp-image-28228 size-full\" src=\"https:\/\/www.faustyna.pl\/zmbm\/wp-content\/uploads\/2024\/02\/Dom_sw_Siostry_Faustyny_Lagiewniki.jpg\" alt=\"\" width=\"1024\" height=\"610\" srcset=\"https:\/\/www.faustyna.pl\/zmbm\/wp-content\/uploads\/2024\/02\/Dom_sw_Siostry_Faustyny_Lagiewniki.jpg 1024w, https:\/\/www.faustyna.pl\/zmbm\/wp-content\/uploads\/2024\/02\/Dom_sw_Siostry_Faustyny_Lagiewniki-560x334.jpg 560w, https:\/\/www.faustyna.pl\/zmbm\/wp-content\/uploads\/2024\/02\/Dom_sw_Siostry_Faustyny_Lagiewniki-140x83.jpg 140w\" sizes=\"auto, (max-width: 1024px) 100vw, 1024px\" \/><\/a><\/p>\n<p style=\"text-align: right\"><span style=\"color: #993300\"><em><strong>Mapa Sanktuarium pod tekstem<\/strong><\/em><\/span><\/p>\n<p style=\"text-align: justify\">Drogi Pielgrzymie, je\u015bli tu rozpoczynasz pobyt w \u0142agiewnickim Sanktuarium, to witamy serdecznie i zapraszamy do poznania skarbu, jaki B\u00f3g z\u0142o\u017cy\u0142 w tym \u015bwi\u0119tym miejscu wraz ze \u015bmierci\u0105 \u015bw. Siostry Faustyny Kowalskiej. Je\u015bli tutaj ko\u0144czy si\u0119 Twoje pielgrzymowanie, to zabierz z tego miejsca or\u0119dzie o Bo\u017cym mi\u0142osierdziu, aby Ci\u0119 umacnia\u0142o, przynosi\u0142o rado\u015b\u0107 w codzienno\u015bci, i aby\u015b m\u00f3g\u0142 si\u0119 dzieli\u0107 nim z innymi, kt\u00f3rych spotkasz na drodze swego \u017cycia.<\/p>\n<p style=\"text-align: justify\">Zm\u0119czony podr\u00f3\u017c\u0105 lub zwiedzaniem \u0142agiewnickiego Sanktuarium mo\u017cesz odpocz\u0105\u0107 w tym \u201eDomu \u015bw. Siostry Faustyny\u201d, w restauracji, kt\u00f3r\u0105 dla pielgrzym\u00f3w prowadz\u0105 siostry ze Zgromadzenia matki Bo\u017cej Mi\u0142osierdzia, oferuj\u0105c posi\u0142ki wed\u0142ug zakonnych receptur. Warto w tym miejscu u\u015bwiadomi\u0107 sobie, \u017ce \u015bw. Faustyna pierwsze lata swego pobytu w Krakowie pos\u0142ugiwa\u0142a w\u0142a\u015bnie w kuchni, przygotowuj\u0105c posi\u0142ki dla si\u00f3str i wychowanek. Pocz\u0105tkowo nie mog\u0142a sobie poradzi\u0107 z odcedzaniem ziemniak\u00f3w, gdy\u017c gotowano je w bardzo du\u017cych garnkach. \u017bali\u0142a si\u0119 wi\u0119c Panu Jezusowi na brak si\u0142, a On obieca\u0142: <em>Od dzi\u015b b\u0119dzie ci to przychodzi\u0142o z wielk\u0105 \u0142atwo\u015bci\u0105. Wzmocni\u0119 twoje si\u0142y<\/em>. Wieczorem, ufna w s\u0142owa Pana, kiedy przyszed\u0142 czas odlewania kartofli z ca\u0142\u0105 swobod\u0105 wzi\u0119\u0142a garnek i odcedzi\u0142a wod\u0119. Gdy zdj\u0119\u0142a pokryw\u0119, \u017ceby kartofle odparowa\u0142y, zobaczy\u0142a w garnku ca\u0142e p\u0119ki pi\u0119knych czerwonych r\u00f3\u017c, jakich nigdy jeszcze nie widzia\u0142a, i us\u0142ysza\u0142a s\u0142owa Jezusa: <em>Tak\u0105 ci\u0119\u017ck\u0105 twoj\u0105 prac\u0119 zamieniam na bukiety najpi\u0119kniejszych kwiat\u00f3w, a wo\u0144 ich wznosi si\u0119 do tronu Mojego<\/em> (Dz. 65).<\/p>\n<p style=\"text-align: justify\">Trudno w tak kr\u00f3tkim czasie, nawiedzaj\u0105c r\u00f3\u017cne miejsca w \u0142agiewnickim Sanktuarium, opowiedzie\u0107 wszystko o \u017cyciu, misji i szkole duchowo\u015bci \u015bw. Siostry Faustyny oraz o tym \u015bwi\u0119tym miejscu, o pos\u0142udze Zgromadzenia Si\u00f3str Matki Bo\u017cej Mi\u0142osierdzia i kap\u0142an\u00f3w, a tak\u017ce o do\u015bwiadczeniach tysi\u0119cy ludzi, kt\u00f3rzy tutaj spotkali \u017cywego Boga, do\u015bwiadczyli Jego mi\u0142osierdzia i skorzystali z mo\u017cnego wstawiennictwa \u015bw. Siostry Faustyny. Dlatego odsy\u0142amy\u00a0na \u017ar\u00f3d\u0142ow\u0105 stron\u0119 internetow\u0105: faustyna.pl i jej wszystkie wersje j\u0119zykowe, a tak\u017ce do publikacji ksi\u0105\u017ckowych i medialnych, kt\u00f3re przygotowa\u0142o nasze Zgromadzenie, aby dzieli\u0107 si\u0119 tym <em>darem Boga dla naszych czas\u00f3w, darem polskiej ziemi dla ca\u0142ego Ko\u015bcio\u0142a<\/em>, jak o \u015bw. Faustynie powiedzia\u0142 \u015bw. Jan Pawe\u0142 II. W pasa\u017cu handlowym przy bazylice znajduje si\u0119 <a href=\"https:\/\/www.misericordia.faustyna.net\/\">ksi\u0119garnia Wydawnictwa Misericordia,<\/a> w kt\u00f3rej mo\u017cna naby\u0107 m.in. \u201eDzienniczek\u201d \u015bw. Faustyny w wielu j\u0119zykach oraz malarskie kopie i reprodukcje \u0142askami s\u0142yn\u0105cego obrazu Jezusa Mi\u0142osiernego. Zapraszamy do w\u0142\u0105czenia si\u0119 w misj\u0119 g\u0142oszenia \u015bwiatu or\u0119dzia Mi\u0142osierdzia wraz z naszym Zgromadzeniem w stowarzyszeniu \u201eFaustinum\u201d czy w inny spos\u00f3b, cho\u0107by przez wspieranie dzie\u0142, kt\u00f3re prowadzone s\u0105 w tym Sanktuarium i jego rozbudowy.<\/p>\n<h3 style=\"text-align: center\"><span style=\"color: #800000\"><strong>Informacje<\/strong><\/span><\/h3>\n<p style=\"padding-left: 40px\"><strong>Miejsca noclegowe<\/strong><\/p>\n<p><a href=\"https:\/\/domsiostryfaustyny.pl\/pokoje-goscinne\/\">Dom \u015bw. Siostry Faustyny\u201d<\/a> \u2013 prowadz\u0105 siostry.<br \/>\n<a href=\"https:\/\/www.misericordia.eu\/pl\/hotel-dom-duszpasterski\/\">Dom duszpasterski<\/a> \u2013 prowadzi Rektorat Sanktuarium.<\/p>\n<p style=\"padding-left: 40px\"><strong>Posi\u0142ki<\/strong><\/p>\n<p><a href=\"https:\/\/domsiostryfaustyny.pl\/restauracja\/\">Restauracja \u201eDom \u015bw. Siostry Faustyny\u201d<\/a> (przy parkingu autokarowym prowadz\u0105 siostry).<br \/>\n<a href=\"https:\/\/www.misericordia.eu\/pl\/restauracja-agape\/\">Restauracja w Domu duszpasterskim<\/a> (przy ul. Siostry Faustyny prowadzi Rektorat).<\/p>\n<p style=\"padding-left: 40px\"><strong>Zg\u0142aszanie pielgrzymek<\/strong><\/p>\n<p><a href=\"https:\/\/www.sanktuarium.faustyna.pl\/obsluga-pielgrzymow\/\">Furta klasztorna.<\/a><\/p>\n<p style=\"padding-left: 40px\"><strong>Pami\u0105tki<\/strong><\/p>\n<p><a href=\"https:\/\/www.misericordia.faustyna.net\/\">Sklep wydawnictwa Misericordia<\/a><br \/>\n<a href=\"https:\/\/sklep.faustyna.pl\/\">Upominki z \u0141agiewnik<\/a><\/p>\n<p><strong>Wi\u0119cej o Zgromadzeniu<\/strong> Si\u00f3str Matki Bo\u017cej Mi\u0142osierdzia i jego pos\u0142udze apostolskiej: <a href=\"http:\/\/www.faustyna.pl\">www.faustyna.pl<\/a><br \/>\n<strong>Wi\u0119cej o Rektoracie<\/strong> Sanktuarium i pos\u0142udze duszpasterskiej: <a href=\"http:\/\/www.misericordia.eu\">www.misericordia.eu<\/a><\/p>\n<p><a href=\"https:\/\/www.faustyna.pl\/zmbm\/wp-content\/uploads\/2024\/02\/17.jpg\" data-gallery><img loading=\"lazy\" decoding=\"async\" class=\"aligncenter wp-image-28431 size-large\" src=\"https:\/\/www.faustyna.pl\/zmbm\/wp-content\/uploads\/2024\/02\/17-1024x816.jpg\" alt=\"\" width=\"1024\" height=\"816\" srcset=\"https:\/\/www.faustyna.pl\/zmbm\/wp-content\/uploads\/2024\/02\/17-1024x816.jpg 1024w, https:\/\/www.faustyna.pl\/zmbm\/wp-content\/uploads\/2024\/02\/17-502x400.jpg 502w, https:\/\/www.faustyna.pl\/zmbm\/wp-content\/uploads\/2024\/02\/17-140x111.jpg 140w, https:\/\/www.faustyna.pl\/zmbm\/wp-content\/uploads\/2024\/02\/17-1536x1223.jpg 1536w, https:\/\/www.faustyna.pl\/zmbm\/wp-content\/uploads\/2024\/02\/17.jpg 2048w\" sizes=\"auto, (max-width: 1024px) 100vw, 1024px\" \/><\/a><\/p>\n<ol>\n<li><a href=\"https:\/\/www.faustyna.pl\/zmbm\/miejsce-ktore-wybral-bog\/\">G\u0142\u00f3wne wej\u015bcie do Sanktuarium<\/a><\/li>\n<li><a href=\"https:\/\/www.faustyna.pl\/zmbm\/dom-sw-siostry-faustyny-dawna-furta\/\">\u201e<\/a><a href=\"https:\/\/www.faustyna.pl\/zmbm\/dom-sw-siostry-faustyny-dawna-furta\/\">Dom \u015bw. Siostry Faustyny<\/a>\u201d \u2013 <a href=\"https:\/\/domsiostryfaustyny.pl\/pokoje-goscinne\/\">noclegi<\/a>, muzeum<\/li>\n<li><a href=\"https:\/\/www.faustyna.pl\/zmbm\/klasztor\/\">Klasztor<\/a><\/li>\n<li><a href=\"https:\/\/www.faustyna.pl\/zmbm\/antoninek-2\/\">\u201eAntoninek\u201d <\/a>\u2013 <a href=\"https:\/\/www.faustinum.pl\/pl\/pl-2\/\">stowarzyszenie \u201eFaustinum\u201d<\/a><\/li>\n<li>\n<h4><span style=\"color: #800000\"><a style=\"color: #800000\" href=\"https:\/\/www.faustyna.pl\/zmbm\/kaplica-jezusa-milosiernego-i-grobu-sw-faustyny\/\">Kaplica Jezusa Mi\u0142osiernego i grobu \u015bw. Faustyny<\/a><\/span><\/h4>\n<\/li>\n<li><a href=\"https:\/\/www.faustyna.pl\/zmbm\/oratorium-miejsce-smierci-sw-faustyny\/\">Oratorium<\/a> \u2013 miejsce \u015bmierci \u015bw. Faustyny<\/li>\n<li><a href=\"https:\/\/www.faustyna.pl\/zmbm\/kaplica-meki-panskiej\/\">Kaplica M\u0119ki Pa\u0144skiej<\/a><\/li>\n<li><a href=\"https:\/\/www.faustyna.pl\/zmbm\/bazylika-bozego-milosierdzia\/\">Bazylika Bo\u017cego Mi\u0142osierdzia<\/a><\/li>\n<li><a href=\"https:\/\/www.faustyna.pl\/zmbm\/kaplica-sw-siostry-faustyny-wloska\/\">Kaplica \u015bw. Siostry Faustyny<\/a> \u2013 w\u0142oska<\/li>\n<li><a href=\"https:\/\/www.faustyna.pl\/zmbm\/kaplica-communio-sanctorum-wegierska\/\">Kaplica Communio Sanctorum<\/a> \u2013 w\u0119gierska<\/li>\n<li><a href=\"https:\/\/www.faustyna.pl\/zmbm\/kaplica-sw-andrzeja-grekokatolicka\/\">Kaplica \u015bw. Andrzeja<\/a> \u2013 grekokatolicka<\/li>\n<li><a href=\"https:\/\/www.faustyna.pl\/zmbm\/kaplica-swietego-krzyza-niemiecka\/\">Kaplica \u015awi\u0119tego Krzy\u017ca<\/a> \u2013 niemiecka<\/li>\n<li><a href=\"https:\/\/www.faustyna.pl\/zmbm\/kaplica-matki-boskiej-siedmiobolesnej-slowacka\/\">Kaplica Matki Boskiej Siedmiobolesnej<\/a> \u2013 s\u0142owacka<\/li>\n<li><a href=\"https:\/\/www.faustyna.pl\/zmbm\/kaplica-wieczystej-adoracji-3\/\">Kaplica Wieczystej Adoracji<\/a><\/li>\n<li><a href=\"https:\/\/www.faustyna.pl\/zmbm\/wieza-widokowa\/\">Wie\u017ca widokowa<\/a><\/li>\n<li><a href=\"https:\/\/www.faustyna.pl\/zmbm\/cmentarz-zakonny\/\">Cmentarz zakonny<\/a><\/li>\n<li><a href=\"https:\/\/www.faustyna.pl\/zmbm\/dom-sw-siostry-faustyny-restauracja\/\">\u201e<\/a><a href=\"https:\/\/domsiostryfaustyny.pl\/restauracja\/\">Dom \u015bw. Siostry Faustyny\u201d \u2013 restauracja<\/a>, pami\u0105tki, prelekcje<\/li>\n<li>Dom duszpasterski \u2013 noclegi, restauracja<\/li>\n<li>M\u0142odzie\u017cowy O\u015brodek Wychowawczy im. \u015bw. Siostry Faustyny<\/li>\n<li>Punkt informacyjny<\/li>\n<li>Pasa\u017c handlowy \u2013 <a href=\"https:\/\/www.misericordia.faustyna.net\/\">sklep wydawnictwa Misericordia<\/a><\/li>\n<li>Aula \u015bw. Jana Paw\u0142a II<\/li>\n<li>Parking \u2013 samochody osobowe<\/li>\n<li>Parking \u2013 autokary i samochody osobowe<\/li>\n<li>Toalety<\/li>\n<li>Most Mi\u0142osierdzia \u2013 przej\u015bcie do Sanktuarium \u015bw. Jana Paw\u0142a II i na przystanek\u00a0\u00a0 tramwajowy.<\/li>\n<\/ol>\n<p style=\"text-align: right\"><strong>Opracowanie \u201ePrzewodnika\u201d<\/strong><br \/>\n<em>s.<\/em> <em>M. El\u017cbieta Siepak ISMM<\/em><\/p>\n","protected":false},"excerpt":{"rendered":"<p>Mapa Sanktuarium pod tekstem Drogi Pielgrzymie, je\u015bli tu rozpoczynasz pobyt w \u0142agiewnickim Sanktuarium, to witamy serdecznie i zapraszamy do poznania skarbu, jaki B\u00f3g z\u0142o\u017cy\u0142 w tym \u015bwi\u0119tym miejscu wraz ze \u015bmierci\u0105 \u015bw. Siostry Faustyny Kowalskiej. Je\u015bli tutaj ko\u0144czy si\u0119 Twoje pielgrzymowanie, to zabierz z tego miejsca or\u0119dzie o Bo\u017cym mi\u0142osierdziu, aby Ci\u0119 umacnia\u0142o, przynosi\u0142o rado\u015b\u0107 [&hellip;]<\/p>\n","protected":false},"author":1,"featured_media":0,"parent":0,"menu_order":0,"comment_status":"closed","ping_status":"closed","template":"","meta":{"footnotes":""},"categories":[130643],"tags":[],"class_list":["post-28145","page","type-page","status-publish","hentry","category-qrkod"],"_links":{"self":[{"href":"https:\/\/www.faustyna.pl\/zmbm\/wp-json\/wp\/v2\/pages\/28145","targetHints":{"allow":["GET"]}}],"collection":[{"href":"https:\/\/www.faustyna.pl\/zmbm\/wp-json\/wp\/v2\/pages"}],"about":[{"href":"https:\/\/www.faustyna.pl\/zmbm\/wp-json\/wp\/v2\/types\/page"}],"author":[{"embeddable":true,"href":"https:\/\/www.faustyna.pl\/zmbm\/wp-json\/wp\/v2\/users\/1"}],"replies":[{"embeddable":true,"href":"https:\/\/www.faustyna.pl\/zmbm\/wp-json\/wp\/v2\/comments?post=28145"}],"version-history":[{"count":19,"href":"https:\/\/www.faustyna.pl\/zmbm\/wp-json\/wp\/v2\/pages\/28145\/revisions"}],"predecessor-version":[{"id":32501,"href":"https:\/\/www.faustyna.pl\/zmbm\/wp-json\/wp\/v2\/pages\/28145\/revisions\/32501"}],"wp:attachment":[{"href":"https:\/\/www.faustyna.pl\/zmbm\/wp-json\/wp\/v2\/media?parent=28145"}],"wp:term":[{"taxonomy":"category","embeddable":true,"href":"https:\/\/www.faustyna.pl\/zmbm\/wp-json\/wp\/v2\/categories?post=28145"},{"taxonomy":"post_tag","embeddable":true,"href":"https:\/\/www.faustyna.pl\/zmbm\/wp-json\/wp\/v2\/tags?post=28145"}],"curies":[{"name":"wp","href":"https:\/\/api.w.org\/{rel}","templated":true}]}}