



{"id":28147,"date":"2024-02-08T10:20:17","date_gmt":"2024-02-08T09:20:17","guid":{"rendered":"https:\/\/www.faustyna.pl\/zmbm\/?page_id=28147"},"modified":"2026-05-08T14:56:32","modified_gmt":"2026-05-08T12:56:32","slug":"kaplica-sw-andrzeja-grekokatolicka","status":"publish","type":"page","link":"https:\/\/www.faustyna.pl\/zmbm\/kaplica-sw-andrzeja-grekokatolicka\/","title":{"rendered":"Kaplica \u015bw. Andrzeja \u2013 grekokatolicka"},"content":{"rendered":"<p><a href=\"https:\/\/www.faustyna.pl\/zmbm\/wp-content\/uploads\/2024\/02\/Kaplica_grekokatolicka_Lagiewniki.jpg\" data-gallery><img loading=\"lazy\" decoding=\"async\" class=\"alignnone wp-image-28208 size-full\" src=\"https:\/\/www.faustyna.pl\/zmbm\/wp-content\/uploads\/2024\/02\/Kaplica_grekokatolicka_Lagiewniki.jpg\" alt=\"\" width=\"1024\" height=\"610\" srcset=\"https:\/\/www.faustyna.pl\/zmbm\/wp-content\/uploads\/2024\/02\/Kaplica_grekokatolicka_Lagiewniki.jpg 1024w, https:\/\/www.faustyna.pl\/zmbm\/wp-content\/uploads\/2024\/02\/Kaplica_grekokatolicka_Lagiewniki-560x334.jpg 560w, https:\/\/www.faustyna.pl\/zmbm\/wp-content\/uploads\/2024\/02\/Kaplica_grekokatolicka_Lagiewniki-140x83.jpg 140w\" sizes=\"auto, (max-width: 1024px) 100vw, 1024px\" \/><\/a><\/p>\n<p style=\"text-align: right\"><span style=\"color: #800000\"><em><strong>Mapa Sanktuarium pod tekstem<\/strong><\/em><\/span><\/p>\n<p style=\"text-align: justify\">Na prawo, obok kaplicy\u00a0Communio sanctorum, znajduje si\u0119 kaplica\u00a0pw. \u015bw. Andrzeja Aposto\u0142a, kt\u00f3ra jest darem Ko\u015bcio\u0142a obrz\u0105dku greckokatolickiego z Polski\u00a0i\u00a0Ukrainy. Ikonostas z wizerunkiem \u015bw. Andrzeja, patrona Ko\u015bcio\u0142a Wschodniego, jest dzie\u0142em ukrai\u0144skiego artysty Lubomira Medwida. Ponadto kaplic\u0119 zdobi bogata polichromia wykonana w duchu wschodniej tradycji, a zawieraj\u0105ca przes\u0142anie zwi\u0105zane z dziejami Ko\u015bcio\u0142a. Kompozycje malarskie Timura Karima i Ma\u0142gorzaty Dawidiuk ukazuj\u0105: Sob\u00f3r Bogurodzicy, Chrzest Rusi (Ukrainy), \u015awi\u0119t\u0105 Tr\u00f3jc\u0119 Starotestamentow\u0105 (Go\u015bcinno\u015b\u0107 Abrahama), Chrystusa Acheiropoietosa (Mandylion, Chusta Abgara) oraz Podwy\u017cszenie Krzy\u017ca \u015awi\u0119tego. Uroczystego po\u015bwi\u0119cenia kaplicy w 2007 roku dokona\u0142 metropolita przemysko-warszawski abp Jan Martyniak i metropolita krakowski kard. Stanis\u0142aw Dziwisz.<\/p>\n<p style=\"text-align: justify\">Jezus powiedzia\u0142 do Siostry Faustyny: <em>W Starym Zakonie wysy\u0142a\u0142em prorok\u00f3w do ludu swego z gromami. Dzi\u015b wysy\u0142am ciebie do ca\u0142ej ludzko\u015bci z Moim mi\u0142osierdziem. Nie chc\u0119 kara\u0107 zbola\u0142ej ludzko\u015bci, ale pragn\u0119 j\u0105 uleczy\u0107, przytulaj\u0105c j\u0105 do swego mi\u0142osiernego serca <\/em>(Dz. 1588)<em>.<\/em> Jej prorocka misja skierowana jest do ca\u0142ej ludzko\u015bci i ma przygotowa\u0107 ca\u0142y \u015bwiat na powt\u00f3rne przyj\u015bcie Chrystusa. Dlatego w tej bazylice papie\u017c Jan Pawe\u0142 II wo\u0142a\u0142: <em>Niech to przes\u0142anie <\/em>[or\u0119dzie Mi\u0142osierdzia zapisane w \u201eDzienniczku\u201d Siostry Faustyny] <em>rozchodzi si\u0119 z tego miejsca na ca\u0142\u0105 nasz\u0105 umi\u0142owan\u0105 Ojczyzn\u0119 i na ca\u0142y \u015bwiat. Niech si\u0119 spe\u0142nia zobowi\u0105zuj\u0105ca obietnica Pana Jezusa, \u017ce st\u0105d ma wyj\u015b\u0107 \u201eiskra, kt\u00f3ra przygotuje \u015bwiat na ostateczne Jego przyj\u015bcie\u201d (por. Dz. 1732). Trzeba t\u0119 iskr\u0119 Bo\u017cej \u0142aski roznieca\u0107. Trzeba przekazywa\u0107 \u015bwiatu ogie\u0144 mi\u0142osierdzia. W mi\u0142osierdziu Boga \u015bwiat znajdzie pok\u00f3j, a cz\u0142owiek szcz\u0119\u015bcie!<\/em><\/p>\n<p><a href=\"https:\/\/www.faustyna.pl\/zmbm\/wp-content\/uploads\/2024\/02\/9-13-1.jpg\" data-gallery><img loading=\"lazy\" decoding=\"async\" class=\"aligncenter wp-image-28494 size-large\" src=\"https:\/\/www.faustyna.pl\/zmbm\/wp-content\/uploads\/2024\/02\/9-13-1-1024x816.jpg\" alt=\"\" width=\"1024\" height=\"816\" srcset=\"https:\/\/www.faustyna.pl\/zmbm\/wp-content\/uploads\/2024\/02\/9-13-1-1024x816.jpg 1024w, https:\/\/www.faustyna.pl\/zmbm\/wp-content\/uploads\/2024\/02\/9-13-1-502x400.jpg 502w, https:\/\/www.faustyna.pl\/zmbm\/wp-content\/uploads\/2024\/02\/9-13-1-140x111.jpg 140w, https:\/\/www.faustyna.pl\/zmbm\/wp-content\/uploads\/2024\/02\/9-13-1-1536x1223.jpg 1536w, https:\/\/www.faustyna.pl\/zmbm\/wp-content\/uploads\/2024\/02\/9-13-1.jpg 2048w\" sizes=\"auto, (max-width: 1024px) 100vw, 1024px\" \/><\/a><\/p>\n<ol>\n<li><a href=\"https:\/\/www.faustyna.pl\/zmbm\/miejsce-ktore-wybral-bog\/\">G\u0142\u00f3wne wej\u015bcie do Sanktuarium<\/a><\/li>\n<li><a href=\"https:\/\/www.faustyna.pl\/zmbm\/dom-sw-siostry-faustyny-dawna-furta\/\">\u201e<\/a><a href=\"https:\/\/www.faustyna.pl\/zmbm\/dom-sw-siostry-faustyny-dawna-furta\/\">Dom \u015bw. Siostry Faustyny<\/a>\u201d \u2013<a href=\"https:\/\/domsiostryfaustyny.pl\/pokoje-goscinne\/\"> noclegi<\/a>, muzeum<\/li>\n<li><a href=\"https:\/\/www.faustyna.pl\/zmbm\/klasztor\/\">Klasztor<\/a><\/li>\n<li><a href=\"https:\/\/www.faustyna.pl\/zmbm\/antoninek-2\/\">\u201eAntoninek\u201d <\/a>\u2013 <a href=\"https:\/\/www.faustinum.pl\/pl\/pl-2\/\">stowarzyszenie \u201eFaustinum\u201d<\/a><\/li>\n<li>\n<h4><span style=\"color: #800000\"><a style=\"color: #800000\" href=\"https:\/\/www.faustyna.pl\/zmbm\/kaplica-jezusa-milosiernego-i-grobu-sw-faustyny\/\">Kaplica Jezusa Mi\u0142osiernego i grobu \u015bw. Faustyny<\/a><\/span><\/h4>\n<\/li>\n<li><a href=\"https:\/\/www.faustyna.pl\/zmbm\/oratorium-miejsce-smierci-sw-faustyny\/\">Oratorium<\/a> \u2013 miejsce \u015bmierci \u015bw. Faustyny<\/li>\n<li><a href=\"https:\/\/www.faustyna.pl\/zmbm\/kaplica-meki-panskiej\/\">Kaplica M\u0119ki Pa\u0144skiej<\/a><\/li>\n<li><a href=\"https:\/\/www.faustyna.pl\/zmbm\/bazylika-bozego-milosierdzia\/\">Bazylika Bo\u017cego Mi\u0142osierdzia<\/a><\/li>\n<li><a href=\"https:\/\/www.faustyna.pl\/zmbm\/kaplica-sw-siostry-faustyny-wloska\/\">Kaplica \u015bw. Siostry Faustyny<\/a> \u2013 w\u0142oska<\/li>\n<li><a href=\"https:\/\/www.faustyna.pl\/zmbm\/kaplica-communio-sanctorum-wegierska\/\">Kaplica Communio Sanctorum<\/a> \u2013 w\u0119gierska<\/li>\n<li><a href=\"https:\/\/www.faustyna.pl\/zmbm\/kaplica-sw-andrzeja-grekokatolicka\/\">Kaplica \u015bw. Andrzeja<\/a> \u2013 grekokatolicka<\/li>\n<li><a href=\"https:\/\/www.faustyna.pl\/zmbm\/kaplica-swietego-krzyza-niemiecka\/\">Kaplica \u015awi\u0119tego Krzy\u017ca<\/a> \u2013 niemiecka<\/li>\n<li><a href=\"https:\/\/www.faustyna.pl\/zmbm\/kaplica-matki-boskiej-siedmiobolesnej-slowacka\/\">Kaplica Matki Boskiej Siedmiobolesnej<\/a> \u2013 s\u0142owacka<\/li>\n<li><a href=\"https:\/\/www.faustyna.pl\/zmbm\/kaplica-wieczystej-adoracji-3\/\">Kaplica Wieczystej Adoracji<\/a><\/li>\n<li><a href=\"https:\/\/www.faustyna.pl\/zmbm\/wieza-widokowa\/\">Wie\u017ca widokowa<\/a><\/li>\n<li><a href=\"https:\/\/www.faustyna.pl\/zmbm\/cmentarz-zakonny\/\">Cmentarz zakonny<\/a><\/li>\n<li><a href=\"https:\/\/www.faustyna.pl\/zmbm\/dom-sw-siostry-faustyny-restauracja\/\">\u201e<\/a><a href=\"https:\/\/domsiostryfaustyny.pl\/restauracja\/\">Dom \u015bw. Siostry Faustyny\u201d \u2013 restauracja<\/a>, pami\u0105tki, prelekcje<\/li>\n<li>Dom duszpasterski \u2013 noclegi, restauracja<\/li>\n<li>M\u0142odzie\u017cowy O\u015brodek Wychowawczy im. \u015bw. Siostry Faustyny<\/li>\n<li>Punkt informacyjny<\/li>\n<li>Pasa\u017c handlowy \u2013 <a href=\"https:\/\/www.misericordia.faustyna.net\/\">sklep wydawnictwa Misericordia<\/a><\/li>\n<li>Aula \u015bw. Jana Paw\u0142a II<\/li>\n<li>Parking \u2013 samochody osobowe<\/li>\n<li>Parking \u2013 autokary i samochody osobowe<\/li>\n<li>Toalety<\/li>\n<li>Most Mi\u0142osierdzia \u2013 przej\u015bcie do Sanktuarium \u015bw. Jana Paw\u0142a II i na przystanek\u00a0\u00a0 tramwajowy.<\/li>\n<\/ol>\n","protected":false},"excerpt":{"rendered":"<p>Mapa Sanktuarium pod tekstem Na prawo, obok kaplicy\u00a0Communio sanctorum, znajduje si\u0119 kaplica\u00a0pw. \u015bw. Andrzeja Aposto\u0142a, kt\u00f3ra jest darem Ko\u015bcio\u0142a obrz\u0105dku greckokatolickiego z Polski\u00a0i\u00a0Ukrainy. Ikonostas z wizerunkiem \u015bw. Andrzeja, patrona Ko\u015bcio\u0142a Wschodniego, jest dzie\u0142em ukrai\u0144skiego artysty Lubomira Medwida. Ponadto kaplic\u0119 zdobi bogata polichromia wykonana w duchu wschodniej tradycji, a zawieraj\u0105ca przes\u0142anie zwi\u0105zane z dziejami Ko\u015bcio\u0142a. Kompozycje [&hellip;]<\/p>\n","protected":false},"author":1,"featured_media":0,"parent":0,"menu_order":0,"comment_status":"closed","ping_status":"closed","template":"","meta":{"footnotes":""},"categories":[130643],"tags":[],"class_list":["post-28147","page","type-page","status-publish","hentry","category-qrkod"],"_links":{"self":[{"href":"https:\/\/www.faustyna.pl\/zmbm\/wp-json\/wp\/v2\/pages\/28147","targetHints":{"allow":["GET"]}}],"collection":[{"href":"https:\/\/www.faustyna.pl\/zmbm\/wp-json\/wp\/v2\/pages"}],"about":[{"href":"https:\/\/www.faustyna.pl\/zmbm\/wp-json\/wp\/v2\/types\/page"}],"author":[{"embeddable":true,"href":"https:\/\/www.faustyna.pl\/zmbm\/wp-json\/wp\/v2\/users\/1"}],"replies":[{"embeddable":true,"href":"https:\/\/www.faustyna.pl\/zmbm\/wp-json\/wp\/v2\/comments?post=28147"}],"version-history":[{"count":16,"href":"https:\/\/www.faustyna.pl\/zmbm\/wp-json\/wp\/v2\/pages\/28147\/revisions"}],"predecessor-version":[{"id":32510,"href":"https:\/\/www.faustyna.pl\/zmbm\/wp-json\/wp\/v2\/pages\/28147\/revisions\/32510"}],"wp:attachment":[{"href":"https:\/\/www.faustyna.pl\/zmbm\/wp-json\/wp\/v2\/media?parent=28147"}],"wp:term":[{"taxonomy":"category","embeddable":true,"href":"https:\/\/www.faustyna.pl\/zmbm\/wp-json\/wp\/v2\/categories?post=28147"},{"taxonomy":"post_tag","embeddable":true,"href":"https:\/\/www.faustyna.pl\/zmbm\/wp-json\/wp\/v2\/tags?post=28147"}],"curies":[{"name":"wp","href":"https:\/\/api.w.org\/{rel}","templated":true}]}}