



{"id":28318,"date":"2024-02-10T09:06:12","date_gmt":"2024-02-10T08:06:12","guid":{"rendered":"https:\/\/www.faustyna.pl\/zmbm\/?page_id=28318"},"modified":"2026-03-28T16:22:25","modified_gmt":"2026-03-28T15:22:25","slug":"nabozenstwo-drogi-krzyzowej","status":"publish","type":"page","link":"https:\/\/www.faustyna.pl\/zmbm\/nabozenstwo-drogi-krzyzowej\/","title":{"rendered":"Nabo\u017ce\u0144stwo Drogi krzy\u017cowej"},"content":{"rendered":"<p><a href=\"https:\/\/www.faustyna.pl\/zmbm\/wp-content\/uploads\/2025\/03\/Droga_krzyzowa_2025.jpg\" data-gallery><img loading=\"lazy\" decoding=\"async\" class=\"size-medium wp-image-30386 alignnone\" src=\"https:\/\/www.faustyna.pl\/zmbm\/wp-content\/uploads\/2025\/03\/Droga_krzyzowa_2025-560x333.jpg\" alt=\"\" width=\"560\" height=\"333\" srcset=\"https:\/\/www.faustyna.pl\/zmbm\/wp-content\/uploads\/2025\/03\/Droga_krzyzowa_2025-560x333.jpg 560w, https:\/\/www.faustyna.pl\/zmbm\/wp-content\/uploads\/2025\/03\/Droga_krzyzowa_2025-140x83.jpg 140w, https:\/\/www.faustyna.pl\/zmbm\/wp-content\/uploads\/2025\/03\/Droga_krzyzowa_2025.jpg 1024w\" sizes=\"auto, (max-width: 560px) 100vw, 560px\" \/><\/a><\/p>\n<p style=\"text-align: justify\">To nabo\u017ce\u0144stwo, w kt\u00f3rym rozwa\u017camy m\u0119k\u0119 naszego Pana Jezusa Chrystusa, pozwala nam odkrywa\u0107 i zg\u0142\u0119bia\u0107 mi\u0142osiern\u0105 mi\u0142o\u015b\u0107 Boga do cz\u0142owieka, uczy\u0107 si\u0119 postawy zaufania Bogu w ka\u017cdej sytuacji, tak\u017ce trudnej i bolesnej, oraz postawy mi\u0142osierdzia wobec bli\u017anich. Jezus wzi\u0105\u0142 przecie\u017c na siebie nasze grzechy i za ka\u017cdego z nas poni\u00f3s\u0142 haniebn\u0105 \u015bmier\u0107\u2026 i zmartwychwsta\u0142, aby\u015bmy \u017cycie mieli w sobie i cieszyli si\u0119 nim teraz i na wieki. Jezus m\u00f3wi\u0142 do \u015bw. Faustyny \u201eRozwa\u017c Moj\u0105 bolesn\u0105 m\u0119k\u0119, ca\u0142y jej ogrom; rozwa\u017caj w ten spos\u00f3b, jakoby ona by\u0142a wy\u0142\u0105cznie dla ciebie podj\u0119ta\u201d (Dz. 1761).<\/p>\n<p style=\"text-align: justify\">W ka\u017cdy pi\u0105tek w Sanktuarium Bo\u017cego Mi\u0142osierdzia w Krakowie-\u0141agiewnikach odprawiana jest wsp\u00f3lna \u201eDroga krzy\u017cowa\u201d: w bazylice o godzinie 16:00, natomiast w kaplicy z \u0142askami s\u0142yn\u0105cym obrazem Jezusa Mi\u0142osiernego i grobem \u015bw. Faustyny o 19:00, z wyj\u0105tkiem pierwszego pi\u0105tku, w kt\u00f3rym droga krzy\u017cowa b\u0119dzie odprawiana o godzinie 18:15 (transmisja on-line na stronie: www.faustyna.pl).<\/p>\n","protected":false},"excerpt":{"rendered":"<p>To nabo\u017ce\u0144stwo, w kt\u00f3rym rozwa\u017camy m\u0119k\u0119 naszego Pana Jezusa Chrystusa, pozwala nam odkrywa\u0107 i zg\u0142\u0119bia\u0107 mi\u0142osiern\u0105 mi\u0142o\u015b\u0107 Boga do cz\u0142owieka, uczy\u0107 si\u0119 postawy zaufania Bogu w ka\u017cdej sytuacji, tak\u017ce trudnej i bolesnej, oraz postawy mi\u0142osierdzia wobec bli\u017anich. Jezus wzi\u0105\u0142 przecie\u017c na siebie nasze grzechy i za ka\u017cdego z nas poni\u00f3s\u0142 haniebn\u0105 \u015bmier\u0107\u2026 i zmartwychwsta\u0142, aby\u015bmy [&hellip;]<\/p>\n","protected":false},"author":1,"featured_media":30386,"parent":0,"menu_order":-1572,"comment_status":"closed","ping_status":"closed","template":"","meta":{"footnotes":""},"categories":[104],"tags":[],"class_list":["post-28318","page","type-page","status-publish","has-post-thumbnail","hentry","category-archiwum"],"_links":{"self":[{"href":"https:\/\/www.faustyna.pl\/zmbm\/wp-json\/wp\/v2\/pages\/28318","targetHints":{"allow":["GET"]}}],"collection":[{"href":"https:\/\/www.faustyna.pl\/zmbm\/wp-json\/wp\/v2\/pages"}],"about":[{"href":"https:\/\/www.faustyna.pl\/zmbm\/wp-json\/wp\/v2\/types\/page"}],"author":[{"embeddable":true,"href":"https:\/\/www.faustyna.pl\/zmbm\/wp-json\/wp\/v2\/users\/1"}],"replies":[{"embeddable":true,"href":"https:\/\/www.faustyna.pl\/zmbm\/wp-json\/wp\/v2\/comments?post=28318"}],"version-history":[{"count":4,"href":"https:\/\/www.faustyna.pl\/zmbm\/wp-json\/wp\/v2\/pages\/28318\/revisions"}],"predecessor-version":[{"id":30387,"href":"https:\/\/www.faustyna.pl\/zmbm\/wp-json\/wp\/v2\/pages\/28318\/revisions\/30387"}],"wp:featuredmedia":[{"embeddable":true,"href":"https:\/\/www.faustyna.pl\/zmbm\/wp-json\/wp\/v2\/media\/30386"}],"wp:attachment":[{"href":"https:\/\/www.faustyna.pl\/zmbm\/wp-json\/wp\/v2\/media?parent=28318"}],"wp:term":[{"taxonomy":"category","embeddable":true,"href":"https:\/\/www.faustyna.pl\/zmbm\/wp-json\/wp\/v2\/categories?post=28318"},{"taxonomy":"post_tag","embeddable":true,"href":"https:\/\/www.faustyna.pl\/zmbm\/wp-json\/wp\/v2\/tags?post=28318"}],"curies":[{"name":"wp","href":"https:\/\/api.w.org\/{rel}","templated":true}]}}