



{"id":28321,"date":"2024-02-10T09:13:51","date_gmt":"2024-02-10T08:13:51","guid":{"rendered":"https:\/\/www.faustyna.pl\/zmbm\/?page_id=28321"},"modified":"2026-03-28T16:22:17","modified_gmt":"2026-03-28T15:22:17","slug":"gorzkie-zale-9","status":"publish","type":"page","link":"https:\/\/www.faustyna.pl\/zmbm\/gorzkie-zale-9\/","title":{"rendered":"Gorzkie \u017cale"},"content":{"rendered":"<p><em><a href=\"https:\/\/www.faustyna.pl\/zmbm\/wp-content\/uploads\/2024\/02\/Gorzkie_zale.jpg\" data-gallery><img loading=\"lazy\" decoding=\"async\" class=\"alignnone wp-image-28322 size-medium\" src=\"https:\/\/www.faustyna.pl\/zmbm\/wp-content\/uploads\/2024\/02\/Gorzkie_zale-560x333.jpg\" alt=\"\" width=\"560\" height=\"333\" srcset=\"https:\/\/www.faustyna.pl\/zmbm\/wp-content\/uploads\/2024\/02\/Gorzkie_zale-560x333.jpg 560w, https:\/\/www.faustyna.pl\/zmbm\/wp-content\/uploads\/2024\/02\/Gorzkie_zale-140x83.jpg 140w, https:\/\/www.faustyna.pl\/zmbm\/wp-content\/uploads\/2024\/02\/Gorzkie_zale.jpg 1024w\" sizes=\"auto, (max-width: 560px) 100vw, 560px\" \/><\/a><\/em><\/p>\n<p style=\"text-align: justify\"><em>Jedna godzina rozwa\u017cania Mojej bolesnej m\u0119ki wi\u0119ksz\u0105 zas\u0142ug\u0119 ma, ani\u017celi ca\u0142y rok biczowania si\u0119 a\u017c do krwi; rozwa\u017canie Moich bolesnych ran jest dla ciebie z wielkim po\u017cytkiem, a Mnie sprawia wielk\u0105 rado\u015b\u0107<\/em> (Dz. 369). Niech te s\u0142owa Pana Jezusa b\u0119d\u0105 zach\u0119t\u0105 do uczestnictwa w nabo\u017ce\u0144stwie \u201eGorzkich \u017cali\u201d w ko\u015bcio\u0142ach i kaplicach klasztornych w Polsce.<\/p>\n<p style=\"text-align: justify\">W Sanktuarium w Krakowie-\u0141agiewnikach nabo\u017ce\u0144stwo \u201eGorzkich \u017cali\u201d z kazaniem pasyjnym odprawiane s\u0105 w bazylice w ka\u017cd\u0105 niedziel\u0119 Wielkiego Postu o 15:20 w bazylice. Transmisja do kaplicy z \u0142askami s\u0142yn\u0105cym obrazem Jezusa Mi\u0142osiernego i grobem \u015bw. Faustyny oraz na stronie Rektoratu: <a href=\"http:\/\/www.milosierdzie.pl\">www.milosierdzie.pl<\/a>. i <a href=\"http:\/\/www.faustyna.pl\">www.faustyna.pl<\/a><\/p>\n","protected":false},"excerpt":{"rendered":"<p>Jedna godzina rozwa\u017cania Mojej bolesnej m\u0119ki wi\u0119ksz\u0105 zas\u0142ug\u0119 ma, ani\u017celi ca\u0142y rok biczowania si\u0119 a\u017c do krwi; rozwa\u017canie Moich bolesnych ran jest dla ciebie z wielkim po\u017cytkiem, a Mnie sprawia wielk\u0105 rado\u015b\u0107 (Dz. 369). Niech te s\u0142owa Pana Jezusa b\u0119d\u0105 zach\u0119t\u0105 do uczestnictwa w nabo\u017ce\u0144stwie \u201eGorzkich \u017cali\u201d w ko\u015bcio\u0142ach i kaplicach klasztornych w Polsce. W [&hellip;]<\/p>\n","protected":false},"author":1,"featured_media":28322,"parent":0,"menu_order":-1572,"comment_status":"closed","ping_status":"closed","template":"","meta":{"footnotes":""},"categories":[104],"tags":[],"class_list":["post-28321","page","type-page","status-publish","has-post-thumbnail","hentry","category-archiwum"],"_links":{"self":[{"href":"https:\/\/www.faustyna.pl\/zmbm\/wp-json\/wp\/v2\/pages\/28321","targetHints":{"allow":["GET"]}}],"collection":[{"href":"https:\/\/www.faustyna.pl\/zmbm\/wp-json\/wp\/v2\/pages"}],"about":[{"href":"https:\/\/www.faustyna.pl\/zmbm\/wp-json\/wp\/v2\/types\/page"}],"author":[{"embeddable":true,"href":"https:\/\/www.faustyna.pl\/zmbm\/wp-json\/wp\/v2\/users\/1"}],"replies":[{"embeddable":true,"href":"https:\/\/www.faustyna.pl\/zmbm\/wp-json\/wp\/v2\/comments?post=28321"}],"version-history":[{"count":5,"href":"https:\/\/www.faustyna.pl\/zmbm\/wp-json\/wp\/v2\/pages\/28321\/revisions"}],"predecessor-version":[{"id":30389,"href":"https:\/\/www.faustyna.pl\/zmbm\/wp-json\/wp\/v2\/pages\/28321\/revisions\/30389"}],"wp:featuredmedia":[{"embeddable":true,"href":"https:\/\/www.faustyna.pl\/zmbm\/wp-json\/wp\/v2\/media\/28322"}],"wp:attachment":[{"href":"https:\/\/www.faustyna.pl\/zmbm\/wp-json\/wp\/v2\/media?parent=28321"}],"wp:term":[{"taxonomy":"category","embeddable":true,"href":"https:\/\/www.faustyna.pl\/zmbm\/wp-json\/wp\/v2\/categories?post=28321"},{"taxonomy":"post_tag","embeddable":true,"href":"https:\/\/www.faustyna.pl\/zmbm\/wp-json\/wp\/v2\/tags?post=28321"}],"curies":[{"name":"wp","href":"https:\/\/api.w.org\/{rel}","templated":true}]}}