



{"id":2836,"date":"2014-12-31T00:21:20","date_gmt":"2014-12-30T23:21:20","guid":{"rendered":"http:\/\/www.faustyna.pl\/zmbm\/?page_id=2836"},"modified":"2021-11-26T08:47:33","modified_gmt":"2021-11-26T07:47:33","slug":"bibliografia","status":"publish","type":"page","link":"https:\/\/www.faustyna.pl\/zmbm\/bibliografia\/","title":{"rendered":"Bibliografia"},"content":{"rendered":"<p style=\"text-align: left\">Gromadzi wszelkie zbiory: ksi\u0105\u017cek, druk\u00f3w, zdj\u0119\u0107, p\u0142yt CD i DVD, kt\u00f3re zwi\u0105zane s\u0105 z \u017cyciem i misj\u0105 \u015bw. Siostry Faustyny, histori\u0105 Zgromadzenia oraz tajemnic\u0105 mi\u0142osierdzia Bo\u017cego i ludzkiego. Biblioteka prowadzi tak\u017ce pracowni\u0119 bibliograficzn\u0105 oraz dokumentacji kultu Mi\u0142osierdzia Bo\u017cego w Sanktuarium w \u0141agiewnikach.<\/p>\n","protected":false},"excerpt":{"rendered":"<p>Gromadzi wszelkie zbiory: ksi\u0105\u017cek, druk\u00f3w, zdj\u0119\u0107, p\u0142yt CD i DVD, kt\u00f3re zwi\u0105zane s\u0105 z \u017cyciem i misj\u0105 \u015bw. Siostry Faustyny, histori\u0105 Zgromadzenia oraz tajemnic\u0105 mi\u0142osierdzia Bo\u017cego i ludzkiego. Biblioteka prowadzi tak\u017ce pracowni\u0119 bibliograficzn\u0105 oraz dokumentacji kultu Mi\u0142osierdzia Bo\u017cego w Sanktuarium w \u0141agiewnikach.<\/p>\n","protected":false},"author":1,"featured_media":21534,"parent":0,"menu_order":0,"comment_status":"closed","ping_status":"closed","template":"page_section_menu.php","meta":{"footnotes":""},"categories":[88],"tags":[],"class_list":["post-2836","page","type-page","status-publish","has-post-thumbnail","hentry","category-bibliografia"],"_links":{"self":[{"href":"https:\/\/www.faustyna.pl\/zmbm\/wp-json\/wp\/v2\/pages\/2836","targetHints":{"allow":["GET"]}}],"collection":[{"href":"https:\/\/www.faustyna.pl\/zmbm\/wp-json\/wp\/v2\/pages"}],"about":[{"href":"https:\/\/www.faustyna.pl\/zmbm\/wp-json\/wp\/v2\/types\/page"}],"author":[{"embeddable":true,"href":"https:\/\/www.faustyna.pl\/zmbm\/wp-json\/wp\/v2\/users\/1"}],"replies":[{"embeddable":true,"href":"https:\/\/www.faustyna.pl\/zmbm\/wp-json\/wp\/v2\/comments?post=2836"}],"version-history":[{"count":5,"href":"https:\/\/www.faustyna.pl\/zmbm\/wp-json\/wp\/v2\/pages\/2836\/revisions"}],"predecessor-version":[{"id":22643,"href":"https:\/\/www.faustyna.pl\/zmbm\/wp-json\/wp\/v2\/pages\/2836\/revisions\/22643"}],"wp:featuredmedia":[{"embeddable":true,"href":"https:\/\/www.faustyna.pl\/zmbm\/wp-json\/wp\/v2\/media\/21534"}],"wp:attachment":[{"href":"https:\/\/www.faustyna.pl\/zmbm\/wp-json\/wp\/v2\/media?parent=2836"}],"wp:term":[{"taxonomy":"category","embeddable":true,"href":"https:\/\/www.faustyna.pl\/zmbm\/wp-json\/wp\/v2\/categories?post=2836"},{"taxonomy":"post_tag","embeddable":true,"href":"https:\/\/www.faustyna.pl\/zmbm\/wp-json\/wp\/v2\/tags?post=2836"}],"curies":[{"name":"wp","href":"https:\/\/api.w.org\/{rel}","templated":true}]}}