



{"id":2850,"date":"2014-12-31T00:28:09","date_gmt":"2014-12-31T00:28:09","guid":{"rendered":"http:\/\/www.faustyna.pl\/zmbm\/?page_id=2850"},"modified":"2021-06-10T20:39:50","modified_gmt":"2021-06-10T18:39:50","slug":"bibliografia-podmiotowa-biblioteka","status":"publish","type":"page","link":"https:\/\/www.faustyna.pl\/zmbm\/bibliografia-podmiotowa-biblioteka\/","title":{"rendered":"Bibliografia podmiotowa"},"content":{"rendered":"<h3 align=\"center\"><span style=\"color: #800000\"><strong>BIBLIOGRAFIA PODMIOTOWA<\/strong><\/span><\/h3>\n<h3 align=\"center\"><span style=\"color: #800000\"><strong>PISM \u015aWI\u0118TEJ SIOSTRY FAUSTYNY KOWALSKIEJ<\/strong><\/span><\/h3>\n<p>&nbsp;<\/p>\n<p align=\"center\"><strong>BIBLIOTEKA<\/strong><\/p>\n<p align=\"center\"><strong>Zgromadzenia Si\u00f3str Matki Bo\u017cej Mi\u0142osierdzia<\/strong><\/p>\n<p align=\"center\"><strong>w Krakowie<\/strong><\/p>\n<p style=\"margin: 0px;text-indent: 0px;text-align: left\"><strong><a href=\"https:\/\/www.faustyna.pl\/zmbm\/wp-content\/uploads\/2021\/06\/Biblioteka-Faustinum-foto-Adam-Bujak.jpg\" data-gallery><img loading=\"lazy\" decoding=\"async\" class=\"size-medium wp-image-20622 alignnone\" src=\"https:\/\/www.faustyna.pl\/zmbm\/wp-content\/uploads\/2021\/06\/Biblioteka-Faustinum-foto-Adam-Bujak-560x333.jpg\" alt=\"\" width=\"560\" height=\"333\" srcset=\"https:\/\/www.faustyna.pl\/zmbm\/wp-content\/uploads\/2021\/06\/Biblioteka-Faustinum-foto-Adam-Bujak-560x333.jpg 560w, https:\/\/www.faustyna.pl\/zmbm\/wp-content\/uploads\/2021\/06\/Biblioteka-Faustinum-foto-Adam-Bujak-140x83.jpg 140w, https:\/\/www.faustyna.pl\/zmbm\/wp-content\/uploads\/2021\/06\/Biblioteka-Faustinum-foto-Adam-Bujak.jpg 1024w\" sizes=\"auto, (max-width: 560px) 100vw, 560px\" \/><\/a><\/strong><\/p>\n<p style=\"margin: 0px;text-indent: 0px;text-align: left\"><strong>Skr\u00f3ty stosowane w bibliografii:<\/strong><\/p>\n<p><strong>1961<sup>2<\/sup><\/strong> \u2013 indeks g\u00f3rny przy dacie oznacza kolejne wydanie<\/p>\n<p><strong>[j. indonezyjski]<\/strong> \u2013 oznaczenie j\u0119zyka t\u0142umaczenia pism \u015bw. Siostry Faustyny<\/p>\n<p><strong>t\u0142.<\/strong> \u2013 t\u0142umaczy\u0142\/a<\/p>\n<p><strong>red.<\/strong> <strong>t\u0142.<\/strong> \u2013 redaktor t\u0142umaczenia<\/p>\n<p><strong>oprac.<\/strong> \u2013 opracowa\u0142\/a<\/p>\n<p><strong>oprac. zb.<\/strong> \u2013 opracowanie zbiorowe<\/p>\n<h3 style=\"text-align: center\"><span style=\"color: #003300\"><strong>1955<\/strong><\/span><\/h3>\n<ol>\n<li><em>O Mi\u0142osierdziu Bo\u017cym. Wyj\u0105tki z Dzienniczka siostry Faustyny<\/em> (ze Zgromadzenia Matki Boskiej Mi\u0142osierdzia), oprac. ks. Alojzy Misiak SAC, Pary\u017c 1955, 157 s.<\/li>\n<\/ol>\n<h3 style=\"text-align: center\"><span style=\"color: #003300\"><strong>1981<\/strong><\/span><\/h3>\n<ol>\n<li><em>Dzienniczek S\u0142ugi Bo\u017cej S. M. Faustyny Kowalskiej Profeski wieczystej Zgromadzenia Matki Bo\u017cej Mi\u0142osierdzi<\/em>a, Krak\u00f3w-Stockbridge-Rzym 1981, 728 s.<\/li>\n<\/ol>\n<h3 style=\"text-align: center\"><span style=\"color: #003300\">1983<\/span><\/h3>\n<ol>\n<li><em>Dzienniczek S\u0142ugi Bo\u017cej S. M. Faustyny Kowalskiej Profeski wieczystej Zgromadzenia Matki Bo\u017cej\u00a0 Mi\u0142osierdzia,<\/em>\u00a0 Krak\u00f3w 19832, 727 s.<\/li>\n<\/ol>\n<h3 style=\"text-align: center\"><span style=\"color: #003300\">1984<\/span><\/h3>\n<ol>\n<li>\u201eOpracowanie\u201d Dzienniczka S\u0142ugi Bo\u017cej s. Faustyny Kowalskiej. Na pami\u0105tk\u0119 Roku \u015awi\u0119tego 1983-1984 og\u0142oszonego przez Ojca \u015aw. Jana Paw\u0142a II z okazji 1950-lecia \u015bmierci Jezusa Chrystusa, Cz\u0119stochowa 1984, 100 s.<\/li>\n<\/ol>\n<h3 style=\"text-align: center\"><span style=\"color: #003300\">1985<\/span><\/h3>\n<ol>\n<li><em>Petit Journal de Soeur Faustine<\/em>, [j. francuski], Marquain-Ronchin 1985, 704 s.<\/li>\n<\/ol>\n<h3 style=\"text-align: center\"><span style=\"color: #003300\">1987<\/span><\/h3>\n<ol>\n<li><em>Divine Mercy in My Soul: the Diary of the Servant of God Sister M. Faustina Kowalska<\/em>: perpetually Professed Member of the Congregation of Sisters of Our Lady of Mercy, [j. angielski], Stockbridge 1987, 697 s.<\/li>\n<li><em>Dzienniczek siostry Marii Faustyny Kowalskiej<\/em>, Krak\u00f3w 1987, 428 s.<\/li>\n<\/ol>\n<h3 style=\"text-align: center\"><span style=\"color: #003300\">1990<\/span><\/h3>\n<ol>\n<li><em>Divine Mercy in My Soul: the Diary of the Servant of God Sister M. Faustina Kowalska<\/em>: perpetually professed member of the Congregation of Sisters of Our lady of Mercy, [j. angielski], Stockbridge [1990]2, 697 s.<\/li>\n<li><em>Tagebuch der Schwester Maria Faustyna Kowalska aus der Kongregation der Muttergottes der Barmherzigkeit<\/em>, [j. niemiecki], red. t\u0142. Stanis\u0142aw \u015awidzi\u0144ski, Hauteville 1990, 554 s.<\/li>\n<\/ol>\n<h3 style=\"text-align: center\"><span style=\"color: #003300\">1992<\/span><\/h3>\n<ol>\n<li><em>Diario di Sour Faustina Kowalska: dell` Instituto della Beata Vergine Maria della Misericordia (1905-1938<\/em>): La misericordia Divina nella mia anima\u2026,[j. w\u0142oski], Rzym 1992, 615 s.<\/li>\n<li><em>La Divina Misericordia en mi alma. Diario di sor M. Faustina Kowalsk<\/em>a, [j. hiszpa\u0144ski], Argentyna 1992, 514 s.<\/li>\n<\/ol>\n<h3 style=\"text-align: center\"><span style=\"color: #003300\">1993<\/span><\/h3>\n<ol>\n<li><em>\u0411o\u0436\u0438\u0435 \u041c\u0438\u043b\u043e\u0441\u0435\u0440\u0434\u0438\u0435 \u0432 \u043c\u043e\u0435\u0439 \u0434\u0443\u0448\u0435: \u0414\u043d\u0435\u0432\u043d\u0438\u043a \u0431\u043b\u0430\u0436\u0435\u043d\u043d\u043e\u0439 \u0424\u0430\u0443\u0441\u0442\u0438\u043d\u044b \u041a\u043e\u0432a\u043b\u044c\u0441\u043a\u043e\u0439<\/em>, [j. rosyjski], t\u0142. \u0418\u0433\u043e\u0440\u044f \u0411\u0430\u0440\u0430\u043d\u043e\u0432\u0430, Moskwa 1993, 476 s.<\/li>\n<li><em>Dzienniczek: Mi\u0142osierdzie Bo\u017ce w duszy mojej,<\/em>\u00a0 Warszawa 19933, 522 s.<\/li>\n<li><em>Dzienniczek: Mi\u0142osierdzie Bo\u017ce w duszy mojej<\/em>, z. 1 i 2, [j. thai], Tajlandia [1993], 440 s.<\/li>\n<li><em>Tagebuch der Schwester Maria Faustyna Kowalska: aus der Kongregation der Muttergottes der Barmherzigkeit<\/em>, [j. niemiecki], red. t\u0142. Stanis\u0142aw \u015awidzi\u0144ski, Hauteville 19933, 554 s.<\/li>\n<\/ol>\n<h3 style=\"text-align: center\"><span style=\"color: #003300\">1995<\/span><\/h3>\n<ol>\n<li><em>Di\u00e1rio: a Miseric\u00f3rdia Divina na minha alma<\/em>, [j. portugalski], t\u0142. ks. Stanis\u0142aw Szyma\u0144ski MIC, Carlos H. C. Silva, Fatima 1995, 631 s.<\/li>\n<li><em>Di\u00e1rio: a Miseric\u00f3rdia Divina na minha alma,<\/em> [j. portugalski], t\u0142. Mariano Kawka, Curitiba-Parana 19953, 477 [9] s.<\/li>\n<li><em>Dzienniczek: Mi\u0142osierdzie Bo\u017ce w duszy mojej,<\/em>\u00a0 Warszawa 19953, 522 s.<\/li>\n<\/ol>\n<h3 style=\"text-align: center\"><span style=\"color: #003300\">1996<\/span><\/h3>\n<ol>\n<li><em>La Misericordia Divina nella mia anima. Diario della beata suor Faustina Kowalska della Congregazione della Beata Vergine Maria<\/em><\/li>\n<li><em>Della Misericordia<\/em>, [j. w\u0142oski], t\u0142. Edoardo Ravaglia, Rzym 1996, 727 s.<\/li>\n<li><em>Diario: La Divina Misericordia en mi alma<\/em>, [j. hiszpa\u0144ski], t\u0142. Ewa Bylicka, Stockbridge 1996, 714 [30] s.<\/li>\n<\/ol>\n<h2 style=\"text-align: center\"><span style=\"color: #003300\">1997<\/span><\/h2>\n<ol>\n<li><em>Petit Journal: la Mis\u00e9ricorde Divine dans mon \u00e2me<\/em>, [j. francuski], Pary\u017c 1997, 682 s.<\/li>\n<\/ol>\n<h3 style=\"text-align: center\"><span style=\"color: #003300\">1998<\/span><\/h3>\n<ol>\n<li><em>Denn\u00ed\u010dek: Milosrdenstvo Bo\u017eie v mojej dusi,<\/em> [j. s\u0142owacki], Ko\u0161ice 1998, 484 s.<\/li>\n<li><em>Dnevnik sestre Marije Kowalske: iz kongregacije Na\u0161e Gospe od Milosrda<\/em>, [j. chorwacki], t\u0142. z j. niem. O. Stanko Pavlovi\u0107 OFM, Zagreb 19982, 500 s.<\/li>\n<li><em>Napl\u00f3: Az Isteni Irgalmass\u00e1g \u00fczenete<\/em>, [j. w\u0119gierski], t\u0142. Trojan M\u00e1rta, Eger 1998, 497 s.<\/li>\n<\/ol>\n<h3 style=\"text-align: center\"><span style=\"color: #003300\">1999<\/span><\/h3>\n<ol>\n<li><em>Dzienniczek: Mi\u0142osierdzie Bo\u017ce w duszy mojej,<\/em> [j. arabski], Liban 1999, 599 s.<\/li>\n<\/ol>\n<h3 style=\"text-align: center\"><span style=\"color: #003300\">2000<\/span><\/h3>\n<ol>\n<li><em>Di\u00e1rio: a Miseric\u00f3rdia Divina na minha alma,<\/em> [j. portugalski], Curitiba-Parana 2000, 507 [9] s.<\/li>\n<li><em>Dzienniczek: Mi\u0142osierdzie Bo\u017ce w duszy mojej,<\/em>\u00a0 Warszawa 20009, 522 s.<\/li>\n<li><em>Napl\u00f3: Az Isteni Irgalmass\u00e1g \u00fczenete<\/em>, [j. w\u0119gierski], t\u0142. Trojan M\u00e1rta, Eger 20002, 497 s.<\/li>\n<li><em>Tagebuch der Schwester Maria Faustyna Kowalska aus der Kongregation der Muttergottes der Barmherzigkeit,<\/em> [j. niemiecki], Hauteville 20005, 554 s.<\/li>\n<li><em>\u0428\u043e\u0434\u0435\u043d\u043d\u0438\u043a: \u041c\u0438\u043b\u043e\u0441\u0440\u0434\u044f \u0411\u043e\u0436\u0435 \u0432 \u043c\u043e\u0457\u0439 \u0434\u0443\u0448\u0456<\/em>, [ j. ukrai\u0144ski], Lw\u00f3w 2000, 571 s.<\/li>\n<\/ol>\n<h3 style=\"text-align: center\"><span style=\"color: #003300\">2001<\/span><\/h3>\n<ol>\n<li><em>Den\u00ed\u010dek: Bo\u017e\u00ed milosrdenstv\u00ed v m\u00e9 du\u0161i,<\/em> [j. czeski], Kosteln\u00ed Vyd\u0159\u00ed 2001, 671 s.<\/li>\n<li><em>Diario di Santa Maria Faustina Kowalska. La misericordia divina nella mia anima<\/em>, [j. w\u0142oski], t\u0142. Edoardo Ravaglia, Rzym 2001, 727 s.<\/li>\n<li><em>Diary: Divine Mercy in My Soul,<\/em> [j. angielski], Stockbridge 20013, 700 s.<\/li>\n<li><em>Dnevnik svete s. M. Favstine Kowalske,<\/em> [j. s\u0142owe\u0144ski], t\u0142. Milanka Dragar, Martina Oro\u017een, Alojzij Oberstar, Sti\u010dna 20012, 605 s.<\/li>\n<\/ol>\n<h3 style=\"text-align: center\"><span style=\"color: #003300\">2003<\/span><\/h3>\n<ol>\n<li><em>Tagebuch der Schwester Maria Faustyna Kowalska: aus der Kongregation der Muttergottes der Barmherzigkeit<\/em>, [j. niemiecki], t\u0142. Lucia Zaj\u0105czek, Hauteville 20036, 554 s.<\/li>\n<\/ol>\n<h3 style=\"text-align: center\"><span style=\"color: #003300\">2004<\/span><\/h3>\n<ol>\n<li><em>Dzienniczek: Mi\u0142osierdzie Bo\u017ce w duszy moje<\/em>j, [j. korea\u0144ski], Pozna\u0144 2004, 864 [8 fot.] s.<\/li>\n<li><em>Diario: la misericordia divina nella mia anima<\/em>, [j. w\u0142oski], tl. Edoardo Ravaglia, Rzym 20049, 982 s.<\/li>\n<li><em>Dzienniczek: Mi\u0142osierdzie Bo\u017ce w duszy mojej<\/em>, [j. wietmanski], Carthage 2004, 666 s.<\/li>\n<\/ol>\n<h3 style=\"text-align: center\"><span style=\"color: #003300\">2005<\/span><\/h3>\n<ol>\n<li><em>Cartas de Santa Sor Faustin<\/em>a, [j. hiszpa\u0144ski], t\u0142. Ewa Bylicka, Krak\u00f3w 2005, 256 s.<\/li>\n<li><em>Die Briefe der hl. Schwester Faustyna,<\/em> [j. niemiecki], t\u0142. Sabine Lipi\u0144ska, Krak\u00f3w 2005, 274 s.<\/li>\n<li><em>Dienorastis &#8211; Dievo gailestingumas mano sieloje<\/em> [j\u0119zyk litewski], t\u0142. Inga Bu\u0161kut\u0117, Wilno 2005, 469 s.<\/li>\n<li><em>Dzienniczek &#8211; Mi\u0142osierdzie\u00a0 Bo\u017ce w duszy\u00a0 mojej,<\/em>\u00a0 Warszawa\u00a0 2005, 653 s.<\/li>\n<li><em>Les lettres de sainte Soeur Faustine,<\/em> [j. francuski], t\u0142. Beata Hrehorowicz, Krak\u00f3w 2005, 263 s.Listy \u015bwi\u0119tej Siostry Faustyny, Krak\u00f3w 2005, 253 s.<\/li>\n<li><em>The Letters of Saint Faustina,<\/em> [j. angielski], t\u0142. Piotr Mizia, Krak\u00f3w 2005, 269 s.<\/li>\n<\/ol>\n<h3 style=\"text-align: center\"><span style=\"color: #003300\">2006<\/span><\/h3>\n<ol>\n<li><em>Lettere di Santa Faustina Kowalska,<\/em> [j. w\u0142oski], t\u0142. Jadwiga Radzik Lanzetta, Rzym 2006, 224 s.<\/li>\n<li><em>Cartas de santa Sor Faustina,<\/em> [j. Hiszpa\u0144ski], t\u0142. Ewa Bylicka, Granada 2006, 256 s.<\/li>\n<\/ol>\n<h3 style=\"text-align: center\"><span style=\"color: #003300\">2007<\/span><\/h3>\n<ol>\n<li><em>Il-\u0126niena Divina \u0121ewwa ru\u0127i. Djarju ta` Santa Marija Fawstina Kowalska tas-Sagrament Imqaddes<\/em>, [j\u0119zyk malta\u0144ski], Malta 2007, 737 [24] s.<\/li>\n<li><em>Diary: Divine Mercy in My Soul<\/em>, [j. angielski], Stockbridge 2007, 700 [28] s.<\/li>\n<li><em>Petit Journal: la Mis\u00e9ricorde Divine dans mon \u00e2me,<\/em> [j. francuski], Pary\u017c 2007, 688 s.<\/li>\n<li><em>The Letters of Saint Faustina<\/em>, [j. angielski], t\u0142. Piotr Mizia, Krak\u00f3w 20072, 260 s.<\/li>\n<li><em>Les lettres de sainte Soeur Faustine<\/em>, [j. francuski], t\u0142. Beata Hrehorowicz, Krak\u00f3w-Pary\u017c 2007, 238 s.<\/li>\n<\/ol>\n<h3 style=\"text-align: center\"><span style=\"color: #003300\">2008<\/span><\/h3>\n<ol>\n<li><em>Denn\u00ed\u010dek: Bo\u017eie Milosrdenstvo w mojej du\u0161i<\/em>, [j\u0119zyk s\u0142owacki], Spi\u0161sk\u00e1 Nov\u00e1 Ves 20082, 685 [1] s.<\/li>\n<li><em>Mic Jurnal: milostivirea lui Dumnezeu \u00een sufletul meu<\/em>, [j. rumu\u0144ski], t\u0142. o. Tadeusz Rostworowski SJ, Bukareszt 2008, 675 [16] s.<\/li>\n<li><em>Den\u00ed\u010dek: Bo\u017e\u00ed milosrdenstv\u00ed v m\u00e9 du\u0161i<\/em>, [j. czeski], Kosteln\u00ed Vyd\u0159\u00ed 2008,2 6717s.<\/li>\n<\/ol>\n<h3 style=\"text-align: center\"><span style=\"color: #003300\">2009<\/span><\/h3>\n<ol>\n<li><em>Buku Harian Santa Faustina<\/em>, [j\u0119zyk indonezyjski], Kanisius 2009, 1045 s.<\/li>\n<li><em>Diary: Divine Mercy in My Sou<\/em>l, [j. angielski], Stockbridge 20093, 700 [21] s.<\/li>\n<\/ol>\n<h3 style=\"text-align: center\"><span style=\"color: #003300\">2010<\/span><\/h3>\n<ol>\n<li><em>Diario: la misericordia divina nella mia anima<\/em>, [j\u0119zyk w\u0142oski], t\u0142. Edoardo Ravaglia, Rzym 201012, 982 [3] s.<\/li>\n<li><em>Petit Journal: la Mis\u00e9ricorde Divine dans mon \u00e2me,<\/em> [j\u0119zyk francuski], Pary\u017c 2010, 688 s.<\/li>\n<li><em>As Cartas da Santa Irm\u00e3 Faustina,<\/em> [j. portugalski], t\u0142. Carlos H. do C. Silva, ks. Stanis\u0142aw Szyma\u0144ski MIC, F\u00e1tima 2010, 281 s.<\/li>\n<\/ol>\n<h3 style=\"text-align: center\"><span style=\"color: #003300\">2011<\/span><\/h3>\n<ol>\n<li><em>Dzienniczek: Mi\u0142osierdzie Bo\u017ce w duszy mojej,<\/em> Krak\u00f3w 2011, 846 [1] s.<\/li>\n<li><em>Tagebuch der Schwester Maria Faustyna Kowalska aus der Kongregation der Muttergottes der Barmherzigkeit<\/em>, [j\u0119zyk niemiecki], t\u0142. Lucia Zaj\u0105czek, Krak\u00f3w 2011, 554 s.<\/li>\n<li><em>Dzienniczek: Mi\u0142osierdzie Bo\u017ce w duszy mojej<\/em>, [j\u0119zyk chi\u0144ski], Hong Kong 2011, 746 [1] s.<\/li>\n<li><em>Diario de Santa Mar\u00eda Faustina Kowalska. La Divina Misericordia en mi alma<\/em>, [j\u0119zyk hiszpa\u0144ski], Stockbridge 2011, 697 s.<\/li>\n<\/ol>\n<h3 style=\"text-align: center\"><span style=\"color: #003300\">2012<\/span><\/h3>\n<ol>\n<li><em>Dzienniczek: Mi\u0142osierdzie Bo\u017ce w duszy mojej<\/em>, [j\u0119zyk japo\u0144ski], Tokio 2012, 762 [20] s.<\/li>\n<li><em>Denn\u00ed\u010dek: Bo\u017eie Milosrdenstvo w mojej du\u0161i<\/em>, [j\u0119zyk s\u0142owacki], Spi\u0161sk\u00e1 Nov\u00e1 Ves 20123, 795 [2] s.<\/li>\n<li><em>Dzienniczek: Mi\u0142osierdzie Bo\u017ce w duszy mojej<\/em>, Krak\u00f3w 20122, 847 s.<\/li>\n<li><em>Dzienniczek: Mi\u0142osierdzie Bo\u017ce w duszy mojej,<\/em> [j\u0119zyk malalajam], Kerala 2012, 727 [16] s.<\/li>\n<li><em>Mi\u0142o\u015b\u0107 ci\u0119 znajdzie. Dzienniczek \u015awi\u0119tej Faustyny<\/em>. Wyb\u00f3r tekst\u00f3w, oprac. zb., Pozna\u0144 2012, 283 [3] s. 6.<\/li>\n<li><em>Dzienniczek: Mi\u0142osierdzie Bo\u017ce w duszy mojej,<\/em> [j\u0119zyk arabski], Zgromadzenie Si\u00f3str Matki Bo\u017cej Mi\u0142osierdzia, Jerozolima 2012, 653 s.<\/li>\n<\/ol>\n<h3 style=\"text-align: center\"><span style=\"color: #003300\">2013<\/span><\/h3>\n<ol>\n<li><em>Cartas de Santa Faustina<\/em>, [j. portugalski], Curitiba 2013, 297 s.<\/li>\n<li><em>Mi\u0142osierdzie. Ufno\u015b\u0107. Wyb\u00f3r tekst\u00f3w z Dzienniczka<\/em>, oprac. zb., Krak\u00f3w 2013, 111,72 [23] s.<\/li>\n<li><em>Dayeri: Marimari bilong God long sol bilong mi,<\/em> [j. Tok Pidgin], t\u0142. Ks. Pawe\u0142 Czerwi\u0144ski, Mount Hagen 2012, 523 s.<\/li>\n<\/ol>\n<h3 style=\"text-align: center\"><span style=\"color: #003300\">2014<\/span><\/h3>\n<ol>\n<li><em>\u0414\u0437\u0451\u043d\u043d\u0456\u043a \u0411\u043e\u0436\u0430\u044f \u041c\u0456\u043b\u0430\u0441\u044d\u0440\u043d\u0430\u0441\u0446\u044c \u045e \u043c\u0430\u0451\u0439 \u0434\u0443\u0448\u044b<\/em>, [j. bia\u0142oruski], t\u0142. Krystyna Lalko, Mi\u0144sk 2014, 1019 [1] s.<\/li>\n<\/ol>\n<h3 style=\"text-align: center\"><span style=\"color: #003300\">2015<\/span><\/h3>\n<ol>\n<li><em>Denn\u00edk; Bo\u017eie milosrdenstvo v mojej dusi<\/em>, [j. s\u0142owacki], t\u0142. Jana Domsova, Dol\u2019any 20154, 788 [1] s.<\/li>\n<li><em>Dzienniczek: Mi\u0142osierdzie Bo\u017ce w duszy mojej,<\/em> [j. korea\u0144ski] dodruk 2015, 864 [8] s.<\/li>\n<li><em>\u0160ventosios sesers Faustinos Lai\u0161kai,<\/em> [j. litewski], Vilno 2015, 264 s.<\/li>\n<\/ol>\n<h3 style=\"text-align: center\"><span style=\"color: #003300\">2016<\/span><\/h3>\n<ol>\n<li><em>Dagbok Guds Barmh\u00e4rtighet i min sj\u00e4l<\/em>,[j. szwedzki], t\u0142. Sven Ahlgren, Jonas Ahlner, [b.m.w.] 2016, 668 [2] s.<\/li>\n<li><em>Dnevnik Milosr\u0111e Bo\u017eje u mojoj du\u0161i,<\/em> [j. chorwacki], Zagrzeb 2016, 735 s.<\/li>\n<\/ol>\n<p>[b.d.]<br \/>\n<em>Goddelijke barmhartigheid in mijm ziel<\/em>. Dagdoek,<\/p>\n","protected":false},"excerpt":{"rendered":"<p>BIBLIOGRAFIA PODMIOTOWA PISM \u015aWI\u0118TEJ SIOSTRY FAUSTYNY KOWALSKIEJ &nbsp; BIBLIOTEKA Zgromadzenia Si\u00f3str Matki Bo\u017cej Mi\u0142osierdzia w Krakowie Skr\u00f3ty stosowane w bibliografii: 19612 \u2013 indeks g\u00f3rny przy dacie oznacza kolejne wydanie [j. indonezyjski] \u2013 oznaczenie j\u0119zyka t\u0142umaczenia pism \u015bw. Siostry Faustyny t\u0142. \u2013 t\u0142umaczy\u0142\/a red. t\u0142. \u2013 redaktor t\u0142umaczenia oprac. \u2013 opracowa\u0142\/a oprac. zb. \u2013 opracowanie zbiorowe [&hellip;]<\/p>\n","protected":false},"author":1,"featured_media":0,"parent":0,"menu_order":0,"comment_status":"closed","ping_status":"closed","template":"","meta":{"footnotes":""},"categories":[89],"tags":[],"class_list":["post-2850","page","type-page","status-publish","hentry","category-bibliografia2"],"_links":{"self":[{"href":"https:\/\/www.faustyna.pl\/zmbm\/wp-json\/wp\/v2\/pages\/2850","targetHints":{"allow":["GET"]}}],"collection":[{"href":"https:\/\/www.faustyna.pl\/zmbm\/wp-json\/wp\/v2\/pages"}],"about":[{"href":"https:\/\/www.faustyna.pl\/zmbm\/wp-json\/wp\/v2\/types\/page"}],"author":[{"embeddable":true,"href":"https:\/\/www.faustyna.pl\/zmbm\/wp-json\/wp\/v2\/users\/1"}],"replies":[{"embeddable":true,"href":"https:\/\/www.faustyna.pl\/zmbm\/wp-json\/wp\/v2\/comments?post=2850"}],"version-history":[{"count":28,"href":"https:\/\/www.faustyna.pl\/zmbm\/wp-json\/wp\/v2\/pages\/2850\/revisions"}],"predecessor-version":[{"id":20633,"href":"https:\/\/www.faustyna.pl\/zmbm\/wp-json\/wp\/v2\/pages\/2850\/revisions\/20633"}],"wp:attachment":[{"href":"https:\/\/www.faustyna.pl\/zmbm\/wp-json\/wp\/v2\/media?parent=2850"}],"wp:term":[{"taxonomy":"category","embeddable":true,"href":"https:\/\/www.faustyna.pl\/zmbm\/wp-json\/wp\/v2\/categories?post=2850"},{"taxonomy":"post_tag","embeddable":true,"href":"https:\/\/www.faustyna.pl\/zmbm\/wp-json\/wp\/v2\/tags?post=2850"}],"curies":[{"name":"wp","href":"https:\/\/api.w.org\/{rel}","templated":true}]}}