



{"id":28516,"date":"2024-02-24T09:45:22","date_gmt":"2024-02-24T08:45:22","guid":{"rendered":"https:\/\/www.faustyna.pl\/zmbm\/?page_id=28516"},"modified":"2026-03-28T16:22:33","modified_gmt":"2026-03-28T15:22:33","slug":"nieustanna-koronka-intencja-na-marzec","status":"publish","type":"page","link":"https:\/\/www.faustyna.pl\/zmbm\/nieustanna-koronka-intencja-na-marzec\/","title":{"rendered":"Nieustanna Koronka \u2013 intencja na marzec"},"content":{"rendered":"<p><a href=\"https:\/\/www.faustyna.pl\/zmbm\/wp-content\/uploads\/2025\/02\/Nieustanna-Koronka-XI-2021.jpg\" data-gallery><img loading=\"lazy\" decoding=\"async\" class=\"size-medium wp-image-30370 alignnone\" src=\"https:\/\/www.faustyna.pl\/zmbm\/wp-content\/uploads\/2025\/02\/Nieustanna-Koronka-XI-2021-560x333.jpg\" alt=\"\" width=\"560\" height=\"333\" srcset=\"https:\/\/www.faustyna.pl\/zmbm\/wp-content\/uploads\/2025\/02\/Nieustanna-Koronka-XI-2021-560x333.jpg 560w, https:\/\/www.faustyna.pl\/zmbm\/wp-content\/uploads\/2025\/02\/Nieustanna-Koronka-XI-2021-140x83.jpg 140w, https:\/\/www.faustyna.pl\/zmbm\/wp-content\/uploads\/2025\/02\/Nieustanna-Koronka-XI-2021.jpg 1024w\" sizes=\"auto, (max-width: 560px) 100vw, 560px\" \/><\/a><\/p>\n<p style=\"text-align: justify\">Osoby z wielu kraj\u00f3w \u015bwiata, uczestnicz\u0105ce w dziele \u201e<a href=\"https:\/\/www.faustyna.pl\/zmbm\/nieustanna-koronka-do-milosierdzia-bozego-zapisy\/\">Nieustannej Koronki do Mi\u0142osierdzia Bo\u017cego<\/a>\u201d, modl\u0105 si\u0119 nie tylko we w\u0142asnych potrzebach, ale tak\u017ce prosz\u0105 o \u201emi\u0142osierdzie dla nas i ca\u0142ego \u015bwiata\u201d. Intencja szczeg\u00f3\u0142owa na marzec: O owocne prze\u017cycie Wielkiego Postu, \u0142aski nawr\u00f3cenia dla wszystkich grzesznik\u00f3w, zw\u0142aszcza tych, kt\u00f3rym zagra\u017ca utrata zbawienia.<\/p>\n<p style=\"text-align: justify\">Dzie\u0142o \u201eNieustannej Koronki\u201d jest odpowiedzi\u0105 na pro\u015bb\u0119 Jezusa, by nieustannie b\u0142aga\u0107 o \u201emi\u0142osierdzie dla nas i ca\u0142ego \u015bwiata\u201d. Prowadzi je Zgromadzenie Si\u00f3str Matki Bo\u017cej Mi\u0142osierdzia na stronie: www.faustyna.pl od 2011 roku. Mo\u017ce w nim uczestniczy\u0107 ka\u017cdy internauta, kt\u00f3ry wype\u0142ni kr\u00f3tki formularz wpisowy i cho\u0107by jeden raz zadeklaruje odm\u00f3wienie Koronki do Mi\u0142osierdzia Bo\u017cego, kt\u00f3r\u0105 Jezus podyktowa\u0142 \u015bw. Siostrze Faustynie.<\/p>\n","protected":false},"excerpt":{"rendered":"<p>Osoby z wielu kraj\u00f3w \u015bwiata, uczestnicz\u0105ce w dziele \u201eNieustannej Koronki do Mi\u0142osierdzia Bo\u017cego\u201d, modl\u0105 si\u0119 nie tylko we w\u0142asnych potrzebach, ale tak\u017ce prosz\u0105 o \u201emi\u0142osierdzie dla nas i ca\u0142ego \u015bwiata\u201d. Intencja szczeg\u00f3\u0142owa na marzec: O owocne prze\u017cycie Wielkiego Postu, \u0142aski nawr\u00f3cenia dla wszystkich grzesznik\u00f3w, zw\u0142aszcza tych, kt\u00f3rym zagra\u017ca utrata zbawienia. Dzie\u0142o \u201eNieustannej Koronki\u201d jest odpowiedzi\u0105 [&hellip;]<\/p>\n","protected":false},"author":1,"featured_media":30370,"parent":0,"menu_order":-1572,"comment_status":"closed","ping_status":"closed","template":"","meta":{"footnotes":""},"categories":[104],"tags":[],"class_list":["post-28516","page","type-page","status-publish","has-post-thumbnail","hentry","category-archiwum"],"_links":{"self":[{"href":"https:\/\/www.faustyna.pl\/zmbm\/wp-json\/wp\/v2\/pages\/28516","targetHints":{"allow":["GET"]}}],"collection":[{"href":"https:\/\/www.faustyna.pl\/zmbm\/wp-json\/wp\/v2\/pages"}],"about":[{"href":"https:\/\/www.faustyna.pl\/zmbm\/wp-json\/wp\/v2\/types\/page"}],"author":[{"embeddable":true,"href":"https:\/\/www.faustyna.pl\/zmbm\/wp-json\/wp\/v2\/users\/1"}],"replies":[{"embeddable":true,"href":"https:\/\/www.faustyna.pl\/zmbm\/wp-json\/wp\/v2\/comments?post=28516"}],"version-history":[{"count":3,"href":"https:\/\/www.faustyna.pl\/zmbm\/wp-json\/wp\/v2\/pages\/28516\/revisions"}],"predecessor-version":[{"id":30371,"href":"https:\/\/www.faustyna.pl\/zmbm\/wp-json\/wp\/v2\/pages\/28516\/revisions\/30371"}],"wp:featuredmedia":[{"embeddable":true,"href":"https:\/\/www.faustyna.pl\/zmbm\/wp-json\/wp\/v2\/media\/30370"}],"wp:attachment":[{"href":"https:\/\/www.faustyna.pl\/zmbm\/wp-json\/wp\/v2\/media?parent=28516"}],"wp:term":[{"taxonomy":"category","embeddable":true,"href":"https:\/\/www.faustyna.pl\/zmbm\/wp-json\/wp\/v2\/categories?post=28516"},{"taxonomy":"post_tag","embeddable":true,"href":"https:\/\/www.faustyna.pl\/zmbm\/wp-json\/wp\/v2\/tags?post=28516"}],"curies":[{"name":"wp","href":"https:\/\/api.w.org\/{rel}","templated":true}]}}