



{"id":28519,"date":"2024-02-24T09:46:39","date_gmt":"2024-02-24T08:46:39","guid":{"rendered":"https:\/\/www.faustyna.pl\/zmbm\/?page_id=28519"},"modified":"2026-03-28T16:22:41","modified_gmt":"2026-03-28T15:22:41","slug":"nabozenstwa-ku-czci-sw-jozefa-2","status":"publish","type":"page","link":"https:\/\/www.faustyna.pl\/zmbm\/nabozenstwa-ku-czci-sw-jozefa-2\/","title":{"rendered":"Miesi\u0105c \u015bw. J\u00f3zefa"},"content":{"rendered":"<p><a href=\"https:\/\/www.faustyna.pl\/zmbm\/wp-content\/uploads\/2024\/02\/Swiety_Jozef.jpg\" data-gallery><img loading=\"lazy\" decoding=\"async\" class=\"alignnone size-medium wp-image-28520\" src=\"https:\/\/www.faustyna.pl\/zmbm\/wp-content\/uploads\/2024\/02\/Swiety_Jozef-560x333.jpg\" alt=\"\" width=\"560\" height=\"333\" srcset=\"https:\/\/www.faustyna.pl\/zmbm\/wp-content\/uploads\/2024\/02\/Swiety_Jozef-560x333.jpg 560w, https:\/\/www.faustyna.pl\/zmbm\/wp-content\/uploads\/2024\/02\/Swiety_Jozef-140x83.jpg 140w, https:\/\/www.faustyna.pl\/zmbm\/wp-content\/uploads\/2024\/02\/Swiety_Jozef.jpg 1024w\" sizes=\"auto, (max-width: 560px) 100vw, 560px\" \/><\/a><\/p>\n<p style=\"text-align: justify\">Marzec w tradycji Zgromadzenia jest czasem szczeg\u00f3lnej czci \u015bw. J\u00f3zefa Siostry, Oblubie\u0144ca Matki Bo\u017cej i \u017bywiciela Syna Bo\u017cego, kt\u00f3rego pieczy si\u0119 powierzaj\u0105. \u015awi\u0119ty J\u00f3zef troszczy si\u0119 bowiem nie tylko o sprawy materialne, ale i duchowe. Sam powiedzia\u0142 \u015bw. Siostrze Faustynie, \u017ce <em>bardzo jest za tym dzie\u0142em, kt\u00f3re jej poleci\u0142 Pan<\/em>, czyli za dzie\u0142em g\u0142oszenia \u015bwiatu or\u0119dzia Mi\u0142osierdzia, i obieca\u0142 sw\u0105 opiek\u0119. Ale za\u017c\u0105da\u0142, aby mia\u0142a do niego nieustanne nabo\u017ce\u0144stwo i odmawia\u0142a codziennie trzy pacierze i raz <em>Pomnij<\/em> (por. Dz. 1203). S\u0142owami Litanii do \u015bw. J\u00f3zefa dzi\u0119kujemy za jego ojcowsk\u0105 opiek\u0119 nad Zgromadzeniem i misj\u0105 g\u0142oszenia or\u0119dzia Mi\u0142osierdzia oraz prosimy o jego mo\u017cne wstawiennictwo przed Bogiem.<\/p>\n","protected":false},"excerpt":{"rendered":"<p>Marzec w tradycji Zgromadzenia jest czasem szczeg\u00f3lnej czci \u015bw. J\u00f3zefa Siostry, Oblubie\u0144ca Matki Bo\u017cej i \u017bywiciela Syna Bo\u017cego, kt\u00f3rego pieczy si\u0119 powierzaj\u0105. \u015awi\u0119ty J\u00f3zef troszczy si\u0119 bowiem nie tylko o sprawy materialne, ale i duchowe. Sam powiedzia\u0142 \u015bw. Siostrze Faustynie, \u017ce bardzo jest za tym dzie\u0142em, kt\u00f3re jej poleci\u0142 Pan, czyli za dzie\u0142em g\u0142oszenia \u015bwiatu [&hellip;]<\/p>\n","protected":false},"author":1,"featured_media":28520,"parent":0,"menu_order":-1572,"comment_status":"closed","ping_status":"closed","template":"","meta":{"footnotes":""},"categories":[104],"tags":[],"class_list":["post-28519","page","type-page","status-publish","has-post-thumbnail","hentry","category-archiwum"],"_links":{"self":[{"href":"https:\/\/www.faustyna.pl\/zmbm\/wp-json\/wp\/v2\/pages\/28519","targetHints":{"allow":["GET"]}}],"collection":[{"href":"https:\/\/www.faustyna.pl\/zmbm\/wp-json\/wp\/v2\/pages"}],"about":[{"href":"https:\/\/www.faustyna.pl\/zmbm\/wp-json\/wp\/v2\/types\/page"}],"author":[{"embeddable":true,"href":"https:\/\/www.faustyna.pl\/zmbm\/wp-json\/wp\/v2\/users\/1"}],"replies":[{"embeddable":true,"href":"https:\/\/www.faustyna.pl\/zmbm\/wp-json\/wp\/v2\/comments?post=28519"}],"version-history":[{"count":3,"href":"https:\/\/www.faustyna.pl\/zmbm\/wp-json\/wp\/v2\/pages\/28519\/revisions"}],"predecessor-version":[{"id":31992,"href":"https:\/\/www.faustyna.pl\/zmbm\/wp-json\/wp\/v2\/pages\/28519\/revisions\/31992"}],"wp:featuredmedia":[{"embeddable":true,"href":"https:\/\/www.faustyna.pl\/zmbm\/wp-json\/wp\/v2\/media\/28520"}],"wp:attachment":[{"href":"https:\/\/www.faustyna.pl\/zmbm\/wp-json\/wp\/v2\/media?parent=28519"}],"wp:term":[{"taxonomy":"category","embeddable":true,"href":"https:\/\/www.faustyna.pl\/zmbm\/wp-json\/wp\/v2\/categories?post=28519"},{"taxonomy":"post_tag","embeddable":true,"href":"https:\/\/www.faustyna.pl\/zmbm\/wp-json\/wp\/v2\/tags?post=28519"}],"curies":[{"name":"wp","href":"https:\/\/api.w.org\/{rel}","templated":true}]}}