



{"id":28563,"date":"2024-03-02T09:39:31","date_gmt":"2024-03-02T08:39:31","guid":{"rendered":"https:\/\/www.faustyna.pl\/zmbm\/?page_id=28563"},"modified":"2026-04-03T20:15:51","modified_gmt":"2026-04-03T18:15:51","slug":"najwieksze-cuda-milosierdzia-bozego-3","status":"publish","type":"page","link":"https:\/\/www.faustyna.pl\/zmbm\/najwieksze-cuda-milosierdzia-bozego-3\/","title":{"rendered":"Najwi\u0119ksze cuda mi\u0142osierdzia Bo\u017cego"},"content":{"rendered":"<p><a href=\"https:\/\/www.faustyna.pl\/zmbm\/wp-content\/uploads\/2024\/03\/Konfesjonal-Jezus.jpg\" data-gallery><img loading=\"lazy\" decoding=\"async\" class=\"alignnone size-medium wp-image-28564\" src=\"https:\/\/www.faustyna.pl\/zmbm\/wp-content\/uploads\/2024\/03\/Konfesjonal-Jezus-560x332.jpg\" alt=\"\" width=\"560\" height=\"332\" srcset=\"https:\/\/www.faustyna.pl\/zmbm\/wp-content\/uploads\/2024\/03\/Konfesjonal-Jezus-560x332.jpg 560w, https:\/\/www.faustyna.pl\/zmbm\/wp-content\/uploads\/2024\/03\/Konfesjonal-Jezus-140x83.jpg 140w, https:\/\/www.faustyna.pl\/zmbm\/wp-content\/uploads\/2024\/03\/Konfesjonal-Jezus.jpg 1024w\" sizes=\"auto, (max-width: 560px) 100vw, 560px\" \/><\/a><\/p>\n<p style=\"text-align: justify\">Dokonuj\u0105 si\u0119 w konfesjonale, bo to powstawanie ze \u015bmierci grzechu do \u017cycia. Pan Jezus powiedzia\u0142 do \u015bw. Siostry Faustyny:\u00a0 <em>Powiedz duszom, gdzie maj\u0105 szuka\u0107 pociech, to jest w trybunale mi\u0142osierdzia; tam s\u0105 najwi\u0119ksze cuda, kt\u00f3re si\u0119 nieustannie powtarzaj\u0105. Aby zyska\u0107 ten cud, nie trzeba odprawi\u0107 dalekiej pielgrzymki ani te\u017c sk\u0142ada\u0107 jakich\u015b zewn\u0119trznych obrz\u0119d\u00f3w, ale wystarczy przyst\u0105pi\u0107 do st\u00f3p zast\u0119pcy Mojego z wiar\u0105 i powiedzie\u0107 mu n\u0119dz\u0119 swoj\u0105, a cud mi\u0142osierdzia Bo\u017cego oka\u017ce si\u0119 w ca\u0142ej pe\u0142ni. Cho\u0107by dusza by\u0142a jak trup rozk\u0142adaj\u0105ca si\u0119 i cho\u0107by po ludzku ju\u017c nie by\u0142o wskrzeszenia, i wszystko ju\u017c stracone \u2013 nie tak jest po Bo\u017cemu, cud mi\u0142osierdzia Bo\u017cego wskrzesza t\u0119 dusz\u0119 w ca\u0142ej pe\u0142ni. O biedni, kt\u00f3rzy nie korzystaj\u0105 z tego cudu mi\u0142osierdzia Bo\u017cego; na darmo b\u0119dziecie wo\u0142a\u0107, ale b\u0119dzie ju\u017c za p\u00f3\u017ano<\/em> (Dz. 1448). W Sanktuarium Bo\u017cego Mi\u0142osierdzia w Krakowie-\u0141agiewnikach kap\u0142ani dy\u017curuj\u0105 w konfesjona\u0142ach codziennie, w bazylice od 8:00-18:00. Poniewa\u017c w Wielkim Tygodniu konfesjona\u0142y s\u0105 obl\u0119\u017cone, dlatego nie warto odk\u0142ada\u0107 spowiedzi na ostatnie dni przed \u015awi\u0119tami.<\/p>\n","protected":false},"excerpt":{"rendered":"<p>Dokonuj\u0105 si\u0119 w konfesjonale, bo to powstawanie ze \u015bmierci grzechu do \u017cycia. Pan Jezus powiedzia\u0142 do \u015bw. Siostry Faustyny:\u00a0 Powiedz duszom, gdzie maj\u0105 szuka\u0107 pociech, to jest w trybunale mi\u0142osierdzia; tam s\u0105 najwi\u0119ksze cuda, kt\u00f3re si\u0119 nieustannie powtarzaj\u0105. Aby zyska\u0107 ten cud, nie trzeba odprawi\u0107 dalekiej pielgrzymki ani te\u017c sk\u0142ada\u0107 jakich\u015b zewn\u0119trznych obrz\u0119d\u00f3w, ale wystarczy [&hellip;]<\/p>\n","protected":false},"author":1,"featured_media":28564,"parent":0,"menu_order":-1575,"comment_status":"closed","ping_status":"closed","template":"","meta":{"footnotes":""},"categories":[104],"tags":[],"class_list":["post-28563","page","type-page","status-publish","has-post-thumbnail","hentry","category-archiwum"],"_links":{"self":[{"href":"https:\/\/www.faustyna.pl\/zmbm\/wp-json\/wp\/v2\/pages\/28563","targetHints":{"allow":["GET"]}}],"collection":[{"href":"https:\/\/www.faustyna.pl\/zmbm\/wp-json\/wp\/v2\/pages"}],"about":[{"href":"https:\/\/www.faustyna.pl\/zmbm\/wp-json\/wp\/v2\/types\/page"}],"author":[{"embeddable":true,"href":"https:\/\/www.faustyna.pl\/zmbm\/wp-json\/wp\/v2\/users\/1"}],"replies":[{"embeddable":true,"href":"https:\/\/www.faustyna.pl\/zmbm\/wp-json\/wp\/v2\/comments?post=28563"}],"version-history":[{"count":2,"href":"https:\/\/www.faustyna.pl\/zmbm\/wp-json\/wp\/v2\/pages\/28563\/revisions"}],"predecessor-version":[{"id":30499,"href":"https:\/\/www.faustyna.pl\/zmbm\/wp-json\/wp\/v2\/pages\/28563\/revisions\/30499"}],"wp:featuredmedia":[{"embeddable":true,"href":"https:\/\/www.faustyna.pl\/zmbm\/wp-json\/wp\/v2\/media\/28564"}],"wp:attachment":[{"href":"https:\/\/www.faustyna.pl\/zmbm\/wp-json\/wp\/v2\/media?parent=28563"}],"wp:term":[{"taxonomy":"category","embeddable":true,"href":"https:\/\/www.faustyna.pl\/zmbm\/wp-json\/wp\/v2\/categories?post=28563"},{"taxonomy":"post_tag","embeddable":true,"href":"https:\/\/www.faustyna.pl\/zmbm\/wp-json\/wp\/v2\/tags?post=28563"}],"curies":[{"name":"wp","href":"https:\/\/api.w.org\/{rel}","templated":true}]}}